{"id":14788,"date":"2013-07-04T11:00:29","date_gmt":"2013-07-04T09:00:29","guid":{"rendered":"https:\/\/www.maquinariamarquez.com\/boring-machines-floor-type\/"},"modified":"2022-04-20T00:37:07","modified_gmt":"2022-04-19T22:37:07","slug":"boring-machines-floor-type","status":"publish","type":"page","link":"https:\/\/www.maquinariamarquez.com\/en\/boring-machine-tos-varnsdorf\/boring-machines-floor-type\/","title":{"rendered":"Boring Machines Floor Type"},"content":{"rendered":"<!-- wp:paragraph -->\n<p><\/p>\n<!-- \/wp:paragraph -->\n\n<!-- wp:heading -->\n<h2 class=\"wp-block-heading\">Mandrinadoras fresadoras de columna m\u00f3vil Tos Varnsdorf<\/h2>\n<!-- \/wp:heading -->\n\n<!-- wp:paragraph -->\n<p>Las <strong>mandrinadoras de columna m\u00f3vil de TOS Varnsdorf<\/strong> est\u00e1n dise\u00f1adas para la <strong>perforaci\u00f3n, mandrinado, fresado y corte de roscas por coordenadas precisas<\/strong>. Se utilizan ampliamente en <strong>procesos complejos y en la producci\u00f3n en serie<\/strong>, garantizando alta precisi\u00f3n y eficiencia.<\/p>\n<!-- \/wp:paragraph -->\n\n<!-- wp:paragraph -->\n<p>Son ideales para el mecanizado de <strong>piezas de gran volumen y peso<\/strong>, incluyendo estructuras tipo caja, placas y componentes con geometr\u00edas complejas. Permiten trabajar con <strong>fundici\u00f3n, acero y otros materiales mecanizables<\/strong>, asegurando acabados de calidad en sectores como la industria metalmec\u00e1nica y la fabricaci\u00f3n de grandes estructuras.<\/p>\n<!-- \/wp:paragraph -->\n\n<!-- wp:paragraph -->\n<p>Adem\u00e1s, las <strong>mandrinadoras de columna m\u00f3vil de TOS Varnsdorf<\/strong> pueden equiparse con una <strong>amplia selecci\u00f3n de accesorios<\/strong>, lo que ampl\u00eda sus <strong>capacidades tecnol\u00f3gicas<\/strong> y las adapta a diversas necesidades de producci\u00f3n.<\/p>\n<!-- \/wp:paragraph -->\n\n<!-- wp:spacer {\"height\":\"20px\"} -->\n<div style=\"height:20px\" aria-hidden=\"true\" class=\"wp-block-spacer\"><\/div>\n<!-- \/wp:spacer -->\n\n<h3>Comparativa de modelos de Mandrinadoras de columna m\u00f3vil Tos Varnsdorf<\/h3>\n<table>\n<tbody>\n<tr>\n<td width=\"179\">\n<p style=\"text-align: center;\">\u00a0<\/p>\n<\/td>\n<td style=\"text-align: center;\" width=\"254\"><a href=\"https:\/\/www.maquinariamarquez.com\/mandrinadora-tos-varnsdorf\/mandrinadoras-fresadoras-columna-movil\/mandrinadora-fresadora-de-columna-movil-ligera-wrd-13-cnc\/\"><strong>WRD 13<\/strong><\/a><\/td>\n<td style=\"text-align: center;\" width=\"273\"><a href=\"https:\/\/www.maquinariamarquez.com\/mandrinadora-tos-varnsdorf\/mandrinadoras-fresadoras-columna-movil\/mandrinadora-fresadora-de-columna-movil-mediana-wrd-130-cnc-wrd-150-cnc\/\"><strong>WRD 130\/150<\/strong><\/a><\/td>\n<td style=\"text-align: center;\" width=\"267\"><a href=\"https:\/\/www.maquinariamarquez.com\/mandrinadora-tos-varnsdorf\/mandrinadoras-fresadoras-columna-movil\/mandrinadora-fresadora-de-columna-movil-pesada-wrd-170\/\"><strong>WRD 170<\/strong><\/a><\/td>\n<td style=\"text-align: center;\" width=\"251\"><a href=\"https:\/\/www.maquinariamarquez.com\/mandrinadora-tos-varnsdorf\/mandrinadoras-fresadoras-columna-movil\/mandrinadora-de-columna-movil-hidrostatica-wrd-160-h-wrd-180-h-wrd-200-h\/\"><strong>WRD 180 H<\/strong><\/a><\/td>\n<td style=\"text-align: center;\" width=\"300\"><a href=\"https:\/\/www.maquinariamarquez.com\/mandrinadora-tos-varnsdorf\/mandrinadoras-fresadoras-columna-movil\/fresadora-columna-movil-modelo-grata\/\"><strong>Grata<\/strong><\/a><\/td>\n<\/tr>\n<tr>\n<td width=\"179\">\n<p style=\"text-align: right;\"><strong>Tipo<\/strong><\/p>\n<\/td>\n<td width=\"254\">\n<p style=\"text-align: center;\">De columna m\u00f3vil con RAM y ca\u00f1a.<\/p>\n<\/td>\n<td style=\"text-align: center;\" width=\"273\">De columna m\u00f3vil con Ram y Ca\u00f1a.<\/td>\n<td style=\"text-align: center;\" width=\"267\">De columna m\u00f3vil con Ram y Ca\u00f1a.<\/td>\n<td style=\"text-align: center;\" width=\"251\">De columna m\u00f3vil con Ram y Ca\u00f1a.<\/td>\n<td style=\"text-align: center;\" width=\"300\">Columna m\u00f3vil con RAM sin ca\u00f1a<\/td>\n<\/tr>\n<tr>\n<td width=\"179\">\n<p style=\"text-align: right;\"><strong>\u00d8 Ca\u00f1a<\/strong><\/p>\n<\/td>\n<td width=\"254\">\n<p style=\"text-align: center;\">130<\/p>\n<\/td>\n<td style=\"text-align: center;\" width=\"273\">130, 150, 160<\/td>\n<td style=\"text-align: center;\" width=\"267\">170<\/td>\n<td style=\"text-align: center;\" width=\"251\">160, 180, 200<\/td>\n<td width=\"300\">\n<p style=\"text-align: center;\">Disponible solo como cabezal adicional.<\/p>\n<\/td>\n<\/tr>\n<tr>\n<td width=\"179\">\n<p style=\"text-align: right;\"><strong>Recorrido ca\u00f1a<\/strong><\/p>\n<\/td>\n<td width=\"254\">\n<p style=\"text-align: center;\">650<\/p>\n<\/td>\n<td style=\"text-align: center;\" width=\"273\">800<\/td>\n<td style=\"text-align: center;\" width=\"267\">1000<\/td>\n<td style=\"text-align: center;\" width=\"251\">1200<\/td>\n<td width=\"300\">\n<p style=\"text-align: center;\">--<\/p>\n<\/td>\n<\/tr>\n<tr>\n<td width=\"179\"><strong>\u00a0<\/strong><\/td>\n<td width=\"254\">\u00a0<\/td>\n<td width=\"273\">\u00a0<\/td>\n<td width=\"267\">\u00a0<\/td>\n<td width=\"251\">\u00a0<\/td>\n<td width=\"300\">\u00a0<\/td>\n<\/tr>\n<tr>\n<td style=\"text-align: center;\" width=\"179\">\n<p style=\"text-align: right;\"><strong>RAM <\/strong><\/p>\n<\/td>\n<td style=\"text-align: center;\" width=\"254\">400 x 320<\/td>\n<td style=\"text-align: center;\" width=\"273\">500 x 500<\/td>\n<td style=\"text-align: center;\" width=\"267\">550 x 550<\/td>\n<td style=\"text-align: center;\" width=\"251\">550 x 550<\/td>\n<td style=\"text-align: center;\" width=\"300\">500 x 500<\/td>\n<\/tr>\n<tr>\n<td width=\"179\">\n<p style=\"text-align: right;\"><strong>Recorrido RAM<\/strong><\/p>\n<\/td>\n<td width=\"254\">\n<p style=\"text-align: center;\">700<\/p>\n<\/td>\n<td style=\"text-align: center;\" width=\"273\">1200\/1500<\/td>\n<td style=\"text-align: center;\" width=\"267\">1500<\/td>\n<td style=\"text-align: center;\" width=\"251\">1600<\/td>\n<td width=\"300\">\n<p style=\"text-align: center;\">1500<\/p>\n<\/td>\n<\/tr>\n<tr>\n<td width=\"179\"><strong>\u00a0<\/strong><\/td>\n<td width=\"254\">\u00a0<\/td>\n<td width=\"273\">\u00a0<\/td>\n<td width=\"267\">\u00a0<\/td>\n<td width=\"251\">\u00a0<\/td>\n<td width=\"300\">\u00a0<\/td>\n<\/tr>\n<tr>\n<td width=\"179\">\n<p style=\"text-align: right;\"><strong>Altura m\u00e1xima (eje Y)<\/strong><\/p>\n<\/td>\n<td width=\"254\">\n<p style=\"text-align: center;\">3.000<\/p>\n<\/td>\n<td style=\"text-align: center;\" width=\"273\">6.000<\/td>\n<td style=\"text-align: center;\" width=\"267\">6.000<\/td>\n<td style=\"text-align: center;\" width=\"251\">6.000<\/td>\n<td width=\"300\">\n<p style=\"text-align: center;\">3.000<\/p>\n<\/td>\n<\/tr>\n<tr>\n<td width=\"179\">\n<p style=\"text-align: right;\"><strong>Recorrido eje X <\/strong><\/p>\n<\/td>\n<td width=\"254\">\n<p style=\"text-align: center;\">Desde 3.200 hasta 20.200<\/p>\n<\/td>\n<td style=\"text-align: center;\" width=\"273\">Desde 5000 hasta 30.000<\/td>\n<td style=\"text-align: center;\" width=\"267\">Desde 5000 hasta 29.000<\/td>\n<td style=\"text-align: center;\" width=\"251\">Desde 5000 hasta 29.000<\/td>\n<td width=\"300\">\n<p style=\"text-align: center;\">Desde 5000 hasta 30.000<\/p>\n<\/td>\n<\/tr>\n<tr>\n<td width=\"179\"><strong>\u00a0<\/strong><\/td>\n<td width=\"254\">\u00a0<\/td>\n<td width=\"273\">\u00a0<\/td>\n<td width=\"267\">\u00a0<\/td>\n<td width=\"251\">\u00a0<\/td>\n<td width=\"300\">\u00a0<\/td>\n<\/tr>\n<tr>\n<td width=\"179\">\n<p style=\"text-align: right;\"><strong>Avances<\/strong><\/p>\n<\/td>\n<td width=\"254\">\n<p style=\"text-align: center;\">10-3000<\/p>\n<\/td>\n<td style=\"text-align: center;\" width=\"273\">10-3000, 10-2500<\/td>\n<td style=\"text-align: center;\" width=\"267\">10-2200<\/td>\n<td style=\"text-align: center;\" width=\"251\">10-3000, 10-2500, 10-2000<\/td>\n<td width=\"300\">\n<p style=\"text-align: center;\">10-5000<\/p>\n<\/td>\n<\/tr>\n<tr>\n<td width=\"179\">\n<p style=\"text-align: right;\"><strong>Potencia cabezal (S1\/S6)<\/strong><\/p>\n<\/td>\n<td width=\"254\">\n<p style=\"text-align: center;\">37\/46<\/p>\n<\/td>\n<td style=\"text-align: center;\" width=\"273\">37\/46, 51\/65<\/td>\n<td style=\"text-align: center;\" width=\"267\">71\/88<\/td>\n<td style=\"text-align: center;\" width=\"251\">74\/101<\/td>\n<td width=\"300\">\n<p style=\"text-align: center;\">37<\/p>\n<\/td>\n<\/tr>\n<tr>\n<td width=\"179\">\n<p style=\"text-align: right;\"><strong>Par husillo<\/strong><\/p>\n<\/td>\n<td style=\"text-align: center;\" width=\"254\">2535\/3111<\/td>\n<td style=\"text-align: center;\" width=\"273\">2535\/3152, 2460\/3138<\/td>\n<td style=\"text-align: center;\" width=\"267\">3870\/4800<\/td>\n<td style=\"text-align: center;\" width=\"251\">6820, 11165, 13927<\/td>\n<td width=\"300\">\n<p style=\"text-align: center;\">1584<\/p>\n<\/td>\n<\/tr>\n<tr>\n<td width=\"179\"><strong>\u00a0<\/strong><\/td>\n<td width=\"254\">\u00a0<\/td>\n<td width=\"273\">\u00a0<\/td>\n<td width=\"267\">\u00a0<\/td>\n<td width=\"251\">\u00a0<\/td>\n<td width=\"300\">\u00a0<\/td>\n<\/tr>\n<tr>\n<td style=\"text-align: center;\" width=\"179\">\n<p style=\"text-align: right;\"><strong>Gu\u00edas<\/strong><\/p>\n<\/td>\n<td style=\"text-align: center;\" width=\"254\">Gu\u00edas lineales en la base y gu\u00edas prism\u00e1ticas con pl\u00e1stico antideslizante en la columna<\/td>\n<td style=\"text-align: center;\" width=\"273\">Gu\u00edas lineales<\/td>\n<td style=\"text-align: center;\" width=\"267\">Gu\u00edas lineales<\/td>\n<td style=\"text-align: center;\" width=\"251\">M\u00e1quina hidrost\u00e1tica<\/td>\n<td width=\"300\">\n<p style=\"text-align: center;\">Gu\u00edas lineales<\/p>\n<\/td>\n<\/tr>\n<tr>\n<td width=\"179\">\u00a0<\/td>\n<td style=\"text-align: center;\" width=\"254\"><a href=\"https:\/\/www.maquinariamarquez.com\/mandrinadora-tos-varnsdorf\/mandrinadoras-fresadoras-columna-movil\/mandrinadora-fresadora-de-columna-movil-ligera-wrd-13-cnc\/\"><strong>M\u00e1s info<\/strong><\/a><\/td>\n<td style=\"text-align: center;\" width=\"273\"><a href=\"https:\/\/www.maquinariamarquez.com\/mandrinadora-tos-varnsdorf\/mandrinadoras-fresadoras-columna-movil\/mandrinadora-fresadora-de-columna-movil-mediana-wrd-130-cnc-wrd-150-cnc\/\"><strong>M\u00e1s info<\/strong><\/a><\/td>\n<td style=\"text-align: center;\" width=\"267\"><a href=\"https:\/\/www.maquinariamarquez.com\/mandrinadora-tos-varnsdorf\/mandrinadoras-fresadoras-columna-movil\/mandrinadora-fresadora-de-columna-movil-pesada-wrd-170\/\"><strong>M\u00e1s info<\/strong><\/a><\/td>\n<td style=\"text-align: center;\" width=\"251\"><a href=\"https:\/\/www.maquinariamarquez.com\/mandrinadora-tos-varnsdorf\/mandrinadoras-fresadoras-columna-movil\/mandrinadora-de-columna-movil-hidrostatica-wrd-160-h-wrd-180-h-wrd-200-h\/\"><strong>M\u00e1s info<\/strong><\/a><\/td>\n<td width=\"300\">\n<p style=\"text-align: center;\"><a href=\"https:\/\/www.maquinariamarquez.com\/mandrinadora-tos-varnsdorf\/mandrinadoras-fresadoras-columna-movil\/fresadora-columna-movil-modelo-grata\/\"><strong>M\u00e1s info<\/strong><\/a><\/p>\n<\/td>\n<\/tr>\n<\/tbody>\n<\/table>\n\n<!-- wp:paragraph -->\n<p><\/p>\n<!-- \/wp:paragraph -->","protected":false},"excerpt":{"rendered":"<p>New boring mills in Maquinaria M\u00e1rquez.<\/p>\n<p><a class=\"btn btn-primary understrap-read-more-link\" href=\"https:\/\/www.maquinariamarquez.com\/en\/boring-machine-tos-varnsdorf\/boring-machines-floor-type\/\">Read more&#8230;<\/a><\/p>\n","protected":false},"author":2,"featured_media":16377,"parent":14782,"menu_order":151,"comment_status":"closed","ping_status":"closed","template":"","meta":{"_acf_changed":false,"footnotes":""},"geolocalizacion":[403,397,395,399],"class_list":["post-14788","page","type-page","status-publish","has-post-thumbnail","hentry","geolocalizacion-chile-en","geolocalizacion-latino-en","geolocalizacion-portugal-en","geolocalizacion-europa-en"],"acf":[],"aioseo_notices":[],"_links":{"self":[{"href":"https:\/\/www.maquinariamarquez.com\/en\/wp-json\/wp\/v2\/pages\/14788","targetHints":{"allow":["GET"]}}],"collection":[{"href":"https:\/\/www.maquinariamarquez.com\/en\/wp-json\/wp\/v2\/pages"}],"about":[{"href":"https:\/\/www.maquinariamarquez.com\/en\/wp-json\/wp\/v2\/types\/page"}],"author":[{"embeddable":true,"href":"https:\/\/www.maquinariamarquez.com\/en\/wp-json\/wp\/v2\/users\/2"}],"replies":[{"embeddable":true,"href":"https:\/\/www.maquinariamarquez.com\/en\/wp-json\/wp\/v2\/comments?post=14788"}],"version-history":[{"count":1,"href":"https:\/\/www.maquinariamarquez.com\/en\/wp-json\/wp\/v2\/pages\/14788\/revisions"}],"predecessor-version":[{"id":19750,"href":"https:\/\/www.maquinariamarquez.com\/en\/wp-json\/wp\/v2\/pages\/14788\/revisions\/19750"}],"up":[{"embeddable":true,"href":"https:\/\/www.maquinariamarquez.com\/en\/wp-json\/wp\/v2\/pages\/14782"}],"wp:featuredmedia":[{"embeddable":true,"href":"https:\/\/www.maquinariamarquez.com\/en\/wp-json\/wp\/v2\/media\/16377"}],"wp:attachment":[{"href":"https:\/\/www.maquinariamarquez.com\/en\/wp-json\/wp\/v2\/media?parent=14788"}],"wp:term":[{"taxonomy":"geolocalizacion","embeddable":true,"href":"https:\/\/www.maquinariamarquez.com\/en\/wp-json\/wp\/v2\/geolocalizacion?post=14788"}],"curies":[{"name":"wp","href":"https:\/\/api.w.org\/{rel}","templated":true}]}}