{"id":14791,"date":"2013-07-04T11:01:44","date_gmt":"2013-07-04T09:01:44","guid":{"rendered":"https:\/\/www.maquinariamarquez.com\/boring-milling-centres\/"},"modified":"2022-04-20T00:37:31","modified_gmt":"2022-04-19T22:37:31","slug":"boring-milling-centres","status":"publish","type":"page","link":"https:\/\/www.maquinariamarquez.com\/en\/boring-machine-tos-varnsdorf\/boring-milling-centres\/","title":{"rendered":"Boring &#8211; Milling Centres"},"content":{"rendered":"<!-- wp:heading -->\n<h2 class=\"wp-block-heading\">Centros de Mecanizado Tos Varnsdorf<\/h2>\n<!-- \/wp:heading -->\n\n<!-- wp:paragraph -->\n<p>Los centros de mecanizado son<strong> m\u00e1quinas de alto rendimiento<\/strong> adecuadas para las operaciones m\u00e1s exigentes, con utilidades de mandrinado, roscado, torneado vertical y\/o fresado. Adicionalmente tienen una <strong>amplia selecci\u00f3n de accesorios<\/strong> seg\u00fan las necesidades de su empresa.<\/p>\n<!-- \/wp:paragraph -->\n\n<!-- wp:heading {\"level\":3} -->\n<h3 class=\"wp-block-heading\">Comparativa de Centros de Mecanizado<\/h3>\n<!-- \/wp:heading -->\n\n<!-- wp:table -->\n<figure class=\"wp-block-table\"><table><tbody><tr><td class=\"has-text-align-left\" data-align=\"left\">\n<p style=\"text-align: center;\">&nbsp;<\/p>\n<\/td><td><p style=\"text-align: center;\"><strong>WHT 110 S<\/strong><\/p><\/td><td><p style=\"text-align: center;\"><strong>WHT 110 SC<\/strong><\/p><\/td><td><p style=\"text-align: center;\"><strong>WHT 130<\/strong><\/p><\/td><\/tr><tr><td class=\"has-text-align-left\" data-align=\"left\">\n<p style=\"text-align: right;\"><strong>Fotograf\u00eda<\/strong><\/p>\n<\/td><td><img loading=\"lazy\" decoding=\"async\" class=\"aligncenter wp-image-20248 size-full\" src=\"https:\/\/www.maquinariamarquez.com\/wp-content\/uploads\/2022\/04\/WHT-110-S.jpg\" alt=\"\" width=\"231\" height=\"148\"><\/td><td><img loading=\"lazy\" decoding=\"async\" class=\"aligncenter wp-image-20245 size-full\" src=\"https:\/\/www.maquinariamarquez.com\/wp-content\/uploads\/2022\/04\/WHT-110-SC.jpg\" alt=\"\" width=\"231\" height=\"148\"><\/td><td><img loading=\"lazy\" decoding=\"async\" class=\"aligncenter wp-image-20242 size-full\" src=\"https:\/\/www.maquinariamarquez.com\/wp-content\/uploads\/2022\/04\/WHT-130.jpg\" alt=\"\" width=\"231\" height=\"148\"><\/td><\/tr><tr><td class=\"has-text-align-left\" data-align=\"left\">\n<p style=\"text-align: right;\"><strong>Tipo<\/strong><\/p>\n<\/td><td>\n<p>Tipo T<\/p>\n<\/td><td>\n<p>Tipo T<\/p>\n<\/td><td>\n<p>Tipo T<\/p>\n<\/td><\/tr><tr><td class=\"has-text-align-left\" data-align=\"left\" colspan=\"4\">\n<p><em><strong>Cabezal<\/strong><\/em><\/p>\n<\/td><\/tr><tr><td class=\"has-text-align-left\" data-align=\"left\">\n<p style=\"text-align: right;\"><strong>\u00d8 Ca\u00f1a<\/strong><\/p>\n<\/td><td>\n<p>110<\/p>\n<\/td><td>\n<p>110<\/p>\n<\/td><td><p>130<\/p><\/td><\/tr><tr><td class=\"has-text-align-left\" data-align=\"left\">\n<p style=\"text-align: right;\"><strong>RPM<\/strong><\/p>\n<\/td><td>\n<p>4.000<\/p>\n<\/td><td>\n<p>6.000<\/p>\n<\/td><td>\n<p>4.000<\/p>\n<\/td><\/tr><tr><td class=\"has-text-align-left\" data-align=\"left\">\n<p style=\"text-align: right;\"><strong>Potencia Kw\/Par S1<\/strong><\/p>\n<\/td><td>\n<p>28 Kw \/1200 Nm<\/p>\n<\/td><td>\n<p>31 Kw \/ 1320 Nm<\/p>\n<\/td><td>\n<p>45 Kw \/ 3200 Nm<\/p>\n<\/td><\/tr><tr><td class=\"has-text-align-left\" data-align=\"left\">\n<p style=\"text-align: right;\"><strong>Salida ca\u00f1a<\/strong><\/p>\n<\/td><td>\n<p>-<\/p>\n<\/td><td>\n<p>-<\/p>\n<\/td><td>\n<p>800<\/p>\n<\/td><\/tr><tr><td class=\"has-text-align-left\" data-align=\"left\" colspan=\"4\">\n<p><em><strong>Cursos<\/strong><\/em><\/p>\n<\/td><\/tr><tr><td class=\"has-text-align-left\" data-align=\"left\">\n<p style=\"text-align: right;\"><strong>Eje X (Transversal)<\/strong><\/p>\n<\/td><td>\n<p>1.500-2.000-2.500-3.000<\/p>\n<\/td><td>\n<p>1.500-2.000-2.500-3.000<\/p>\n<\/td><td>\n<p>3.000-4.000<\/p>\n<\/td><\/tr><tr><td class=\"has-text-align-left\" data-align=\"left\">\n<p style=\"text-align: right;\"><strong>Eje Y (Vertical)<\/strong><\/p>\n<\/td><td>\n<p>1.250-1.600-2.000<\/p>\n<\/td><td>\n<p>1.250-1.600<\/p>\n<\/td><td>\n<p>1.600-2.000-2.500<\/p>\n<\/td><\/tr><tr><td class=\"has-text-align-left\" data-align=\"left\">\n<p style=\"text-align: right;\"><strong>Eje Z (Columna)<\/strong><\/p>\n<\/td><td>\n<p>1.500-2.000-2.500<\/p>\n<\/td><td>\n<p>1.500-2.000-2.500<\/p>\n<\/td><td>\n<p>1.600-2.000-2.500<\/p>\n<\/td><\/tr><tr><td class=\"has-text-align-left\" data-align=\"left\" colspan=\"4\">\n<p><em><strong>Mesa giratoria<\/strong><\/em><\/p>\n<\/td><\/tr><tr><td class=\"has-text-align-left\" data-align=\"left\">\n<p style=\"text-align: right;\"><strong>Superficie<\/strong><\/p>\n<\/td><td>\n<p>1250 x 1250, 1250 x 1600<\/p>\n<\/td><td>\n<p>1250 x 1250, 1250 x 1600<\/p>\n<\/td><td>\n<p>de 1.600 x 1.600 a 1.800 x 2.500<\/p>\n<\/td><\/tr><tr><td class=\"has-text-align-left\" data-align=\"left\">\n<p style=\"text-align: right;\"><strong>Capacidad<\/strong><\/p>\n<\/td><td>\n<p>6 Tn<\/p>\n<\/td><td>\n<p>6 Tn<\/p>\n<\/td><td>\n<p>10 Tn \u2013 20 Tn<\/p>\n<\/td><\/tr><tr><td class=\"has-text-align-left\" data-align=\"left\">\n<p style=\"text-align: right;\"><strong>Tipo<\/strong><\/p>\n<\/td><td>\n<p>Giro continuo, doble motor<\/p>\n<\/td><td>\n<p>Giro continuo, doble motor<\/p>\n<\/td><td>\n<p>Giro continuo, doble motor<\/p>\n<\/td><\/tr><tr><td class=\"has-text-align-left\" data-align=\"left\">\n<p style=\"text-align: right;\"><strong>Torneado<\/strong><\/p>\n<\/td><td>\n<p>--<\/p>\n<\/td><td>\n<p>500 rpm \u00d8 1600<\/p>\n<\/td><td>\n<p>opcional<\/p>\n<\/td><\/tr><tr><td class=\"has-text-align-left\" data-align=\"left\">\n<p><strong>&nbsp;<\/strong><\/p>\n<\/td><td>&nbsp;<\/td><td>&nbsp;<\/td><td>&nbsp;<\/td><\/tr><tr><td class=\"has-text-align-left\" data-align=\"left\">\n<p style=\"text-align: right;\"><strong>Avances<\/strong><\/p>\n<\/td><td>\n<p>25 m\/min<\/p>\n<\/td><td>\n<p>40 m\/min<\/p>\n<\/td><td>\n<p>36 m\/min<\/p>\n<\/td><\/tr><tr><td class=\"has-text-align-left\" data-align=\"left\">\n<p style=\"text-align: right;\"><strong>Gu\u00edas<\/strong><\/p>\n<\/td><td>\n<p>Gu\u00edas lineales alta precisi\u00f3n<\/p>\n<\/td><td>\n<p>Gu\u00edas lineales alta precisi\u00f3n<\/p>\n<\/td><td>\n<p>Gu\u00edas lineales alta precisi\u00f3n<\/p>\n<\/td><\/tr><tr><td class=\"has-text-align-left\" data-align=\"left\">\n<p><strong>&nbsp;<\/strong><\/p>\n<\/td><td>&nbsp;<\/td><td>&nbsp;<\/td><td>&nbsp;<\/td><\/tr><tr><td class=\"has-text-align-left\" data-align=\"left\">\n<p style=\"text-align: right;\"><strong>Cabezal autom\u00e1tico<\/strong><\/p>\n<\/td><td>\n<p>1\u00ba x 1\u00ba<\/p>\n<\/td><td>\n<p>1\u00ba x 1\u00ba<\/p>\n<\/td><td>\n<p>0,001\u00ba x 0,001\u00ba<\/p>\n<\/td><\/tr><tr><td class=\"has-text-align-left\" data-align=\"left\">\n<p style=\"text-align: right;\"><strong>Plato de mandrinar<\/strong><\/p>\n<\/td><td>\n<p>S\u00ed<\/p>\n<\/td><td>\n<p>S\u00ed<\/p>\n<\/td><td>\n<p>S\u00ed<\/p>\n<\/td><\/tr><\/tbody><\/table><\/figure>\n<!-- \/wp:table -->\n\n<!-- wp:heading {\"textColor\":\"blue\"} -->\n<h2 class=\"wp-block-heading has-blue-color has-text-color\">WHT 110<\/h2>\n<!-- \/wp:heading -->\n\n<!-- wp:paragraph -->\n<p><strong>TOS Varnsdorf<\/strong>&nbsp;est\u00e1 renovando sus centros de mecanizado presentando unos modelos mucho m\u00e1s avanzados tecnol\u00f3gicamente, que permiten el fresado y torneado de las piezas complejas en un solo amarre y aporta una soluci\u00f3n de alto nivel en el tama\u00f1o 2 x 2.<\/p>\n<!-- \/wp:paragraph -->\n\n<!-- wp:list -->\n<ul><!-- wp:list-item -->\n<li>Cabezal con ca\u00f1a\/husillo integrada con recorrido 650 mm y 6000 rpm.<\/li>\n<!-- \/wp:list-item -->\n\n<!-- wp:list-item -->\n<li>Carga y descargar autom\u00e1tica de cabezales de posicionamiento autom\u00e1tico.<\/li>\n<!-- \/wp:list-item -->\n\n<!-- wp:list-item -->\n<li>Mesa de torneado con motor torque hasta 500 rpm y 1,6 metros de di\u00e1metro.<\/li>\n<!-- \/wp:list-item -->\n\n<!-- wp:list-item -->\n<li>Velocidad de posicionamiento 40 m\/min<\/li>\n<!-- \/wp:list-item -->\n\n<!-- wp:list-item -->\n<li>Posibilidad de multiples palets para automatizar procesos de mecanizado complejos.<\/li>\n<!-- \/wp:list-item -->\n\n<!-- wp:list-item -->\n<li>Conectividad y aplicaciones de Industria 4.0<\/li>\n<!-- \/wp:list-item --><\/ul>\n<!-- \/wp:list -->\n\n<!-- wp:paragraph -->\n<p>Estas caracter\u00edsticas, un alto par de mecanizado tanto en el husillo como en los cabezales, y una amplia disponibilidad de distintos tipos de cabezales y opcionales, hacen que sea un centro ideal para moldistas, matriceros, fabricantes del sector oil &amp; Gas y aeron\u00e1utico.<\/p>\n<!-- \/wp:paragraph -->\n\n<!-- wp:heading {\"textColor\":\"blue\"} -->\n<h2 class=\"wp-block-heading has-blue-color has-text-color\">WHT 130<\/h2>\n<!-- \/wp:heading -->\n\n<!-- wp:list -->\n<ul><!-- wp:list-item -->\n<li>El desarrollo de estos centros de mecanizado se basa en una configuraci\u00f3n en T, con una estructura de bastidor central con gu\u00edas lineales, que permiten una mayor din\u00e1mica que hacen de estas m\u00e1quinas las ideales para el mecanizado de piezas aeron\u00e1uticas, moldes o formas complejas que requieran altos avances de mecanizado.<\/li>\n<!-- \/wp:list-item -->\n\n<!-- wp:list-item -->\n<li>El centro de mecanizado alcanza los 36 m\/min gracias al dimensionamiento de sus gu\u00edas lineales, con una aceleraci\u00f3n de3 m\/seg2 El giro de la mesa se convierte un eje m\u00e1s de mecanizado ya que est\u00e1 comandado por 2 motores en sistema master-slave que le permiten un alto par con una gran precisi\u00f3n. La capacidad de carga \u00fatil es de hasta 25 Tn con un rango de superficies adaptable a las necesidades de cada cliente.<\/li>\n<!-- \/wp:list-item -->\n\n<!-- wp:list-item -->\n<li>Su flexibilidad de configuraci\u00f3n vienen dada por la posibilidad de integrar varios tipos de cabezales junto con la ca\u00f1a de di\u00e1metro 130 y que gira a 4.000 rpm, con un Par de 3.200 Nm.<\/li>\n<!-- \/wp:list-item -->\n\n<!-- wp:list-item -->\n<li>Los cabezales se pueden cargar a trav\u00e9s de un manipulador autom\u00e1tico de cabezales integrando su cambio dentro de los procesos de mecanizado.<br>Entre los cabezales se dispone de cabezales de posicionamiento continuo, de posicionamiento milesimal cada 0,001\u00ba x 0,001\u00ba, tipo horquilla con electromandrinos, y una amplia variedad de soluciones acordes a la necesidad de cada cliente.<\/li>\n<!-- \/wp:list-item --><\/ul>\n<!-- \/wp:list -->\n\n<!-- wp:paragraph -->\n<p><\/p>\n<!-- \/wp:paragraph -->","protected":false},"excerpt":{"rendered":"<p>Centros de Mecanizado Tos Varnsdorf Los centros de mecanizado son m\u00e1quinas de alto rendimiento adecuadas para las operaciones m\u00e1s exigentes, con utilidades de mandrinado, roscado, torneado vertical y\/o fresado. Adicionalmente tienen una amplia selecci\u00f3n de accesorios seg\u00fan las necesidades de su empresa. Comparativa de Centros de Mecanizado &nbsp; WHT 110 SWHT 110 SCWHT 130 Fotograf\u00eda [&#8230;]<\/p>\n<p><a class=\"btn btn-primary understrap-read-more-link\" href=\"https:\/\/www.maquinariamarquez.com\/en\/boring-machine-tos-varnsdorf\/boring-milling-centres\/\">Details<\/a><\/p>\n","protected":false},"author":2,"featured_media":35286,"parent":14782,"menu_order":172,"comment_status":"closed","ping_status":"closed","template":"page-templates\/template-page-maquina.php","meta":{"_acf_changed":false,"footnotes":""},"geolocalizacion":[403,397,395,399],"class_list":["post-14791","page","type-page","status-publish","has-post-thumbnail","hentry","geolocalizacion-chile-en","geolocalizacion-latino-en","geolocalizacion-portugal-en","geolocalizacion-europa-en"],"acf":[],"aioseo_notices":[],"_links":{"self":[{"href":"https:\/\/www.maquinariamarquez.com\/en\/wp-json\/wp\/v2\/pages\/14791","targetHints":{"allow":["GET"]}}],"collection":[{"href":"https:\/\/www.maquinariamarquez.com\/en\/wp-json\/wp\/v2\/pages"}],"about":[{"href":"https:\/\/www.maquinariamarquez.com\/en\/wp-json\/wp\/v2\/types\/page"}],"author":[{"embeddable":true,"href":"https:\/\/www.maquinariamarquez.com\/en\/wp-json\/wp\/v2\/users\/2"}],"replies":[{"embeddable":true,"href":"https:\/\/www.maquinariamarquez.com\/en\/wp-json\/wp\/v2\/comments?post=14791"}],"version-history":[{"count":1,"href":"https:\/\/www.maquinariamarquez.com\/en\/wp-json\/wp\/v2\/pages\/14791\/revisions"}],"predecessor-version":[{"id":19751,"href":"https:\/\/www.maquinariamarquez.com\/en\/wp-json\/wp\/v2\/pages\/14791\/revisions\/19751"}],"up":[{"embeddable":true,"href":"https:\/\/www.maquinariamarquez.com\/en\/wp-json\/wp\/v2\/pages\/14782"}],"wp:featuredmedia":[{"embeddable":true,"href":"https:\/\/www.maquinariamarquez.com\/en\/wp-json\/wp\/v2\/media\/35286"}],"wp:attachment":[{"href":"https:\/\/www.maquinariamarquez.com\/en\/wp-json\/wp\/v2\/media?parent=14791"}],"wp:term":[{"taxonomy":"geolocalizacion","embeddable":true,"href":"https:\/\/www.maquinariamarquez.com\/en\/wp-json\/wp\/v2\/geolocalizacion?post=14791"}],"curies":[{"name":"wp","href":"https:\/\/api.w.org\/{rel}","templated":true}]}}