{"id":14866,"date":"2017-12-28T17:29:36","date_gmt":"2017-12-28T15:29:36","guid":{"rendered":"https:\/\/www.maquinariamarquez.com\/privacy-policy\/"},"modified":"2017-12-28T17:29:36","modified_gmt":"2017-12-28T15:29:36","slug":"privacy-policy","status":"publish","type":"page","link":"https:\/\/www.maquinariamarquez.com\/en\/privacy-policy\/","title":{"rendered":"Privacy policy"},"content":{"rendered":"<!-- wp:heading {\"level\":3} -->\n<h3 class=\"wp-block-heading\"><strong>\u00bfQui\u00e9n es el responsable del tratamiento de sus datos?<\/strong><\/h3>\n<!-- \/wp:heading -->\n\n<!-- wp:paragraph -->\n<p>Maquinaria M\u00e1rquez S.L. con CIF B50827948\u00a0 y Maquinaria M\u00e1rquez Importaci\u00f3n S.L. con CIF B50804202\u00a0y domicilio a efecto de notificaciones en Pol. Malpica, C\/\u00a0 D N\u00ba 166, 50016 Zaragoza. Puedes contactar llamando al 976571213 o a trav\u00e9s del correo electr\u00f3nico info@maquinariamarquez.com.<\/p>\n<!-- \/wp:paragraph -->\n\n<!-- wp:heading {\"level\":3} -->\n<h3 class=\"wp-block-heading\"><strong>Datos recopilados<\/strong><\/h3>\n<!-- \/wp:heading -->\n\n<!-- wp:paragraph -->\n<p>En Maquinaria M\u00e1rquez recopilamos los datos que nos facilita el usuario en los distintos formularios de contacto de nuestra p\u00e1gina web <a href=\"https:\/\/www.maquinariamarquez.com\/\" title=\"https:\/\/www.maquinariamarquez.com\/\">www.maquinariamarquez.com<\/a>. Nombre, apellidos, direcciones, correos electr\u00f3nicos, n\u00fameros de tel\u00e9fono, etc.<\/p>\n<!-- \/wp:paragraph -->\n\n<!-- wp:heading {\"level\":3} -->\n<h3 class=\"wp-block-heading\"><strong>Finalidad del tratamiento de datos<\/strong><\/h3>\n<!-- \/wp:heading -->\n\n<!-- wp:paragraph -->\n<p>Desde Maquinaria M\u00e1rquez te informamos que los datos personales que nos facilitas mediante el registro en este sitio web, su utilizaci\u00f3n, la contrataci\u00f3n de los productos ofrecidos o la cumplimentaci\u00f3n de los formularios habilitados, ser\u00e1n incorporados a un fichero de nuestra titularidad, cuya finalidad es la gesti\u00f3n de los servicios y productos solicitados, as\u00ed como facilitarte la informaci\u00f3n que nos solicites.<\/p>\n<!-- \/wp:paragraph -->\n\n<!-- wp:paragraph -->\n<p>El consentimiento para el tratamiento de tus datos es necesario para prestarte los servicios solicitados y la tramitaci\u00f3n de los productos de su inter\u00e9s. La no cumplimentaci\u00f3n de los mismos podr\u00e1 impedirnos prestarte todos aquellos servicios vinculados a los mismos, liber\u00e1ndonos de toda responsabilidad por la no prestaci\u00f3n o la prestaci\u00f3n incompleta de \u00e9stos. Adem\u00e1s, la no cumplimentaci\u00f3n de la informaci\u00f3n requerida podr\u00e1 impedir que gestionemos las solitudes de informaci\u00f3n que nos remitas.<\/p>\n<!-- \/wp:paragraph -->\n\n<!-- wp:paragraph -->\n<p>As\u00ed mismo, te informamos que tus datos podr\u00e1n ser tratados para ofrecerte <strong>informaci\u00f3n sobre ofertas o productos<\/strong> que puedan resultar de tu inter\u00e9s, para el desarrollo de encuestas de satisfacci\u00f3n e investigaciones de mercado. Para dichos fines podr\u00e1s ser contactado por correo electr\u00f3nico, SMS o aquellos medios de comunicaci\u00f3n electr\u00f3nica que hayas facilitado en tu cuenta de usuario. Puedes revocar tu consentimiento, sin efecto retroactivo, en cualquier momento, as\u00ed como oponerte al uso y tratamiento de tus datos para dichos fines, te recordamos que tambi\u00e9n puedes darse de baja desde las propias comunicaciones mediante el mecanismo habilitado a tal efecto.<\/p>\n<!-- \/wp:paragraph -->\n\n<!-- wp:heading {\"level\":3} -->\n<h3 class=\"wp-block-heading\"><strong>Terceros destinatarios de los datos personales<\/strong><\/h3>\n<!-- \/wp:heading -->\n\n<!-- wp:paragraph -->\n<p>No se prev\u00e9n cesiones de datos a excepci\u00f3n de las autorizadas por la legislaci\u00f3n fiscal, mercantil y de telecomunicaciones, as\u00ed como en aquellos casos en los que una autoridad judicial nos lo requiera.<\/p>\n<!-- \/wp:paragraph -->\n\n<!-- wp:paragraph -->\n<p>En ocasiones puntuales tus datos podr\u00e1n ser comunicados a los <strong>proveedores <\/strong>que intervienen en la oferta y prestaci\u00f3n de los productos y servicios ofrecidos. Dicha informaci\u00f3n es almacenada en una base de datos centralizada, siendo necesario su tratamiento para la prestaci\u00f3n de los servicios y la facturaci\u00f3n de los productos y servicios que utilices.<\/p>\n<!-- \/wp:paragraph -->\n\n<!-- wp:heading {\"level\":3} -->\n<h3 class=\"wp-block-heading\"><strong>Plazo de conservaci\u00f3n<\/strong><\/h3>\n<!-- \/wp:heading -->\n\n<!-- wp:paragraph -->\n<p>La caducidad de los datos ser\u00e1 hasta que el usuario comunique que quiere suprimirlos, o en su defecto Maquinaria M\u00e1rquez considere que ya no son de utilidad.<\/p>\n<!-- \/wp:paragraph -->\n\n<!-- wp:heading {\"level\":3} -->\n<h3 class=\"wp-block-heading\"><strong>Tus derechos<\/strong><\/h3>\n<!-- \/wp:heading -->\n\n<!-- wp:paragraph -->\n<p>Puedes ejercitar gratuitamente los <strong>derechos de acceso, rectificaci\u00f3n, cancelaci\u00f3n y oposici\u00f3n<\/strong>, por escrito ante Maquinaria M\u00e1rquez (Maquinaria M\u00e1rquez S.L. con CIF B50827948 y Maquinaria M\u00e1rquez Importaci\u00f3n\u00a0 S.L. con CIF B50804202), con domicilio social en Pol Ind Malpica C\/ D Nave 166, CP50016 Zaragoza, o mediante correo electr\u00f3nico a\u00a0lopd@maquinariamarquez.com.<\/p>\n<!-- \/wp:paragraph -->\n\n<!-- wp:heading {\"level\":3} -->\n<h3 class=\"wp-block-heading\"><strong>Seguridad de los datos<\/strong><\/h3>\n<!-- \/wp:heading -->\n\n<!-- wp:paragraph -->\n<p>Maquinaria M\u00e1rquez, S.L. adopta las medidas necesarias para garantizar la seguridad, integridad y confidencialidad de los datos conforme a lo dispuesto en el Reglamento (UE) 2016\/679 del Parlamento Europeo y del Consejo, de 27 de abril de 2016, relativo a la protecci\u00f3n de las personas f\u00edsicas en lo que respecta al tratamiento de datos personales y a la libre circulaci\u00f3n de los mismos, y derogando la antigua LOPD, la nueva Ley Org\u00e1nica 3\/2018, de 5 diciembre, de Protecci\u00f3n de Datos y Garant\u00eda de los Derechos Digitales (LOPDGDD).<\/p>\n<!-- \/wp:paragraph -->\n\n<!-- wp:paragraph -->\n<p><\/p>\n<!-- \/wp:paragraph -->\n\n<!-- wp:heading -->\n<h2 class=\"wp-block-heading\">Usamos ReCaptcha de Google<\/h2>\n<!-- \/wp:heading -->\n\n<!-- wp:paragraph -->\n<p>Ver su <a href=\"https:\/\/policies.google.com\/privacy?hl=es\" target=\"_blank\" rel=\"nofollow noopener noreferrer\">pol\u00edtica de privacidad aqu\u00ed<\/a> y los <a href=\"https:\/\/policies.google.com\/terms?hl=es\" target=\"_blank\" rel=\"nofollow noopener noreferrer\">t\u00e9rminos de uso aqu\u00ed<\/a><\/p>\n<!-- \/wp:paragraph -->","protected":false},"excerpt":{"rendered":"<p>\u00bfQui\u00e9n es el responsable del tratamiento de sus datos? Maquinaria M\u00e1rquez S.L. con CIF B50827948\u00a0 y Maquinaria M\u00e1rquez Importaci\u00f3n S.L. con CIF B50804202\u00a0y domicilio a efecto de notificaciones en Pol. Malpica, C\/\u00a0 D N\u00ba 166, 50016 Zaragoza. Puedes contactar llamando al 976571213 o a trav\u00e9s del correo electr\u00f3nico info@maquinariamarquez.com. Datos recopilados En Maquinaria M\u00e1rquez recopilamos [&#8230;]<\/p>\n<p><a class=\"btn btn-primary understrap-read-more-link\" href=\"https:\/\/www.maquinariamarquez.com\/en\/privacy-policy\/\">Read more&#8230;<\/a><\/p>\n","protected":false},"author":1,"featured_media":0,"parent":0,"menu_order":554,"comment_status":"closed","ping_status":"closed","template":"","meta":{"_acf_changed":false,"footnotes":""},"geolocalizacion":[403,397,395,399],"class_list":["post-14866","page","type-page","status-publish","hentry","geolocalizacion-chile-en","geolocalizacion-latino-en","geolocalizacion-portugal-en","geolocalizacion-europa-en"],"acf":[],"aioseo_notices":[],"_links":{"self":[{"href":"https:\/\/www.maquinariamarquez.com\/en\/wp-json\/wp\/v2\/pages\/14866","targetHints":{"allow":["GET"]}}],"collection":[{"href":"https:\/\/www.maquinariamarquez.com\/en\/wp-json\/wp\/v2\/pages"}],"about":[{"href":"https:\/\/www.maquinariamarquez.com\/en\/wp-json\/wp\/v2\/types\/page"}],"author":[{"embeddable":true,"href":"https:\/\/www.maquinariamarquez.com\/en\/wp-json\/wp\/v2\/users\/1"}],"replies":[{"embeddable":true,"href":"https:\/\/www.maquinariamarquez.com\/en\/wp-json\/wp\/v2\/comments?post=14866"}],"version-history":[{"count":0,"href":"https:\/\/www.maquinariamarquez.com\/en\/wp-json\/wp\/v2\/pages\/14866\/revisions"}],"wp:attachment":[{"href":"https:\/\/www.maquinariamarquez.com\/en\/wp-json\/wp\/v2\/media?parent=14866"}],"wp:term":[{"taxonomy":"geolocalizacion","embeddable":true,"href":"https:\/\/www.maquinariamarquez.com\/en\/wp-json\/wp\/v2\/geolocalizacion?post=14866"}],"curies":[{"name":"wp","href":"https:\/\/api.w.org\/{rel}","templated":true}]}}