{"id":19432,"date":"2020-04-22T16:29:09","date_gmt":"2020-04-22T14:29:09","guid":{"rendered":"https:\/\/www.maquinariamarquez.com\/essierras-de-cinta-pilous\/maquinas-de-desbarbado\/"},"modified":"2023-09-11T11:10:43","modified_gmt":"2023-09-11T09:10:43","slug":"maquinas-de-desbarbado","status":"publish","type":"page","link":"https:\/\/www.maquinariamarquez.com\/en\/bandsaw-pilous\/maquinas-de-desbarbado\/","title":{"rendered":"M\u00e1quinas de desbarbado"},"content":{"rendered":"<p>M\u00e1quinas de desbarbado para obtener un desbarbado sencillo y muy r\u00e1pido de todo tipo de secciones (incluidos los bordes internos) o material completo mediante un cepillo giratorio de acero. La construcci\u00f3n de alta calidad de la m\u00e1quina junto con un motor trif\u00e1sico hacen posible el uso de la m\u00e1quina tanto en talleres especializados como en plantas de producci\u00f3n. En comparaci\u00f3n con el desbarbado manual, reduce el tiempo necesario y, por tanto, sus costes. Manteniendo al mismo tiempo una calidad de desbarbado incomparablemente m\u00e1s alta y equilibrada.<\/p>\n","protected":false},"excerpt":{"rendered":"<p>M\u00e1quinas de desbarbado para obtener un desbarbado sencillo y muy r\u00e1pido de todo tipo de secciones (incluidos los bordes internos) o material completo mediante un cepillo giratorio de acero. La construcci\u00f3n de alta calidad de la m\u00e1quina junto con un motor trif\u00e1sico hacen posible el uso de la m\u00e1quina tanto en talleres especializados como en [&#8230;]<\/p>\n<p><a class=\"btn btn-primary understrap-read-more-link\" href=\"https:\/\/www.maquinariamarquez.com\/en\/bandsaw-pilous\/maquinas-de-desbarbado\/\">Read more&#8230;<\/a><\/p>\n","protected":false},"author":6,"featured_media":17713,"parent":14887,"menu_order":346,"comment_status":"closed","ping_status":"closed","template":"","meta":{"_acf_changed":false,"footnotes":""},"geolocalizacion":[403,397,395,399],"class_list":["post-19432","page","type-page","status-publish","has-post-thumbnail","hentry","geolocalizacion-chile-en","geolocalizacion-latino-en","geolocalizacion-portugal-en","geolocalizacion-europa-en"],"acf":[],"aioseo_notices":[],"_links":{"self":[{"href":"https:\/\/www.maquinariamarquez.com\/en\/wp-json\/wp\/v2\/pages\/19432","targetHints":{"allow":["GET"]}}],"collection":[{"href":"https:\/\/www.maquinariamarquez.com\/en\/wp-json\/wp\/v2\/pages"}],"about":[{"href":"https:\/\/www.maquinariamarquez.com\/en\/wp-json\/wp\/v2\/types\/page"}],"author":[{"embeddable":true,"href":"https:\/\/www.maquinariamarquez.com\/en\/wp-json\/wp\/v2\/users\/6"}],"replies":[{"embeddable":true,"href":"https:\/\/www.maquinariamarquez.com\/en\/wp-json\/wp\/v2\/comments?post=19432"}],"version-history":[{"count":2,"href":"https:\/\/www.maquinariamarquez.com\/en\/wp-json\/wp\/v2\/pages\/19432\/revisions"}],"predecessor-version":[{"id":34789,"href":"https:\/\/www.maquinariamarquez.com\/en\/wp-json\/wp\/v2\/pages\/19432\/revisions\/34789"}],"up":[{"embeddable":true,"href":"https:\/\/www.maquinariamarquez.com\/en\/wp-json\/wp\/v2\/pages\/14887"}],"wp:featuredmedia":[{"embeddable":true,"href":"https:\/\/www.maquinariamarquez.com\/en\/wp-json\/wp\/v2\/media\/17713"}],"wp:attachment":[{"href":"https:\/\/www.maquinariamarquez.com\/en\/wp-json\/wp\/v2\/media?parent=19432"}],"wp:term":[{"taxonomy":"geolocalizacion","embeddable":true,"href":"https:\/\/www.maquinariamarquez.com\/en\/wp-json\/wp\/v2\/geolocalizacion?post=19432"}],"curies":[{"name":"wp","href":"https:\/\/api.w.org\/{rel}","templated":true}]}}