{"id":19436,"date":"2020-04-24T10:34:27","date_gmt":"2020-04-24T08:34:27","guid":{"rendered":"https:\/\/www.maquinariamarquez.com\/essierras-de-cinta-pilous\/repuestos\/"},"modified":"2023-09-11T11:23:27","modified_gmt":"2023-09-11T09:23:27","slug":"repuestos-sierras-de-cinta-pilous","status":"publish","type":"page","link":"https:\/\/www.maquinariamarquez.com\/en\/bandsaw-pilous\/repuestos-sierras-de-cinta-pilous\/","title":{"rendered":"Repuestos Sierras de Cinta"},"content":{"rendered":"<p>\u00bfNecesita repuestos para sus sierras de cinta?<\/p>\n<p>En Maquinaria M\u00e1rquez\u00a0 ponemos a su disposici\u00f3n los <strong>repuestos originales<\/strong> para dar respuesta a sus necesidades.<\/p>\n<p>Para solicitar su repuesto \u00fanicamente debe enviarnos un email a la direcci\u00f3n de correo electr\u00f3nico <a href=\"mailto:info@maquinariamarquez.com\"><strong>info@maquinariamarquez.com<\/strong><\/a> indicando modelo y n\u00famero de serie de la m\u00e1quina. En breve obtendr\u00e1 una respuesta confirmando precio y plazo para su solicitud.<\/p>\n<div id='gallery-1' class='gallery galleryid-19436 gallery-columns-3 gallery-size-thumbnail'><figure class='gallery-item'>\n\t\t\t<div class='gallery-icon landscape'>\n\t\t\t\t<a href='https:\/\/www.maquinariamarquez.com\/wp-content\/uploads\/2020\/04\/Repuestos9.jpg' title=\"Ejemplo despiece_9\" data-rl_title=\"Ejemplo despiece_9\" class=\"rl-gallery-link\" data-rl_caption=\"\" data-rel=\"lightbox-gallery-1\"><img loading=\"lazy\" decoding=\"async\" width=\"250\" height=\"250\" src=\"https:\/\/www.maquinariamarquez.com\/wp-content\/uploads\/2020\/04\/Repuestos9-250x250.jpg\" class=\"attachment-thumbnail size-thumbnail\" alt=\"Repuestos Sierras de Cinta\" aria-describedby=\"gallery-1-17747\" srcset=\"https:\/\/www.maquinariamarquez.com\/wp-content\/uploads\/2020\/04\/Repuestos9-250x250.jpg 250w, https:\/\/www.maquinariamarquez.com\/wp-content\/uploads\/2020\/04\/Repuestos9-175x175.jpg 175w\" sizes=\"auto, (max-width: 250px) 100vw, 250px\" \/><\/a>\n\t\t\t<\/div>\n\t\t\t\t<figcaption class='wp-caption-text gallery-caption' id='gallery-1-17747'>\n\t\t\t\tEjemplo despiece_9\n\t\t\t\t<\/figcaption><\/figure><figure class='gallery-item'>\n\t\t\t<div class='gallery-icon portrait'>\n\t\t\t\t<a href='https:\/\/www.maquinariamarquez.com\/wp-content\/uploads\/2020\/04\/Repuestos8.jpg' title=\"Ejemplo despiece_8\" data-rl_title=\"Ejemplo despiece_8\" class=\"rl-gallery-link\" data-rl_caption=\"\" data-rel=\"lightbox-gallery-1\"><img loading=\"lazy\" decoding=\"async\" width=\"250\" height=\"250\" src=\"https:\/\/www.maquinariamarquez.com\/wp-content\/uploads\/2020\/04\/Repuestos8-250x250.jpg\" class=\"attachment-thumbnail size-thumbnail\" alt=\"Repuestos Sierras de Cinta\" aria-describedby=\"gallery-1-17745\" srcset=\"https:\/\/www.maquinariamarquez.com\/wp-content\/uploads\/2020\/04\/Repuestos8-250x250.jpg 250w, https:\/\/www.maquinariamarquez.com\/wp-content\/uploads\/2020\/04\/Repuestos8-175x175.jpg 175w\" sizes=\"auto, (max-width: 250px) 100vw, 250px\" \/><\/a>\n\t\t\t<\/div>\n\t\t\t\t<figcaption class='wp-caption-text gallery-caption' id='gallery-1-17745'>\n\t\t\t\tEjemplo despiece_8\n\t\t\t\t<\/figcaption><\/figure><figure class='gallery-item'>\n\t\t\t<div class='gallery-icon landscape'>\n\t\t\t\t<a href='https:\/\/www.maquinariamarquez.com\/wp-content\/uploads\/2020\/04\/Repuestos7.jpg' title=\"Ejemplo despiece_7\" data-rl_title=\"Ejemplo despiece_7\" class=\"rl-gallery-link\" data-rl_caption=\"\" data-rel=\"lightbox-gallery-1\"><img loading=\"lazy\" decoding=\"async\" width=\"250\" height=\"250\" src=\"https:\/\/www.maquinariamarquez.com\/wp-content\/uploads\/2020\/04\/Repuestos7-250x250.jpg\" class=\"attachment-thumbnail size-thumbnail\" alt=\"Repuestos Sierras de Cinta\" aria-describedby=\"gallery-1-17743\" srcset=\"https:\/\/www.maquinariamarquez.com\/wp-content\/uploads\/2020\/04\/Repuestos7-250x250.jpg 250w, https:\/\/www.maquinariamarquez.com\/wp-content\/uploads\/2020\/04\/Repuestos7-175x175.jpg 175w\" sizes=\"auto, (max-width: 250px) 100vw, 250px\" \/><\/a>\n\t\t\t<\/div>\n\t\t\t\t<figcaption class='wp-caption-text gallery-caption' id='gallery-1-17743'>\n\t\t\t\tEjemplo despiece_7\n\t\t\t\t<\/figcaption><\/figure><figure class='gallery-item'>\n\t\t\t<div class='gallery-icon portrait'>\n\t\t\t\t<a href='https:\/\/www.maquinariamarquez.com\/wp-content\/uploads\/2020\/04\/Repuestos6.jpg' title=\"Ejemplo despiece_6\" data-rl_title=\"Ejemplo despiece_6\" class=\"rl-gallery-link\" data-rl_caption=\"\" data-rel=\"lightbox-gallery-1\"><img loading=\"lazy\" decoding=\"async\" width=\"250\" height=\"250\" src=\"https:\/\/www.maquinariamarquez.com\/wp-content\/uploads\/2020\/04\/Repuestos6-250x250.jpg\" class=\"attachment-thumbnail size-thumbnail\" alt=\"Repuestos Sierras de Cinta\" aria-describedby=\"gallery-1-17741\" srcset=\"https:\/\/www.maquinariamarquez.com\/wp-content\/uploads\/2020\/04\/Repuestos6-250x250.jpg 250w, https:\/\/www.maquinariamarquez.com\/wp-content\/uploads\/2020\/04\/Repuestos6-175x175.jpg 175w\" sizes=\"auto, (max-width: 250px) 100vw, 250px\" \/><\/a>\n\t\t\t<\/div>\n\t\t\t\t<figcaption class='wp-caption-text gallery-caption' id='gallery-1-17741'>\n\t\t\t\tEjemplo despiece_6\n\t\t\t\t<\/figcaption><\/figure><figure class='gallery-item'>\n\t\t\t<div class='gallery-icon landscape'>\n\t\t\t\t<a href='https:\/\/www.maquinariamarquez.com\/wp-content\/uploads\/2020\/04\/Repuestos5.jpg' title=\"Ejemplo despiece_5\" data-rl_title=\"Ejemplo despiece_5\" class=\"rl-gallery-link\" data-rl_caption=\"\" data-rel=\"lightbox-gallery-1\"><img loading=\"lazy\" decoding=\"async\" width=\"250\" height=\"250\" src=\"https:\/\/www.maquinariamarquez.com\/wp-content\/uploads\/2020\/04\/Repuestos5-250x250.jpg\" class=\"attachment-thumbnail size-thumbnail\" alt=\"Repuestos Sierras de Cinta\" aria-describedby=\"gallery-1-17739\" srcset=\"https:\/\/www.maquinariamarquez.com\/wp-content\/uploads\/2020\/04\/Repuestos5-250x250.jpg 250w, https:\/\/www.maquinariamarquez.com\/wp-content\/uploads\/2020\/04\/Repuestos5-175x175.jpg 175w\" sizes=\"auto, (max-width: 250px) 100vw, 250px\" \/><\/a>\n\t\t\t<\/div>\n\t\t\t\t<figcaption class='wp-caption-text gallery-caption' id='gallery-1-17739'>\n\t\t\t\tEjemplo despiece_5\n\t\t\t\t<\/figcaption><\/figure><figure class='gallery-item'>\n\t\t\t<div class='gallery-icon landscape'>\n\t\t\t\t<a href='https:\/\/www.maquinariamarquez.com\/wp-content\/uploads\/2020\/04\/Repuestos4.jpg' title=\"Ejemplo despiece_4\" data-rl_title=\"Ejemplo despiece_4\" class=\"rl-gallery-link\" data-rl_caption=\"\" data-rel=\"lightbox-gallery-1\"><img loading=\"lazy\" decoding=\"async\" width=\"250\" height=\"250\" src=\"https:\/\/www.maquinariamarquez.com\/wp-content\/uploads\/2020\/04\/Repuestos4-250x250.jpg\" class=\"attachment-thumbnail size-thumbnail\" alt=\"Repuestos Sierras de Cinta\" aria-describedby=\"gallery-1-17737\" srcset=\"https:\/\/www.maquinariamarquez.com\/wp-content\/uploads\/2020\/04\/Repuestos4-250x250.jpg 250w, https:\/\/www.maquinariamarquez.com\/wp-content\/uploads\/2020\/04\/Repuestos4-175x175.jpg 175w\" sizes=\"auto, (max-width: 250px) 100vw, 250px\" \/><\/a>\n\t\t\t<\/div>\n\t\t\t\t<figcaption class='wp-caption-text gallery-caption' id='gallery-1-17737'>\n\t\t\t\tEjemplo despiece_4\n\t\t\t\t<\/figcaption><\/figure><figure class='gallery-item'>\n\t\t\t<div class='gallery-icon landscape'>\n\t\t\t\t<a href='https:\/\/www.maquinariamarquez.com\/wp-content\/uploads\/2020\/04\/Repuestos3.jpg' title=\"Ejemplo despiece_3\" data-rl_title=\"Ejemplo despiece_3\" class=\"rl-gallery-link\" data-rl_caption=\"\" data-rel=\"lightbox-gallery-1\"><img loading=\"lazy\" decoding=\"async\" width=\"250\" height=\"250\" src=\"https:\/\/www.maquinariamarquez.com\/wp-content\/uploads\/2020\/04\/Repuestos3-250x250.jpg\" class=\"attachment-thumbnail size-thumbnail\" alt=\"Repuestos Sierras de Cinta\" aria-describedby=\"gallery-1-17735\" srcset=\"https:\/\/www.maquinariamarquez.com\/wp-content\/uploads\/2020\/04\/Repuestos3-250x250.jpg 250w, https:\/\/www.maquinariamarquez.com\/wp-content\/uploads\/2020\/04\/Repuestos3-175x175.jpg 175w\" sizes=\"auto, (max-width: 250px) 100vw, 250px\" \/><\/a>\n\t\t\t<\/div>\n\t\t\t\t<figcaption class='wp-caption-text gallery-caption' id='gallery-1-17735'>\n\t\t\t\tEjemplo despiece_3\n\t\t\t\t<\/figcaption><\/figure><figure class='gallery-item'>\n\t\t\t<div class='gallery-icon landscape'>\n\t\t\t\t<a href='https:\/\/www.maquinariamarquez.com\/wp-content\/uploads\/2020\/04\/Repuestos2.jpg' title=\"Ejemplo despiece_2\" data-rl_title=\"Ejemplo despiece_2\" class=\"rl-gallery-link\" data-rl_caption=\"\" data-rel=\"lightbox-gallery-1\"><img loading=\"lazy\" decoding=\"async\" width=\"250\" height=\"250\" src=\"https:\/\/www.maquinariamarquez.com\/wp-content\/uploads\/2020\/04\/Repuestos2-250x250.jpg\" class=\"attachment-thumbnail size-thumbnail\" alt=\"Repuestos Sierras de Cinta\" aria-describedby=\"gallery-1-17733\" srcset=\"https:\/\/www.maquinariamarquez.com\/wp-content\/uploads\/2020\/04\/Repuestos2-250x250.jpg 250w, https:\/\/www.maquinariamarquez.com\/wp-content\/uploads\/2020\/04\/Repuestos2-175x175.jpg 175w\" sizes=\"auto, (max-width: 250px) 100vw, 250px\" \/><\/a>\n\t\t\t<\/div>\n\t\t\t\t<figcaption class='wp-caption-text gallery-caption' id='gallery-1-17733'>\n\t\t\t\tEjemplo despiece_2\n\t\t\t\t<\/figcaption><\/figure><figure class='gallery-item'>\n\t\t\t<div class='gallery-icon landscape'>\n\t\t\t\t<a href='https:\/\/www.maquinariamarquez.com\/wp-content\/uploads\/2020\/04\/Repuestos1.jpg' title=\"Ejemplo despiece_1\" data-rl_title=\"Ejemplo despiece_1\" class=\"rl-gallery-link\" data-rl_caption=\"\" data-rel=\"lightbox-gallery-1\"><img loading=\"lazy\" decoding=\"async\" width=\"250\" height=\"250\" src=\"https:\/\/www.maquinariamarquez.com\/wp-content\/uploads\/2020\/04\/Repuestos1-250x250.jpg\" class=\"attachment-thumbnail size-thumbnail\" alt=\"Repuestos Sierras de Cinta\" aria-describedby=\"gallery-1-17731\" srcset=\"https:\/\/www.maquinariamarquez.com\/wp-content\/uploads\/2020\/04\/Repuestos1-250x250.jpg 250w, https:\/\/www.maquinariamarquez.com\/wp-content\/uploads\/2020\/04\/Repuestos1-175x175.jpg 175w\" sizes=\"auto, (max-width: 250px) 100vw, 250px\" \/><\/a>\n\t\t\t<\/div>\n\t\t\t\t<figcaption class='wp-caption-text gallery-caption' id='gallery-1-17731'>\n\t\t\t\tEjemplo despiece_1\n\t\t\t\t<\/figcaption><\/figure>\n\t\t<\/div>\n\n","protected":false},"excerpt":{"rendered":"<p>\u00bfNecesita repuestos para sus sierras de cinta? En Maquinaria M\u00e1rquez\u00a0 ponemos a su disposici\u00f3n los repuestos originales para dar respuesta a sus necesidades. Para solicitar su repuesto \u00fanicamente debe enviarnos un email a la direcci\u00f3n de correo electr\u00f3nico info@maquinariamarquez.com indicando modelo y n\u00famero de serie de la m\u00e1quina. En breve obtendr\u00e1 una respuesta confirmando precio [&#8230;]<\/p>\n<p><a class=\"btn btn-primary understrap-read-more-link\" href=\"https:\/\/www.maquinariamarquez.com\/en\/bandsaw-pilous\/repuestos-sierras-de-cinta-pilous\/\">Read more&#8230;<\/a><\/p>\n","protected":false},"author":6,"featured_media":17727,"parent":14887,"menu_order":369,"comment_status":"closed","ping_status":"closed","template":"","meta":{"_acf_changed":false,"footnotes":""},"geolocalizacion":[403,397,395,399],"class_list":["post-19436","page","type-page","status-publish","has-post-thumbnail","hentry","geolocalizacion-chile-en","geolocalizacion-latino-en","geolocalizacion-portugal-en","geolocalizacion-europa-en"],"acf":[],"aioseo_notices":[],"_links":{"self":[{"href":"https:\/\/www.maquinariamarquez.com\/en\/wp-json\/wp\/v2\/pages\/19436","targetHints":{"allow":["GET"]}}],"collection":[{"href":"https:\/\/www.maquinariamarquez.com\/en\/wp-json\/wp\/v2\/pages"}],"about":[{"href":"https:\/\/www.maquinariamarquez.com\/en\/wp-json\/wp\/v2\/types\/page"}],"author":[{"embeddable":true,"href":"https:\/\/www.maquinariamarquez.com\/en\/wp-json\/wp\/v2\/users\/6"}],"replies":[{"embeddable":true,"href":"https:\/\/www.maquinariamarquez.com\/en\/wp-json\/wp\/v2\/comments?post=19436"}],"version-history":[{"count":4,"href":"https:\/\/www.maquinariamarquez.com\/en\/wp-json\/wp\/v2\/pages\/19436\/revisions"}],"predecessor-version":[{"id":34805,"href":"https:\/\/www.maquinariamarquez.com\/en\/wp-json\/wp\/v2\/pages\/19436\/revisions\/34805"}],"up":[{"embeddable":true,"href":"https:\/\/www.maquinariamarquez.com\/en\/wp-json\/wp\/v2\/pages\/14887"}],"wp:featuredmedia":[{"embeddable":true,"href":"https:\/\/www.maquinariamarquez.com\/en\/wp-json\/wp\/v2\/media\/17727"}],"wp:attachment":[{"href":"https:\/\/www.maquinariamarquez.com\/en\/wp-json\/wp\/v2\/media?parent=19436"}],"wp:term":[{"taxonomy":"geolocalizacion","embeddable":true,"href":"https:\/\/www.maquinariamarquez.com\/en\/wp-json\/wp\/v2\/geolocalizacion?post=19436"}],"curies":[{"name":"wp","href":"https:\/\/api.w.org\/{rel}","templated":true}]}}