{"id":19459,"date":"2013-07-05T08:28:40","date_gmt":"2013-07-05T06:28:40","guid":{"rendered":"https:\/\/www.maquinariamarquez.com\/torno-paralelo-cnc-tos-celakovice\/"},"modified":"2025-01-10T11:59:01","modified_gmt":"2025-01-10T09:59:01","slug":"torno-paralelo-cnc-tos-celakovice","status":"publish","type":"page","link":"https:\/\/www.maquinariamarquez.com\/en\/torno-paralelo-cnc-tos-celakovice\/","title":{"rendered":"Tos Celakovice"},"content":{"rendered":"\n<h1 class=\"wp-block-heading has-large-font-size\">Tornos CNC y rectificadoras Tos Celakovice<\/h1>\n\n\n\n<div class=\"wp-block-columns is-layout-flex wp-container-core-columns-is-layout-9d6595d7 wp-block-columns-is-layout-flex\">\n<div class=\"wp-block-column is-layout-flow wp-block-column-is-layout-flow\">\n<figure class=\"wp-block-image size-full is-resized\"><img alt=\"Tos Celakovice\" loading=\"lazy\" decoding=\"async\" width=\"697\" height=\"586\" src=\"https:\/\/www.maquinariamarquez.com\/wp-content\/uploads\/2013\/07\/tos-azul.png\" alt=\"\" class=\"wp-image-1446\" style=\"width:175px\" srcset=\"https:\/\/www.maquinariamarquez.com\/wp-content\/uploads\/2013\/07\/tos-azul.png 697w, https:\/\/www.maquinariamarquez.com\/wp-content\/uploads\/2013\/07\/tos-azul-300x252.png 300w, https:\/\/www.maquinariamarquez.com\/wp-content\/uploads\/2013\/07\/tos-azul-297x250.png 297w, https:\/\/www.maquinariamarquez.com\/wp-content\/uploads\/2013\/07\/tos-azul-50x42.png 50w\" sizes=\"auto, (max-width: 697px) 100vw, 697px\" \/><\/figure>\n<\/div>\n\n\n\n<div class=\"wp-block-column is-layout-flow wp-block-column-is-layout-flow\"><\/div>\n<\/div>\n\n\n\n<div class=\"wp-block-columns is-layout-flex wp-container-core-columns-is-layout-9d6595d7 wp-block-columns-is-layout-flex\">\n<div class=\"wp-block-column is-layout-flow wp-block-column-is-layout-flow\">\n<figure class=\"wp-block-image size-full\"><img loading=\"lazy\" decoding=\"async\" width=\"1000\" height=\"593\" src=\"https:\/\/www.maquinariamarquez.com\/wp-content\/uploads\/2024\/11\/Sua100-Numeric-A.jpg\" alt=\"Sua100\" class=\"wp-image-47025\" style=\"aspect-ratio:3\/2;object-fit:contain\" srcset=\"https:\/\/www.maquinariamarquez.com\/wp-content\/uploads\/2024\/11\/Sua100-Numeric-A.jpg 1000w, https:\/\/www.maquinariamarquez.com\/wp-content\/uploads\/2024\/11\/Sua100-Numeric-A-300x178.jpg 300w, https:\/\/www.maquinariamarquez.com\/wp-content\/uploads\/2024\/11\/Sua100-Numeric-A-768x455.jpg 768w\" sizes=\"auto, (max-width: 1000px) 100vw, 1000px\" \/><\/figure>\n\n\n\n<h2 class=\"wp-block-heading has-text-align-left\"><a href=\"https:\/\/www.maquinariamarquez.com\/torno-paralelo-cnc-tos-celakovice\/tornos-cnc\/\" title=\"\">Tornos paralelos CNC<\/a><\/h2>\n\n\n\n<div class=\"wp-block-buttons is-layout-flex wp-block-buttons-is-layout-flex\">\n<div class=\"wp-block-button\"><a class=\"wp-block-button__link has-background wp-element-button\" href=\"https:\/\/www.maquinariamarquez.com\/torno-paralelo-cnc-tos-celakovice\/tornos-cnc\/\" style=\"background-color:#4586a6\"><strong>Ver m\u00e1s<\/strong><\/a><\/div>\n<\/div>\n<\/div>\n\n\n\n<div class=\"wp-block-column is-layout-flow wp-block-column-is-layout-flow\">\n<figure class=\"wp-block-image size-large\"><img alt=\"Tos Celakovice\" loading=\"lazy\" decoding=\"async\" width=\"1024\" height=\"847\" src=\"https:\/\/www.maquinariamarquez.com\/wp-content\/uploads\/2024\/08\/image-1024x847.png\" alt=\"\" class=\"wp-image-44857\" style=\"aspect-ratio:3\/2;object-fit:cover\" srcset=\"https:\/\/www.maquinariamarquez.com\/wp-content\/uploads\/2024\/08\/image-1024x847.png 1024w, https:\/\/www.maquinariamarquez.com\/wp-content\/uploads\/2024\/08\/image-300x248.png 300w, https:\/\/www.maquinariamarquez.com\/wp-content\/uploads\/2024\/08\/image-768x635.png 768w, https:\/\/www.maquinariamarquez.com\/wp-content\/uploads\/2024\/08\/image.png 1280w\" sizes=\"auto, (max-width: 1024px) 100vw, 1024px\" \/><\/figure>\n\n\n\n<h2 class=\"wp-block-heading has-text-align-left\">Rectificadoras<\/h2>\n<\/div>\n<\/div>\n\n\n\n<div style=\"height:30px\" aria-hidden=\"true\" class=\"wp-block-spacer\"><\/div>\n\n\n\n<p><strong>TOS \u010cEL\u00c1KOVICE<\/strong> es un fabricante tradicional de m\u00e1quinas herramienta que comenz\u00f3 su andadura en 1856. Ocupa una de las posiciones m\u00e1s importantes en la industria checa de la ingenier\u00eda. Su programa de producci\u00f3n incluye rectificadoras CNC, tornos CNC y m\u00e1quinas CNC para la producci\u00f3n de engranajes.<\/p>\n","protected":false},"excerpt":{"rendered":"<p>Tornos CNC y rectificadoras Tos Celakovice Tornos paralelos CNC Rectificadoras TOS \u010cEL\u00c1KOVICE es un fabricante tradicional de m\u00e1quinas herramienta que comenz\u00f3 su andadura en 1856. Ocupa una de las posiciones m\u00e1s importantes en la industria checa de la ingenier\u00eda. Su programa de producci\u00f3n incluye rectificadoras CNC, tornos CNC y m\u00e1quinas CNC para la producci\u00f3n de [&#8230;]<\/p>\n<p><a class=\"btn btn-primary understrap-read-more-link\" href=\"https:\/\/www.maquinariamarquez.com\/en\/torno-paralelo-cnc-tos-celakovice\/\">Read more&#8230;<\/a><\/p>\n","protected":false},"author":2,"featured_media":15409,"parent":0,"menu_order":553,"comment_status":"closed","ping_status":"closed","template":"","meta":{"_acf_changed":false,"footnotes":""},"geolocalizacion":[403,397,395,399],"class_list":["post-19459","page","type-page","status-publish","has-post-thumbnail","hentry","geolocalizacion-chile-en","geolocalizacion-latino-en","geolocalizacion-portugal-en","geolocalizacion-europa-en"],"acf":[],"aioseo_notices":[],"_links":{"self":[{"href":"https:\/\/www.maquinariamarquez.com\/en\/wp-json\/wp\/v2\/pages\/19459","targetHints":{"allow":["GET"]}}],"collection":[{"href":"https:\/\/www.maquinariamarquez.com\/en\/wp-json\/wp\/v2\/pages"}],"about":[{"href":"https:\/\/www.maquinariamarquez.com\/en\/wp-json\/wp\/v2\/types\/page"}],"author":[{"embeddable":true,"href":"https:\/\/www.maquinariamarquez.com\/en\/wp-json\/wp\/v2\/users\/2"}],"replies":[{"embeddable":true,"href":"https:\/\/www.maquinariamarquez.com\/en\/wp-json\/wp\/v2\/comments?post=19459"}],"version-history":[{"count":22,"href":"https:\/\/www.maquinariamarquez.com\/en\/wp-json\/wp\/v2\/pages\/19459\/revisions"}],"predecessor-version":[{"id":48011,"href":"https:\/\/www.maquinariamarquez.com\/en\/wp-json\/wp\/v2\/pages\/19459\/revisions\/48011"}],"wp:featuredmedia":[{"embeddable":true,"href":"https:\/\/www.maquinariamarquez.com\/en\/wp-json\/wp\/v2\/media\/15409"}],"wp:attachment":[{"href":"https:\/\/www.maquinariamarquez.com\/en\/wp-json\/wp\/v2\/media?parent=19459"}],"wp:term":[{"taxonomy":"geolocalizacion","embeddable":true,"href":"https:\/\/www.maquinariamarquez.com\/en\/wp-json\/wp\/v2\/geolocalizacion?post=19459"}],"curies":[{"name":"wp","href":"https:\/\/api.w.org\/{rel}","templated":true}]}}