{"id":19483,"date":"2013-06-21T11:53:51","date_gmt":"2013-06-21T09:53:51","guid":{"rendered":"https:\/\/www.maquinariamarquez.com\/empresa\/"},"modified":"2022-05-25T10:20:00","modified_gmt":"2022-05-25T08:20:00","slug":"maquinaria-marquez","status":"publish","type":"page","link":"https:\/\/www.maquinariamarquez.com\/en\/maquinaria-marquez\/","title":{"rendered":"Maquinaria M\u00e1rquez"},"content":{"rendered":"<p><b>Maquinaria M\u00e1rquez&nbsp;<\/b>fue fundada en 1985 contando en la actualidad con m\u00e1s de&nbsp;30 a\u00f1os de experiencia en el suministro, instalaci\u00f3n y mantenimiento de m\u00e1quinas-herramienta. &nbsp;En la actualidad en&nbsp;<b>Maquinaria M\u00e1rquez&nbsp;<\/b>concurren varias l\u00edneas de negocio complementarias que convierten a Maquinaria M\u00e1rquez en un proveedor integral del sector industrial del metal. La l\u00edneas princpiales de negocio son:<\/p>\n<ul>\n<li><b>Importaci\u00f3n y distribuci\u00f3n de maquinaria nueva<\/b>, realizada a trav\u00e9s de Maquimport y destacando con una larga tradici\u00f3n de importaci\u00f3n de las mandrinadoras<b>&nbsp;TOS VARNSDORF<\/b>, tornos <b>TOS<\/b>&nbsp;y Centros de mecanizado de 5 ejes y tornos Multifunci\u00f3n de <b>MAS Kovosvit<\/b>, todas de la Rep\u00fablica Checa; Tornos <b>TRENS<\/b>&nbsp;de Eslovaquia. Igualmente disponemos de una oficina en Praga \u2013 Rep\u00fablica Checa lo que nos proporciona un r\u00e1pido acceso a todos los repuestos de las f\u00e1bricas Checas y Eslovacas, tanto actuales como antiguas, lo mismo que a t\u00e9cnicos especializados con un gran conocimiento en el mantenimiento de estas m\u00e1quinas.<\/li>\n<\/ul>\n<ul>Tambi\u00e9n debido al conocimiento del idioma y la cercan\u00eda cultural somos el centro de distribuci\u00f3n Checo de maquinar\u00eda para Iberoam\u00e9rica, sirviendo de puente entre las f\u00e1bricas y los clientes para facilitar las relaciones comerciales y el servicio.<\/ul>\n<ul>\n<li>Igualmente siguiendo las tendencias del mercado y buscando la mejor relaci\u00f3n calidad precio, pero sin perder de vista el mantenimiento de los m\u00e1s altos niveles de calidad y precisi\u00f3n, se han integrado las firmas Taiwanesas <b>HONORSEIKI<\/b> como fabricante de tornos verticales, <b>WELE<\/b> con sus fresadoras puente y&nbsp;<b>Startech Machinery <\/b>con centros de mecanizado horizontales, centros de mecanizado verticales, tornos de bancada inclinada con EJE Y, tornos CNC de grandes dimensiones y tornos paralelos CNC.<\/li>\n<\/ul>\n<ul>\n<li><b>Venta de Maquinaria Usada<\/b>, comercializamos especialmente maquinar\u00eda de grandes dimensiones, revisamos las m\u00e1quinas para entregarlas&nbsp;en un estado de funcionamiento \u00f3ptimo, pudiendo realizar tanto el desmontaje adecuaci\u00f3n y traslado de las mismas como la puesta en marcha y posterior mantenimiento de las mimas. Igualmente disponemos de un almac\u00e9n en el que revisamos y ajustamos las maquinas procedentes de &nbsp;cambios por maquinaria nueva.<\/li>\n<\/ul>\n<ul>\n<li><b>Reconstrucci\u00f3n (Retrofitting) de Maquinar\u00eda<\/b>,Disponemos de un servicio de ingenier\u00eda que nos permite reconstruir o actualizar la maquinaria antigua para adaptarla a las exigencias del mercado actual. Valorizamos su maquinaria y alargamos su vida \u00fatil. Esta actividad se realiza en base a un potente servicio postventa formado por t\u00e9cnicos especializados en todas las materias propias de la m\u00e1quina herramienta.<\/li>\n<\/ul>\n<p>Todas estas actividades se realizan desde nuestras oficinas centrales de&nbsp;<b>Zaragoza, en las que existe un showroom permanente y Barcelona<\/b>, siendo el \u00e1mbito de actuaci\u00f3n principal Espa\u00f1a y Portugal,&nbsp;contamos adem\u00e1s con representantes en todas las zonas industriales del pa\u00eds.<\/p>\n","protected":false},"excerpt":{"rendered":"<p>Maquinaria M\u00e1rquez&nbsp;fue fundada en 1985 contando en la actualidad con m\u00e1s de&nbsp;30 a\u00f1os de experiencia en el suministro, instalaci\u00f3n y mantenimiento de m\u00e1quinas-herramienta. &nbsp;En la actualidad en&nbsp;Maquinaria M\u00e1rquez&nbsp;concurren varias l\u00edneas de negocio complementarias que convierten a Maquinaria M\u00e1rquez en un proveedor integral del sector industrial del metal. La l\u00edneas princpiales de negocio son: Importaci\u00f3n y [&#8230;]<\/p>\n<p><a class=\"btn btn-primary understrap-read-more-link\" href=\"https:\/\/www.maquinariamarquez.com\/en\/maquinaria-marquez\/\">Read more&#8230;<\/a><\/p>\n","protected":false},"author":2,"featured_media":18965,"parent":0,"menu_order":562,"comment_status":"closed","ping_status":"closed","template":"","meta":{"_acf_changed":false,"footnotes":""},"geolocalizacion":[403,397,395,399],"class_list":["post-19483","page","type-page","status-publish","has-post-thumbnail","hentry","geolocalizacion-chile-en","geolocalizacion-latino-en","geolocalizacion-portugal-en","geolocalizacion-europa-en"],"acf":[],"aioseo_notices":[],"_links":{"self":[{"href":"https:\/\/www.maquinariamarquez.com\/en\/wp-json\/wp\/v2\/pages\/19483","targetHints":{"allow":["GET"]}}],"collection":[{"href":"https:\/\/www.maquinariamarquez.com\/en\/wp-json\/wp\/v2\/pages"}],"about":[{"href":"https:\/\/www.maquinariamarquez.com\/en\/wp-json\/wp\/v2\/types\/page"}],"author":[{"embeddable":true,"href":"https:\/\/www.maquinariamarquez.com\/en\/wp-json\/wp\/v2\/users\/2"}],"replies":[{"embeddable":true,"href":"https:\/\/www.maquinariamarquez.com\/en\/wp-json\/wp\/v2\/comments?post=19483"}],"version-history":[{"count":2,"href":"https:\/\/www.maquinariamarquez.com\/en\/wp-json\/wp\/v2\/pages\/19483\/revisions"}],"predecessor-version":[{"id":22063,"href":"https:\/\/www.maquinariamarquez.com\/en\/wp-json\/wp\/v2\/pages\/19483\/revisions\/22063"}],"wp:featuredmedia":[{"embeddable":true,"href":"https:\/\/www.maquinariamarquez.com\/en\/wp-json\/wp\/v2\/media\/18965"}],"wp:attachment":[{"href":"https:\/\/www.maquinariamarquez.com\/en\/wp-json\/wp\/v2\/media?parent=19483"}],"wp:term":[{"taxonomy":"geolocalizacion","embeddable":true,"href":"https:\/\/www.maquinariamarquez.com\/en\/wp-json\/wp\/v2\/geolocalizacion?post=19483"}],"curies":[{"name":"wp","href":"https:\/\/api.w.org\/{rel}","templated":true}]}}