{"id":19487,"date":"2013-06-21T11:55:20","date_gmt":"2013-06-21T09:55:20","guid":{"rendered":"https:\/\/www.maquinariamarquez.com\/empresa\/sat\/"},"modified":"2024-07-24T11:55:50","modified_gmt":"2024-07-24T09:55:50","slug":"sat","status":"publish","type":"page","link":"https:\/\/www.maquinariamarquez.com\/en\/maquinaria-marquez\/sat\/","title":{"rendered":"SAT | Asistencia T\u00e9cnica"},"content":{"rendered":"\n<figure class=\"wp-block-image size-large\"><img alt=\"SAT | Asistencia T\u00e9cnica\" loading=\"lazy\" decoding=\"async\" width=\"1024\" height=\"262\" src=\"https:\/\/www.maquinariamarquez.com\/wp-content\/uploads\/2024\/07\/Asistencia-tecnica-mm-T-1024x262.jpg\" alt=\"\" class=\"wp-image-44426\" srcset=\"https:\/\/www.maquinariamarquez.com\/wp-content\/uploads\/2024\/07\/Asistencia-tecnica-mm-T-1024x262.jpg 1024w, https:\/\/www.maquinariamarquez.com\/wp-content\/uploads\/2024\/07\/Asistencia-tecnica-mm-T-300x77.jpg 300w, https:\/\/www.maquinariamarquez.com\/wp-content\/uploads\/2024\/07\/Asistencia-tecnica-mm-T-768x197.jpg 768w, https:\/\/www.maquinariamarquez.com\/wp-content\/uploads\/2024\/07\/Asistencia-tecnica-mm-T-1536x394.jpg 1536w, https:\/\/www.maquinariamarquez.com\/wp-content\/uploads\/2024\/07\/Asistencia-tecnica-mm-T-2048x525.jpg 2048w, https:\/\/www.maquinariamarquez.com\/wp-content\/uploads\/2024\/07\/Asistencia-tecnica-mm-T-1920x492.jpg 1920w\" sizes=\"auto, (max-width: 1024px) 100vw, 1024px\" \/><\/figure>\n\n\n\n<p>En Maquinaria M\u00e1rquez, sabemos lo importante que es mantener su maquinaria en \u00f3ptimas condiciones para garantizar la productividad y eficiencia de su negocio. Por eso, ofrecemos un <strong>servicio t\u00e9cnico especializado<\/strong>, respaldado por a\u00f1os de experiencia y un equipo de expertos altamente capacitados.<\/p>\n\n\n\n<p>Nuestro objetivo es que nuestros clientes obtengan el mayor nivel de satisfacci\u00f3n y rendimiento a lo largo de toda la vida \u00fatil de la m\u00e1quina.<\/p>\n\n\n\n<div class=\"wp-block-columns is-layout-flex wp-container-core-columns-is-layout-9d6595d7 wp-block-columns-is-layout-flex\">\n<div class=\"wp-block-column is-layout-flow wp-block-column-is-layout-flow\"><div class=\"wp-block-image\">\n<figure class=\"aligncenter size-full is-resized\"><img alt=\"SAT | Asistencia T\u00e9cnica\" loading=\"lazy\" decoding=\"async\" width=\"512\" height=\"512\" src=\"https:\/\/www.maquinariamarquez.com\/wp-content\/uploads\/2024\/07\/image.png\" alt=\"\" class=\"wp-image-44443\" style=\"width:130px\" srcset=\"https:\/\/www.maquinariamarquez.com\/wp-content\/uploads\/2024\/07\/image.png 512w, https:\/\/www.maquinariamarquez.com\/wp-content\/uploads\/2024\/07\/image-300x300.png 300w, https:\/\/www.maquinariamarquez.com\/wp-content\/uploads\/2024\/07\/image-250x250.png 250w\" sizes=\"auto, (max-width: 512px) 100vw, 512px\" \/><\/figure>\n<\/div>\n\n\n<p class=\"has-text-align-center\">EQUIPO T\u00c9CNICO ESPECIALISTA<\/p>\n<\/div>\n\n\n\n<div class=\"wp-block-column is-layout-flow wp-block-column-is-layout-flow\"><div class=\"wp-block-image\">\n<figure class=\"aligncenter size-full is-resized\"><img alt=\"SAT | Asistencia T\u00e9cnica\" loading=\"lazy\" decoding=\"async\" width=\"512\" height=\"512\" src=\"https:\/\/www.maquinariamarquez.com\/wp-content\/uploads\/2024\/07\/experiencia.jpg\" alt=\"\" class=\"wp-image-44494\" style=\"width:130px\" srcset=\"https:\/\/www.maquinariamarquez.com\/wp-content\/uploads\/2024\/07\/experiencia.jpg 512w, https:\/\/www.maquinariamarquez.com\/wp-content\/uploads\/2024\/07\/experiencia-300x300.jpg 300w, https:\/\/www.maquinariamarquez.com\/wp-content\/uploads\/2024\/07\/experiencia-250x250.jpg 250w\" sizes=\"auto, (max-width: 512px) 100vw, 512px\" \/><\/figure>\n<\/div>\n\n\n<p class=\"has-text-align-center\">EXPERIENCIA Y PROFESIONALIDAD<\/p>\n<\/div>\n\n\n\n<div class=\"wp-block-column is-layout-flow wp-block-column-is-layout-flow\"><div class=\"wp-block-image\">\n<figure class=\"aligncenter size-full is-resized\"><img alt=\"SAT | Asistencia T\u00e9cnica\" loading=\"lazy\" decoding=\"async\" width=\"512\" height=\"512\" src=\"https:\/\/www.maquinariamarquez.com\/wp-content\/uploads\/2024\/07\/minima-inactividad-1.jpg\" alt=\"\" class=\"wp-image-44482\" style=\"width:130px\" srcset=\"https:\/\/www.maquinariamarquez.com\/wp-content\/uploads\/2024\/07\/minima-inactividad-1.jpg 512w, https:\/\/www.maquinariamarquez.com\/wp-content\/uploads\/2024\/07\/minima-inactividad-1-300x300.jpg 300w, https:\/\/www.maquinariamarquez.com\/wp-content\/uploads\/2024\/07\/minima-inactividad-1-250x250.jpg 250w\" sizes=\"auto, (max-width: 512px) 100vw, 512px\" \/><\/figure>\n<\/div>\n\n\n<p class=\"has-text-align-center\">MINIMA INACTIVIDAD DE  PRODUCCI\u00d3N<\/p>\n<\/div>\n\n\n\n<div class=\"wp-block-column is-layout-flow wp-block-column-is-layout-flow\"><div class=\"wp-block-image\">\n<figure class=\"aligncenter size-full is-resized\"><img alt=\"SAT | Asistencia T\u00e9cnica\" loading=\"lazy\" decoding=\"async\" width=\"512\" height=\"512\" src=\"https:\/\/www.maquinariamarquez.com\/wp-content\/uploads\/2024\/07\/repuestos-1.jpg\" alt=\"\" class=\"wp-image-44485\" style=\"width:130px\" srcset=\"https:\/\/www.maquinariamarquez.com\/wp-content\/uploads\/2024\/07\/repuestos-1.jpg 512w, https:\/\/www.maquinariamarquez.com\/wp-content\/uploads\/2024\/07\/repuestos-1-300x300.jpg 300w, https:\/\/www.maquinariamarquez.com\/wp-content\/uploads\/2024\/07\/repuestos-1-250x250.jpg 250w\" sizes=\"auto, (max-width: 512px) 100vw, 512px\" \/><\/figure>\n<\/div>\n\n\n<p class=\"has-text-align-center\">REPUESTOS EN STOCK<\/p>\n<\/div>\n<\/div>\n\n\n\n<div class=\"wp-block-columns is-layout-flex wp-container-core-columns-is-layout-9d6595d7 wp-block-columns-is-layout-flex\">\n<div class=\"wp-block-column is-layout-flow wp-block-column-is-layout-flow\" style=\"flex-basis:100%\">\n<div class=\"wp-block-columns has-background is-layout-flex wp-container-core-columns-is-layout-9d6595d7 wp-block-columns-is-layout-flex\" style=\"background-color:#4586a6\">\n<div class=\"wp-block-column is-layout-flow wp-block-column-is-layout-flow\" style=\"flex-basis:66.66%\">\n<p class=\"has-white-color has-text-color has-link-color wp-elements-f2895c8beb0a6f9fcb8eb7825dca7f8c\"><strong>CONTACTA CON NOSOTROS<\/strong><br>Ll\u00e1manos al +34 976 57 12 13 o env\u00edanos un email a <a href=\"mailto:info@maquinariamarquez.com\"><strong>info@maquinariamarquez.com<\/strong><\/a><\/p>\n<\/div>\n\n\n\n<div class=\"wp-block-column is-vertically-aligned-center is-layout-flow wp-block-column-is-layout-flow\" style=\"flex-basis:33.33%\">\n<div class=\"wp-block-buttons is-content-justification-center is-layout-flex wp-container-core-buttons-is-layout-16018d1d wp-block-buttons-is-layout-flex\">\n<div class=\"wp-block-button has-custom-width wp-block-button__width-50 has-custom-font-size has-medium-font-size\"><a class=\"wp-block-button__link has-gray-color has-white-background-color has-text-color has-background has-link-color wp-element-button\" href=\"https:\/\/www.maquinariamarquez.com\/en\/contact\/\"><strong>CONTACTA<\/strong><\/a><\/div>\n<\/div>\n<\/div>\n<\/div>\n<\/div>\n<\/div>\n\n\n\n<div class=\"wp-block-columns is-layout-flex wp-container-core-columns-is-layout-9d6595d7 wp-block-columns-is-layout-flex\">\n<div class=\"wp-block-column is-layout-flow wp-block-column-is-layout-flow\">\n<h3 class=\"wp-block-heading has-text-color has-link-color wp-elements-9651fe8047395c238c9c4201d8d98236\" style=\"color:#4586a6\"><strong>AVERIAS<\/strong><\/h3>\n\n\n\n<p>La principal acci\u00f3n de nuestro servicio t\u00e9cnico es solucionar las aver\u00edas que surjan en las m\u00e1quinas de nuestros clientes con la mayor rapidez posible. Nuestro objetivo es reducir al m\u00ednimo el tiempo de inactividad de su m\u00e1quina.<\/p>\n\n\n\n<p><strong>RESPUESTA R\u00c1PIDA Y EFICIENTE<\/strong><\/p>\n\n\n\n<p>Nuestros t\u00e9cnicos est\u00e1n preparados para diagnosticar y reparar fallos en el menor tiempo posible. Minimizando el tiempo de inactividad de la m\u00e1quina para que no afecte a su producci\u00f3n.<\/p>\n\n\n\n<p><strong>ESPECIALISTAS EXPERIMENTADOS<\/strong><\/p>\n\n\n\n<p>Tenemos el conocimiento y la experiencia necesaria para realizar reparaciones detalladas y precisas, asegurando que las m\u00e1quinas vuelvan a funcionar a su m\u00e1ximo potencial.<\/p>\n\n\n\n<p><strong>DIAGN\u00d3STICO PRECISO<\/strong><\/p>\n\n\n\n<p>Nuestros especialistas identificar\u00e1n la causa ra\u00edz de los problemas para abordar las aver\u00edas de manera efectiva, evitando soluciones temporales que puedan derivar en futuros fallos. <\/p>\n\n\n\n<p><strong>SOLUCI\u00d3N PERSONALIZADA<\/strong><\/p>\n\n\n\n<p>Analizamos y diagnosticamos cada problema para ofrecer soluciones adaptadas a tus necesidades espec\u00edficas.<\/p>\n<\/div>\n\n\n\n<div class=\"wp-block-column is-layout-flow wp-block-column-is-layout-flow\">\n<h3 class=\"wp-block-heading has-text-color has-link-color wp-elements-88ae23bb9b70acbb818d4f5f4c91af33\" style=\"color:#4586a6\"><strong>MANTENIMIENTO<\/strong><\/h3>\n\n\n\n<p>En Maquinaria M\u00e1rquez ofrecemos un servicio de mantenimiento preventivo para maximizar la vida \u00fatil de su m\u00e1quina. Los principales objetivos son:<\/p>\n\n\n\n<p><strong>AUMENTAR LA EFICIENCIA<\/strong><\/p>\n\n\n\n<ul class=\"wp-block-list\">\n<li>Gracias al mantenimiento las m\u00e1quinas funcionan de manera m\u00e1s eficiente, lo que puede aumentar su productividad y la calidad de su producto.<\/li>\n\n\n\n<li>Reducimos la posibilidad de aver\u00edas que mantengan la m\u00e1quina inactiva.<\/li>\n<\/ul>\n\n\n\n<p><strong>MEJORAR LA SEGURIDAD<\/strong><\/p>\n\n\n\n<ul class=\"wp-block-list\">\n<li>Las m\u00e1quinas en mal estado pueden ser peligrosas, con un mantenimiento aseguramos que todas las partes est\u00e9n en buen estado reduciendo el riesgo de accidentes laborales.<\/li>\n\n\n\n<li>En algunas industrias este mantenimiento es obligatorio para cumplir con la normativa. Adem\u00e1s, mejora la seguridad en el lugar de trabajo.<\/li>\n<\/ul>\n\n\n\n<p><strong>OPTIMIZAR EL RENDIMIENTO Y LA PRODUCCI\u00d3N<\/strong><\/p>\n\n\n\n<ul class=\"wp-block-list\">\n<li>Las m\u00e1quinas con un buen mantenimiento trabajan a su m\u00e1xima capacidad y con una mayor precisi\u00f3n.<\/li>\n<\/ul>\n\n\n\n<p><strong>REDUCCI\u00d3N DE COSTES<\/strong><\/p>\n\n\n\n<ul class=\"wp-block-list\">\n<li>Evite reparaciones costosas gracias a un mantenimiento preventivo que pueda identificar problemas antes de que se conviertan en reparaciones mayores y costosas.<\/li>\n\n\n\n<li>Prolongue la vida \u00fatil de su m\u00e1quina al tenerla en buenas condiciones.<\/li>\n<\/ul>\n<\/div>\n<\/div>\n\n\n\n<h3 class=\"wp-block-heading has-text-color has-link-color wp-elements-488e5af604e6e6484291dd840161e453\" style=\"color:#4586a6\"><strong>CALIBRACI\u00d3N<\/strong><\/h3>\n\n\n\n<p>El desgaste por el uso prolongado y otros factores pueden afectar el rendimiento y la precisi\u00f3n de las m\u00e1quinas. En Maquinaria M\u00e1rquez, le ofrecemos un servicio de recalibraci\u00f3n de su m\u00e1quina para restaurarla a las condiciones \u00f3ptimas originales de f\u00e1brica.<\/p>\n\n\n\n<p>La calibraci\u00f3n asegura que las m\u00e1quinas produzcan piezas y productos con las especificaciones exactas, minimizando las desviaciones y errores de medici\u00f3n. En resumen, manteniendo una producci\u00f3n de alta calidad.<\/p>\n\n\n\n<h3 class=\"wp-block-heading has-text-color has-link-color wp-elements-edaccc64eaf4627d0575a8c6d7d577bd\" style=\"color:#4586a6\"><strong>GESTION DE REPUESTOS<\/strong><\/h3>\n\n\n\n<p>Es muy importante que las piezas que se cambien en la m\u00e1quina a lo largo de su vida mantengan el mismo nivel de calidad y durabilidad que las originales. Nuestro servicio de gesti\u00f3n de repuestos le garantiza una entrega r\u00e1pida y eficiente, \u00a1nosotros nos encargamos de todo!<\/p>\n\n\n\n<p>Estamos aqu\u00ed para ayudarle con todas sus necesidades de repuestos. Ya sea que necesite asesoramiento sobre qu\u00e9 piezas comprar, verificar la disponibilidad de un repuesto espec\u00edfico o realizar un pedido, nuestro equipo de atenci\u00f3n al cliente est\u00e1 a su disposici\u00f3n.<\/p>\n\n\n\n<p>Env\u00edenos un email con la pieza que necesita, a qu\u00e9 m\u00e1quina pertenece, fotograf\u00edas\u2026 facilite la mayor informaci\u00f3n posible para que el proceso sea mucho m\u00e1s r\u00e1pido.<\/p>\n\n\n\n<div style=\"height:27px\" aria-hidden=\"true\" class=\"wp-block-spacer\"><\/div>\n\n\n\n<p>Elija Maquinaria M\u00e1rquez para una asistencia t\u00e9cnicas de confianza. Contacte con nosotros a trav\u00e9s de alguno de estos medios:<\/p>\n\n\n\n<div class=\"wp-block-columns is-layout-flex wp-container-core-columns-is-layout-9d6595d7 wp-block-columns-is-layout-flex\">\n<div class=\"wp-block-column is-layout-flow wp-block-column-is-layout-flow\"><div class=\"wp-block-image\">\n<figure class=\"aligncenter size-full is-resized\"><img alt=\"SAT | Asistencia T\u00e9cnica\" loading=\"lazy\" decoding=\"async\" width=\"512\" height=\"512\" src=\"https:\/\/www.maquinariamarquez.com\/wp-content\/uploads\/2024\/07\/centro-de-llamadas.png\" alt=\"\" class=\"wp-image-44200\" style=\"width:100px\" srcset=\"https:\/\/www.maquinariamarquez.com\/wp-content\/uploads\/2024\/07\/centro-de-llamadas.png 512w, https:\/\/www.maquinariamarquez.com\/wp-content\/uploads\/2024\/07\/centro-de-llamadas-300x300.png 300w, https:\/\/www.maquinariamarquez.com\/wp-content\/uploads\/2024\/07\/centro-de-llamadas-250x250.png 250w\" sizes=\"auto, (max-width: 512px) 100vw, 512px\" \/><\/figure>\n<\/div>\n\n\n<p class=\"has-text-align-center has-medium-font-size\">Ll\u00e1manos al <br><strong>+34 976 57 12 13<\/strong><\/p>\n<\/div>\n\n\n\n<div class=\"wp-block-column is-layout-flow wp-block-column-is-layout-flow\"><div class=\"wp-block-image\">\n<figure class=\"aligncenter size-full is-resized\"><img alt=\"SAT | Asistencia T\u00e9cnica\" loading=\"lazy\" decoding=\"async\" width=\"512\" height=\"512\" src=\"https:\/\/www.maquinariamarquez.com\/wp-content\/uploads\/2024\/07\/correo-1.png\" alt=\"\" class=\"wp-image-44205\" style=\"width:100px\" srcset=\"https:\/\/www.maquinariamarquez.com\/wp-content\/uploads\/2024\/07\/correo-1.png 512w, https:\/\/www.maquinariamarquez.com\/wp-content\/uploads\/2024\/07\/correo-1-300x300.png 300w, https:\/\/www.maquinariamarquez.com\/wp-content\/uploads\/2024\/07\/correo-1-250x250.png 250w\" sizes=\"auto, (max-width: 512px) 100vw, 512px\" \/><\/figure>\n<\/div>\n\n\n<p class=\"has-text-align-center has-medium-font-size\">O env\u00edanos un email a<br><strong><a href=\"mailto:info@maquinariamarquez.com\">info@maquinariamarquez.com<\/a><\/strong><\/p>\n<\/div>\n<\/div>\n","protected":false},"excerpt":{"rendered":"<p>En Maquinaria M\u00e1rquez, sabemos lo importante que es mantener su maquinaria en \u00f3ptimas condiciones para garantizar la productividad y eficiencia de su negocio. Por eso, ofrecemos un servicio t\u00e9cnico especializado, respaldado por a\u00f1os de experiencia y un equipo de expertos altamente capacitados. Nuestro objetivo es que nuestros clientes obtengan el mayor nivel de satisfacci\u00f3n y [&#8230;]<\/p>\n<p><a class=\"btn btn-primary understrap-read-more-link\" href=\"https:\/\/www.maquinariamarquez.com\/en\/maquinaria-marquez\/sat\/\">Read more&#8230;<\/a><\/p>\n","protected":false},"author":2,"featured_media":15471,"parent":19483,"menu_order":288,"comment_status":"closed","ping_status":"closed","template":"","meta":{"_acf_changed":false,"footnotes":""},"geolocalizacion":[403,397,395,399],"class_list":["post-19487","page","type-page","status-publish","has-post-thumbnail","hentry","geolocalizacion-chile-en","geolocalizacion-latino-en","geolocalizacion-portugal-en","geolocalizacion-europa-en"],"acf":[],"aioseo_notices":[],"_links":{"self":[{"href":"https:\/\/www.maquinariamarquez.com\/en\/wp-json\/wp\/v2\/pages\/19487","targetHints":{"allow":["GET"]}}],"collection":[{"href":"https:\/\/www.maquinariamarquez.com\/en\/wp-json\/wp\/v2\/pages"}],"about":[{"href":"https:\/\/www.maquinariamarquez.com\/en\/wp-json\/wp\/v2\/types\/page"}],"author":[{"embeddable":true,"href":"https:\/\/www.maquinariamarquez.com\/en\/wp-json\/wp\/v2\/users\/2"}],"replies":[{"embeddable":true,"href":"https:\/\/www.maquinariamarquez.com\/en\/wp-json\/wp\/v2\/comments?post=19487"}],"version-history":[{"count":48,"href":"https:\/\/www.maquinariamarquez.com\/en\/wp-json\/wp\/v2\/pages\/19487\/revisions"}],"predecessor-version":[{"id":44548,"href":"https:\/\/www.maquinariamarquez.com\/en\/wp-json\/wp\/v2\/pages\/19487\/revisions\/44548"}],"up":[{"embeddable":true,"href":"https:\/\/www.maquinariamarquez.com\/en\/wp-json\/wp\/v2\/pages\/19483"}],"wp:featuredmedia":[{"embeddable":true,"href":"https:\/\/www.maquinariamarquez.com\/en\/wp-json\/wp\/v2\/media\/15471"}],"wp:attachment":[{"href":"https:\/\/www.maquinariamarquez.com\/en\/wp-json\/wp\/v2\/media?parent=19487"}],"wp:term":[{"taxonomy":"geolocalizacion","embeddable":true,"href":"https:\/\/www.maquinariamarquez.com\/en\/wp-json\/wp\/v2\/geolocalizacion?post=19487"}],"curies":[{"name":"wp","href":"https:\/\/api.w.org\/{rel}","templated":true}]}}