{"id":19820,"date":"2020-04-27T14:56:27","date_gmt":"2020-04-27T12:56:27","guid":{"rendered":"https:\/\/www.maquinariamarquez.com\/boring-machine-tos-varnsdorf\/fresadora-puente-tos-varnsdorf-2\/fresadora-puente-tos-varnsdorf-wvm-2600-t\/"},"modified":"2025-03-20T12:17:35","modified_gmt":"2025-03-20T10:17:35","slug":"fresadora-puente-tos-varnsdorf-wvm-2600-t","status":"publish","type":"page","link":"https:\/\/www.maquinariamarquez.com\/en\/boring-machine-tos-varnsdorf\/fresadora-puente-tos-varnsdorf-wvm-2600-t\/","title":{"rendered":"Fresadora Puente"},"content":{"rendered":"\n<h2 class=\"wp-block-heading\">Fresadora Puente Tos Varnsdorf WVM 2600 T<\/h2>\n\n\n\n<figure class=\"wp-block-table\"><table class=\"has-fixed-layout\"><tbody><tr><td colspan=\"2\"><strong>MODELO<\/strong><\/td><td><strong>WVM 2600 T<\/strong><\/td><\/tr><tr><td colspan=\"2\"><strong>CABEZAL<\/strong><\/td><td>&nbsp;<\/td><\/tr><tr><td>Tama\u00f1o RAM<\/td><td>mm<\/td><td>500&#215;500<\/td><\/tr><tr><td>Velocidad motor principal<\/td><td>1\/min<\/td><td>10-5.000<\/td><\/tr><tr><td>Potencia<\/td><td>kW<\/td><td>46<\/td><\/tr><tr><td>Par<\/td><td>Nm<\/td><td>1.375<\/td><\/tr><tr><td>Recorrido Ram Z<\/td><td>mm<\/td><td>1.500<\/td><\/tr><tr><td>Recorrido horizontal cabezal Y<\/td><td>mm<\/td><td>3.200<\/td><\/tr><tr><td colspan=\"3\"><strong>CABEZAL CON CABEZAL FRESADOR ORTOGONAL INTEGRADO<\/strong><\/td><\/tr><tr><td>Cono<\/td><td>&#8211;<\/td><td>ISO 50<\/td><\/tr><tr><td>Velocidad husillo<\/td><td>1\/min<\/td><td>5.000<\/td><\/tr><tr><td>Potencia m\u00e1x. transmitida<\/td><td>kW<\/td><td>40<\/td><\/tr><tr><td>Posicionamiento<\/td><td>\u00ba<\/td><td>1<\/td><\/tr><tr><td>Gama de giro eje A<\/td><td>\u00ba<\/td><td>\u00b1 180<\/td><\/tr><tr><td>Gama de giro eje C<\/td><td>\u00ba<\/td><td>\u00b1 180<\/td><\/tr><tr><td colspan=\"3\"><strong>MESA<\/strong><\/td><\/tr><tr><td>Longitudinal X<\/td><td>mm<\/td><td>3.500, <strong>4.500<\/strong> 5.500, 6.500, 8.500, 10.500<\/td><\/tr><tr><td>Ancho de mesa<\/td><td>mm<\/td><td>1.500, <strong>2.000<\/strong><\/td><\/tr><tr><td>Longitud de mesa<\/td><td>mm<\/td><td>3.000, <strong>4.000,<\/strong> 5.000, 6.000, 8.000, 10.000<\/td><\/tr><tr><td>Capacidad de carga<\/td><td>Kg<\/td><td>16, <strong>20<\/strong>, 24, 28, 36, 40<\/td><\/tr><tr><td colspan=\"3\"><strong>AVANCES<\/strong><\/td><\/tr><tr><td>Gama de avances X,Y,Z<\/td><td>mm\/min<\/td><td>1-25.000<\/td><\/tr><tr><td>Par m\u00e1x. ejes X, Y, Z, W<\/td><td>kN<\/td><td>20<\/td><\/tr><\/tbody><\/table><\/figure>\n\n\n\n<p>La <a href=\"https:\/\/www.tosvarnsdorf.cz\/en\/products\/portal-machining-centres\/wvm-2600-t\/\"><strong>fresadora puente de Tos Varnsdorf<\/strong><\/a> es una m\u00e1quina altamente productiva utilizada para el fresado de coordenadas precisas, la perforaci\u00f3n, el mandrinado y el corte de roscas. El <strong>modelo WVM 2600 T<\/strong> se caracteriza por un nivel tecnol\u00f3gico muy avanzado, par\u00e1metros de alto rendimiento y la capacidad de cumplir con operaciones muy exigentes.<\/p>\n\n\n\n<h2 class=\"wp-block-heading\"><strong>Fresadora puente modelo WVM 2600 \u2013 M\u00e1xima precisi\u00f3n y rendimiento<\/strong><\/h2>\n\n\n\n<p>Las fresadoras puente de la serie <strong>WVM 2600<\/strong> han sido dise\u00f1ados como una gama unificada de m\u00e1quinas para el mecanizado universal de piezas de acero y fundici\u00f3n, especialmente en el sector de la ingenier\u00eda general.<\/p>\n\n\n\n<p>Gracias a su <strong>dise\u00f1o innovador<\/strong>, que incluye un <strong>portal fijo con cabezal m\u00f3vil (Y), un cabezal extensible en vertical (Z) y una mesa deslizante (X)<\/strong>, estas m\u00e1quinas destacan por su <strong>alta precisi\u00f3n y rigidez<\/strong>. Adem\u00e1s, su <strong>potencia instalada de 53 kW<\/strong> est\u00e1 optimizada para un mecanizado productivo y de gran exigencia.<\/p>\n\n\n\n<h3 class=\"wp-block-heading\"><strong>Versatilidad y opciones tecnol\u00f3gicas avanzadas<\/strong><\/h3>\n\n\n\n<p>Las fresadoras puente <strong>pueden equiparse con distintos tipos de cabezales de fresado<\/strong>, que se colocan autom\u00e1ticamente para ampliar a\u00fan m\u00e1s las capacidades tecnol\u00f3gicas del equipo. Tambi\u00e9n es posible incorporar accesorios adicionales para <strong>mejorar la eficiencia del mecanizado<\/strong>, como sistemas de refrigeraci\u00f3n, monitoreo de operaciones o cambio autom\u00e1tico de herramientas.<\/p>\n\n\n\n<h3 class=\"wp-block-heading\"><strong>Operaci\u00f3n eficiente y seguridad mejorada<\/strong><\/h3>\n\n\n\n<p>El <strong>control de la m\u00e1quina<\/strong> se realiza desde una plataforma de operador instalada en el lateral de uno de los bastidores, permitiendo una supervisi\u00f3n \u00f3ptima. Para mayor seguridad y limpieza, la m\u00e1quina puede incluir <strong>protecciones alrededor del eje X<\/strong>, reduciendo la dispersi\u00f3n de virutas y fluidos de corte.<\/p>\n\n\n\n<p>Tos Varnsdorf tiene disponible un modelo de fresadora puente superior, la <strong>serie WVM 3600 T<\/strong>. Si desea informaci\u00f3n de este modelo, no dude en contactar con nosotros.<\/p>\n","protected":false},"excerpt":{"rendered":"<p>Fresadora Puente Tos Varnsdorf WVM 2600 T MODELO WVM 2600 T CABEZAL &nbsp; Tama\u00f1o RAM mm 500&#215;500 Velocidad motor principal 1\/min 10-5.000 Potencia kW 46 Par Nm 1.375 Recorrido Ram Z mm 1.500 Recorrido horizontal cabezal Y mm 3.200 CABEZAL CON CABEZAL FRESADOR ORTOGONAL INTEGRADO Cono &#8211; ISO 50 Velocidad husillo 1\/min 5.000 Potencia m\u00e1x. [&#8230;]<\/p>\n<p><a class=\"btn btn-primary understrap-read-more-link\" href=\"https:\/\/www.maquinariamarquez.com\/en\/boring-machine-tos-varnsdorf\/fresadora-puente-tos-varnsdorf-wvm-2600-t\/\">Details<\/a><\/p>\n","protected":false},"author":6,"featured_media":7322,"parent":14782,"menu_order":190,"comment_status":"closed","ping_status":"closed","template":"page-templates\/template-page-maquina.php","meta":{"_acf_changed":false,"footnotes":""},"geolocalizacion":[403,397,395,399],"class_list":["post-19820","page","type-page","status-publish","has-post-thumbnail","hentry","geolocalizacion-chile-en","geolocalizacion-latino-en","geolocalizacion-portugal-en","geolocalizacion-europa-en"],"acf":[],"aioseo_notices":[],"_links":{"self":[{"href":"https:\/\/www.maquinariamarquez.com\/en\/wp-json\/wp\/v2\/pages\/19820","targetHints":{"allow":["GET"]}}],"collection":[{"href":"https:\/\/www.maquinariamarquez.com\/en\/wp-json\/wp\/v2\/pages"}],"about":[{"href":"https:\/\/www.maquinariamarquez.com\/en\/wp-json\/wp\/v2\/types\/page"}],"author":[{"embeddable":true,"href":"https:\/\/www.maquinariamarquez.com\/en\/wp-json\/wp\/v2\/users\/6"}],"replies":[{"embeddable":true,"href":"https:\/\/www.maquinariamarquez.com\/en\/wp-json\/wp\/v2\/comments?post=19820"}],"version-history":[{"count":11,"href":"https:\/\/www.maquinariamarquez.com\/en\/wp-json\/wp\/v2\/pages\/19820\/revisions"}],"predecessor-version":[{"id":49324,"href":"https:\/\/www.maquinariamarquez.com\/en\/wp-json\/wp\/v2\/pages\/19820\/revisions\/49324"}],"up":[{"embeddable":true,"href":"https:\/\/www.maquinariamarquez.com\/en\/wp-json\/wp\/v2\/pages\/14782"}],"wp:featuredmedia":[{"embeddable":true,"href":"https:\/\/www.maquinariamarquez.com\/en\/wp-json\/wp\/v2\/media\/7322"}],"wp:attachment":[{"href":"https:\/\/www.maquinariamarquez.com\/en\/wp-json\/wp\/v2\/media?parent=19820"}],"wp:term":[{"taxonomy":"geolocalizacion","embeddable":true,"href":"https:\/\/www.maquinariamarquez.com\/en\/wp-json\/wp\/v2\/geolocalizacion?post=19820"}],"curies":[{"name":"wp","href":"https:\/\/api.w.org\/{rel}","templated":true}]}}