{"id":19842,"date":"2021-06-15T11:24:36","date_gmt":"2021-06-15T09:24:36","guid":{"rendered":"https:\/\/www.maquinariamarquez.com\/fbl-360-460\/"},"modified":"2022-04-22T12:15:11","modified_gmt":"2022-04-22T10:15:11","slug":"fbl-360-460","status":"publish","type":"page","link":"https:\/\/www.maquinariamarquez.com\/en\/fbl-360-460\/","title":{"rendered":"FBL 360 &#8211; 460"},"content":{"rendered":"<p>&nbsp;<\/p>\n<table>\n<tbody>\n<tr>\n<td width=\"190\"><strong>MODELO<\/strong><\/td>\n<td width=\"58\"><strong>\u00a0<\/strong><\/td>\n<td width=\"113\"><strong>FBL 360<\/strong><\/td>\n<td width=\"96\"><strong>FBL 460<\/strong><\/td>\n<\/tr>\n<tr>\n<td width=\"190\"><strong>CAPACIDAD<\/strong><\/td>\n<td width=\"58\"><\/td>\n<td width=\"113\"><\/td>\n<td width=\"96\"><\/td>\n<\/tr>\n<tr>\n<td width=\"190\">\u00d8 sobre bancada<\/td>\n<td width=\"58\">mm<\/td>\n<td width=\"113\">770<\/td>\n<td width=\"96\">840<\/td>\n<\/tr>\n<tr>\n<td width=\"190\">\u00d8 m\u00e1ximo de corte<\/td>\n<td width=\"58\">mm<\/td>\n<td width=\"113\">570<\/td>\n<td width=\"96\">650<\/td>\n<\/tr>\n<tr>\n<td width=\"190\">Longitud m\u00e1xima de corte<\/td>\n<td width=\"58\">mm<\/td>\n<td width=\"113\">762 (2000)*<\/td>\n<td width=\"96\">750 (2000)*<\/td>\n<\/tr>\n<tr>\n<td width=\"190\">Distancia entre centros<\/td>\n<td width=\"58\">mm<\/td>\n<td width=\"113\">1020 (2000)*<\/td>\n<td width=\"96\">820 (2200)*<\/td>\n<\/tr>\n<tr>\n<td width=\"190\"><strong>CABEZAL<\/strong><\/td>\n<td width=\"58\"><\/td>\n<td width=\"113\"><\/td>\n<td width=\"96\"><\/td>\n<\/tr>\n<tr>\n<td width=\"190\">Di\u00e1metro del husillo<\/td>\n<td width=\"58\">mm<\/td>\n<td width=\"113\">91 (115)*<\/td>\n<td width=\"96\">139<\/td>\n<\/tr>\n<tr>\n<td width=\"190\">Velocidad del husillo<\/td>\n<td width=\"58\">rpm<\/td>\n<td width=\"113\">2500 (1500)*<\/td>\n<td width=\"96\">1400<\/td>\n<\/tr>\n<tr>\n<td width=\"190\">Motor del husillo<\/td>\n<td width=\"58\">Kw<\/td>\n<td width=\"113\">22\/26<\/td>\n<td width=\"96\">22\/26<\/td>\n<\/tr>\n<tr>\n<td width=\"190\"><strong>RECORRIDOS<\/strong><\/td>\n<td width=\"58\"><\/td>\n<td width=\"113\"><\/td>\n<td width=\"96\"><\/td>\n<\/tr>\n<tr>\n<td width=\"190\">Recorrido eje Z<\/td>\n<td width=\"58\">mm<\/td>\n<td width=\"113\">820 (2100)*<\/td>\n<td width=\"96\">820 (2100)*<\/td>\n<\/tr>\n<tr>\n<td width=\"190\">Recorrido eje X<\/td>\n<td width=\"58\">mm<\/td>\n<td width=\"113\">320<\/td>\n<td width=\"96\">360<\/td>\n<\/tr>\n<tr>\n<td width=\"190\"><strong>AVANCES<\/strong><\/td>\n<td width=\"58\"><\/td>\n<td width=\"113\"><\/td>\n<td width=\"96\"><\/td>\n<\/tr>\n<tr>\n<td width=\"190\">Avance r\u00e1pido eje Z<\/td>\n<td width=\"58\">m\/min<\/td>\n<td width=\"113\">18<\/td>\n<td width=\"96\">18<\/td>\n<\/tr>\n<tr>\n<td width=\"190\">Avance r\u00e1pido eje X<\/td>\n<td width=\"58\">m\/min<\/td>\n<td width=\"113\">18<\/td>\n<td width=\"96\">18<\/td>\n<\/tr>\n<\/tbody>\n<\/table>\n<p>*Opcional<\/p>\n<p>ssd<\/p>\n","protected":false},"excerpt":{"rendered":"<p>&nbsp; MODELO \u00a0 FBL 360 FBL 460 CAPACIDAD \u00d8 sobre bancada mm 770 840 \u00d8 m\u00e1ximo de corte mm 570 650 Longitud m\u00e1xima de corte mm 762 (2000)* 750 (2000)* Distancia entre centros mm 1020 (2000)* 820 (2200)* CABEZAL Di\u00e1metro del husillo mm 91 (115)* 139 Velocidad del husillo rpm 2500 (1500)* 1400 Motor del [&#8230;]<\/p>\n<p><a class=\"btn btn-primary understrap-read-more-link\" href=\"https:\/\/www.maquinariamarquez.com\/en\/fbl-360-460\/\">Details<\/a><\/p>\n","protected":false},"author":6,"featured_media":12034,"parent":0,"menu_order":532,"comment_status":"closed","ping_status":"open","template":"page-templates\/template-page-maquina.php","meta":{"_acf_changed":false,"footnotes":""},"geolocalizacion":[403,397,395,399],"class_list":["post-19842","page","type-page","status-publish","has-post-thumbnail","hentry","geolocalizacion-chile-en","geolocalizacion-latino-en","geolocalizacion-portugal-en","geolocalizacion-europa-en"],"acf":[],"aioseo_notices":[],"_links":{"self":[{"href":"https:\/\/www.maquinariamarquez.com\/en\/wp-json\/wp\/v2\/pages\/19842","targetHints":{"allow":["GET"]}}],"collection":[{"href":"https:\/\/www.maquinariamarquez.com\/en\/wp-json\/wp\/v2\/pages"}],"about":[{"href":"https:\/\/www.maquinariamarquez.com\/en\/wp-json\/wp\/v2\/types\/page"}],"author":[{"embeddable":true,"href":"https:\/\/www.maquinariamarquez.com\/en\/wp-json\/wp\/v2\/users\/6"}],"replies":[{"embeddable":true,"href":"https:\/\/www.maquinariamarquez.com\/en\/wp-json\/wp\/v2\/comments?post=19842"}],"version-history":[{"count":1,"href":"https:\/\/www.maquinariamarquez.com\/en\/wp-json\/wp\/v2\/pages\/19842\/revisions"}],"predecessor-version":[{"id":20148,"href":"https:\/\/www.maquinariamarquez.com\/en\/wp-json\/wp\/v2\/pages\/19842\/revisions\/20148"}],"wp:featuredmedia":[{"embeddable":true,"href":"https:\/\/www.maquinariamarquez.com\/en\/wp-json\/wp\/v2\/media\/12034"}],"wp:attachment":[{"href":"https:\/\/www.maquinariamarquez.com\/en\/wp-json\/wp\/v2\/media?parent=19842"}],"wp:term":[{"taxonomy":"geolocalizacion","embeddable":true,"href":"https:\/\/www.maquinariamarquez.com\/en\/wp-json\/wp\/v2\/geolocalizacion?post=19842"}],"curies":[{"name":"wp","href":"https:\/\/api.w.org\/{rel}","templated":true}]}}