{"id":19878,"date":"2020-04-22T17:10:38","date_gmt":"2020-04-22T15:10:38","guid":{"rendered":"https:\/\/www.maquinariamarquez.com\/bandsaw-pilous\/caminos-de-rodillos\/serie-k\/"},"modified":"2023-09-11T11:26:27","modified_gmt":"2023-09-11T09:26:27","slug":"serie-k","status":"publish","type":"page","link":"https:\/\/www.maquinariamarquez.com\/en\/bandsaw-pilous\/caminos-de-rodillos\/serie-k\/","title":{"rendered":"Serie K"},"content":{"rendered":"<h2>Camino de rodillos pesados \u200b\u200b<\/h2>\n<ul>\n<li>La construcci\u00f3n soldada extremadamente robusta y estable de perfiles cerrados est\u00e1 equipada con rodillos de acero torneados de paredes gruesas.<\/li>\n<li>Cuanto mayor es el ancho del transportador, mayor y m\u00e1s gruesa es la estructura general y mayor es el di\u00e1metro de los rodillos y ejes.\u00a0Los ejes de los rodillos est\u00e1n alojados en casquillos de acero ajustables con rodamientos.<\/li>\n<li>Los m\u00f3dulos individuales interconectables con una longitud de 1 y 2 metros le permiten elegir la longitud \u00f3ptima del transportador.<\/li>\n<li>El robusto sistema de extensi\u00f3n de la pata del transportador permite una altura ajustable de 760-960 mm.<\/li>\n<li>Gran variedad de accesorios y piezas de conexi\u00f3n.<\/li>\n<\/ul>\n<table width=\"709\">\n<tbody>\n<tr>\n<td colspan=\"2\" width=\"180\"><\/td>\n<td width=\"66\"><strong>K200\/2<\/strong><\/td>\n<td width=\"66\"><strong>K520\/2<\/strong><\/td>\n<td width=\"66\"><strong>K650\/2<\/strong><\/td>\n<td width=\"66\"><strong>K750\/2<\/strong><\/td>\n<td width=\"66\"><strong>K400\/1<\/strong><\/td>\n<td width=\"66\"><strong>K520\/1<\/strong><\/td>\n<td width=\"66\"><strong>K650\/1<\/strong><\/td>\n<td width=\"66\"><strong>K750\/1<\/strong><\/td>\n<\/tr>\n<tr>\n<td width=\"123\">Ancho de rodillos<\/td>\n<td width=\"57\">mm<\/td>\n<td width=\"66\">400<\/td>\n<td width=\"66\">520<\/td>\n<td width=\"66\">650<\/td>\n<td width=\"66\">750<\/td>\n<td width=\"66\">400<\/td>\n<td width=\"66\">520<\/td>\n<td width=\"66\">650<\/td>\n<td width=\"66\">750<\/td>\n<\/tr>\n<tr>\n<td colspan=\"2\" width=\"180\">N\u00famero de pies<\/td>\n<td width=\"66\">2<\/td>\n<td width=\"66\">2<\/td>\n<td width=\"66\">2<\/td>\n<td width=\"66\">2<\/td>\n<td width=\"66\">1<\/td>\n<td width=\"66\">1<\/td>\n<td width=\"66\">2<\/td>\n<td width=\"66\">2<\/td>\n<\/tr>\n<tr>\n<td colspan=\"2\" width=\"180\">N\u00famero de rodillos<\/td>\n<td width=\"66\">6<\/td>\n<td width=\"66\">6<\/td>\n<td width=\"66\">6<\/td>\n<td width=\"66\">6<\/td>\n<td width=\"66\">3<\/td>\n<td width=\"66\">3<\/td>\n<td width=\"66\">3<\/td>\n<td width=\"66\">3<\/td>\n<\/tr>\n<tr>\n<td width=\"123\">\u00d8 del rodillo<\/td>\n<td width=\"57\">mm<\/td>\n<td width=\"66\">58<\/td>\n<td width=\"66\">58<\/td>\n<td width=\"66\">68<\/td>\n<td width=\"66\">74<\/td>\n<td width=\"66\">58<\/td>\n<td width=\"66\">58<\/td>\n<td width=\"66\">68<\/td>\n<td width=\"66\">74<\/td>\n<\/tr>\n<tr>\n<td width=\"123\">Longitud total<\/td>\n<td width=\"57\">mm<\/td>\n<td width=\"66\">2000<\/td>\n<td width=\"66\">2000<\/td>\n<td width=\"66\">2000<\/td>\n<td width=\"66\">2000<\/td>\n<td width=\"66\">1000<\/td>\n<td width=\"66\">1000<\/td>\n<td width=\"66\">1000<\/td>\n<td width=\"66\">1000<\/td>\n<\/tr>\n<tr>\n<td width=\"123\">Capacidad carga<\/td>\n<td width=\"57\">Kg<\/td>\n<td width=\"66\">500<\/td>\n<td width=\"66\">600<\/td>\n<td width=\"66\">1000<\/td>\n<td width=\"66\">1600<\/td>\n<td width=\"66\">500<\/td>\n<td width=\"66\">600<\/td>\n<td width=\"66\">100<\/td>\n<td width=\"66\">1600<\/td>\n<\/tr>\n<\/tbody>\n<\/table>\n","protected":false},"excerpt":{"rendered":"<p>Camino de rodillos pesados \u200b\u200b La construcci\u00f3n soldada extremadamente robusta y estable de perfiles cerrados est\u00e1 equipada con rodillos de acero torneados de paredes gruesas. Cuanto mayor es el ancho del transportador, mayor y m\u00e1s gruesa es la estructura general y mayor es el di\u00e1metro de los rodillos y ejes.\u00a0Los ejes de los rodillos est\u00e1n [&#8230;]<\/p>\n<p><a class=\"btn btn-primary understrap-read-more-link\" href=\"https:\/\/www.maquinariamarquez.com\/en\/bandsaw-pilous\/caminos-de-rodillos\/serie-k\/\">Details<\/a><\/p>\n","protected":false},"author":6,"featured_media":17723,"parent":19434,"menu_order":365,"comment_status":"closed","ping_status":"open","template":"page-templates\/template-page-maquina.php","meta":{"_acf_changed":false,"footnotes":""},"geolocalizacion":[403,397,395,399],"class_list":["post-19878","page","type-page","status-publish","has-post-thumbnail","hentry","geolocalizacion-chile-en","geolocalizacion-latino-en","geolocalizacion-portugal-en","geolocalizacion-europa-en"],"acf":[],"aioseo_notices":[],"_links":{"self":[{"href":"https:\/\/www.maquinariamarquez.com\/en\/wp-json\/wp\/v2\/pages\/19878","targetHints":{"allow":["GET"]}}],"collection":[{"href":"https:\/\/www.maquinariamarquez.com\/en\/wp-json\/wp\/v2\/pages"}],"about":[{"href":"https:\/\/www.maquinariamarquez.com\/en\/wp-json\/wp\/v2\/types\/page"}],"author":[{"embeddable":true,"href":"https:\/\/www.maquinariamarquez.com\/en\/wp-json\/wp\/v2\/users\/6"}],"replies":[{"embeddable":true,"href":"https:\/\/www.maquinariamarquez.com\/en\/wp-json\/wp\/v2\/comments?post=19878"}],"version-history":[{"count":2,"href":"https:\/\/www.maquinariamarquez.com\/en\/wp-json\/wp\/v2\/pages\/19878\/revisions"}],"predecessor-version":[{"id":34811,"href":"https:\/\/www.maquinariamarquez.com\/en\/wp-json\/wp\/v2\/pages\/19878\/revisions\/34811"}],"up":[{"embeddable":true,"href":"https:\/\/www.maquinariamarquez.com\/en\/wp-json\/wp\/v2\/pages\/19434"}],"wp:featuredmedia":[{"embeddable":true,"href":"https:\/\/www.maquinariamarquez.com\/en\/wp-json\/wp\/v2\/media\/17723"}],"wp:attachment":[{"href":"https:\/\/www.maquinariamarquez.com\/en\/wp-json\/wp\/v2\/media?parent=19878"}],"wp:term":[{"taxonomy":"geolocalizacion","embeddable":true,"href":"https:\/\/www.maquinariamarquez.com\/en\/wp-json\/wp\/v2\/geolocalizacion?post=19878"}],"curies":[{"name":"wp","href":"https:\/\/api.w.org\/{rel}","templated":true}]}}