{"id":19883,"date":"2020-04-22T17:00:18","date_gmt":"2020-04-22T15:00:18","guid":{"rendered":"https:\/\/www.maquinariamarquez.com\/bandsaw-pilous\/caminos-de-rodillos\/serie-d\/"},"modified":"2023-09-11T11:25:04","modified_gmt":"2023-09-11T09:25:04","slug":"serie-d","status":"publish","type":"page","link":"https:\/\/www.maquinariamarquez.com\/en\/bandsaw-pilous\/caminos-de-rodillos\/serie-d\/","title":{"rendered":"Serie D"},"content":{"rendered":"<h2>Camino de rodillos de peso medio<\/h2>\n<ul>\n<li>El sistema modular original masivo y extremadamente estable permite la variabilidad de la colocaci\u00f3n del rodillo y la instalaci\u00f3n muy f\u00e1cil de los accesorios: dispositivo de medici\u00f3n manual o digital, placas de cubierta entre rodillos individuales, deslizamiento de material, rodillos adicionales que incluyen pl\u00e1stico, tolva de material, ba\u00f1o de emulsi\u00f3n.<\/li>\n<li>En su categor\u00eda, el uso de l\u00e1minas galvanizadas de 3 mm para todas las piezas garantiza una estabilidad y durabilidad extremas.<\/li>\n<li>Los transportadores se fabrican con rodillos de 200, 300 o 400 mm de ancho.\u00a0M\u00f3dulos individuales interconectados con una longitud de 2 y 3 metros.<\/li>\n<li>El transportador de 2 m est\u00e1 equipado con una pata y el transportador de 3 m con dos patas.\u00a0Las \u00faltimas patas tambi\u00e9n est\u00e1n fijadas por un par de tirantes de esquina.<\/li>\n<li>Las piezas de conexi\u00f3n e interconexi\u00f3n necesarias est\u00e1n disponibles, lo que permite la instalaci\u00f3n en una amplia gama de tipos de m\u00e1quinas.<\/li>\n<li>El robusto sistema de extensi\u00f3n de la pata del transportador permite una altura ajustable en el rango de 865 mm a 935 mm<\/li>\n<\/ul>\n<table width=\"647\">\n<tbody>\n<tr>\n<td colspan=\"2\" width=\"180\"><\/td>\n<td width=\"78\">D200\/2<\/td>\n<td width=\"78\">D300\/2<\/td>\n<td width=\"78\">D400\/2<\/td>\n<td width=\"78\">D200\/3<\/td>\n<td width=\"78\">D300\/3<\/td>\n<td width=\"78\">D400\/3<\/td>\n<\/tr>\n<tr>\n<td width=\"123\">Ancho de rodillos<\/td>\n<td width=\"57\">mm<\/td>\n<td width=\"78\">200<\/td>\n<td width=\"78\">300<\/td>\n<td width=\"78\">400<\/td>\n<td width=\"78\">200<\/td>\n<td width=\"78\">300<\/td>\n<td width=\"78\">400<\/td>\n<\/tr>\n<tr>\n<td colspan=\"2\" width=\"180\">N\u00famero de pies<\/td>\n<td width=\"78\">1<\/td>\n<td width=\"78\">1<\/td>\n<td width=\"78\">1<\/td>\n<td width=\"78\">2<\/td>\n<td width=\"78\">2<\/td>\n<td width=\"78\">2<\/td>\n<\/tr>\n<tr>\n<td colspan=\"2\" width=\"180\">N\u00famero de rodillos<\/td>\n<td width=\"78\">6<\/td>\n<td width=\"78\">6<\/td>\n<td width=\"78\">6<\/td>\n<td width=\"78\">10<\/td>\n<td width=\"78\">10<\/td>\n<td width=\"78\">10<\/td>\n<\/tr>\n<tr>\n<td width=\"123\">\u00d8 del rodillo<\/td>\n<td width=\"57\">mm<\/td>\n<td width=\"78\">60<\/td>\n<td width=\"78\">60<\/td>\n<td width=\"78\">60<\/td>\n<td width=\"78\">60<\/td>\n<td width=\"78\">60<\/td>\n<td width=\"78\">60<\/td>\n<\/tr>\n<tr>\n<td width=\"123\">Longitud total<\/td>\n<td width=\"57\">mm<\/td>\n<td width=\"78\">1980<\/td>\n<td width=\"78\">1980<\/td>\n<td width=\"78\">1980<\/td>\n<td width=\"78\">2980<\/td>\n<td width=\"78\">2980<\/td>\n<td width=\"78\">2980<\/td>\n<\/tr>\n<tr>\n<td width=\"123\">Capacidad carga<\/td>\n<td width=\"57\">Kg<\/td>\n<td width=\"78\">300<\/td>\n<td width=\"78\">300<\/td>\n<td width=\"78\">300<\/td>\n<td width=\"78\">300<\/td>\n<td width=\"78\">300<\/td>\n<td width=\"78\">300<\/td>\n<\/tr>\n<tr>\n<td colspan=\"2\" width=\"180\">N\u00ba m\u00e1x. rodillos<\/td>\n<td width=\"78\">17<\/td>\n<td width=\"78\">17<\/td>\n<td width=\"78\">17<\/td>\n<td width=\"78\">27<\/td>\n<td width=\"78\">27<\/td>\n<td width=\"78\">27<\/td>\n<\/tr>\n<\/tbody>\n<\/table>\n","protected":false},"excerpt":{"rendered":"<p>Camino de rodillos de peso medio El sistema modular original masivo y extremadamente estable permite la variabilidad de la colocaci\u00f3n del rodillo y la instalaci\u00f3n muy f\u00e1cil de los accesorios: dispositivo de medici\u00f3n manual o digital, placas de cubierta entre rodillos individuales, deslizamiento de material, rodillos adicionales que incluyen pl\u00e1stico, tolva de material, ba\u00f1o de [&#8230;]<\/p>\n<p><a class=\"btn btn-primary understrap-read-more-link\" href=\"https:\/\/www.maquinariamarquez.com\/en\/bandsaw-pilous\/caminos-de-rodillos\/serie-d\/\">Details<\/a><\/p>\n","protected":false},"author":6,"featured_media":17721,"parent":19434,"menu_order":362,"comment_status":"closed","ping_status":"open","template":"page-templates\/template-page-maquina.php","meta":{"_acf_changed":false,"footnotes":""},"geolocalizacion":[403,397,395,399],"class_list":["post-19883","page","type-page","status-publish","has-post-thumbnail","hentry","geolocalizacion-chile-en","geolocalizacion-latino-en","geolocalizacion-portugal-en","geolocalizacion-europa-en"],"acf":[],"aioseo_notices":[],"_links":{"self":[{"href":"https:\/\/www.maquinariamarquez.com\/en\/wp-json\/wp\/v2\/pages\/19883","targetHints":{"allow":["GET"]}}],"collection":[{"href":"https:\/\/www.maquinariamarquez.com\/en\/wp-json\/wp\/v2\/pages"}],"about":[{"href":"https:\/\/www.maquinariamarquez.com\/en\/wp-json\/wp\/v2\/types\/page"}],"author":[{"embeddable":true,"href":"https:\/\/www.maquinariamarquez.com\/en\/wp-json\/wp\/v2\/users\/6"}],"replies":[{"embeddable":true,"href":"https:\/\/www.maquinariamarquez.com\/en\/wp-json\/wp\/v2\/comments?post=19883"}],"version-history":[{"count":2,"href":"https:\/\/www.maquinariamarquez.com\/en\/wp-json\/wp\/v2\/pages\/19883\/revisions"}],"predecessor-version":[{"id":34809,"href":"https:\/\/www.maquinariamarquez.com\/en\/wp-json\/wp\/v2\/pages\/19883\/revisions\/34809"}],"up":[{"embeddable":true,"href":"https:\/\/www.maquinariamarquez.com\/en\/wp-json\/wp\/v2\/pages\/19434"}],"wp:featuredmedia":[{"embeddable":true,"href":"https:\/\/www.maquinariamarquez.com\/en\/wp-json\/wp\/v2\/media\/17721"}],"wp:attachment":[{"href":"https:\/\/www.maquinariamarquez.com\/en\/wp-json\/wp\/v2\/media?parent=19883"}],"wp:term":[{"taxonomy":"geolocalizacion","embeddable":true,"href":"https:\/\/www.maquinariamarquez.com\/en\/wp-json\/wp\/v2\/geolocalizacion?post=19883"}],"curies":[{"name":"wp","href":"https:\/\/api.w.org\/{rel}","templated":true}]}}