{"id":19961,"date":"2017-10-18T13:06:46","date_gmt":"2017-10-18T11:06:46","guid":{"rendered":"https:\/\/www.maquinariamarquez.com\/serie-hf\/"},"modified":"2022-04-22T12:10:24","modified_gmt":"2022-04-22T10:10:24","slug":"serie-hf","status":"publish","type":"page","link":"https:\/\/www.maquinariamarquez.com\/en\/serie-hf\/","title":{"rendered":"Serie HF"},"content":{"rendered":"<div class=\"table-responsive\"><table  style=\"width:0px; \"  class=\"easy-table easy-table-default \" >\n<tbody>\r\n<tr><td >Recorridos Y<\/td>\n<td >mm<\/td>\n<td > 3.500 \/ 4.200<\/td>\n<\/tr>\n\r\n<tr><td >Superficie de la mesa<\/td>\n<td >mm<\/td>\n<td >Desde 4.000 x 2.600 hasta 10.000 x 3.000<\/td>\n<\/tr>\n\r\n<tr><td >Capacidad max. de carga<\/td>\n<td >kg<\/td>\n<td >Desde 20.000 hasta 36.000<\/td>\n<\/tr>\n\r\n<tr><td >Recorridos X<\/td>\n<td >mm<\/td>\n<td >Desde 4.200 hasta 10.200<\/td>\n<\/tr>\n\r\n<tr><td >Recorridos Z<\/td>\n<td >mm<\/td>\n<td >1000<\/td>\n<\/tr>\n\r\n<tr><td >Distancia montantes<\/td>\n<td >mm<\/td>\n<td >3600 \/ 4.200<\/td>\n<\/tr>\n\r\n<tr><td >Altura max. trabajo<\/td>\n<td >mm<\/td>\n<td >1.250 \/ \/ 2.000<\/td>\n<\/tr>\n<\/tbody><\/table><\/div>\n","protected":false},"excerpt":{"rendered":"<p>La fresadora puente de la serie HF se corresponde a la serie m\u00e1s sofisticada de VIsionWide y es similar a la serie NF solo que con un mayor tama\u00f1o entre columnas, permite multitud de opciones como la incorporaci\u00f3n de cambio autom\u00e1tico de cabezales, cambiador de herramientas vertical\/horizontal, sondas de medici\u00f3n, etc lo que la convierte en una soluci\u00f3n completa tanto para trabajos seriaros como unitarios.<\/p>\n<p>Se caracteriza por el deslizamiento de la mesa y el cabezal a trav\u00e9s de gu\u00edas lineales, lo que le permite alcanzar altas velocidades de mecanizado y la hacen ideal para el mecanizado de moldes y piezas complejas que necesitan altos avances de mecanizado.<\/p>\n<p><a class=\"btn btn-primary understrap-read-more-link\" href=\"https:\/\/www.maquinariamarquez.com\/en\/serie-hf\/\">Details<\/a><\/p>\n","protected":false},"author":1,"featured_media":15811,"parent":0,"menu_order":248,"comment_status":"closed","ping_status":"open","template":"page-templates\/template-page-maquina.php","meta":{"_acf_changed":false,"footnotes":""},"geolocalizacion":[403,397,395,399],"class_list":["post-19961","page","type-page","status-publish","has-post-thumbnail","hentry","geolocalizacion-chile-en","geolocalizacion-latino-en","geolocalizacion-portugal-en","geolocalizacion-europa-en"],"acf":[],"aioseo_notices":[],"_links":{"self":[{"href":"https:\/\/www.maquinariamarquez.com\/en\/wp-json\/wp\/v2\/pages\/19961","targetHints":{"allow":["GET"]}}],"collection":[{"href":"https:\/\/www.maquinariamarquez.com\/en\/wp-json\/wp\/v2\/pages"}],"about":[{"href":"https:\/\/www.maquinariamarquez.com\/en\/wp-json\/wp\/v2\/types\/page"}],"author":[{"embeddable":true,"href":"https:\/\/www.maquinariamarquez.com\/en\/wp-json\/wp\/v2\/users\/1"}],"replies":[{"embeddable":true,"href":"https:\/\/www.maquinariamarquez.com\/en\/wp-json\/wp\/v2\/comments?post=19961"}],"version-history":[{"count":1,"href":"https:\/\/www.maquinariamarquez.com\/en\/wp-json\/wp\/v2\/pages\/19961\/revisions"}],"predecessor-version":[{"id":19966,"href":"https:\/\/www.maquinariamarquez.com\/en\/wp-json\/wp\/v2\/pages\/19961\/revisions\/19966"}],"wp:featuredmedia":[{"embeddable":true,"href":"https:\/\/www.maquinariamarquez.com\/en\/wp-json\/wp\/v2\/media\/15811"}],"wp:attachment":[{"href":"https:\/\/www.maquinariamarquez.com\/en\/wp-json\/wp\/v2\/media?parent=19961"}],"wp:term":[{"taxonomy":"geolocalizacion","embeddable":true,"href":"https:\/\/www.maquinariamarquez.com\/en\/wp-json\/wp\/v2\/geolocalizacion?post=19961"}],"curies":[{"name":"wp","href":"https:\/\/api.w.org\/{rel}","templated":true}]}}