{"id":19975,"date":"2017-10-18T13:00:23","date_gmt":"2017-10-18T11:00:23","guid":{"rendered":"https:\/\/www.maquinariamarquez.com\/serie-vb\/"},"modified":"2022-04-22T12:10:25","modified_gmt":"2022-04-22T10:10:25","slug":"serie-vb","status":"publish","type":"page","link":"https:\/\/www.maquinariamarquez.com\/en\/serie-vb\/","title":{"rendered":"Serie VB"},"content":{"rendered":"<div class=\"table-responsive\"><table  style=\"width:0px; \"  class=\"easy-table easy-table-default \" >\n<tbody>\r\n<tr><td >Recorridos Y<\/td>\n<td >mm<\/td>\n<td >1.600 \/ 2.000<\/td>\n<\/tr>\n\r\n<tr><td >Superficie de la mesa<\/td>\n<td >mm<\/td>\n<td >Desde 1.500 x 1.300 hasta 4.100 x 1.700<\/td>\n<\/tr>\n\r\n<tr><td >Capacidad max. de carga<\/td>\n<td >kg<\/td>\n<td >Desde 7.000 hasta 12.000<\/td>\n<\/tr>\n\r\n<tr><td >Recorridos X<\/td>\n<td >mm<\/td>\n<td >2100 \/ 2600 \/ 3100 \/ 4100<\/td>\n<\/tr>\n\r\n<tr><td >Recorridos Z<\/td>\n<td >mm<\/td>\n<td >800 \/ 1.020<\/td>\n<\/tr>\n\r\n<tr><td >Distancia montantes<\/td>\n<td >mm<\/td>\n<td >1.700 \/ 2.100<\/td>\n<\/tr>\n\r\n<tr><td >Altura max. trabajo<\/td>\n<td >mm<\/td>\n<td >950 \/ 1.450<\/td>\n<\/tr>\n<\/tbody><\/table><\/div>\n","protected":false},"excerpt":{"rendered":"<p>Las fresadoras puente de la serie VB\u00a0 se caracterizan por el deslizamiento de la mesa y el cabezal a trav\u00e9s de gu\u00edas prism\u00e1ticias, con material antifricci\u00f3n tipo Turcite en las contragu\u00edas, lo que le permite realizar un mecanizado r\u00edgido y fiable con una alta capacidad de evacuaci\u00f3n de viruta.\u00a0Los husillos a bolas se encuentran refrigerados para evitar que se produzcan dilataciones producidas por el uso continuo.<\/p>\n<p>El cabezal se suministra en versi\u00f3n con caja de cambios con 2 gamas\u00a0 permiti\u00e9ndonos una configuraci\u00f3n m\u00e1s apropiada para el mecanizado intenso, o con husillo mediante polea-motor con 8.000 rpm tipo centro de mecanizado.\u00a0En sus modelos m\u00e1s peque\u00f1os 1600 mm puede llegar a ejercer la funci\u00f3n de centro de mecanizado. En la serie VB\u00a0 se pueden instalar varios tipos de cabezales con amarre manual o autom\u00e1tico sobre la mesa o en un lateral.<\/p>\n<p><a class=\"btn btn-primary understrap-read-more-link\" href=\"https:\/\/www.maquinariamarquez.com\/en\/serie-vb\/\">Details<\/a><\/p>\n","protected":false},"author":1,"featured_media":15817,"parent":0,"menu_order":255,"comment_status":"closed","ping_status":"open","template":"page-templates\/template-page-maquina.php","meta":{"_acf_changed":false,"footnotes":""},"geolocalizacion":[403,397,395,399],"class_list":["post-19975","page","type-page","status-publish","has-post-thumbnail","hentry","geolocalizacion-chile-en","geolocalizacion-latino-en","geolocalizacion-portugal-en","geolocalizacion-europa-en"],"acf":[],"aioseo_notices":[],"_links":{"self":[{"href":"https:\/\/www.maquinariamarquez.com\/en\/wp-json\/wp\/v2\/pages\/19975","targetHints":{"allow":["GET"]}}],"collection":[{"href":"https:\/\/www.maquinariamarquez.com\/en\/wp-json\/wp\/v2\/pages"}],"about":[{"href":"https:\/\/www.maquinariamarquez.com\/en\/wp-json\/wp\/v2\/types\/page"}],"author":[{"embeddable":true,"href":"https:\/\/www.maquinariamarquez.com\/en\/wp-json\/wp\/v2\/users\/1"}],"replies":[{"embeddable":true,"href":"https:\/\/www.maquinariamarquez.com\/en\/wp-json\/wp\/v2\/comments?post=19975"}],"version-history":[{"count":1,"href":"https:\/\/www.maquinariamarquez.com\/en\/wp-json\/wp\/v2\/pages\/19975\/revisions"}],"predecessor-version":[{"id":20078,"href":"https:\/\/www.maquinariamarquez.com\/en\/wp-json\/wp\/v2\/pages\/19975\/revisions\/20078"}],"wp:featuredmedia":[{"embeddable":true,"href":"https:\/\/www.maquinariamarquez.com\/en\/wp-json\/wp\/v2\/media\/15817"}],"wp:attachment":[{"href":"https:\/\/www.maquinariamarquez.com\/en\/wp-json\/wp\/v2\/media?parent=19975"}],"wp:term":[{"taxonomy":"geolocalizacion","embeddable":true,"href":"https:\/\/www.maquinariamarquez.com\/en\/wp-json\/wp\/v2\/geolocalizacion?post=19975"}],"curies":[{"name":"wp","href":"https:\/\/api.w.org\/{rel}","templated":true}]}}