{"id":21851,"date":"2022-05-23T11:21:08","date_gmt":"2022-05-23T09:21:08","guid":{"rendered":"https:\/\/www.maquinariamarquez.com\/?page_id=21851"},"modified":"2022-10-10T11:06:58","modified_gmt":"2022-10-10T09:06:58","slug":"sbl-300","status":"publish","type":"page","link":"https:\/\/www.maquinariamarquez.com\/en\/tornos-trens\/tornos-bancada-inclinada-trens\/sbl-300\/","title":{"rendered":"SBL 300"},"content":{"rendered":"<h2>Torno SBL 300 CNC Bancada Inclinada TRENS<\/h2>\n<table width=\"642\">\n<tbody>\n<tr>\n<td colspan=\"2\" width=\"245\"><strong>&nbsp;<\/strong><\/td>\n<td width=\"96\">\n<p style=\"text-align: center;\"><strong>SBL 300 <\/strong><\/p>\n<\/td>\n<td style=\"text-align: center;\" width=\"94\"><strong>SBL 300 M<\/strong><\/p>\n<p><strong>(MC, MCY)<\/strong><\/td>\n<td width=\"113\">\n<p style=\"text-align: center;\"><strong>SBL 300 SM<\/strong><\/p>\n<p style=\"text-align: center;\"><strong>(SMC, SCY)<\/strong><\/p>\n<\/td>\n<\/tr>\n<tr>\n<td colspan=\"2\" width=\"245\"><strong>Capacidad de trabajo<\/strong><\/td>\n<td width=\"96\"><strong>&nbsp;<\/strong><\/td>\n<td width=\"94\"><strong>&nbsp;<\/strong><\/td>\n<td width=\"113\"><strong>&nbsp;<\/strong><\/td>\n<\/tr>\n<tr>\n<td width=\"198\">Precisi\u00f3n geom\u00e9trica y de trabajo<\/td>\n<td style=\"text-align: center;\" width=\"47\">\n<p style=\"text-align: center;\"><strong>&#8211;<\/strong><\/p>\n<\/td>\n<td width=\"96\">\n<p style=\"text-align: center;\">ISO 13041<\/p>\n<\/td>\n<td width=\"94\">\n<p style=\"text-align: center;\">ISO 13041<\/p>\n<\/td>\n<td width=\"113\">\n<p style=\"text-align: center;\">ISO 13041<\/p>\n<\/td>\n<\/tr>\n<tr>\n<td width=\"198\">Di\u00e1metro sobre bancada<\/td>\n<td style=\"text-align: center;\" width=\"47\">mm<\/td>\n<td style=\"text-align: center;\" width=\"96\">530<\/td>\n<td style=\"text-align: center;\" width=\"94\">530<\/td>\n<td style=\"text-align: center;\" width=\"113\">530<\/td>\n<\/tr>\n<tr>\n<td width=\"198\">Di\u00e1metro m\u00e1x. torneado<\/td>\n<td width=\"47\">\n<p style=\"text-align: center;\">mm<\/p>\n<\/td>\n<td width=\"96\">\n<p style=\"text-align: center;\">260<\/p>\n<\/td>\n<td width=\"94\">\n<p style=\"text-align: center;\">260<\/p>\n<\/td>\n<td width=\"113\">\n<p style=\"text-align: center;\">260<\/p>\n<\/td>\n<\/tr>\n<tr>\n<td width=\"198\">Longitud torneado<\/td>\n<td width=\"47\">\n<p style=\"text-align: center;\">mm<\/p>\n<\/td>\n<td style=\"text-align: center;\" width=\"96\">500<\/td>\n<td style=\"text-align: center;\" width=\"94\">500<\/td>\n<td width=\"113\">\n<p style=\"text-align: center;\">485<\/p>\n<\/td>\n<\/tr>\n<tr>\n<td width=\"198\">Peso m\u00e1x. pieza entre puntos\/al aire<\/td>\n<td width=\"47\">\n<p style=\"text-align: center;\">Kg<\/p>\n<\/td>\n<td style=\"text-align: center;\" width=\"96\">200\/80<\/td>\n<td style=\"text-align: center;\" width=\"94\">200\/80<\/td>\n<td width=\"113\">\n<p style=\"text-align: center;\">200\/80<\/p>\n<\/td>\n<\/tr>\n<tr>\n<td style=\"text-align: center;\" width=\"198\">\n<p style=\"text-align: left;\">Capacidad de barra<\/p>\n<\/td>\n<td style=\"text-align: center;\" width=\"47\">mm<\/td>\n<td style=\"text-align: center;\" width=\"96\">51<\/td>\n<td style=\"text-align: center;\" width=\"94\">51<\/td>\n<td width=\"113\">\n<p style=\"text-align: center;\">51<\/p>\n<\/td>\n<\/tr>\n<tr>\n<td width=\"198\"><\/td>\n<td width=\"47\"><\/td>\n<td width=\"96\"><\/td>\n<td width=\"94\"><\/td>\n<td width=\"113\"><\/td>\n<\/tr>\n<tr>\n<td colspan=\"2\" width=\"245\"><strong>Husillo principal <\/strong><\/td>\n<td width=\"96\"><strong>&nbsp;<\/strong><\/td>\n<td width=\"94\"><strong>&nbsp;<\/strong><\/td>\n<td width=\"113\"><strong>&nbsp;<\/strong><\/td>\n<\/tr>\n<tr>\n<td width=\"198\">\n<p style=\"text-align: left;\">Nariz del husillo (DIN 55026)<\/p>\n<\/td>\n<td style=\"text-align: center;\" width=\"47\">&#8211;<\/td>\n<td style=\"text-align: center;\" width=\"96\">A2-6<\/td>\n<td style=\"text-align: center;\" width=\"94\">A2-6<\/td>\n<td width=\"113\">\n<p style=\"text-align: center;\">A2-6<\/p>\n<\/td>\n<\/tr>\n<tr>\n<td width=\"198\">Di\u00e1metro husillo<\/td>\n<td width=\"47\">\n<p style=\"text-align: center;\">mm<\/p>\n<\/td>\n<td style=\"text-align: center;\" width=\"96\">65<\/td>\n<td style=\"text-align: center;\" width=\"94\">65<\/td>\n<td width=\"113\">\n<p style=\"text-align: center;\">65<\/p>\n<\/td>\n<\/tr>\n<tr>\n<td width=\"198\">Di\u00e1metro plato<\/td>\n<td width=\"47\">\n<p style=\"text-align: center;\">mm<\/p>\n<\/td>\n<td style=\"text-align: center;\" width=\"96\">210<\/td>\n<td style=\"text-align: center;\" width=\"94\">210<\/td>\n<td width=\"113\">\n<p style=\"text-align: center;\">210<\/p>\n<\/td>\n<\/tr>\n<tr>\n<td width=\"198\">Motor<\/td>\n<td width=\"47\">\n<p style=\"text-align: center;\">Kw<\/p>\n<\/td>\n<td style=\"text-align: center;\" width=\"96\">11\/16,5<\/td>\n<td style=\"text-align: center;\" width=\"94\">11\/16,5<\/td>\n<td width=\"113\">\n<p style=\"text-align: center;\">11\/16,5<\/p>\n<\/td>\n<\/tr>\n<tr>\n<td width=\"198\">Par<\/td>\n<td width=\"47\">\n<p style=\"text-align: center;\">Nm<\/p>\n<\/td>\n<td style=\"text-align: center;\" width=\"96\">133,3<\/td>\n<td style=\"text-align: center;\" width=\"94\">133,3<\/td>\n<td width=\"113\">\n<p style=\"text-align: center;\">133,3<\/p>\n<\/td>\n<\/tr>\n<tr>\n<td width=\"198\">Velocidad<\/td>\n<td width=\"47\">\n<p style=\"text-align: center;\">rpm<\/p>\n<\/td>\n<td style=\"text-align: center;\" width=\"96\">4.000<\/td>\n<td style=\"text-align: center;\" width=\"94\">4.000<\/td>\n<td width=\"113\">\n<p style=\"text-align: center;\">4.000<\/p>\n<\/td>\n<\/tr>\n<tr>\n<td width=\"198\"><\/td>\n<td width=\"47\"><\/td>\n<td width=\"96\"><\/td>\n<td width=\"94\"><\/td>\n<td width=\"113\"><\/td>\n<\/tr>\n<tr>\n<td colspan=\"2\" width=\"245\"><strong>Eje X &nbsp;&#8211; medici\u00f3n directa mediante regla lineal <\/strong><\/td>\n<td width=\"96\"><strong>&nbsp;<\/strong><\/td>\n<td width=\"94\"><strong>&nbsp;<\/strong><\/td>\n<td width=\"113\"><strong>&nbsp;<\/strong><\/td>\n<\/tr>\n<tr>\n<td width=\"198\">Recorrido trabajo<\/td>\n<td width=\"47\">\n<p style=\"text-align: center;\">mm<\/p>\n<\/td>\n<td style=\"text-align: center;\" width=\"96\">198<\/td>\n<td style=\"text-align: center;\" width=\"94\">137<\/td>\n<td width=\"113\">\n<p style=\"text-align: center;\">137<\/p>\n<\/td>\n<\/tr>\n<tr>\n<td width=\"198\">Avance<\/td>\n<td width=\"47\">\n<p style=\"text-align: center;\">mm.min<sup>-1<\/sup><\/p>\n<\/td>\n<td style=\"text-align: center;\" width=\"96\">1\u00f710000<\/td>\n<td style=\"text-align: center;\" width=\"94\">1\u00f710000<\/td>\n<td width=\"113\">\n<p style=\"text-align: center;\">1\u00f710000<\/p>\n<\/td>\n<\/tr>\n<tr>\n<td width=\"198\">Avance r\u00e1pido<\/td>\n<td width=\"47\">\n<p style=\"text-align: center;\">mm.min<sup>-1<\/sup><\/p>\n<\/td>\n<td style=\"text-align: center;\" width=\"96\">24.000<\/td>\n<td style=\"text-align: center;\" width=\"94\">24.000<\/td>\n<td width=\"113\">\n<p style=\"text-align: center;\">24.000<\/p>\n<\/td>\n<\/tr>\n<tr>\n<td width=\"198\"><\/td>\n<td width=\"47\"><\/td>\n<td width=\"96\"><\/td>\n<td width=\"94\"><\/td>\n<td width=\"113\"><\/td>\n<\/tr>\n<tr>\n<td colspan=\"2\" width=\"245\"><strong>Eje Z \u2013 medici\u00f3n encoder<\/strong><\/td>\n<td width=\"96\"><\/td>\n<td width=\"94\"><\/td>\n<td width=\"113\"><\/td>\n<\/tr>\n<tr>\n<td width=\"198\">Recorrido trabajo<\/td>\n<td width=\"47\">\n<p style=\"text-align: center;\">mm<\/p>\n<\/td>\n<td style=\"text-align: center;\" width=\"96\">550<\/td>\n<td style=\"text-align: center;\" width=\"94\">550<\/td>\n<td width=\"113\">\n<p style=\"text-align: center;\">490<\/p>\n<\/td>\n<\/tr>\n<tr>\n<td width=\"198\">Avance<\/td>\n<td width=\"47\">\n<p style=\"text-align: center;\">mm.min<sup>-1<\/sup><\/p>\n<\/td>\n<td style=\"text-align: center;\" width=\"96\">1\u00f710000<\/td>\n<td style=\"text-align: center;\" width=\"94\">1\u00f710000<\/td>\n<td width=\"113\">\n<p style=\"text-align: center;\">1\u00f710000<\/p>\n<\/td>\n<\/tr>\n<tr>\n<td width=\"198\">Avance r\u00e1pido<\/td>\n<td width=\"47\">\n<p style=\"text-align: center;\">mm.min<sup>-1<\/sup><\/p>\n<\/td>\n<td style=\"text-align: center;\" width=\"96\">30.000<\/td>\n<td style=\"text-align: center;\" width=\"94\">30.000<\/td>\n<td width=\"113\">\n<p style=\"text-align: center;\">30.000<\/p>\n<\/td>\n<\/tr>\n<tr>\n<td width=\"198\"><strong>&nbsp;<\/strong><\/td>\n<td width=\"47\"><\/td>\n<td width=\"96\"><\/td>\n<td width=\"94\"><\/td>\n<td width=\"113\"><\/td>\n<\/tr>\n<tr>\n<td width=\"198\"><strong>Eje Y \u2013 opcional<\/strong><\/td>\n<td width=\"47\"><\/td>\n<td width=\"96\"><\/td>\n<td width=\"94\"><\/td>\n<td width=\"113\"><\/td>\n<\/tr>\n<tr>\n<td width=\"198\">Recorrido<\/td>\n<td width=\"47\">\n<p style=\"text-align: center;\">mm<\/p>\n<\/td>\n<td style=\"text-align: center;\" width=\"96\">&#8211;<\/td>\n<td style=\"text-align: center;\" width=\"94\">+\/- 40<\/td>\n<td width=\"113\">\n<p style=\"text-align: center;\">+\/- 40<\/p>\n<\/td>\n<\/tr>\n<tr>\n<td width=\"198\">Avance<\/td>\n<td width=\"47\">\n<p style=\"text-align: center;\">mm.min<sup>-1<\/sup><\/p>\n<\/td>\n<td style=\"text-align: center;\" width=\"96\">&#8211;<\/td>\n<td style=\"text-align: center;\" width=\"94\">1\u00f75000<\/td>\n<td width=\"113\">\n<p style=\"text-align: center;\">1\u00f75000<\/p>\n<\/td>\n<\/tr>\n<tr>\n<td width=\"198\">\n<p style=\"text-align: left;\">Avance r\u00e1pido<\/p>\n<\/td>\n<td style=\"text-align: center;\" width=\"47\">mm.min<sup>-1<\/sup><\/td>\n<td style=\"text-align: center;\" width=\"96\">&#8211;<\/td>\n<td style=\"text-align: center;\" width=\"94\">7.500<\/td>\n<td width=\"113\">\n<p style=\"text-align: center;\">7.500<\/p>\n<\/td>\n<\/tr>\n<tr>\n<td width=\"198\"><\/td>\n<td width=\"47\"><\/td>\n<td width=\"96\"><\/td>\n<td width=\"94\"><\/td>\n<td width=\"113\"><\/td>\n<\/tr>\n<tr>\n<td width=\"198\"><strong>Eje C \u2013 motor independiente OPCIONAL<\/strong><\/td>\n<td width=\"47\"><\/td>\n<td width=\"96\"><\/td>\n<td width=\"94\"><\/td>\n<td width=\"113\"><\/td>\n<\/tr>\n<tr>\n<td width=\"198\">Par<\/td>\n<td width=\"47\">\n<p style=\"text-align: center;\">Nm<\/p>\n<\/td>\n<td style=\"text-align: center;\" width=\"96\"><\/td>\n<td style=\"text-align: center;\" width=\"94\">410<\/td>\n<td width=\"113\">\n<p style=\"text-align: center;\">410<\/p>\n<\/td>\n<\/tr>\n<tr>\n<td width=\"198\">\n<p style=\"text-align: left;\">Velocidad<\/p>\n<\/td>\n<td style=\"text-align: center;\" width=\"47\">min<sup>-1<\/sup><\/td>\n<td style=\"text-align: center;\" width=\"96\"><\/td>\n<td style=\"text-align: center;\" width=\"94\">40<\/td>\n<td width=\"113\">\n<p style=\"text-align: center;\">40<\/p>\n<\/td>\n<\/tr>\n<tr>\n<td width=\"198\">Incremento m\u00ednimo programable<\/td>\n<td width=\"47\">\n<p style=\"text-align: center;\">\u00ba<\/p>\n<\/td>\n<td style=\"text-align: center;\" width=\"96\"><\/td>\n<td style=\"text-align: center;\" width=\"94\">0.360 a 0.001<\/td>\n<td width=\"113\">\n<p style=\"text-align: center;\">0-360 a 0,001<\/p>\n<\/td>\n<\/tr>\n<tr>\n<td width=\"198\"><\/td>\n<td width=\"47\"><\/td>\n<td width=\"96\"><\/td>\n<td width=\"94\"><\/td>\n<td width=\"113\"><\/td>\n<\/tr>\n<tr>\n<td colspan=\"2\" width=\"245\"><strong>Torreta axial<\/strong><\/td>\n<td width=\"96\"><\/td>\n<td width=\"94\"><\/td>\n<td width=\"113\"><\/td>\n<\/tr>\n<tr>\n<td width=\"198\">Tipo<\/td>\n<td width=\"47\">\n<p style=\"text-align: center;\">\n<\/td>\n<td style=\"text-align: center;\" width=\"96\">Torreta giratoria<\/td>\n<td style=\"text-align: center;\" width=\"94\">Herramienta motorizada<\/td>\n<td width=\"113\">\n<p style=\"text-align: center;\">Radial con herramienta motorizada<\/p>\n<\/td>\n<\/tr>\n<tr>\n<td width=\"198\">Posiciones<\/td>\n<td width=\"47\"><\/td>\n<td width=\"96\">\n<p style=\"text-align: center;\">12<\/p>\n<\/td>\n<td style=\"text-align: center;\" width=\"94\">12<\/td>\n<td width=\"113\">\n<p style=\"text-align: center;\">12<\/p>\n<\/td>\n<\/tr>\n<tr>\n<td width=\"198\">N\u00famero herramientas motorizadas<\/td>\n<td width=\"47\">\n<p style=\"text-align: center;\">\n<\/td>\n<td style=\"text-align: center;\" width=\"96\">12<\/td>\n<td style=\"text-align: center;\" width=\"94\">12<\/td>\n<td width=\"113\">\n<p style=\"text-align: center;\">12<\/p>\n<\/td>\n<\/tr>\n<tr>\n<td width=\"198\">\n<p style=\"text-align: left;\">Cono DIN 69880<\/p>\n<\/td>\n<td style=\"text-align: center;\" width=\"47\">mm<\/td>\n<td style=\"text-align: center;\" width=\"96\">30<\/td>\n<td style=\"text-align: center;\" width=\"94\">25<\/td>\n<td width=\"113\">\n<p style=\"text-align: center;\">25<\/p>\n<\/td>\n<\/tr>\n<tr>\n<td width=\"198\">Tama\u00f1o<\/td>\n<td width=\"47\">\n<p style=\"text-align: center;\">mm<\/p>\n<\/td>\n<td style=\"text-align: center;\" width=\"96\">20 x 16<\/td>\n<td style=\"text-align: center;\" width=\"94\">16 x 12<\/td>\n<td width=\"113\">\n<p style=\"text-align: center;\">16 x 12<\/p>\n<\/td>\n<\/tr>\n<tr>\n<td width=\"198\">Potencia<\/td>\n<td width=\"47\">\n<p style=\"text-align: center;\">Kw<\/p>\n<\/td>\n<td style=\"text-align: center;\" width=\"96\">&#8211;<\/td>\n<td style=\"text-align: center;\" width=\"94\">1,5<\/td>\n<td width=\"113\">\n<p style=\"text-align: center;\">2<\/p>\n<\/td>\n<\/tr>\n<tr>\n<td width=\"198\">Velocidad m\u00e1xima herramienta motorizada<\/td>\n<td width=\"47\">\n<p style=\"text-align: center;\">rpm<\/p>\n<\/td>\n<td style=\"text-align: center;\" width=\"96\">&#8211;<\/td>\n<td style=\"text-align: center;\" width=\"94\">6000<\/td>\n<td width=\"113\">\n<p style=\"text-align: center;\">6000<\/p>\n<\/td>\n<\/tr>\n<tr>\n<td width=\"198\">Par<\/td>\n<td width=\"47\">\n<p style=\"text-align: center;\">Nm<\/p>\n<\/td>\n<td style=\"text-align: center;\" width=\"96\">&#8211;<\/td>\n<td style=\"text-align: center;\" width=\"94\">9,5<\/td>\n<td width=\"113\">\n<p style=\"text-align: center;\">10<\/p>\n<\/td>\n<\/tr>\n<tr>\n<td width=\"198\"><\/td>\n<td width=\"47\"><\/td>\n<td width=\"96\"><\/td>\n<td width=\"94\"><\/td>\n<td width=\"113\"><\/td>\n<\/tr>\n<tr>\n<td colspan=\"2\" width=\"245\"><strong>Contrapunto<\/strong><\/td>\n<td width=\"96\"><\/td>\n<td width=\"94\"><\/td>\n<td width=\"113\"><\/td>\n<\/tr>\n<tr>\n<td width=\"198\">\n<p style=\"text-align: left;\">Cono<\/p>\n<\/td>\n<td style=\"text-align: center;\" width=\"47\"><\/td>\n<td style=\"text-align: center;\" width=\"96\">Morse 4<\/td>\n<td style=\"text-align: center;\" width=\"94\">Morse 4<\/td>\n<td width=\"113\">\n<p style=\"text-align: center;\">&#8211;<\/p>\n<\/td>\n<\/tr>\n<tr>\n<td width=\"198\">Carrera<\/td>\n<td width=\"47\">\n<p style=\"text-align: center;\">mm<\/p>\n<\/td>\n<td style=\"text-align: center;\" width=\"96\">500<\/td>\n<td style=\"text-align: center;\" width=\"94\">500<\/td>\n<td width=\"113\">\n<p style=\"text-align: center;\">&#8211;<\/p>\n<\/td>\n<\/tr>\n<tr>\n<td width=\"198\">Rango fuerza amarre<\/td>\n<td width=\"47\">\n<p style=\"text-align: center;\">daN<\/p>\n<\/td>\n<td style=\"text-align: center;\" width=\"96\">50-600<\/td>\n<td style=\"text-align: center;\" width=\"94\">50-600<\/td>\n<td width=\"113\">\n<p style=\"text-align: center;\">&#8211;<\/p>\n<\/td>\n<\/tr>\n<tr>\n<td width=\"198\">Recorrido<\/td>\n<td width=\"47\">\n<p style=\"text-align: center;\">\n<\/td>\n<td style=\"text-align: center;\" width=\"96\">Programable<\/td>\n<td style=\"text-align: center;\" width=\"94\">Programable<\/td>\n<td width=\"113\">\n<p style=\"text-align: center;\">&#8211;<\/p>\n<\/td>\n<\/tr>\n<tr>\n<td width=\"198\"><strong>&nbsp;<\/strong><\/td>\n<td width=\"47\"><\/td>\n<td width=\"96\"><\/td>\n<td width=\"94\"><\/td>\n<td width=\"113\"><\/td>\n<\/tr>\n<tr>\n<td width=\"198\"><strong>Subhusillo &#8211; Opcional<\/strong><\/td>\n<td width=\"47\"><\/td>\n<td width=\"96\"><\/td>\n<td width=\"94\"><\/td>\n<td width=\"113\"><\/td>\n<\/tr>\n<tr>\n<td width=\"198\">Nariz del husillo (DIN 55026)<\/td>\n<td width=\"47\">\n<p style=\"text-align: center;\">\n<\/td>\n<td style=\"text-align: center;\" width=\"96\">&#8211;<\/td>\n<td style=\"text-align: center;\" width=\"94\">&#8211;<\/td>\n<td width=\"113\">\n<p style=\"text-align: center;\">A2-5<\/p>\n<\/td>\n<\/tr>\n<tr>\n<td width=\"198\">\n<p style=\"text-align: left;\">Di\u00e1metro husillo<\/p>\n<\/td>\n<td style=\"text-align: center;\" width=\"47\">mm<\/td>\n<td style=\"text-align: center;\" width=\"96\">&#8211;<\/td>\n<td style=\"text-align: center;\" width=\"94\">&#8211;<\/td>\n<td width=\"113\">\n<p style=\"text-align: center;\">57<\/p>\n<\/td>\n<\/tr>\n<tr>\n<td width=\"198\">Di\u00e1metro plato<\/td>\n<td width=\"47\">\n<p style=\"text-align: center;\">Mm<\/p>\n<\/td>\n<td style=\"text-align: center;\" width=\"96\">&#8211;<\/td>\n<td style=\"text-align: center;\" width=\"94\">&#8211;<\/td>\n<td width=\"113\">\n<p style=\"text-align: center;\">170<\/p>\n<\/td>\n<\/tr>\n<tr>\n<td width=\"198\">Motor<\/td>\n<td width=\"47\">\n<p style=\"text-align: center;\">Kw<\/p>\n<\/td>\n<td style=\"text-align: center;\" width=\"96\">&#8211;<\/td>\n<td style=\"text-align: center;\" width=\"94\">&#8211;<\/td>\n<td width=\"113\">\n<p style=\"text-align: center;\">9\/13<\/p>\n<\/td>\n<\/tr>\n<tr>\n<td width=\"198\">Par<\/td>\n<td width=\"47\">\n<p style=\"text-align: center;\">Nm<\/p>\n<\/td>\n<td style=\"text-align: center;\" width=\"96\">&#8211;<\/td>\n<td style=\"text-align: center;\" width=\"94\">&#8211;<\/td>\n<td width=\"113\">\n<p style=\"text-align: center;\">122,4<\/p>\n<\/td>\n<\/tr>\n<tr>\n<td width=\"198\">Velocidad<\/td>\n<td width=\"47\">\n<p style=\"text-align: center;\">rpm<\/p>\n<\/td>\n<td style=\"text-align: center;\" width=\"96\">&#8211;<\/td>\n<td style=\"text-align: center;\" width=\"94\">&#8211;<\/td>\n<td width=\"113\">\n<p style=\"text-align: center;\">4.000<\/p>\n<\/td>\n<\/tr>\n<tr>\n<td width=\"198\"><\/td>\n<td width=\"47\"><\/td>\n<td width=\"96\"><\/td>\n<td width=\"94\"><\/td>\n<td width=\"113\"><\/td>\n<\/tr>\n<tr>\n<td width=\"198\"><strong>Eje Z2<\/strong><\/td>\n<td width=\"47\"><\/td>\n<td width=\"96\"><\/td>\n<td width=\"94\"><\/td>\n<td width=\"113\"><\/td>\n<\/tr>\n<tr>\n<td width=\"198\">Recorrido trabajo<\/td>\n<td width=\"47\">\n<p style=\"text-align: center;\">mm<\/p>\n<\/td>\n<td style=\"text-align: center;\" width=\"96\">&#8211;<\/td>\n<td style=\"text-align: center;\" width=\"94\">&#8211;<\/td>\n<td width=\"113\">\n<p style=\"text-align: center;\">530<\/p>\n<\/td>\n<\/tr>\n<tr>\n<td width=\"198\">Avance<\/td>\n<td width=\"47\">\n<p style=\"text-align: center;\">mm.min<sup>-1<\/sup><\/p>\n<\/td>\n<td style=\"text-align: center;\" width=\"96\">&#8211;<\/td>\n<td style=\"text-align: center;\" width=\"94\">&#8211;<\/td>\n<td width=\"113\">\n<p style=\"text-align: center;\">1\u00f710000<\/p>\n<\/td>\n<\/tr>\n<tr>\n<td width=\"198\">Avance r\u00e1pido<\/td>\n<td width=\"47\">\n<p style=\"text-align: center;\">mm.min<sup>-1<\/sup><\/p>\n<\/td>\n<td style=\"text-align: center;\" width=\"96\">&#8211;<\/td>\n<td style=\"text-align: center;\" width=\"94\">&#8211;<\/td>\n<td width=\"113\">\n<p style=\"text-align: center;\">30.000<\/p>\n<\/td>\n<\/tr>\n<tr>\n<td width=\"198\"><\/td>\n<td width=\"47\"><\/td>\n<td width=\"96\"><\/td>\n<td width=\"94\"><\/td>\n<td width=\"113\"><\/td>\n<\/tr>\n<tr>\n<td width=\"198\"><strong>CNC<\/strong><\/td>\n<td width=\"47\"><\/td>\n<td width=\"96\">\n<p style=\"text-align: center;\">CNC Fanuc 0i-T Manual Guide i<\/p>\n<\/td>\n<td style=\"text-align: center;\" width=\"94\">CNC Fanuc 0i-T Manual Guide i<\/td>\n<td width=\"113\">\n<p style=\"text-align: center;\">CNC Fanuc 0i-T Manual Guide i<\/p>\n<\/td>\n<\/tr>\n<tr>\n<td width=\"198\"><strong>Dimensiones m\u00e1quinas<\/strong><\/td>\n<td width=\"47\"><\/td>\n<td width=\"96\"><\/td>\n<td width=\"94\"><\/td>\n<td width=\"113\"><\/td>\n<\/tr>\n<tr>\n<td width=\"198\">Largo x Ancho<\/td>\n<td width=\"47\">\n<p style=\"text-align: center;\">mm<\/p>\n<\/td>\n<td style=\"text-align: center;\" width=\"96\">3.320 x 2.020<\/td>\n<td style=\"text-align: center;\" width=\"94\">3.320 x 2.020<\/td>\n<td width=\"113\">\n<p style=\"text-align: center;\">3.320 x 2.020<\/p>\n<\/td>\n<\/tr>\n<tr>\n<td width=\"198\">Alto<\/td>\n<td width=\"47\">\n<p style=\"text-align: center;\">mm<\/p>\n<\/td>\n<td style=\"text-align: center;\" width=\"96\">1.820<\/td>\n<td style=\"text-align: center;\" width=\"94\">1.820<\/td>\n<td width=\"113\">\n<p style=\"text-align: center;\">1.820<\/p>\n<\/td>\n<\/tr>\n<tr>\n<td style=\"text-align: center;\" width=\"198\">\n<p style=\"text-align: left;\">Peso<\/p>\n<\/td>\n<td style=\"text-align: center;\" width=\"47\">Kg<\/td>\n<td style=\"text-align: center;\" width=\"96\">3.500<\/td>\n<td style=\"text-align: center;\" width=\"94\">3.500<\/td>\n<td width=\"113\">\n<p style=\"text-align: center;\">4.000<\/p>\n<\/td>\n<\/tr>\n<\/tbody>\n<\/table>\n","protected":false},"excerpt":{"rendered":"<p>Torno SBL 300 CNC Bancada Inclinada TRENS &nbsp; SBL 300 SBL 300 M (MC, MCY) SBL 300 SM (SMC, SCY) Capacidad de trabajo &nbsp; &nbsp; &nbsp; Precisi\u00f3n geom\u00e9trica y de trabajo &#8211; ISO 13041 ISO 13041 ISO 13041 Di\u00e1metro sobre bancada mm 530 530 530 Di\u00e1metro m\u00e1x. torneado mm 260 260 260 Longitud torneado mm [&#8230;]<\/p>\n<p><a class=\"btn btn-primary understrap-read-more-link\" href=\"https:\/\/www.maquinariamarquez.com\/en\/tornos-trens\/tornos-bancada-inclinada-trens\/sbl-300\/\">Details<\/a><\/p>\n","protected":false},"author":6,"featured_media":28461,"parent":21841,"menu_order":66,"comment_status":"closed","ping_status":"closed","template":"page-templates\/template-page-maquina.php","meta":{"_acf_changed":false,"footnotes":""},"geolocalizacion":[402,67,66,68],"class_list":["post-21851","page","type-page","status-publish","has-post-thumbnail","hentry","geolocalizacion-chile","geolocalizacion-latino","geolocalizacion-portugal","geolocalizacion-europa"],"acf":[],"aioseo_notices":[],"_links":{"self":[{"href":"https:\/\/www.maquinariamarquez.com\/en\/wp-json\/wp\/v2\/pages\/21851","targetHints":{"allow":["GET"]}}],"collection":[{"href":"https:\/\/www.maquinariamarquez.com\/en\/wp-json\/wp\/v2\/pages"}],"about":[{"href":"https:\/\/www.maquinariamarquez.com\/en\/wp-json\/wp\/v2\/types\/page"}],"author":[{"embeddable":true,"href":"https:\/\/www.maquinariamarquez.com\/en\/wp-json\/wp\/v2\/users\/6"}],"replies":[{"embeddable":true,"href":"https:\/\/www.maquinariamarquez.com\/en\/wp-json\/wp\/v2\/comments?post=21851"}],"version-history":[{"count":11,"href":"https:\/\/www.maquinariamarquez.com\/en\/wp-json\/wp\/v2\/pages\/21851\/revisions"}],"predecessor-version":[{"id":28466,"href":"https:\/\/www.maquinariamarquez.com\/en\/wp-json\/wp\/v2\/pages\/21851\/revisions\/28466"}],"up":[{"embeddable":true,"href":"https:\/\/www.maquinariamarquez.com\/en\/wp-json\/wp\/v2\/pages\/21841"}],"wp:featuredmedia":[{"embeddable":true,"href":"https:\/\/www.maquinariamarquez.com\/en\/wp-json\/wp\/v2\/media\/28461"}],"wp:attachment":[{"href":"https:\/\/www.maquinariamarquez.com\/en\/wp-json\/wp\/v2\/media?parent=21851"}],"wp:term":[{"taxonomy":"geolocalizacion","embeddable":true,"href":"https:\/\/www.maquinariamarquez.com\/en\/wp-json\/wp\/v2\/geolocalizacion?post=21851"}],"curies":[{"name":"wp","href":"https:\/\/api.w.org\/{rel}","templated":true}]}}