{"id":21858,"date":"2022-05-23T12:09:46","date_gmt":"2022-05-23T10:09:46","guid":{"rendered":"https:\/\/www.maquinariamarquez.com\/?page_id=21858"},"modified":"2022-06-07T12:53:39","modified_gmt":"2022-06-07T10:53:39","slug":"sbl-700","status":"publish","type":"page","link":"https:\/\/www.maquinariamarquez.com\/en\/tornos-trens\/tornos-bancada-inclinada-trens\/sbl-700\/","title":{"rendered":"SBL 700"},"content":{"rendered":"<h2>Torno Bancada Inclinada TRENS SBL 700 CNC<\/h2>\n<table>\n<tbody>\n<tr>\n<td colspan=\"3\" width=\"699\"><strong>Capacidad<\/strong><\/td>\n<\/tr>\n<tr>\n<td width=\"333\">Di\u00e1metro sobre bancada<\/td>\n<td width=\"85\">\n<p style=\"text-align: center;\">mm<\/p>\n<\/td>\n<td style=\"text-align: center;\" width=\"281\">750<\/td>\n<\/tr>\n<tr>\n<td width=\"333\">Di\u00e1metro m\u00e1x. torneado<\/td>\n<td width=\"85\">\n<p style=\"text-align: center;\">mm<\/p>\n<\/td>\n<td style=\"text-align: center;\" width=\"281\">500<\/td>\n<\/tr>\n<tr>\n<td width=\"333\">\n<p style=\"text-align: left;\">Longitud m\u00e1x. torneado<\/p>\n<\/td>\n<td style=\"text-align: center;\" width=\"85\">mm<\/td>\n<td style=\"text-align: center;\" width=\"281\">2.000<\/td>\n<\/tr>\n<tr>\n<td style=\"text-align: center;\" width=\"333\">\n<p style=\"text-align: left;\">Di\u00e1metro m\u00e1x. barra<\/p>\n<\/td>\n<td style=\"text-align: center;\" width=\"85\">mm<\/td>\n<td width=\"281\">\n<p style=\"text-align: center;\">107<\/p>\n<\/td>\n<\/tr>\n<tr>\n<td style=\"text-align: center;\" width=\"333\">\n<p style=\"text-align: left;\">Di\u00e1metro m\u00e1x. barra (con alimentador de barras)<\/p>\n<\/td>\n<td style=\"text-align: center;\" width=\"85\">mm<\/td>\n<td width=\"281\">\n<p style=\"text-align: center;\">97<\/p>\n<\/td>\n<\/tr>\n<tr>\n<td style=\"text-align: center;\" width=\"333\">\n<p style=\"text-align: left;\">Peso m\u00e1ximo pieza de trabajo<\/p>\n<\/td>\n<td style=\"text-align: center;\" width=\"85\">Kg<\/td>\n<td width=\"281\">\n<p style=\"text-align: center;\">2.500<\/p>\n<\/td>\n<\/tr>\n<tr>\n<td colspan=\"3\" width=\"699\"><strong>&nbsp;<\/strong><\/td>\n<\/tr>\n<tr>\n<td colspan=\"3\" width=\"699\"><strong>Cabezal<\/strong><\/td>\n<\/tr>\n<tr>\n<td width=\"333\">Nariz del husillo \u2013 DIN55026<\/td>\n<td width=\"85\">\n<p style=\"text-align: center;\">pulgadas<\/p>\n<\/td>\n<td style=\"text-align: center;\" width=\"281\">A2-11<\/td>\n<\/tr>\n<tr>\n<td width=\"333\">Di\u00e1metro de la ca\u00f1a del husillo<\/td>\n<td width=\"85\">\n<p style=\"text-align: center;\">mm<\/p>\n<\/td>\n<td style=\"text-align: center;\" width=\"281\">127<\/td>\n<\/tr>\n<tr>\n<td width=\"333\">\n<p style=\"text-align: left;\">Revoluciones m\u00e1ximas del cabezal<\/p>\n<\/td>\n<td style=\"text-align: center;\" width=\"85\">rpm<\/td>\n<td width=\"281\">\n<p style=\"text-align: center;\">2.500<\/p>\n<\/td>\n<\/tr>\n<tr>\n<td style=\"text-align: center;\" width=\"333\">\n<p style=\"text-align: left;\">Motor principal (S1\/S6)<\/p>\n<\/td>\n<td style=\"text-align: center;\" width=\"85\">Kw<\/td>\n<td width=\"281\">\n<p style=\"text-align: center;\">37\/56<\/p>\n<\/td>\n<\/tr>\n<tr>\n<td style=\"text-align: center;\" width=\"333\">\n<p style=\"text-align: left;\">Par (S1\/S6)<\/p>\n<\/td>\n<td style=\"text-align: center;\" width=\"85\">Nm<\/td>\n<td width=\"281\">\n<p style=\"text-align: center;\">484\/1.935<\/p>\n<\/td>\n<\/tr>\n<tr>\n<td colspan=\"3\" width=\"699\"><strong>&nbsp;<\/strong><\/td>\n<\/tr>\n<tr>\n<td colspan=\"3\" width=\"699\"><strong>Avances<\/strong><\/td>\n<\/tr>\n<tr>\n<td width=\"333\">Velocidad alimentaci\u00f3n eje X<\/td>\n<td width=\"85\">\n<p style=\"text-align: center;\">mm.min<sup>-1<\/sup><\/p>\n<\/td>\n<td style=\"text-align: center;\" width=\"281\">1\u00f710.000<\/td>\n<\/tr>\n<tr>\n<td width=\"333\">\n<p style=\"text-align: left;\">Velocidad alimentaci\u00f3n eje Z<\/p>\n<\/td>\n<td style=\"text-align: center;\" width=\"85\">mm.min<sup>-1<\/sup><\/td>\n<td style=\"text-align: center;\" width=\"281\">1\u00f710.000<\/td>\n<\/tr>\n<tr>\n<td style=\"text-align: center;\" width=\"333\">\n<p style=\"text-align: left;\">Avance r\u00e1pido eje X<\/p>\n<\/td>\n<td style=\"text-align: center;\" width=\"85\">mm.min<sup>-1<\/sup><\/td>\n<td width=\"281\">\n<p style=\"text-align: center;\">16.000<\/p>\n<\/td>\n<\/tr>\n<tr>\n<td style=\"text-align: center;\" width=\"333\">\n<p style=\"text-align: left;\">Avance r\u00e1pido eje Z<\/p>\n<\/td>\n<td style=\"text-align: center;\" width=\"85\">mm.min<sup>-1<\/sup><\/td>\n<td width=\"281\">\n<p style=\"text-align: center;\">20.000<\/p>\n<\/td>\n<\/tr>\n<tr>\n<td colspan=\"3\" width=\"699\"><strong>&nbsp;<\/strong><\/td>\n<\/tr>\n<tr>\n<td colspan=\"3\" width=\"699\"><strong>Torreta VDI 50<\/strong><\/td>\n<\/tr>\n<tr>\n<td width=\"333\">\n<p style=\"text-align: left;\">Tipo<\/p>\n<\/td>\n<td style=\"text-align: center;\" width=\"85\">&#8211;<\/td>\n<td width=\"281\">\n<p style=\"text-align: center;\">Torreta axial SAUTER 12 posiciones<\/p>\n<\/td>\n<\/tr>\n<tr>\n<td colspan=\"3\" width=\"699\"><strong>&nbsp;<\/strong><\/td>\n<\/tr>\n<tr>\n<td colspan=\"3\" width=\"699\"><strong>Contrapunto<\/strong><\/td>\n<\/tr>\n<tr>\n<td width=\"333\">Cono de la ca\u00f1a<\/td>\n<td width=\"85\">\n<p style=\"text-align: center;\">mm<\/p>\n<\/td>\n<td style=\"text-align: center;\" width=\"281\">MORSE 6<\/td>\n<\/tr>\n<tr>\n<td width=\"333\">\n<p style=\"text-align: left;\">Carrera de la ca\u00f1a<\/p>\n<\/td>\n<td style=\"text-align: center;\" width=\"85\">mm<\/td>\n<td style=\"text-align: center;\" width=\"281\">150<\/td>\n<\/tr>\n<tr>\n<td style=\"text-align: center;\" width=\"333\">\n<p style=\"text-align: left;\">Salida de contrapunto<\/p>\n<\/td>\n<td style=\"text-align: center;\" width=\"85\">&#8211;<\/td>\n<td width=\"281\">\n<p style=\"text-align: center;\">Autom\u00e1tica<\/p>\n<\/td>\n<\/tr>\n<tr>\n<td width=\"333\"><\/td>\n<td width=\"85\"><\/td>\n<td width=\"281\"><\/td>\n<\/tr>\n<tr>\n<td style=\"text-align: center;\" width=\"333\">\n<p style=\"text-align: left;\"><strong>CNC<\/strong><\/p>\n<\/td>\n<td style=\"text-align: center;\" width=\"85\">&#8211;<\/td>\n<td width=\"281\">\n<p style=\"text-align: center;\">Fanuc 0i-T Manual Guide i<\/p>\n<\/td>\n<\/tr>\n<\/tbody>\n<\/table>\n<h2>Configuraci\u00f3n est\u00e1ndar SBL 700 TRENS<\/h2>\n<ul>\n<li>Control electr\u00f3nico de las posiciones l\u00edmite de sujeci\u00f3n hidr\u00e1ulica<\/li>\n<li>Sistema de bloqueo de seguridad<\/li>\n<li>Pedal doble para apertura\/cierre de plato<\/li>\n<li>Freno husillo<\/li>\n<li><span style=\"font-size: 1.05rem;\">Contrapunto hidr\u00e1ulico<\/span><\/li>\n<li>Lubricaci\u00f3n autom\u00e1tica<\/li>\n<li>Extractor de virutas<\/li>\n<li>Apertura manual de puerta<\/li>\n<li>Panel del control posicionable<\/li>\n<li>Manuel instrucciones<\/li>\n<li><span style=\"font-size: 1.05rem;\">Norma CE<\/span><\/li>\n<\/ul>\n","protected":false},"excerpt":{"rendered":"<p>Torno Bancada Inclinada TRENS SBL 700 CNC Capacidad Di\u00e1metro sobre bancada mm 750 Di\u00e1metro m\u00e1x. torneado mm 500 Longitud m\u00e1x. torneado mm 2.000 Di\u00e1metro m\u00e1x. barra mm 107 Di\u00e1metro m\u00e1x. barra (con alimentador de barras) mm 97 Peso m\u00e1ximo pieza de trabajo Kg 2.500 &nbsp; Cabezal Nariz del husillo \u2013 DIN55026 pulgadas A2-11 Di\u00e1metro de [&#8230;]<\/p>\n<p><a class=\"btn btn-primary understrap-read-more-link\" href=\"https:\/\/www.maquinariamarquez.com\/en\/tornos-trens\/tornos-bancada-inclinada-trens\/sbl-700\/\">Details<\/a><\/p>\n","protected":false},"author":6,"featured_media":21868,"parent":21841,"menu_order":65,"comment_status":"closed","ping_status":"closed","template":"page-templates\/template-page-maquina.php","meta":{"_acf_changed":false,"footnotes":""},"geolocalizacion":[402,67,66,68],"class_list":["post-21858","page","type-page","status-publish","has-post-thumbnail","hentry","geolocalizacion-chile","geolocalizacion-latino","geolocalizacion-portugal","geolocalizacion-europa"],"acf":[],"aioseo_notices":[],"_links":{"self":[{"href":"https:\/\/www.maquinariamarquez.com\/en\/wp-json\/wp\/v2\/pages\/21858","targetHints":{"allow":["GET"]}}],"collection":[{"href":"https:\/\/www.maquinariamarquez.com\/en\/wp-json\/wp\/v2\/pages"}],"about":[{"href":"https:\/\/www.maquinariamarquez.com\/en\/wp-json\/wp\/v2\/types\/page"}],"author":[{"embeddable":true,"href":"https:\/\/www.maquinariamarquez.com\/en\/wp-json\/wp\/v2\/users\/6"}],"replies":[{"embeddable":true,"href":"https:\/\/www.maquinariamarquez.com\/en\/wp-json\/wp\/v2\/comments?post=21858"}],"version-history":[{"count":7,"href":"https:\/\/www.maquinariamarquez.com\/en\/wp-json\/wp\/v2\/pages\/21858\/revisions"}],"predecessor-version":[{"id":23040,"href":"https:\/\/www.maquinariamarquez.com\/en\/wp-json\/wp\/v2\/pages\/21858\/revisions\/23040"}],"up":[{"embeddable":true,"href":"https:\/\/www.maquinariamarquez.com\/en\/wp-json\/wp\/v2\/pages\/21841"}],"wp:featuredmedia":[{"embeddable":true,"href":"https:\/\/www.maquinariamarquez.com\/en\/wp-json\/wp\/v2\/media\/21868"}],"wp:attachment":[{"href":"https:\/\/www.maquinariamarquez.com\/en\/wp-json\/wp\/v2\/media?parent=21858"}],"wp:term":[{"taxonomy":"geolocalizacion","embeddable":true,"href":"https:\/\/www.maquinariamarquez.com\/en\/wp-json\/wp\/v2\/geolocalizacion?post=21858"}],"curies":[{"name":"wp","href":"https:\/\/api.w.org\/{rel}","templated":true}]}}