{"id":22206,"date":"2022-05-27T12:28:02","date_gmt":"2022-05-27T10:28:02","guid":{"rendered":"https:\/\/www.maquinariamarquez.com\/?page_id=22206"},"modified":"2022-10-10T12:05:54","modified_gmt":"2022-10-10T10:05:54","slug":"sbe-300-turneco","status":"publish","type":"page","link":"https:\/\/www.maquinariamarquez.com\/en\/tornos-trens\/tornos-bancada-inclinada-trens\/sbe-300-turneco\/","title":{"rendered":"SBE 300 TurnEco"},"content":{"rendered":"<table width=\"642\">\n<tbody>\n<tr>\n<td colspan=\"2\" width=\"465\">\n<p style=\"text-align: center;\"><strong>&nbsp;<\/strong><\/p>\n<\/td>\n<td width=\"177\">\n<p style=\"text-align: center;\"><strong>SBE 300 TurnEco<\/strong><\/p>\n<\/td>\n<\/tr>\n<tr>\n<td colspan=\"2\" width=\"465\"><strong>Capacidad de trabajo<\/strong><\/td>\n<td width=\"177\"><strong>&nbsp;<\/strong><\/td>\n<\/tr>\n<tr>\n<td width=\"376\">\n<p style=\"text-align: left;\">Precisi\u00f3n geom\u00e9trica y de trabajo<\/p>\n<\/td>\n<td style=\"text-align: center;\" width=\"89\"><strong>&#8211;<\/strong><\/td>\n<td width=\"177\">\n<p style=\"text-align: center;\">ISO 13041<\/p>\n<\/td>\n<\/tr>\n<tr>\n<td width=\"376\">\n<p style=\"text-align: left;\">Di\u00e1metro sobre bancada<\/p>\n<\/td>\n<td style=\"text-align: center;\" width=\"89\">mm<\/td>\n<td width=\"177\">\n<p style=\"text-align: center;\">530<\/p>\n<\/td>\n<\/tr>\n<tr>\n<td width=\"376\">\n<p style=\"text-align: left;\">Di\u00e1metro m\u00e1x. torneado<\/p>\n<\/td>\n<td style=\"text-align: center;\" width=\"89\">mm<\/td>\n<td width=\"177\">\n<p style=\"text-align: center;\">320<\/p>\n<\/td>\n<\/tr>\n<tr>\n<td width=\"376\">Longitud torneado<\/td>\n<td width=\"89\">\n<p style=\"text-align: center;\">mm<\/p>\n<\/td>\n<td width=\"177\">\n<p style=\"text-align: center;\">500<\/p>\n<\/td>\n<\/tr>\n<tr>\n<td width=\"376\">Peso m\u00e1x. pieza entre puntos\/al aire<\/td>\n<td width=\"89\">\n<p style=\"text-align: center;\">Kg<\/p>\n<\/td>\n<td width=\"177\">\n<p style=\"text-align: center;\">200\/80<\/p>\n<\/td>\n<\/tr>\n<tr>\n<td width=\"376\">Capacidad de barra<\/td>\n<td width=\"89\">\n<p style=\"text-align: center;\">mm<\/p>\n<\/td>\n<td width=\"177\">\n<p style=\"text-align: center;\">49<\/p>\n<\/td>\n<\/tr>\n<tr>\n<td width=\"376\"><\/td>\n<td width=\"89\"><\/td>\n<td width=\"177\"><\/td>\n<\/tr>\n<tr>\n<td colspan=\"2\" width=\"465\"><strong>Husillo principal <\/strong><\/td>\n<td width=\"177\"><strong>&nbsp;<\/strong><\/td>\n<\/tr>\n<tr>\n<td width=\"376\">\n<p style=\"text-align: left;\">Nariz del husillo (DIN 55026)<\/p>\n<\/td>\n<td style=\"text-align: center;\" width=\"89\">&#8211;<\/td>\n<td width=\"177\">\n<p style=\"text-align: center;\">A2-6<\/p>\n<\/td>\n<\/tr>\n<tr>\n<td width=\"376\">Di\u00e1metro husillo<\/td>\n<td width=\"89\">\n<p style=\"text-align: center;\">mm<\/p>\n<\/td>\n<td width=\"177\">\n<p style=\"text-align: center;\">65<\/p>\n<\/td>\n<\/tr>\n<tr>\n<td width=\"376\">\n<p style=\"text-align: left;\">Di\u00e1metro plato<\/p>\n<\/td>\n<td style=\"text-align: center;\" width=\"89\">Mm<\/td>\n<td width=\"177\">\n<p style=\"text-align: center;\">210<\/p>\n<\/td>\n<\/tr>\n<tr>\n<td width=\"376\">Motor<\/td>\n<td width=\"89\">\n<p style=\"text-align: center;\">Kw<\/p>\n<\/td>\n<td width=\"177\">\n<p style=\"text-align: center;\">11\/15<\/p>\n<\/td>\n<\/tr>\n<tr>\n<td width=\"376\">\n<p style=\"text-align: left;\">Par<\/p>\n<\/td>\n<td style=\"text-align: center;\" width=\"89\">Nm<\/td>\n<td width=\"177\">\n<p style=\"text-align: center;\">84<\/p>\n<\/td>\n<\/tr>\n<tr>\n<td width=\"376\">Velocidad<\/td>\n<td width=\"89\">\n<p style=\"text-align: center;\">rpm<\/p>\n<\/td>\n<td width=\"177\">\n<p style=\"text-align: center;\">4.000<\/p>\n<\/td>\n<\/tr>\n<tr>\n<td width=\"376\"><\/td>\n<td width=\"89\"><\/td>\n<td width=\"177\"><\/td>\n<\/tr>\n<tr>\n<td colspan=\"2\" width=\"465\"><strong>Eje X &nbsp;&#8211; medici\u00f3n directa mediante regla lineal <\/strong><\/td>\n<td width=\"177\"><strong>&nbsp;<\/strong><\/td>\n<\/tr>\n<tr>\n<td width=\"376\">Recorrido trabajo<\/td>\n<td width=\"89\">\n<p style=\"text-align: center;\">mm<\/p>\n<\/td>\n<td width=\"177\">\n<p style=\"text-align: center;\">198<\/p>\n<\/td>\n<\/tr>\n<tr>\n<td width=\"376\">Avance<\/td>\n<td width=\"89\">\n<p style=\"text-align: center;\">mm.min<sup>-1<\/sup><\/p>\n<\/td>\n<td width=\"177\">\n<p style=\"text-align: center;\">1\u00f710000<\/p>\n<\/td>\n<\/tr>\n<tr>\n<td width=\"376\">Avance r\u00e1pido<\/td>\n<td width=\"89\">\n<p style=\"text-align: center;\">mm.min<sup>-1<\/sup><\/p>\n<\/td>\n<td width=\"177\">\n<p style=\"text-align: center;\">24.000<\/p>\n<\/td>\n<\/tr>\n<tr>\n<td width=\"376\"><\/td>\n<td width=\"89\"><\/td>\n<td width=\"177\"><\/td>\n<\/tr>\n<tr>\n<td colspan=\"2\" width=\"465\"><strong>Eje Z \u2013 medici\u00f3n encoder<\/strong><\/td>\n<td width=\"177\"><\/td>\n<\/tr>\n<tr>\n<td width=\"376\">Recorrido trabajo<\/td>\n<td width=\"89\">\n<p style=\"text-align: center;\">mm<\/p>\n<\/td>\n<td width=\"177\">\n<p style=\"text-align: center;\">550<\/p>\n<\/td>\n<\/tr>\n<tr>\n<td width=\"376\">Avance<\/td>\n<td width=\"89\">\n<p style=\"text-align: center;\">mm.min<sup>-1<\/sup><\/p>\n<\/td>\n<td width=\"177\">\n<p style=\"text-align: center;\">1\u00f710000<\/p>\n<\/td>\n<\/tr>\n<tr>\n<td width=\"376\">Avance r\u00e1pido<\/td>\n<td width=\"89\">\n<p style=\"text-align: center;\">mm.min<sup>-1<\/sup><\/p>\n<\/td>\n<td width=\"177\">\n<p style=\"text-align: center;\">30.000<\/p>\n<\/td>\n<\/tr>\n<tr>\n<td width=\"376\"><strong>&nbsp;<\/strong><\/td>\n<td width=\"89\"><\/td>\n<td width=\"177\"><\/td>\n<\/tr>\n<tr>\n<td colspan=\"2\" width=\"465\"><strong>Torreta axial<\/strong><\/td>\n<td width=\"177\"><\/td>\n<\/tr>\n<tr>\n<td width=\"376\">Tipo<\/td>\n<td width=\"89\"><\/td>\n<td width=\"177\">\n<p style=\"text-align: center;\">Slotted disk\/VDI disk<\/p>\n<\/td>\n<\/tr>\n<tr>\n<td width=\"376\">Posiciones<\/td>\n<td width=\"89\">\n<p style=\"text-align: center;\">&#8211;<\/p>\n<\/td>\n<td width=\"177\">\n<p style=\"text-align: center;\">12<\/p>\n<\/td>\n<\/tr>\n<tr>\n<td width=\"376\">N\u00famero herramientas motorizadas<\/td>\n<td width=\"89\">\n<p style=\"text-align: center;\">&#8211;<\/p>\n<\/td>\n<td width=\"177\">\n<p style=\"text-align: center;\">12<\/p>\n<\/td>\n<\/tr>\n<tr>\n<td width=\"376\">\n<p style=\"text-align: left;\">Cono DIN 69880<\/p>\n<\/td>\n<td style=\"text-align: center;\" width=\"89\">mm<\/td>\n<td width=\"177\">\n<p style=\"text-align: center;\">30<\/p>\n<\/td>\n<\/tr>\n<tr>\n<td width=\"376\">Tama\u00f1o<\/td>\n<td width=\"89\">\n<p style=\"text-align: center;\">mm<\/p>\n<\/td>\n<td width=\"177\">\n<p style=\"text-align: center;\">20 x 16<\/p>\n<\/td>\n<\/tr>\n<tr>\n<td width=\"376\"><\/td>\n<td width=\"89\"><\/td>\n<td width=\"177\"><\/td>\n<\/tr>\n<tr>\n<td colspan=\"2\" width=\"465\"><strong>Contrapunto<\/strong><\/td>\n<td width=\"177\"><\/td>\n<\/tr>\n<tr>\n<td width=\"376\">Cono<\/td>\n<td width=\"89\">\n<p style=\"text-align: center;\">&#8211;<\/p>\n<\/td>\n<td width=\"177\">\n<p style=\"text-align: center;\">Morse 4<\/p>\n<\/td>\n<\/tr>\n<tr>\n<td width=\"376\">Carrera<\/td>\n<td width=\"89\">\n<p style=\"text-align: center;\">mm<\/p>\n<\/td>\n<td width=\"177\">\n<p style=\"text-align: center;\">500<\/p>\n<\/td>\n<\/tr>\n<tr>\n<td width=\"376\">Rango fuerza amarre<\/td>\n<td width=\"89\">\n<p style=\"text-align: center;\">daN<\/p>\n<\/td>\n<td width=\"177\">\n<p style=\"text-align: center;\">50-600<\/p>\n<\/td>\n<\/tr>\n<tr>\n<td width=\"376\">Recorrido<\/td>\n<td width=\"89\">\n<p style=\"text-align: center;\">&#8211;<\/p>\n<\/td>\n<td width=\"177\">\n<p style=\"text-align: center;\">Programable<\/p>\n<\/td>\n<\/tr>\n<tr>\n<td width=\"376\"><strong>&nbsp;<\/strong><\/td>\n<td width=\"89\"><\/td>\n<td width=\"177\"><\/td>\n<\/tr>\n<tr>\n<td width=\"376\"><strong>CNC<\/strong><\/td>\n<td width=\"89\">\n<p style=\"text-align: center;\">&#8211;<\/p>\n<\/td>\n<td width=\"177\">\n<p style=\"text-align: center;\">CNC Fanuc 0i-T Manual Guide i<\/p>\n<\/td>\n<\/tr>\n<tr>\n<td width=\"376\"><strong>Dimensiones m\u00e1quinas<\/strong><\/td>\n<td width=\"89\"><\/td>\n<td width=\"177\"><\/td>\n<\/tr>\n<tr>\n<td width=\"376\">\n<p style=\"text-align: left;\">Largo x Ancho<\/p>\n<\/td>\n<td style=\"text-align: center;\" width=\"89\">mm<\/td>\n<td width=\"177\">\n<p style=\"text-align: center;\">3.320 x 2.020<\/p>\n<\/td>\n<\/tr>\n<tr>\n<td width=\"376\">\n<p style=\"text-align: left;\">Alto<\/p>\n<\/td>\n<td style=\"text-align: center;\" width=\"89\">mm<\/td>\n<td width=\"177\">\n<p style=\"text-align: center;\">1.820<\/p>\n<\/td>\n<\/tr>\n<tr>\n<td width=\"376\">Peso<\/td>\n<td width=\"89\">\n<p style=\"text-align: center;\">Kg<\/p>\n<\/td>\n<td width=\"177\">\n<p style=\"text-align: center;\">3.500<\/p>\n<\/td>\n<\/tr>\n<\/tbody>\n<\/table>\n","protected":false},"excerpt":{"rendered":"<p>&nbsp; SBE 300 TurnEco Capacidad de trabajo &nbsp; Precisi\u00f3n geom\u00e9trica y de trabajo &#8211; ISO 13041 Di\u00e1metro sobre bancada mm 530 Di\u00e1metro m\u00e1x. torneado mm 320 Longitud torneado mm 500 Peso m\u00e1x. pieza entre puntos\/al aire Kg 200\/80 Capacidad de barra mm 49 Husillo principal &nbsp; Nariz del husillo (DIN 55026) &#8211; A2-6 Di\u00e1metro husillo [&#8230;]<\/p>\n<p><a class=\"btn btn-primary understrap-read-more-link\" href=\"https:\/\/www.maquinariamarquez.com\/en\/tornos-trens\/tornos-bancada-inclinada-trens\/sbe-300-turneco\/\">Details<\/a><\/p>\n","protected":false},"author":6,"featured_media":22208,"parent":21841,"menu_order":58,"comment_status":"closed","ping_status":"closed","template":"page-templates\/template-page-maquina.php","meta":{"_acf_changed":false,"footnotes":""},"geolocalizacion":[402,67,66,68],"class_list":["post-22206","page","type-page","status-publish","has-post-thumbnail","hentry","geolocalizacion-chile","geolocalizacion-latino","geolocalizacion-portugal","geolocalizacion-europa"],"acf":[],"aioseo_notices":[],"_links":{"self":[{"href":"https:\/\/www.maquinariamarquez.com\/en\/wp-json\/wp\/v2\/pages\/22206","targetHints":{"allow":["GET"]}}],"collection":[{"href":"https:\/\/www.maquinariamarquez.com\/en\/wp-json\/wp\/v2\/pages"}],"about":[{"href":"https:\/\/www.maquinariamarquez.com\/en\/wp-json\/wp\/v2\/types\/page"}],"author":[{"embeddable":true,"href":"https:\/\/www.maquinariamarquez.com\/en\/wp-json\/wp\/v2\/users\/6"}],"replies":[{"embeddable":true,"href":"https:\/\/www.maquinariamarquez.com\/en\/wp-json\/wp\/v2\/comments?post=22206"}],"version-history":[{"count":6,"href":"https:\/\/www.maquinariamarquez.com\/en\/wp-json\/wp\/v2\/pages\/22206\/revisions"}],"predecessor-version":[{"id":28471,"href":"https:\/\/www.maquinariamarquez.com\/en\/wp-json\/wp\/v2\/pages\/22206\/revisions\/28471"}],"up":[{"embeddable":true,"href":"https:\/\/www.maquinariamarquez.com\/en\/wp-json\/wp\/v2\/pages\/21841"}],"wp:featuredmedia":[{"embeddable":true,"href":"https:\/\/www.maquinariamarquez.com\/en\/wp-json\/wp\/v2\/media\/22208"}],"wp:attachment":[{"href":"https:\/\/www.maquinariamarquez.com\/en\/wp-json\/wp\/v2\/media?parent=22206"}],"wp:term":[{"taxonomy":"geolocalizacion","embeddable":true,"href":"https:\/\/www.maquinariamarquez.com\/en\/wp-json\/wp\/v2\/geolocalizacion?post=22206"}],"curies":[{"name":"wp","href":"https:\/\/api.w.org\/{rel}","templated":true}]}}