{"id":23019,"date":"2022-06-07T12:36:47","date_gmt":"2022-06-07T10:36:47","guid":{"rendered":"https:\/\/www.maquinariamarquez.com\/?page_id=23019"},"modified":"2023-10-02T10:37:34","modified_gmt":"2023-10-02T08:37:34","slug":"serie-xl-fbl-540","status":"publish","type":"page","link":"https:\/\/www.maquinariamarquez.com\/en\/centros-mecanizado-startech-machinery\/tornos-bancada-inclinada-2\/serie-xl-fbl-540\/","title":{"rendered":"FBL 540"},"content":{"rendered":"<table width=\"711\">\n<tbody>\n<tr>\n<td width=\"418\"><strong>CAPACIDAD<\/strong><\/td>\n<td width=\"85\"><\/td>\n<td width=\"208\"><\/td>\n<\/tr>\n<tr>\n<td width=\"418\">Di\u00e1metro sobre bancada<\/td>\n<td width=\"85\">\n<p style=\"text-align: center;\">mm<\/p>\n<\/td>\n<td width=\"208\">\n<p style=\"text-align: center;\">1.030<\/p>\n<\/td>\n<\/tr>\n<tr>\n<td width=\"418\">Di\u00e1metro m\u00e1ximo torneado<\/td>\n<td width=\"85\">\n<p style=\"text-align: center;\">mm<\/p>\n<\/td>\n<td width=\"208\">\n<p style=\"text-align: center;\">880<\/p>\n<\/td>\n<\/tr>\n<tr>\n<td width=\"418\">Longitud m\u00e1xima de corte<\/td>\n<td width=\"85\">\n<p style=\"text-align: center;\">mm<\/p>\n<\/td>\n<td width=\"208\">\n<p style=\"text-align: center;\">4.000<\/p>\n<\/td>\n<\/tr>\n<tr>\n<td width=\"418\">Distancia entre centros<\/td>\n<td width=\"85\">\n<p style=\"text-align: center;\">mm<\/p>\n<\/td>\n<td width=\"208\">\n<p style=\"text-align: center;\">4.000<\/p>\n<\/td>\n<\/tr>\n<tr>\n<td width=\"418\"><strong>HUSILLO<\/strong><\/td>\n<td width=\"85\"><strong>&nbsp;<\/strong><\/td>\n<td width=\"208\"><strong>&nbsp;<\/strong><\/td>\n<\/tr>\n<tr>\n<td width=\"418\">Nariz del husillo<\/td>\n<td width=\"85\">\n<p style=\"text-align: center;\">mm<\/p>\n<\/td>\n<td width=\"208\">\n<p style=\"text-align: center;\">A2-15<\/p>\n<\/td>\n<\/tr>\n<tr>\n<td width=\"418\">\n<p style=\"text-align: left;\">Di\u00e1metro husillo<\/p>\n<\/td>\n<td style=\"text-align: center;\" width=\"85\">mm<\/td>\n<td width=\"208\">\n<p style=\"text-align: center;\">196<\/p>\n<\/td>\n<\/tr>\n<tr>\n<td width=\"418\">Velocidad del husillo<\/td>\n<td width=\"85\">\n<p style=\"text-align: center;\">rpm<\/p>\n<\/td>\n<td width=\"208\">\n<p style=\"text-align: center;\">1.000<\/p>\n<\/td>\n<\/tr>\n<tr>\n<td width=\"418\">Tama\u00f1o plato<\/td>\n<td width=\"85\">\n<p style=\"text-align: center;\">inch<\/p>\n<\/td>\n<td width=\"208\">\n<p style=\"text-align: center;\">18\u201d<\/p>\n<\/td>\n<\/tr>\n<tr>\n<td width=\"418\">Motor husillo (S1\/S6)<\/td>\n<td width=\"85\">\n<p style=\"text-align: center;\">Kw<\/p>\n<\/td>\n<td width=\"208\">\n<p style=\"text-align: center;\">37\/45<\/p>\n<\/td>\n<\/tr>\n<tr>\n<td width=\"418\"><strong>AVANCES<\/strong><\/td>\n<td width=\"85\"><\/td>\n<td width=\"208\"><\/td>\n<\/tr>\n<tr>\n<td width=\"418\">Avance r\u00e1pido eje Z<\/td>\n<td width=\"85\">\n<p style=\"text-align: center;\">m\/min<\/p>\n<\/td>\n<td width=\"208\">\n<p style=\"text-align: center;\">10<\/p>\n<\/td>\n<\/tr>\n<tr>\n<td width=\"418\">Avance r\u00e1pido eje X<\/td>\n<td width=\"85\">\n<p style=\"text-align: center;\">m\/min<\/p>\n<\/td>\n<td width=\"208\">\n<p style=\"text-align: center;\">12<\/p>\n<\/td>\n<\/tr>\n<tr>\n<td width=\"418\"><strong>TORRETA<\/strong><\/td>\n<td width=\"85\"><\/td>\n<td width=\"208\"><\/td>\n<\/tr>\n<tr>\n<td width=\"418\">N\u00famero de herramientas<\/td>\n<td width=\"85\">\n<p style=\"text-align: center;\">&#8211;<\/p>\n<\/td>\n<td width=\"208\">\n<p style=\"text-align: center;\">12<\/p>\n<\/td>\n<\/tr>\n<tr>\n<td width=\"418\"><strong>RECORRIDOS<\/strong><\/td>\n<td width=\"85\"><\/td>\n<td width=\"208\"><\/td>\n<\/tr>\n<tr>\n<td width=\"418\">Recorrido eje X<\/td>\n<td width=\"85\">\n<p style=\"text-align: center;\">mm<\/p>\n<\/td>\n<td width=\"208\">\n<p style=\"text-align: center;\">490<\/p>\n<\/td>\n<\/tr>\n<tr>\n<td width=\"418\">Recorrido eje Z<\/td>\n<td width=\"85\">\n<p style=\"text-align: center;\">rpm<\/p>\n<\/td>\n<td width=\"208\">\n<p style=\"text-align: center;\">4.000<\/p>\n<\/td>\n<\/tr>\n<tr>\n<td width=\"418\"><strong>CNC<\/strong><\/td>\n<td width=\"85\">\n<p style=\"text-align: center;\"><\/td>\n<td width=\"208\">\n<p style=\"text-align: center;\"><strong>Fanuc Oi-TF plus 10.4\u201d<\/strong><\/p>\n<\/td>\n<\/tr>\n<tr>\n<td width=\"418\"><strong>CONTRAPUNTO<\/strong><\/td>\n<td width=\"85\"><\/td>\n<td width=\"208\"><strong>&nbsp;<\/strong><\/td>\n<\/tr>\n<tr>\n<td width=\"418\">Di\u00e1metro ca\u00f1a \/Cono<\/td>\n<td width=\"85\">\n<p style=\"text-align: center;\">mm<\/p>\n<\/td>\n<td width=\"208\">\n<p style=\"text-align: center;\">200\/6<\/p>\n<\/td>\n<\/tr>\n<tr>\n<td width=\"418\">Movimimiento ca\u00f1a hidr\u00e1ulico controlado por CNC<\/td>\n<td width=\"85\">\n<p style=\"text-align: center;\">mm<\/p>\n<\/td>\n<td width=\"208\">\n<p style=\"text-align: center;\">100<\/p>\n<\/td>\n<\/tr>\n<tr>\n<td width=\"418\">Movimiento Contrapunto: Autom\u00e1tico controlado por CNC<\/td>\n<td width=\"85\">\n<p style=\"text-align: center;\">mm<\/p>\n<\/td>\n<td width=\"208\">\n<p style=\"text-align: center;\">4.000<\/p>\n<\/td>\n<\/tr>\n<\/tbody>\n<\/table>\n","protected":false},"excerpt":{"rendered":"<p>CAPACIDAD Di\u00e1metro sobre bancada mm 1.030 Di\u00e1metro m\u00e1ximo torneado mm 880 Longitud m\u00e1xima de corte mm 4.000 Distancia entre centros mm 4.000 HUSILLO &nbsp; &nbsp; Nariz del husillo mm A2-15 Di\u00e1metro husillo mm 196 Velocidad del husillo rpm 1.000 Tama\u00f1o plato inch 18\u201d Motor husillo (S1\/S6) Kw 37\/45 AVANCES Avance r\u00e1pido eje Z m\/min 10 [&#8230;]<\/p>\n<p><a class=\"btn btn-primary understrap-read-more-link\" href=\"https:\/\/www.maquinariamarquez.com\/en\/centros-mecanizado-startech-machinery\/tornos-bancada-inclinada-2\/serie-xl-fbl-540\/\">Details<\/a><\/p>\n","protected":false},"author":6,"featured_media":24760,"parent":22945,"menu_order":375,"comment_status":"closed","ping_status":"closed","template":"page-templates\/template-page-maquina.php","meta":{"_acf_changed":false,"footnotes":""},"geolocalizacion":[402,67,66,68],"class_list":["post-23019","page","type-page","status-publish","has-post-thumbnail","hentry","geolocalizacion-chile","geolocalizacion-latino","geolocalizacion-portugal","geolocalizacion-europa"],"acf":[],"aioseo_notices":[],"_links":{"self":[{"href":"https:\/\/www.maquinariamarquez.com\/en\/wp-json\/wp\/v2\/pages\/23019","targetHints":{"allow":["GET"]}}],"collection":[{"href":"https:\/\/www.maquinariamarquez.com\/en\/wp-json\/wp\/v2\/pages"}],"about":[{"href":"https:\/\/www.maquinariamarquez.com\/en\/wp-json\/wp\/v2\/types\/page"}],"author":[{"embeddable":true,"href":"https:\/\/www.maquinariamarquez.com\/en\/wp-json\/wp\/v2\/users\/6"}],"replies":[{"embeddable":true,"href":"https:\/\/www.maquinariamarquez.com\/en\/wp-json\/wp\/v2\/comments?post=23019"}],"version-history":[{"count":12,"href":"https:\/\/www.maquinariamarquez.com\/en\/wp-json\/wp\/v2\/pages\/23019\/revisions"}],"predecessor-version":[{"id":35458,"href":"https:\/\/www.maquinariamarquez.com\/en\/wp-json\/wp\/v2\/pages\/23019\/revisions\/35458"}],"up":[{"embeddable":true,"href":"https:\/\/www.maquinariamarquez.com\/en\/wp-json\/wp\/v2\/pages\/22945"}],"wp:featuredmedia":[{"embeddable":true,"href":"https:\/\/www.maquinariamarquez.com\/en\/wp-json\/wp\/v2\/media\/24760"}],"wp:attachment":[{"href":"https:\/\/www.maquinariamarquez.com\/en\/wp-json\/wp\/v2\/media?parent=23019"}],"wp:term":[{"taxonomy":"geolocalizacion","embeddable":true,"href":"https:\/\/www.maquinariamarquez.com\/en\/wp-json\/wp\/v2\/geolocalizacion?post=23019"}],"curies":[{"name":"wp","href":"https:\/\/api.w.org\/{rel}","templated":true}]}}