{"id":24003,"date":"2022-06-29T13:16:43","date_gmt":"2022-06-29T11:16:43","guid":{"rendered":"https:\/\/www.maquinariamarquez.com\/?page_id=24003"},"modified":"2022-10-18T12:44:55","modified_gmt":"2022-10-18T10:44:55","slug":"fresadoras-de-columna-movil-mte","status":"publish","type":"page","link":"https:\/\/www.maquinariamarquez.com\/en\/mte_milling_machines\/fresadoras-de-columna-movil-mte\/","title":{"rendered":"Fresadoras de Columna M\u00f3vil"},"content":{"rendered":"<h2>Fresadoras de Columna M\u00f3vil MTE<\/h2>\n<p>Las opciones son el Modelo FBF-S o la serie FBF-M.<\/p>\n<ul>\n<li>\n<h3>El Modelo FBF-S.<\/h3>\n<\/li>\n<\/ul>\n<p>Es una fresadora de columna m\u00f3vil para piezas peque\u00f1as y medianas, con un recorrido vertical de hasta 2.250 mm. Dise\u00f1ada para el mecanizado en general y gracias a su gran versatilidad tambi\u00e9n usada en aplicaciones de fabricaci\u00f3n de herramientas y de moldes.<br \/>\nLa potencia y gran estabilidad de la serie FBF-S, combinando la opci\u00f3n de trabajo pendular, junto con uso de divisores CNC permite conseguir reducidos tiempos de mecanizado.<\/p>\n<ul>\n<li>\n<h3>El Modelo FBF-M.<\/h3>\n<\/li>\n<\/ul>\n<p>Cuenta con una estructura de gran estabilidad y recorridos hasta 3.000 mm en vertical, es utilizada en aplicaciones de ingeniera mec\u00e1nica y procesamiento de piezas de mediano y gran tama\u00f1o. Con posibilidad de cambio autom\u00e1tico de cabezales con cuatro modelos diferentes de cabezales, divisores rototraslantes y cambiadores de herramientas, ofrecen m\u00e1xima flexibilidad en procesos de alta precisi\u00f3n de mecanizado de piezas de gran complejidad. Tambi\u00e9n usada en el mecanizado de moldes complejos y de grandes dimensiones<\/p>\n","protected":false},"excerpt":{"rendered":"<p>Fresadoras de Columna M\u00f3vil MTE Las opciones son el Modelo FBF-S o la serie FBF-M. El Modelo FBF-S. Es una fresadora de columna m\u00f3vil para piezas peque\u00f1as y medianas, con un recorrido vertical de hasta 2.250 mm. Dise\u00f1ada para el mecanizado en general y gracias a su gran versatilidad tambi\u00e9n usada en aplicaciones de fabricaci\u00f3n [&#8230;]<\/p>\n<p><a class=\"btn btn-primary understrap-read-more-link\" href=\"https:\/\/www.maquinariamarquez.com\/en\/mte_milling_machines\/fresadoras-de-columna-movil-mte\/\">Details<\/a><\/p>\n","protected":false},"author":6,"featured_media":24025,"parent":23931,"menu_order":49,"comment_status":"closed","ping_status":"closed","template":"page-templates\/template-page-maquina.php","meta":{"_acf_changed":false,"footnotes":""},"geolocalizacion":[402,67],"class_list":["post-24003","page","type-page","status-publish","has-post-thumbnail","hentry","geolocalizacion-chile","geolocalizacion-latino"],"acf":[],"aioseo_notices":[],"_links":{"self":[{"href":"https:\/\/www.maquinariamarquez.com\/en\/wp-json\/wp\/v2\/pages\/24003","targetHints":{"allow":["GET"]}}],"collection":[{"href":"https:\/\/www.maquinariamarquez.com\/en\/wp-json\/wp\/v2\/pages"}],"about":[{"href":"https:\/\/www.maquinariamarquez.com\/en\/wp-json\/wp\/v2\/types\/page"}],"author":[{"embeddable":true,"href":"https:\/\/www.maquinariamarquez.com\/en\/wp-json\/wp\/v2\/users\/6"}],"replies":[{"embeddable":true,"href":"https:\/\/www.maquinariamarquez.com\/en\/wp-json\/wp\/v2\/comments?post=24003"}],"version-history":[{"count":5,"href":"https:\/\/www.maquinariamarquez.com\/en\/wp-json\/wp\/v2\/pages\/24003\/revisions"}],"predecessor-version":[{"id":28594,"href":"https:\/\/www.maquinariamarquez.com\/en\/wp-json\/wp\/v2\/pages\/24003\/revisions\/28594"}],"up":[{"embeddable":true,"href":"https:\/\/www.maquinariamarquez.com\/en\/wp-json\/wp\/v2\/pages\/23931"}],"wp:featuredmedia":[{"embeddable":true,"href":"https:\/\/www.maquinariamarquez.com\/en\/wp-json\/wp\/v2\/media\/24025"}],"wp:attachment":[{"href":"https:\/\/www.maquinariamarquez.com\/en\/wp-json\/wp\/v2\/media?parent=24003"}],"wp:term":[{"taxonomy":"geolocalizacion","embeddable":true,"href":"https:\/\/www.maquinariamarquez.com\/en\/wp-json\/wp\/v2\/geolocalizacion?post=24003"}],"curies":[{"name":"wp","href":"https:\/\/api.w.org\/{rel}","templated":true}]}}