{"id":37028,"date":"2024-01-03T09:33:29","date_gmt":"2024-01-03T07:33:29","guid":{"rendered":"https:\/\/www.maquinariamarquez.com\/?page_id=37028"},"modified":"2024-11-21T13:30:12","modified_gmt":"2024-11-21T11:30:12","slug":"tornos-cnc","status":"publish","type":"page","link":"https:\/\/www.maquinariamarquez.com\/en\/torno-paralelo-cnc-tos-celakovice\/tornos-cnc\/","title":{"rendered":"Tornos paralelos CNC"},"content":{"rendered":"\n<figure class=\"wp-block-table\"><table><tbody><tr><th><\/th><th class=\"has-text-align-center\" data-align=\"center\"><\/th><th class=\"has-text-align-center\" data-align=\"center\">SUA 100<\/th><th class=\"has-text-align-center\" data-align=\"center\">SUA 125<\/th><th>SUA 150<\/th><\/tr><tr><td>\u00ab\u00d8\u00bb m\u00e1ximo sobre bancada<\/td><td class=\"has-text-align-center\" data-align=\"center\">mm<\/td><td class=\"has-text-align-center\" data-align=\"center\">1.050<\/td><td class=\"has-text-align-center\" data-align=\"center\">1.250<\/td><td>1.500<\/td><\/tr><tr><td>\u00ab\u00d8\u00bb m\u00e1ximo sobre carro<\/td><td class=\"has-text-align-center\" data-align=\"center\">mm<\/td><td class=\"has-text-align-center\" data-align=\"center\">720<\/td><td class=\"has-text-align-center\" data-align=\"center\">930<\/td><td>1.190<\/td><\/tr><tr><td>Distancia entre puntos<\/td><td class=\"has-text-align-center\" data-align=\"center\">mm<\/td><td class=\"has-text-align-center\" data-align=\"center\" colspan=\"3\">2.000-16.000<\/td><\/tr><tr><td>Di\u00e1metro de la ca\u00f1a<\/td><td class=\"has-text-align-center\" data-align=\"center\"><\/td><td class=\"has-text-align-center\" data-align=\"center\" colspan=\"3\">128 (est\u00e1ndar) 140-208 (opcional)<\/td><\/tr><tr><td>Anchura de bancada<\/td><td class=\"has-text-align-center\" data-align=\"center\">mm<\/td><td class=\"has-text-align-center\" data-align=\"center\" colspan=\"3\">800<\/td><\/tr><tr><td>Peso m\u00e1ximo admisible de pieza<\/td><td class=\"has-text-align-center\" data-align=\"center\">kg<\/td><td class=\"has-text-align-center\" data-align=\"center\" colspan=\"3\">6.000 (sin luneta) 8.000 (con luneta)<\/td><\/tr><\/tbody><\/table><\/figure>\n\n\n\n<figure class=\"wp-block-gallery has-nested-images columns-default is-cropped wp-block-gallery-1 is-layout-flex wp-block-gallery-is-layout-flex\">\n<figure class=\"wp-block-image size-large\"><img alt=\"Tornos paralelos CNC\" loading=\"lazy\" decoding=\"async\" width=\"1024\" height=\"768\" data-id=\"38375\" src=\"https:\/\/www.maquinariamarquez.com\/wp-content\/uploads\/2024\/01\/SUA80_Numeric-1024x768.png\" alt=\"\" class=\"wp-image-38375\" srcset=\"https:\/\/www.maquinariamarquez.com\/wp-content\/uploads\/2024\/01\/SUA80_Numeric-1024x768.png 1024w, https:\/\/www.maquinariamarquez.com\/wp-content\/uploads\/2024\/01\/SUA80_Numeric-300x225.png 300w, https:\/\/www.maquinariamarquez.com\/wp-content\/uploads\/2024\/01\/SUA80_Numeric-768x576.png 768w, https:\/\/www.maquinariamarquez.com\/wp-content\/uploads\/2024\/01\/SUA80_Numeric-1536x1152.png 1536w, https:\/\/www.maquinariamarquez.com\/wp-content\/uploads\/2024\/01\/SUA80_Numeric.png 1600w\" sizes=\"auto, (max-width: 1024px) 100vw, 1024px\" \/><\/figure>\n\n\n\n<figure class=\"wp-block-image size-large\"><img alt=\"Tornos paralelos CNC\" loading=\"lazy\" decoding=\"async\" width=\"1024\" height=\"614\" data-id=\"38390\" src=\"https:\/\/www.maquinariamarquez.com\/wp-content\/uploads\/2024\/01\/SUA-80-Numeric-E-1024x614.webp\" alt=\"\" class=\"wp-image-38390\" srcset=\"https:\/\/www.maquinariamarquez.com\/wp-content\/uploads\/2024\/01\/SUA-80-Numeric-E-1024x614.webp 1024w, https:\/\/www.maquinariamarquez.com\/wp-content\/uploads\/2024\/01\/SUA-80-Numeric-E-300x180.webp 300w, https:\/\/www.maquinariamarquez.com\/wp-content\/uploads\/2024\/01\/SUA-80-Numeric-E-768x461.webp 768w, https:\/\/www.maquinariamarquez.com\/wp-content\/uploads\/2024\/01\/SUA-80-Numeric-E-1536x922.webp 1536w, https:\/\/www.maquinariamarquez.com\/wp-content\/uploads\/2024\/01\/SUA-80-Numeric-E-2048x1229.webp 2048w, https:\/\/www.maquinariamarquez.com\/wp-content\/uploads\/2024\/01\/SUA-80-Numeric-E-1920x1152.webp 1920w\" sizes=\"auto, (max-width: 1024px) 100vw, 1024px\" \/><\/figure>\n\n\n\n<figure class=\"wp-block-image size-large\"><img alt=\"Tornos paralelos CNC\" loading=\"lazy\" decoding=\"async\" width=\"1024\" height=\"683\" data-id=\"38387\" src=\"https:\/\/www.maquinariamarquez.com\/wp-content\/uploads\/2024\/01\/SUA-80-Numeric-D-1024x683.webp\" alt=\"\" class=\"wp-image-38387\" srcset=\"https:\/\/www.maquinariamarquez.com\/wp-content\/uploads\/2024\/01\/SUA-80-Numeric-D-1024x683.webp 1024w, https:\/\/www.maquinariamarquez.com\/wp-content\/uploads\/2024\/01\/SUA-80-Numeric-D-300x200.webp 300w, https:\/\/www.maquinariamarquez.com\/wp-content\/uploads\/2024\/01\/SUA-80-Numeric-D-768x512.webp 768w, https:\/\/www.maquinariamarquez.com\/wp-content\/uploads\/2024\/01\/SUA-80-Numeric-D-1536x1024.webp 1536w, https:\/\/www.maquinariamarquez.com\/wp-content\/uploads\/2024\/01\/SUA-80-Numeric-D-2048x1366.webp 2048w, https:\/\/www.maquinariamarquez.com\/wp-content\/uploads\/2024\/01\/SUA-80-Numeric-D-1920x1280.webp 1920w\" sizes=\"auto, (max-width: 1024px) 100vw, 1024px\" \/><\/figure>\n\n\n\n<figure class=\"wp-block-image size-large\"><img alt=\"Tornos paralelos CNC\" loading=\"lazy\" decoding=\"async\" width=\"1024\" height=\"683\" data-id=\"38384\" src=\"https:\/\/www.maquinariamarquez.com\/wp-content\/uploads\/2024\/01\/SUA-80-Numeric-C-1024x683.webp\" alt=\"\" class=\"wp-image-38384\" srcset=\"https:\/\/www.maquinariamarquez.com\/wp-content\/uploads\/2024\/01\/SUA-80-Numeric-C-1024x683.webp 1024w, https:\/\/www.maquinariamarquez.com\/wp-content\/uploads\/2024\/01\/SUA-80-Numeric-C-300x200.webp 300w, https:\/\/www.maquinariamarquez.com\/wp-content\/uploads\/2024\/01\/SUA-80-Numeric-C-768x512.webp 768w, https:\/\/www.maquinariamarquez.com\/wp-content\/uploads\/2024\/01\/SUA-80-Numeric-C-1536x1024.webp 1536w, https:\/\/www.maquinariamarquez.com\/wp-content\/uploads\/2024\/01\/SUA-80-Numeric-C-2048x1366.webp 2048w, https:\/\/www.maquinariamarquez.com\/wp-content\/uploads\/2024\/01\/SUA-80-Numeric-C-1920x1280.webp 1920w\" sizes=\"auto, (max-width: 1024px) 100vw, 1024px\" \/><\/figure>\n\n\n\n<figure class=\"wp-block-image size-large\"><img alt=\"Tornos paralelos CNC\" loading=\"lazy\" decoding=\"async\" width=\"1024\" height=\"768\" data-id=\"38381\" src=\"https:\/\/www.maquinariamarquez.com\/wp-content\/uploads\/2024\/01\/SUA-80-Numeric-B-1024x768.webp\" alt=\"\" class=\"wp-image-38381\" srcset=\"https:\/\/www.maquinariamarquez.com\/wp-content\/uploads\/2024\/01\/SUA-80-Numeric-B-1024x768.webp 1024w, https:\/\/www.maquinariamarquez.com\/wp-content\/uploads\/2024\/01\/SUA-80-Numeric-B-300x225.webp 300w, https:\/\/www.maquinariamarquez.com\/wp-content\/uploads\/2024\/01\/SUA-80-Numeric-B-768x576.webp 768w, https:\/\/www.maquinariamarquez.com\/wp-content\/uploads\/2024\/01\/SUA-80-Numeric-B-1536x1152.webp 1536w, https:\/\/www.maquinariamarquez.com\/wp-content\/uploads\/2024\/01\/SUA-80-Numeric-B.webp 1600w\" sizes=\"auto, (max-width: 1024px) 100vw, 1024px\" \/><\/figure>\n\n\n\n<figure class=\"wp-block-image size-large\"><img alt=\"Tornos paralelos CNC\" loading=\"lazy\" decoding=\"async\" width=\"1024\" height=\"683\" data-id=\"38378\" src=\"https:\/\/www.maquinariamarquez.com\/wp-content\/uploads\/2024\/01\/SUA-80-Numeric-A.webp\" alt=\"\" class=\"wp-image-38378\" srcset=\"https:\/\/www.maquinariamarquez.com\/wp-content\/uploads\/2024\/01\/SUA-80-Numeric-A.webp 1024w, https:\/\/www.maquinariamarquez.com\/wp-content\/uploads\/2024\/01\/SUA-80-Numeric-A-300x200.webp 300w, https:\/\/www.maquinariamarquez.com\/wp-content\/uploads\/2024\/01\/SUA-80-Numeric-A-768x512.webp 768w\" sizes=\"auto, (max-width: 1024px) 100vw, 1024px\" \/><\/figure>\n<\/figure>\n\n\n\n<figure class=\"wp-block-table\"><table><tbody><tr><td><\/td><th class=\"has-text-align-center\" data-align=\"center\"><\/th><th class=\"has-text-align-center\" data-align=\"center\">SUA 80 NUMERIC<\/th><\/tr><tr><td>\u00ab\u00d8\u00bb m\u00e1ximo sobre bancada<\/td><td class=\"has-text-align-center\" data-align=\"center\">mm<\/td><td class=\"has-text-align-center\" data-align=\"center\">840<\/td><\/tr><tr><td>\u00ab\u00d8\u00bb m\u00e1ximo sobre carro<\/td><td class=\"has-text-align-center\" data-align=\"center\">mm<\/td><td class=\"has-text-align-center\" data-align=\"center\">530<\/td><\/tr><tr><td>Distancia entre puntos<\/td><td class=\"has-text-align-center\" data-align=\"center\">mm<\/td><td class=\"has-text-align-center\" data-align=\"center\">1.250-8.000<\/td><\/tr><tr><td>Di\u00e1metro de la ca\u00f1a<\/td><td class=\"has-text-align-center\" data-align=\"center\"><\/td><td class=\"has-text-align-center\" data-align=\"center\">128<\/td><\/tr><tr><td>Anchura de bancada<\/td><td class=\"has-text-align-center\" data-align=\"center\">mm<\/td><td class=\"has-text-align-center\" data-align=\"center\">800<\/td><\/tr><tr><td>Peso m\u00e1ximo admisible de pieza<\/td><td class=\"has-text-align-center\" data-align=\"center\">kg<\/td><td class=\"has-text-align-center\" data-align=\"center\">6.000 (sin lunetas) 8.000 (con luneta)<\/td><\/tr><\/tbody><\/table><\/figure>\n\n\n\n<p><\/p>\n","protected":false},"excerpt":{"rendered":"<p>SUA 100 SUA 125 SUA 150 \u00ab\u00d8\u00bb m\u00e1ximo sobre bancada mm 1.050 1.250 1.500 \u00ab\u00d8\u00bb m\u00e1ximo sobre carro mm 720 930 1.190 Distancia entre puntos mm 2.000-16.000 Di\u00e1metro de la ca\u00f1a 128 (est\u00e1ndar) 140-208 (opcional) Anchura de bancada mm 800 Peso m\u00e1ximo admisible de pieza kg 6.000 (sin luneta) 8.000 (con luneta) SUA 80 NUMERIC [&#8230;]<\/p>\n<p><a class=\"btn btn-primary understrap-read-more-link\" href=\"https:\/\/www.maquinariamarquez.com\/en\/torno-paralelo-cnc-tos-celakovice\/tornos-cnc\/\">Details<\/a><\/p>\n","protected":false},"author":8,"featured_media":47040,"parent":510,"menu_order":34,"comment_status":"closed","ping_status":"closed","template":"page-templates\/template-page-maquina.php","meta":{"_acf_changed":false,"footnotes":""},"geolocalizacion":[402,67,66,68],"class_list":["post-37028","page","type-page","status-publish","has-post-thumbnail","hentry","geolocalizacion-chile","geolocalizacion-latino","geolocalizacion-portugal","geolocalizacion-europa"],"acf":[],"aioseo_notices":[],"_links":{"self":[{"href":"https:\/\/www.maquinariamarquez.com\/en\/wp-json\/wp\/v2\/pages\/37028","targetHints":{"allow":["GET"]}}],"collection":[{"href":"https:\/\/www.maquinariamarquez.com\/en\/wp-json\/wp\/v2\/pages"}],"about":[{"href":"https:\/\/www.maquinariamarquez.com\/en\/wp-json\/wp\/v2\/types\/page"}],"author":[{"embeddable":true,"href":"https:\/\/www.maquinariamarquez.com\/en\/wp-json\/wp\/v2\/users\/8"}],"replies":[{"embeddable":true,"href":"https:\/\/www.maquinariamarquez.com\/en\/wp-json\/wp\/v2\/comments?post=37028"}],"version-history":[{"count":32,"href":"https:\/\/www.maquinariamarquez.com\/en\/wp-json\/wp\/v2\/pages\/37028\/revisions"}],"predecessor-version":[{"id":47078,"href":"https:\/\/www.maquinariamarquez.com\/en\/wp-json\/wp\/v2\/pages\/37028\/revisions\/47078"}],"up":[{"embeddable":true,"href":"https:\/\/www.maquinariamarquez.com\/en\/wp-json\/wp\/v2\/pages\/510"}],"wp:featuredmedia":[{"embeddable":true,"href":"https:\/\/www.maquinariamarquez.com\/en\/wp-json\/wp\/v2\/media\/47040"}],"wp:attachment":[{"href":"https:\/\/www.maquinariamarquez.com\/en\/wp-json\/wp\/v2\/media?parent=37028"}],"wp:term":[{"taxonomy":"geolocalizacion","embeddable":true,"href":"https:\/\/www.maquinariamarquez.com\/en\/wp-json\/wp\/v2\/geolocalizacion?post=37028"}],"curies":[{"name":"wp","href":"https:\/\/api.w.org\/{rel}","templated":true}]}}