{"id":37327,"date":"2023-12-05T09:12:53","date_gmt":"2023-12-05T07:12:53","guid":{"rendered":"https:\/\/www.maquinariamarquez.com\/?page_id=37327"},"modified":"2024-05-07T12:27:42","modified_gmt":"2024-05-07T10:27:42","slug":"sector-aeronautico","status":"publish","type":"page","link":"https:\/\/www.maquinariamarquez.com\/en\/sectores\/sector-aeronautico\/","title":{"rendered":"Sector Aeron\u00e1utico"},"content":{"rendered":"\n<div class=\"wp-block-columns is-layout-flex wp-container-core-columns-is-layout-9d6595d7 wp-block-columns-is-layout-flex\">\n<div class=\"wp-block-column is-layout-flow wp-block-column-is-layout-flow\" style=\"flex-basis:33.33%\">\n<figure class=\"wp-block-image size-large\"><img alt=\"Sector Aeron\u00e1utico\" loading=\"lazy\" decoding=\"async\" width=\"1024\" height=\"700\" src=\"https:\/\/www.maquinariamarquez.com\/wp-content\/uploads\/2023\/12\/engine-casing-1024x700.jpg\" alt=\"\" class=\"wp-image-37333\" srcset=\"https:\/\/www.maquinariamarquez.com\/wp-content\/uploads\/2023\/12\/engine-casing-1024x700.jpg 1024w, https:\/\/www.maquinariamarquez.com\/wp-content\/uploads\/2023\/12\/engine-casing-300x205.jpg 300w, https:\/\/www.maquinariamarquez.com\/wp-content\/uploads\/2023\/12\/engine-casing-768x525.jpg 768w, https:\/\/www.maquinariamarquez.com\/wp-content\/uploads\/2023\/12\/engine-casing.jpg 1396w\" sizes=\"auto, (max-width: 1024px) 100vw, 1024px\" \/><\/figure>\n<\/div>\n\n\n\n<div class=\"wp-block-column is-layout-flow wp-block-column-is-layout-flow\" style=\"flex-basis:66.66%\">\n<p>El sector aeron\u00e1utico se caracteriza por unas <strong>altas exigencias de seguridad <\/strong>en sus componentes, por lo que es imprescindible unas m\u00e1quinas que ofrezcan una gran precisi\u00f3n, as\u00ed como un excelente comportamiento mec\u00e1nico.<\/p>\n\n\n\n<p>En <strong>Maquinaria M\u00e1rquez suministramos soluciones de mecanizado que garanticen la fiabilidad<\/strong> de componentes cr\u00edticos en turbocompresores, trenes de aterrizaje y las grandes secciones de la estructura de la aeronave.<\/p>\n\n\n\n<p>Un sector con predominio de la serie corta, donde se utilizan materiales desde el titanio hasta el aluminio; y donde existe un alto nivel de control de proceso, as\u00ed como un exhaustivo control de calidad.<\/p>\n\n\n\n<p><\/p>\n<\/div>\n<\/div>\n\n\n\n<div class=\"wp-block-columns is-layout-flex wp-container-core-columns-is-layout-9d6595d7 wp-block-columns-is-layout-flex\">\n<div class=\"wp-block-column is-layout-flow wp-block-column-is-layout-flow\"><div class=\"wp-block-image\">\n<figure class=\"aligncenter size-full is-resized\"><a href=\"https:\/\/www.maquinariamarquez.com\/fresadoras-trimill\/fresadora-vertical-5-ejes-vs-1614\/\"><img alt=\"Sector Aeron\u00e1utico\" loading=\"lazy\" decoding=\"async\" width=\"578\" height=\"526\" src=\"https:\/\/www.maquinariamarquez.com\/wp-content\/uploads\/2023\/12\/VS-1614.jpg\" alt=\"\" class=\"wp-image-37478\" style=\"aspect-ratio:4\/3;object-fit:contain;width:300px\" srcset=\"https:\/\/www.maquinariamarquez.com\/wp-content\/uploads\/2023\/12\/VS-1614.jpg 578w, https:\/\/www.maquinariamarquez.com\/wp-content\/uploads\/2023\/12\/VS-1614-300x273.jpg 300w\" sizes=\"auto, (max-width: 578px) 100vw, 578px\" \/><\/a><\/figure>\n<\/div>\n\n\n<div class=\"wp-block-buttons is-content-justification-center is-layout-flex wp-container-core-buttons-is-layout-16018d1d wp-block-buttons-is-layout-flex\">\n<div class=\"wp-block-button\"><a class=\"wp-block-button__link has-blue-background-color has-background wp-element-button\" href=\"https:\/\/www.maquinariamarquez.com\/fresadoras-trimill\/fresadora-vertical-5-ejes-vs-1614\/\"><strong>VS 1614<\/strong><\/a><\/div>\n<\/div>\n<\/div>\n\n\n\n<div class=\"wp-block-column is-layout-flow wp-block-column-is-layout-flow\"><div class=\"wp-block-image\">\n<figure class=\"aligncenter size-full is-resized\"><a href=\"https:\/\/www.maquinariamarquez.com\/tornos-verticales-honor-seiki\/torno-vertical-con-ram\/torno-vertical-con-ram-serie-media-vl-66-vl-86-vl-100\/\"><img alt=\"Sector Aeron\u00e1utico\" loading=\"lazy\" decoding=\"async\" width=\"531\" height=\"535\" src=\"https:\/\/www.maquinariamarquez.com\/wp-content\/uploads\/2023\/12\/VL-100-CA.jpg\" alt=\"\" class=\"wp-image-37574\" style=\"aspect-ratio:4\/3;object-fit:contain;width:300px\" srcset=\"https:\/\/www.maquinariamarquez.com\/wp-content\/uploads\/2023\/12\/VL-100-CA.jpg 531w, https:\/\/www.maquinariamarquez.com\/wp-content\/uploads\/2023\/12\/VL-100-CA-298x300.jpg 298w\" sizes=\"auto, (max-width: 531px) 100vw, 531px\" \/><\/a><\/figure>\n<\/div>\n\n\n<div class=\"wp-block-buttons is-content-justification-center is-layout-flex wp-container-core-buttons-is-layout-16018d1d wp-block-buttons-is-layout-flex\">\n<div class=\"wp-block-button\"><a class=\"wp-block-button__link has-blue-background-color has-background wp-element-button\" href=\"https:\/\/www.maquinariamarquez.com\/tornos-verticales-honor-seiki\/torno-vertical-con-ram\/torno-vertical-con-ram-serie-media-vl-66-vl-86-vl-100\/\"><strong>VL 100CA<\/strong><\/a><\/div>\n<\/div>\n<\/div>\n\n\n\n<div class=\"wp-block-column is-layout-flow wp-block-column-is-layout-flow\"><div class=\"wp-block-image\">\n<figure class=\"aligncenter size-full is-resized\"><a href=\"https:\/\/www.maquinariamarquez.com\/mandrinadora-tos-varnsdorf\/centros-de-mandrinado-fresado\/\"><img alt=\"Sector Aeron\u00e1utico\" loading=\"lazy\" decoding=\"async\" width=\"231\" height=\"148\" src=\"https:\/\/www.maquinariamarquez.com\/wp-content\/uploads\/2022\/04\/WHT-110-S.jpg\" alt=\"\" class=\"wp-image-20248\" style=\"aspect-ratio:4\/3;object-fit:contain;width:300px\"\/><\/a><\/figure>\n<\/div>\n\n\n<div class=\"wp-block-buttons is-content-justification-center is-layout-flex wp-container-core-buttons-is-layout-16018d1d wp-block-buttons-is-layout-flex\">\n<div class=\"wp-block-button\"><a class=\"wp-block-button__link has-blue-background-color has-background wp-element-button\" href=\"https:\/\/www.maquinariamarquez.com\/mandrinadora-tos-varnsdorf\/centros-de-mandrinado-fresado\/\"><strong>WHT 110<\/strong><\/a><\/div>\n<\/div>\n<\/div>\n<\/div>\n","protected":false},"excerpt":{"rendered":"<p>El sector aeron\u00e1utico se caracteriza por unas altas exigencias de seguridad en sus componentes, por lo que es imprescindible unas m\u00e1quinas que ofrezcan una gran precisi\u00f3n, as\u00ed como un excelente comportamiento mec\u00e1nico. En Maquinaria M\u00e1rquez suministramos soluciones de mecanizado que garanticen la fiabilidad de componentes cr\u00edticos en turbocompresores, trenes de aterrizaje y las grandes secciones [&#8230;]<\/p>\n<p><a class=\"btn btn-primary understrap-read-more-link\" href=\"https:\/\/www.maquinariamarquez.com\/en\/sectores\/sector-aeronautico\/\">Read more&#8230;<\/a><\/p>\n","protected":false},"author":8,"featured_media":37329,"parent":37324,"menu_order":30,"comment_status":"closed","ping_status":"closed","template":"","meta":{"_acf_changed":false,"footnotes":""},"geolocalizacion":[402,67,66,68],"class_list":["post-37327","page","type-page","status-publish","has-post-thumbnail","hentry","geolocalizacion-chile","geolocalizacion-latino","geolocalizacion-portugal","geolocalizacion-europa"],"acf":[],"aioseo_notices":[],"_links":{"self":[{"href":"https:\/\/www.maquinariamarquez.com\/en\/wp-json\/wp\/v2\/pages\/37327","targetHints":{"allow":["GET"]}}],"collection":[{"href":"https:\/\/www.maquinariamarquez.com\/en\/wp-json\/wp\/v2\/pages"}],"about":[{"href":"https:\/\/www.maquinariamarquez.com\/en\/wp-json\/wp\/v2\/types\/page"}],"author":[{"embeddable":true,"href":"https:\/\/www.maquinariamarquez.com\/en\/wp-json\/wp\/v2\/users\/8"}],"replies":[{"embeddable":true,"href":"https:\/\/www.maquinariamarquez.com\/en\/wp-json\/wp\/v2\/comments?post=37327"}],"version-history":[{"count":16,"href":"https:\/\/www.maquinariamarquez.com\/en\/wp-json\/wp\/v2\/pages\/37327\/revisions"}],"predecessor-version":[{"id":42616,"href":"https:\/\/www.maquinariamarquez.com\/en\/wp-json\/wp\/v2\/pages\/37327\/revisions\/42616"}],"up":[{"embeddable":true,"href":"https:\/\/www.maquinariamarquez.com\/en\/wp-json\/wp\/v2\/pages\/37324"}],"wp:featuredmedia":[{"embeddable":true,"href":"https:\/\/www.maquinariamarquez.com\/en\/wp-json\/wp\/v2\/media\/37329"}],"wp:attachment":[{"href":"https:\/\/www.maquinariamarquez.com\/en\/wp-json\/wp\/v2\/media?parent=37327"}],"wp:term":[{"taxonomy":"geolocalizacion","embeddable":true,"href":"https:\/\/www.maquinariamarquez.com\/en\/wp-json\/wp\/v2\/geolocalizacion?post=37327"}],"curies":[{"name":"wp","href":"https:\/\/api.w.org\/{rel}","templated":true}]}}