{"id":37359,"date":"2023-12-05T09:14:39","date_gmt":"2023-12-05T07:14:39","guid":{"rendered":"https:\/\/www.maquinariamarquez.com\/?page_id=37359"},"modified":"2023-12-05T09:29:48","modified_gmt":"2023-12-05T07:29:48","slug":"sector-ferroviario","status":"publish","type":"page","link":"https:\/\/www.maquinariamarquez.com\/en\/sectores\/sector-ferroviario\/","title":{"rendered":"Sector Ferroviario"},"content":{"rendered":"\n<div class=\"wp-block-columns is-layout-flex wp-container-core-columns-is-layout-9d6595d7 wp-block-columns-is-layout-flex\">\n<div class=\"wp-block-column is-layout-flow wp-block-column-is-layout-flow\" style=\"flex-basis:33.33%\">\n<figure class=\"wp-block-image size-full\"><img alt=\"Sector Ferroviario\" loading=\"lazy\" decoding=\"async\" width=\"552\" height=\"556\" src=\"https:\/\/www.maquinariamarquez.com\/wp-content\/uploads\/2023\/12\/VL-160C-2R-pieza1.jpg\" alt=\"\" class=\"wp-image-37361\" srcset=\"https:\/\/www.maquinariamarquez.com\/wp-content\/uploads\/2023\/12\/VL-160C-2R-pieza1.jpg 552w, https:\/\/www.maquinariamarquez.com\/wp-content\/uploads\/2023\/12\/VL-160C-2R-pieza1-298x300.jpg 298w\" sizes=\"auto, (max-width: 552px) 100vw, 552px\" \/><\/figure>\n<\/div>\n\n\n\n<div class=\"wp-block-column is-layout-flow wp-block-column-is-layout-flow\" style=\"flex-basis:66.66%\">\n<p>En el din\u00e1mico mundo del transporte ferroviario, la eficiencia es clave. En Maquinaria M\u00e1rquez, entendemos la importancia de contar con maquinaria especializada que se adapte a las demandas espec\u00edficas de este sector en constante evoluci\u00f3n y con un gran crecimiento en los pa\u00edses emergentes. Nuestra gama de equipos ferroviarios especializados est\u00e1 dise\u00f1ada para <strong>potenciar tus operaciones y garantizar un rendimiento \u00f3ptimo<\/strong> en cada etapa del proceso.<\/p>\n\n\n\n<p>Fabricaci\u00f3n de piezas de gran volumen, materiales pesados, fundiciones, forjas, materiales y formas de trabajo que requieren de medios de producci\u00f3n de gran capacidad, tanto estructural como de arranque de viruta. Es un sector que demanda gran precisi\u00f3n ya que todas las piezas ser\u00e1n sometidas a altos niveles de esfuerzos mec\u00e1nicos durante su uso. La m\u00e1quina correcta determina el \u00e9xito con el cliente final, con entrega de componentes de precisi\u00f3n en el plazo pactado y de manera eficiente.&nbsp;<\/p>\n\n\n\n<p><strong>Ofrecemos soluciones personalizadas<\/strong> para la fabricaci\u00f3n de ejes, soportes, frenos, cajas de engrase, ruedas, ra\u00edles, as\u00ed como para elementos de diferentes partes de la estructura del tren.  <\/p>\n<\/div>\n<\/div>\n\n\n\n<div class=\"wp-block-columns is-layout-flex wp-container-core-columns-is-layout-9d6595d7 wp-block-columns-is-layout-flex\">\n<div class=\"wp-block-column is-layout-flow wp-block-column-is-layout-flow\"><div class=\"wp-block-image\">\n<figure class=\"aligncenter size-full is-resized\"><a href=\"https:\/\/www.maquinariamarquez.com\/tornos-verticales-honor-seiki\/torno-vertical-con-ram\/torno-vertical-con-ram-serie-media-vl-125-vl160-vl200-vl250\/\"><img alt=\"Sector Ferroviario\" loading=\"lazy\" decoding=\"async\" width=\"1024\" height=\"923\" src=\"https:\/\/www.maquinariamarquez.com\/wp-content\/uploads\/2023\/12\/SERIE-PESADA-13-1024x923-1.jpg\" alt=\"\" class=\"wp-image-37381\" style=\"aspect-ratio:4\/3;object-fit:contain;width:400px\" srcset=\"https:\/\/www.maquinariamarquez.com\/wp-content\/uploads\/2023\/12\/SERIE-PESADA-13-1024x923-1.jpg 1024w, https:\/\/www.maquinariamarquez.com\/wp-content\/uploads\/2023\/12\/SERIE-PESADA-13-1024x923-1-300x270.jpg 300w, https:\/\/www.maquinariamarquez.com\/wp-content\/uploads\/2023\/12\/SERIE-PESADA-13-1024x923-1-768x692.jpg 768w\" sizes=\"auto, (max-width: 1024px) 100vw, 1024px\" \/><\/a><\/figure>\n<\/div>\n\n\n<div class=\"wp-block-buttons is-content-justification-center is-layout-flex wp-container-core-buttons-is-layout-16018d1d wp-block-buttons-is-layout-flex\">\n<div class=\"wp-block-button is-style-fill\"><a class=\"wp-block-button__link has-blue-background-color has-background wp-element-button\" href=\"https:\/\/www.maquinariamarquez.com\/tornos-verticales-honor-seiki\/torno-vertical-con-ram\/torno-vertical-con-ram-serie-media-vl-125-vl160-vl200-vl250\/\"><strong>VL 125<\/strong><\/a><\/div>\n<\/div>\n<\/div>\n\n\n\n<div class=\"wp-block-column is-layout-flow wp-block-column-is-layout-flow\"><div class=\"wp-block-image\">\n<figure class=\"aligncenter size-full is-resized\"><a href=\"https:\/\/www.maquinariamarquez.com\/tornos-verticales-honor-seiki\/torno-vertical-con-ram\/torno-vertical-con-ram-serie-media-vl-125-vl160-vl200-vl250\/\"><img alt=\"Sector Ferroviario\" loading=\"lazy\" decoding=\"async\" width=\"870\" height=\"713\" src=\"https:\/\/www.maquinariamarquez.com\/wp-content\/uploads\/2023\/12\/VL-160C-2R.jpg\" alt=\"\" class=\"wp-image-37378\" style=\"aspect-ratio:4\/3;object-fit:contain;width:400px\" srcset=\"https:\/\/www.maquinariamarquez.com\/wp-content\/uploads\/2023\/12\/VL-160C-2R.jpg 870w, https:\/\/www.maquinariamarquez.com\/wp-content\/uploads\/2023\/12\/VL-160C-2R-300x246.jpg 300w, https:\/\/www.maquinariamarquez.com\/wp-content\/uploads\/2023\/12\/VL-160C-2R-768x629.jpg 768w\" sizes=\"auto, (max-width: 870px) 100vw, 870px\" \/><\/a><\/figure>\n<\/div>\n\n\n<div class=\"wp-block-buttons is-content-justification-center is-layout-flex wp-container-core-buttons-is-layout-16018d1d wp-block-buttons-is-layout-flex\">\n<div class=\"wp-block-button\"><a class=\"wp-block-button__link has-blue-background-color has-background wp-element-button\" href=\"https:\/\/www.maquinariamarquez.com\/tornos-verticales-honor-seiki\/torno-vertical-con-ram\/torno-vertical-con-ram-serie-media-vl-125-vl160-vl200-vl250\/\"><strong>VL 160<\/strong><\/a><\/div>\n<\/div>\n<\/div>\n<\/div>\n","protected":false},"excerpt":{"rendered":"<p>En el din\u00e1mico mundo del transporte ferroviario, la eficiencia es clave. En Maquinaria M\u00e1rquez, entendemos la importancia de contar con maquinaria especializada que se adapte a las demandas espec\u00edficas de este sector en constante evoluci\u00f3n y con un gran crecimiento en los pa\u00edses emergentes. Nuestra gama de equipos ferroviarios especializados est\u00e1 dise\u00f1ada para potenciar tus [&#8230;]<\/p>\n<p><a class=\"btn btn-primary understrap-read-more-link\" href=\"https:\/\/www.maquinariamarquez.com\/en\/sectores\/sector-ferroviario\/\">Read more&#8230;<\/a><\/p>\n","protected":false},"author":8,"featured_media":37340,"parent":37324,"menu_order":31,"comment_status":"closed","ping_status":"closed","template":"","meta":{"_acf_changed":false,"footnotes":""},"geolocalizacion":[402,67,66,68],"class_list":["post-37359","page","type-page","status-publish","has-post-thumbnail","hentry","geolocalizacion-chile","geolocalizacion-latino","geolocalizacion-portugal","geolocalizacion-europa"],"acf":[],"aioseo_notices":[],"_links":{"self":[{"href":"https:\/\/www.maquinariamarquez.com\/en\/wp-json\/wp\/v2\/pages\/37359","targetHints":{"allow":["GET"]}}],"collection":[{"href":"https:\/\/www.maquinariamarquez.com\/en\/wp-json\/wp\/v2\/pages"}],"about":[{"href":"https:\/\/www.maquinariamarquez.com\/en\/wp-json\/wp\/v2\/types\/page"}],"author":[{"embeddable":true,"href":"https:\/\/www.maquinariamarquez.com\/en\/wp-json\/wp\/v2\/users\/8"}],"replies":[{"embeddable":true,"href":"https:\/\/www.maquinariamarquez.com\/en\/wp-json\/wp\/v2\/comments?post=37359"}],"version-history":[{"count":6,"href":"https:\/\/www.maquinariamarquez.com\/en\/wp-json\/wp\/v2\/pages\/37359\/revisions"}],"predecessor-version":[{"id":37496,"href":"https:\/\/www.maquinariamarquez.com\/en\/wp-json\/wp\/v2\/pages\/37359\/revisions\/37496"}],"up":[{"embeddable":true,"href":"https:\/\/www.maquinariamarquez.com\/en\/wp-json\/wp\/v2\/pages\/37324"}],"wp:featuredmedia":[{"embeddable":true,"href":"https:\/\/www.maquinariamarquez.com\/en\/wp-json\/wp\/v2\/media\/37340"}],"wp:attachment":[{"href":"https:\/\/www.maquinariamarquez.com\/en\/wp-json\/wp\/v2\/media?parent=37359"}],"wp:term":[{"taxonomy":"geolocalizacion","embeddable":true,"href":"https:\/\/www.maquinariamarquez.com\/en\/wp-json\/wp\/v2\/geolocalizacion?post=37359"}],"curies":[{"name":"wp","href":"https:\/\/api.w.org\/{rel}","templated":true}]}}