{"id":37370,"date":"2023-12-05T09:15:10","date_gmt":"2023-12-05T07:15:10","guid":{"rendered":"https:\/\/www.maquinariamarquez.com\/?page_id=37370"},"modified":"2023-12-05T10:50:49","modified_gmt":"2023-12-05T08:50:49","slug":"grandes-mecanizados","status":"publish","type":"page","link":"https:\/\/www.maquinariamarquez.com\/en\/sectores\/grandes-mecanizados\/","title":{"rendered":"Grandes mecanizados"},"content":{"rendered":"\n<div class=\"wp-block-columns is-layout-flex wp-container-core-columns-is-layout-9d6595d7 wp-block-columns-is-layout-flex\">\n<div class=\"wp-block-column is-layout-flow wp-block-column-is-layout-flow\" style=\"flex-basis:33.33%\"><div class=\"wp-block-image\">\n<figure class=\"aligncenter size-full\"><img alt=\"Grandes mecanizados\" loading=\"lazy\" decoding=\"async\" width=\"800\" height=\"534\" src=\"https:\/\/www.maquinariamarquez.com\/wp-content\/uploads\/2023\/12\/taladro-metal-industrial-taller-metalurgico.jpg\" alt=\"\" class=\"wp-image-37447\" srcset=\"https:\/\/www.maquinariamarquez.com\/wp-content\/uploads\/2023\/12\/taladro-metal-industrial-taller-metalurgico.jpg 800w, https:\/\/www.maquinariamarquez.com\/wp-content\/uploads\/2023\/12\/taladro-metal-industrial-taller-metalurgico-300x200.jpg 300w, https:\/\/www.maquinariamarquez.com\/wp-content\/uploads\/2023\/12\/taladro-metal-industrial-taller-metalurgico-768x513.jpg 768w\" sizes=\"auto, (max-width: 800px) 100vw, 800px\" \/><\/figure>\n<\/div><\/div>\n\n\n\n<div class=\"wp-block-column is-layout-flow wp-block-column-is-layout-flow\" style=\"flex-basis:66.66%\">\n<p>La eficiencia y la precisi\u00f3n son factores cruciales en este sector que tiene una gran competencia global.<\/p>\n\n\n\n<p>En Maquinaria M\u00e1rquez entendemos las demandas espec\u00edficas de su industria y <strong>ofrecemos soluciones para potenciar su producci\u00f3n y maximizar la calidad de sus piezas<\/strong>.<\/p>\n\n\n\n<p>Tanto el mecanizado de grandes piezas como bancadas, como el de elementos m\u00e1s peque\u00f1os, como torretas, platos de amarre, portaherramientas, husillos de bolas o tuercas; son de m\u00e1xima importancia. Todos estos elementos trabajan de forma conjunta por lo que <strong>la precisi\u00f3n debe ser un factor primordial.<\/strong><\/p>\n\n\n\n<p>En Maquinaria M\u00e1rquez, estamos comprometidos con la excelencia en el mecanizado para el sector de los bienes de equipo. Conf\u00ede en nosotros para llevar su producci\u00f3n al siguiente nivel. Cont\u00e1ctenos para conocer sus necesidades y descubrir c\u00f3mo optimizar su producci\u00f3n con la adquisici\u00f3n de la mejor tecnolog\u00eda del mercado.<\/p>\n<\/div>\n<\/div>\n\n\n\n<div class=\"wp-block-columns is-layout-flex wp-container-core-columns-is-layout-9d6595d7 wp-block-columns-is-layout-flex\">\n<div class=\"wp-block-column is-layout-flow wp-block-column-is-layout-flow\"><div class=\"wp-block-image\">\n<figure class=\"aligncenter size-large is-resized\"><a href=\"https:\/\/www.maquinariamarquez.com\/mandrinadora-tos-varnsdorf\/mandrinadoras-fresadoras-columna-movil\/mandrinadora-fresadora-de-columna-movil-pesada-wrd-170\/\"><img alt=\"Grandes mecanizados\" loading=\"lazy\" decoding=\"async\" width=\"1024\" height=\"818\" src=\"https:\/\/www.maquinariamarquez.com\/wp-content\/uploads\/2023\/12\/wrd-170-1024x818.jpg\" alt=\"\" class=\"wp-image-37431\" style=\"aspect-ratio:4\/3;object-fit:contain;width:300px\" srcset=\"https:\/\/www.maquinariamarquez.com\/wp-content\/uploads\/2023\/12\/wrd-170-1024x818.jpg 1024w, https:\/\/www.maquinariamarquez.com\/wp-content\/uploads\/2023\/12\/wrd-170-300x240.jpg 300w, https:\/\/www.maquinariamarquez.com\/wp-content\/uploads\/2023\/12\/wrd-170-768x613.jpg 768w, https:\/\/www.maquinariamarquez.com\/wp-content\/uploads\/2023\/12\/wrd-170-1536x1227.jpg 1536w, https:\/\/www.maquinariamarquez.com\/wp-content\/uploads\/2023\/12\/wrd-170.jpg 1545w\" sizes=\"auto, (max-width: 1024px) 100vw, 1024px\" \/><\/a><\/figure>\n<\/div>\n\n\n<div class=\"wp-block-buttons is-content-justification-center is-layout-flex wp-container-core-buttons-is-layout-16018d1d wp-block-buttons-is-layout-flex\">\n<div class=\"wp-block-button is-style-fill\"><a class=\"wp-block-button__link has-blue-background-color has-background wp-element-button\" href=\"https:\/\/www.maquinariamarquez.com\/mandrinadora-tos-varnsdorf\/mandrinadoras-fresadoras-columna-movil\/mandrinadora-fresadora-de-columna-movil-pesada-wrd-170\/\"><strong>WRD 170<\/strong><\/a><\/div>\n<\/div>\n<\/div>\n\n\n\n<div class=\"wp-block-column is-layout-flow wp-block-column-is-layout-flow\"><div class=\"wp-block-image\">\n<figure class=\"aligncenter size-large is-resized\"><a href=\"https:\/\/www.maquinariamarquez.com\/mandrinadora-tos-varnsdorf\/mandrinadoras\/mandrinadora-fresadora-en-cruz-whn-13-cnc-whn-15-cnc\/\"><img alt=\"Grandes mecanizados\" loading=\"lazy\" decoding=\"async\" width=\"1024\" height=\"833\" src=\"https:\/\/www.maquinariamarquez.com\/wp-content\/uploads\/2023\/12\/whn-13-1024x833.jpg\" alt=\"\" class=\"wp-image-37440\" style=\"aspect-ratio:4\/3;object-fit:contain;width:300px\" srcset=\"https:\/\/www.maquinariamarquez.com\/wp-content\/uploads\/2023\/12\/whn-13-1024x833.jpg 1024w, https:\/\/www.maquinariamarquez.com\/wp-content\/uploads\/2023\/12\/whn-13-300x244.jpg 300w, https:\/\/www.maquinariamarquez.com\/wp-content\/uploads\/2023\/12\/whn-13-768x625.jpg 768w, https:\/\/www.maquinariamarquez.com\/wp-content\/uploads\/2023\/12\/whn-13.jpg 1515w\" sizes=\"auto, (max-width: 1024px) 100vw, 1024px\" \/><\/a><\/figure>\n<\/div>\n\n\n<div class=\"wp-block-buttons is-content-justification-center is-layout-flex wp-container-core-buttons-is-layout-16018d1d wp-block-buttons-is-layout-flex\">\n<div class=\"wp-block-button is-style-fill\"><a class=\"wp-block-button__link has-blue-background-color has-background wp-element-button\" href=\"https:\/\/www.maquinariamarquez.com\/mandrinadora-tos-varnsdorf\/mandrinadoras\/mandrinadora-fresadora-en-cruz-whn-13-cnc-whn-15-cnc\/\"><strong>WHN 13<\/strong><\/a><\/div>\n<\/div>\n<\/div>\n\n\n\n<div class=\"wp-block-column is-layout-flow wp-block-column-is-layout-flow\"><div class=\"wp-block-image\">\n<figure class=\"aligncenter size-full is-resized\"><a href=\"https:\/\/www.maquinariamarquez.com\/tornos-verticales-honor-seiki\/torno-vertical-con-ram\/torno-vertical-grandes-dimensiones-vl-300-vl-400-vl-500-vl-600\/\"><img alt=\"Grandes mecanizados\" loading=\"lazy\" decoding=\"async\" width=\"838\" height=\"562\" src=\"https:\/\/www.maquinariamarquez.com\/wp-content\/uploads\/2023\/12\/VL-300.jpg\" alt=\"\" class=\"wp-image-37437\" style=\"aspect-ratio:4\/3;object-fit:contain;width:300px\" srcset=\"https:\/\/www.maquinariamarquez.com\/wp-content\/uploads\/2023\/12\/VL-300.jpg 838w, https:\/\/www.maquinariamarquez.com\/wp-content\/uploads\/2023\/12\/VL-300-300x201.jpg 300w, https:\/\/www.maquinariamarquez.com\/wp-content\/uploads\/2023\/12\/VL-300-768x515.jpg 768w\" sizes=\"auto, (max-width: 838px) 100vw, 838px\" \/><\/a><\/figure>\n<\/div>\n\n\n<div class=\"wp-block-buttons is-content-justification-center is-layout-flex wp-container-core-buttons-is-layout-16018d1d wp-block-buttons-is-layout-flex\">\n<div class=\"wp-block-button\"><a class=\"wp-block-button__link has-blue-background-color has-background wp-element-button\" href=\"https:\/\/www.maquinariamarquez.com\/tornos-verticales-honor-seiki\/torno-vertical-con-ram\/torno-vertical-grandes-dimensiones-vl-300-vl-400-vl-500-vl-600\/\"><strong>VL 300<\/strong><\/a><\/div>\n<\/div>\n<\/div>\n<\/div>\n","protected":false},"excerpt":{"rendered":"<p>La eficiencia y la precisi\u00f3n son factores cruciales en este sector que tiene una gran competencia global. En Maquinaria M\u00e1rquez entendemos las demandas espec\u00edficas de su industria y ofrecemos soluciones para potenciar su producci\u00f3n y maximizar la calidad de sus piezas. Tanto el mecanizado de grandes piezas como bancadas, como el de elementos m\u00e1s peque\u00f1os, [&#8230;]<\/p>\n<p><a class=\"btn btn-primary understrap-read-more-link\" href=\"https:\/\/www.maquinariamarquez.com\/en\/sectores\/grandes-mecanizados\/\">Read more&#8230;<\/a><\/p>\n","protected":false},"author":8,"featured_media":37557,"parent":37324,"menu_order":33,"comment_status":"closed","ping_status":"closed","template":"","meta":{"_acf_changed":false,"footnotes":""},"geolocalizacion":[402,67,66,68],"class_list":["post-37370","page","type-page","status-publish","has-post-thumbnail","hentry","geolocalizacion-chile","geolocalizacion-latino","geolocalizacion-portugal","geolocalizacion-europa"],"acf":[],"aioseo_notices":[],"_links":{"self":[{"href":"https:\/\/www.maquinariamarquez.com\/en\/wp-json\/wp\/v2\/pages\/37370","targetHints":{"allow":["GET"]}}],"collection":[{"href":"https:\/\/www.maquinariamarquez.com\/en\/wp-json\/wp\/v2\/pages"}],"about":[{"href":"https:\/\/www.maquinariamarquez.com\/en\/wp-json\/wp\/v2\/types\/page"}],"author":[{"embeddable":true,"href":"https:\/\/www.maquinariamarquez.com\/en\/wp-json\/wp\/v2\/users\/8"}],"replies":[{"embeddable":true,"href":"https:\/\/www.maquinariamarquez.com\/en\/wp-json\/wp\/v2\/comments?post=37370"}],"version-history":[{"count":10,"href":"https:\/\/www.maquinariamarquez.com\/en\/wp-json\/wp\/v2\/pages\/37370\/revisions"}],"predecessor-version":[{"id":37495,"href":"https:\/\/www.maquinariamarquez.com\/en\/wp-json\/wp\/v2\/pages\/37370\/revisions\/37495"}],"up":[{"embeddable":true,"href":"https:\/\/www.maquinariamarquez.com\/en\/wp-json\/wp\/v2\/pages\/37324"}],"wp:featuredmedia":[{"embeddable":true,"href":"https:\/\/www.maquinariamarquez.com\/en\/wp-json\/wp\/v2\/media\/37557"}],"wp:attachment":[{"href":"https:\/\/www.maquinariamarquez.com\/en\/wp-json\/wp\/v2\/media?parent=37370"}],"wp:term":[{"taxonomy":"geolocalizacion","embeddable":true,"href":"https:\/\/www.maquinariamarquez.com\/en\/wp-json\/wp\/v2\/geolocalizacion?post=37370"}],"curies":[{"name":"wp","href":"https:\/\/api.w.org\/{rel}","templated":true}]}}