{"id":37372,"date":"2023-12-05T09:16:14","date_gmt":"2023-12-05T07:16:14","guid":{"rendered":"https:\/\/www.maquinariamarquez.com\/?page_id=37372"},"modified":"2024-06-21T09:05:33","modified_gmt":"2024-06-21T07:05:33","slug":"moldes-y-matrices","status":"publish","type":"page","link":"https:\/\/www.maquinariamarquez.com\/en\/sectores\/moldes-y-matrices\/","title":{"rendered":"Moldes y matrices"},"content":{"rendered":"\n<div class=\"wp-block-columns is-layout-flex wp-container-core-columns-is-layout-9d6595d7 wp-block-columns-is-layout-flex\">\n<div class=\"wp-block-column is-layout-flow wp-block-column-is-layout-flow\" style=\"flex-basis:33.33%\"><div class=\"wp-block-image\">\n<figure class=\"aligncenter size-full\"><img alt=\"Moldes y matrices\" loading=\"lazy\" decoding=\"async\" width=\"800\" height=\"534\" src=\"https:\/\/www.maquinariamarquez.com\/wp-content\/uploads\/2023\/12\/mecanizado-sector-moldes-y-matrices.jpg\" alt=\"\" class=\"wp-image-37460\" srcset=\"https:\/\/www.maquinariamarquez.com\/wp-content\/uploads\/2023\/12\/mecanizado-sector-moldes-y-matrices.jpg 800w, https:\/\/www.maquinariamarquez.com\/wp-content\/uploads\/2023\/12\/mecanizado-sector-moldes-y-matrices-300x200.jpg 300w, https:\/\/www.maquinariamarquez.com\/wp-content\/uploads\/2023\/12\/mecanizado-sector-moldes-y-matrices-768x513.jpg 768w\" sizes=\"auto, (max-width: 800px) 100vw, 800px\" \/><\/figure>\n<\/div><\/div>\n\n\n\n<div class=\"wp-block-column is-layout-flow wp-block-column-is-layout-flow\" style=\"flex-basis:66.66%\">\n<p>Un sector muy competitivo globalmente en el que tener un <strong>proceso de trabajo eficiente es prioritario<\/strong> recurriendo a la tecnolog\u00eda m\u00e1s innovadora.<\/p>\n\n\n\n<p>Una de las caracter\u00edsticas m\u00e1s importantes de las m\u00e1quinas de mecanizado de moldes y matrices es la estabilidad de la misma para <strong>garantizar la alta precisi\u00f3n y capacidad de corte de sus piezas.<\/strong><\/p>\n\n\n\n<p>Las aplicaciones en este sector son muy amplias y requiere de capacidades espec\u00edficas de las m\u00e1quinas. En Maquinaria M\u00e1rquez le asesoramos en este proceso para optimizar su producci\u00f3n, contacte con nosotros si lo necesita.<\/p>\n<\/div>\n<\/div>\n\n\n\n<div class=\"wp-block-columns is-layout-flex wp-container-core-columns-is-layout-9d6595d7 wp-block-columns-is-layout-flex\">\n<div class=\"wp-block-column is-layout-flow wp-block-column-is-layout-flow\"><div class=\"wp-block-image\">\n<figure class=\"aligncenter size-full is-resized\"><a href=\"https:\/\/www.maquinariamarquez.com\/mandrinadora-tos-varnsdorf\/centros-de-mandrinado-fresado\/\"><img alt=\"Moldes y matrices\" loading=\"lazy\" decoding=\"async\" width=\"231\" height=\"148\" src=\"https:\/\/www.maquinariamarquez.com\/wp-content\/uploads\/2022\/04\/WHT-110-S.jpg\" alt=\"\" class=\"wp-image-20248\" style=\"aspect-ratio:4\/3;object-fit:contain;width:300px\"\/><\/a><\/figure>\n<\/div>\n\n\n<div class=\"wp-block-buttons is-content-justification-center is-layout-flex wp-container-core-buttons-is-layout-16018d1d wp-block-buttons-is-layout-flex\">\n<div class=\"wp-block-button\"><a class=\"wp-block-button__link has-blue-background-color has-background wp-element-button\" href=\"https:\/\/www.maquinariamarquez.com\/mandrinadora-tos-varnsdorf\/centros-de-mandrinado-fresado\/\"><strong>WHT 110<\/strong><\/a><\/div>\n<\/div>\n<\/div>\n\n\n\n<div class=\"wp-block-column is-layout-flow wp-block-column-is-layout-flow\"><div class=\"wp-block-image\">\n<figure class=\"aligncenter size-full is-resized\"><a href=\"https:\/\/www.maquinariamarquez.com\/fresadoras-trimill\/fresadora-vertical-5-ejes-vs-1614\/\"><img alt=\"Moldes y matrices\" loading=\"lazy\" decoding=\"async\" width=\"578\" height=\"526\" src=\"https:\/\/www.maquinariamarquez.com\/wp-content\/uploads\/2023\/12\/VS-1614.jpg\" alt=\"\" class=\"wp-image-37478\" style=\"aspect-ratio:4\/3;object-fit:contain;width:300px\" srcset=\"https:\/\/www.maquinariamarquez.com\/wp-content\/uploads\/2023\/12\/VS-1614.jpg 578w, https:\/\/www.maquinariamarquez.com\/wp-content\/uploads\/2023\/12\/VS-1614-300x273.jpg 300w\" sizes=\"auto, (max-width: 578px) 100vw, 578px\" \/><\/a><\/figure>\n<\/div>\n\n\n<div class=\"wp-block-buttons is-content-justification-center is-layout-flex wp-container-core-buttons-is-layout-16018d1d wp-block-buttons-is-layout-flex\">\n<div class=\"wp-block-button\"><a class=\"wp-block-button__link has-blue-background-color has-background wp-element-button\" href=\"https:\/\/www.maquinariamarquez.com\/fresadoras-trimill\/fresadora-vertical-5-ejes-vs-1614\/\"><strong>VS 1614<\/strong><\/a><\/div>\n<\/div>\n<\/div>\n<\/div>\n","protected":false},"excerpt":{"rendered":"<p>Un sector muy competitivo globalmente en el que tener un proceso de trabajo eficiente es prioritario recurriendo a la tecnolog\u00eda m\u00e1s innovadora. Una de las caracter\u00edsticas m\u00e1s importantes de las m\u00e1quinas de mecanizado de moldes y matrices es la estabilidad de la misma para garantizar la alta precisi\u00f3n y capacidad de corte de sus piezas. [&#8230;]<\/p>\n<p><a class=\"btn btn-primary understrap-read-more-link\" href=\"https:\/\/www.maquinariamarquez.com\/en\/sectores\/moldes-y-matrices\/\">Read more&#8230;<\/a><\/p>\n","protected":false},"author":8,"featured_media":37569,"parent":37324,"menu_order":32,"comment_status":"closed","ping_status":"closed","template":"","meta":{"_acf_changed":false,"footnotes":""},"geolocalizacion":[402,67,66,68],"class_list":["post-37372","page","type-page","status-publish","has-post-thumbnail","hentry","geolocalizacion-chile","geolocalizacion-latino","geolocalizacion-portugal","geolocalizacion-europa"],"acf":[],"aioseo_notices":[],"_links":{"self":[{"href":"https:\/\/www.maquinariamarquez.com\/en\/wp-json\/wp\/v2\/pages\/37372","targetHints":{"allow":["GET"]}}],"collection":[{"href":"https:\/\/www.maquinariamarquez.com\/en\/wp-json\/wp\/v2\/pages"}],"about":[{"href":"https:\/\/www.maquinariamarquez.com\/en\/wp-json\/wp\/v2\/types\/page"}],"author":[{"embeddable":true,"href":"https:\/\/www.maquinariamarquez.com\/en\/wp-json\/wp\/v2\/users\/8"}],"replies":[{"embeddable":true,"href":"https:\/\/www.maquinariamarquez.com\/en\/wp-json\/wp\/v2\/comments?post=37372"}],"version-history":[{"count":15,"href":"https:\/\/www.maquinariamarquez.com\/en\/wp-json\/wp\/v2\/pages\/37372\/revisions"}],"predecessor-version":[{"id":43742,"href":"https:\/\/www.maquinariamarquez.com\/en\/wp-json\/wp\/v2\/pages\/37372\/revisions\/43742"}],"up":[{"embeddable":true,"href":"https:\/\/www.maquinariamarquez.com\/en\/wp-json\/wp\/v2\/pages\/37324"}],"wp:featuredmedia":[{"embeddable":true,"href":"https:\/\/www.maquinariamarquez.com\/en\/wp-json\/wp\/v2\/media\/37569"}],"wp:attachment":[{"href":"https:\/\/www.maquinariamarquez.com\/en\/wp-json\/wp\/v2\/media?parent=37372"}],"wp:term":[{"taxonomy":"geolocalizacion","embeddable":true,"href":"https:\/\/www.maquinariamarquez.com\/en\/wp-json\/wp\/v2\/geolocalizacion?post=37372"}],"curies":[{"name":"wp","href":"https:\/\/api.w.org\/{rel}","templated":true}]}}