{"id":47942,"date":"2025-01-09T12:54:39","date_gmt":"2025-01-09T10:54:39","guid":{"rendered":"https:\/\/www.maquinariamarquez.com\/?page_id=47942"},"modified":"2025-08-05T12:25:17","modified_gmt":"2025-08-05T10:25:17","slug":"tornos-bancada-inclinada","status":"publish","type":"page","link":"https:\/\/www.maquinariamarquez.com\/en\/haitian-precision-hision\/tornos-bancada-inclinada\/","title":{"rendered":"Tornos bancada inclinada Haitian"},"content":{"rendered":"\n<h3 class=\"wp-block-heading\">TORNOS BANCADA INCLINADA LIGEROS &#8211; GU\u00cdAS LINEALES<\/h3>\n\n\n\n<p>SERIE L<\/p>\n\n\n\n<figure class=\"wp-block-table\"><table class=\"has-fixed-layout\"><tbody><tr><td><\/td><td class=\"has-text-align-center\" data-align=\"center\"><\/td><td class=\"has-text-align-center\" data-align=\"center\">L6C<\/td><td class=\"has-text-align-center\" data-align=\"center\">L6<\/td><td class=\"has-text-align-center\" data-align=\"center\">L8<\/td><td class=\"has-text-align-center\" data-align=\"center\">L8L<\/td><td class=\"has-text-align-center\" data-align=\"center\">L10<\/td><\/tr><tr><td>M\u00e1ximo di\u00e1metro sobre bancada<\/td><td class=\"has-text-align-center\" data-align=\"center\">mm<\/td><td class=\"has-text-align-center\" data-align=\"center\">440<\/td><td class=\"has-text-align-center\" data-align=\"center\">550<\/td><td class=\"has-text-align-center\" data-align=\"center\">550<\/td><td class=\"has-text-align-center\" data-align=\"center\">550<\/td><td class=\"has-text-align-center\" data-align=\"center\">620<\/td><\/tr><tr><td>M\u00e1ximo di\u00e1metro sobre carro<\/td><td class=\"has-text-align-center\" data-align=\"center\">mm<\/td><td class=\"has-text-align-center\" data-align=\"center\">220<\/td><td class=\"has-text-align-center\" data-align=\"center\">340<\/td><td class=\"has-text-align-center\" data-align=\"center\">340<\/td><td class=\"has-text-align-center\" data-align=\"center\">340<\/td><td class=\"has-text-align-center\" data-align=\"center\">410<\/td><\/tr><tr><td>M\u00e1ximo di\u00e1metro de torneado<\/td><td class=\"has-text-align-center\" data-align=\"center\">mm<\/td><td class=\"has-text-align-center\" data-align=\"center\">220<\/td><td class=\"has-text-align-center\" data-align=\"center\">300<\/td><td class=\"has-text-align-center\" data-align=\"center\">330<\/td><td class=\"has-text-align-center\" data-align=\"center\">330<\/td><td class=\"has-text-align-center\" data-align=\"center\">420<\/td><\/tr><tr><td>Longitud m\u00e1xima de torneado<\/td><td class=\"has-text-align-center\" data-align=\"center\">mm<\/td><td class=\"has-text-align-center\" data-align=\"center\">200<\/td><td class=\"has-text-align-center\" data-align=\"center\">300<\/td><td class=\"has-text-align-center\" data-align=\"center\">290<\/td><td class=\"has-text-align-center\" data-align=\"center\">520<\/td><td class=\"has-text-align-center\" data-align=\"center\">560<\/td><\/tr><\/tbody><\/table><\/figure>\n\n\n\n<h3 class=\"wp-block-heading\">TORNOS BANCADA INCLINADA<\/h3>\n\n\n\n<p>SERIE LB <\/p>\n\n\n\n<figure class=\"wp-block-table\"><table class=\"has-fixed-layout\"><tbody><tr><td class=\"has-text-align-left\" data-align=\"left\"><\/td><td class=\"has-text-align-center\" data-align=\"center\"><\/td><td class=\"has-text-align-center\" data-align=\"center\">LB8<\/td><td class=\"has-text-align-center\" data-align=\"center\">LB10<\/td><td class=\"has-text-align-center\" data-align=\"center\">LB12<\/td><td class=\"has-text-align-center\" data-align=\"center\">LB15<\/td><\/tr><tr><td class=\"has-text-align-left\" data-align=\"left\">M\u00e1ximo di\u00e1metro sobre bancada<\/td><td class=\"has-text-align-center\" data-align=\"center\">mm<\/td><td class=\"has-text-align-center\" data-align=\"center\">560<\/td><td class=\"has-text-align-center\" data-align=\"center\">650<\/td><td class=\"has-text-align-center\" data-align=\"center\">700<\/td><td class=\"has-text-align-center\" data-align=\"center\">800<\/td><\/tr><tr><td class=\"has-text-align-left\" data-align=\"left\">M\u00e1ximo di\u00e1metro sobre carro<\/td><td class=\"has-text-align-center\" data-align=\"center\">mm<\/td><td class=\"has-text-align-center\" data-align=\"center\">320<\/td><td class=\"has-text-align-center\" data-align=\"center\">420<\/td><td class=\"has-text-align-center\" data-align=\"center\">600<\/td><td class=\"has-text-align-center\" data-align=\"center\">650<\/td><\/tr><tr><td class=\"has-text-align-left\" data-align=\"left\">M\u00e1ximo di\u00e1metro de torneado<\/td><td class=\"has-text-align-center\" data-align=\"center\">mm<\/td><td class=\"has-text-align-center\" data-align=\"center\">400<\/td><td class=\"has-text-align-center\" data-align=\"center\">500<\/td><td class=\"has-text-align-center\" data-align=\"center\">630<\/td><td class=\"has-text-align-center\" data-align=\"center\">800<\/td><\/tr><tr><td class=\"has-text-align-left\" data-align=\"left\">Longitud m\u00e1xima de torneado<\/td><td class=\"has-text-align-center\" data-align=\"center\">mm<\/td><td class=\"has-text-align-center\" data-align=\"center\">548\/1000<\/td><td class=\"has-text-align-center\" data-align=\"center\">500\/1000\/1490<\/td><td class=\"has-text-align-center\" data-align=\"center\">1000\/1500\/2000<\/td><td class=\"has-text-align-center\" data-align=\"center\">1500\/2750<\/td><\/tr><\/tbody><\/table><\/figure>\n\n\n\n<p>Los tornos CNC de la serie LB est\u00e1n dise\u00f1ados con una<strong> estructura de bancada integral en fundici\u00f3n inclinada a 45\u00b0<\/strong>, y cuentan con gu\u00edas endurecidas y rectificadas de alta precisi\u00f3n. Todas las piezas de fundici\u00f3n han sido optimizadas mediante an\u00e1lisis de elementos finitos, lo que garantiza una<strong> alta precisi\u00f3n y estabilidad<\/strong> en la herramienta de trabajo.<\/p>\n\n\n\n<p>Con una <strong>interfaz autom\u00e1tica perfectamente integrada<\/strong> y un dise\u00f1o modular de protecci\u00f3n autom\u00e1tica, estos tornos est\u00e1n preparados para facilitar la implementaci\u00f3n r\u00e1pida de soluciones de automatizaci\u00f3n, ofreciendo un rendimiento confiable y eficiente.<\/p>\n","protected":false},"excerpt":{"rendered":"<p>TORNOS BANCADA INCLINADA LIGEROS &#8211; GU\u00cdAS LINEALES SERIE L L6C L6 L8 L8L L10 M\u00e1ximo di\u00e1metro sobre bancada mm 440 550 550 550 620 M\u00e1ximo di\u00e1metro sobre carro mm 220 340 340 340 410 M\u00e1ximo di\u00e1metro de torneado mm 220 300 330 330 420 Longitud m\u00e1xima de torneado mm 200 300 290 520 560 TORNOS [&#8230;]<\/p>\n<p><a class=\"btn btn-primary understrap-read-more-link\" href=\"https:\/\/www.maquinariamarquez.com\/en\/haitian-precision-hision\/tornos-bancada-inclinada\/\">Details<\/a><\/p>\n","protected":false},"author":8,"featured_media":43628,"parent":43073,"menu_order":20,"comment_status":"closed","ping_status":"closed","template":"page-templates\/template-page-maquina.php","meta":{"_acf_changed":false,"footnotes":""},"geolocalizacion":[66,68],"class_list":["post-47942","page","type-page","status-publish","has-post-thumbnail","hentry","geolocalizacion-portugal","geolocalizacion-europa"],"acf":[],"aioseo_notices":[],"_links":{"self":[{"href":"https:\/\/www.maquinariamarquez.com\/en\/wp-json\/wp\/v2\/pages\/47942","targetHints":{"allow":["GET"]}}],"collection":[{"href":"https:\/\/www.maquinariamarquez.com\/en\/wp-json\/wp\/v2\/pages"}],"about":[{"href":"https:\/\/www.maquinariamarquez.com\/en\/wp-json\/wp\/v2\/types\/page"}],"author":[{"embeddable":true,"href":"https:\/\/www.maquinariamarquez.com\/en\/wp-json\/wp\/v2\/users\/8"}],"replies":[{"embeddable":true,"href":"https:\/\/www.maquinariamarquez.com\/en\/wp-json\/wp\/v2\/comments?post=47942"}],"version-history":[{"count":15,"href":"https:\/\/www.maquinariamarquez.com\/en\/wp-json\/wp\/v2\/pages\/47942\/revisions"}],"predecessor-version":[{"id":52972,"href":"https:\/\/www.maquinariamarquez.com\/en\/wp-json\/wp\/v2\/pages\/47942\/revisions\/52972"}],"up":[{"embeddable":true,"href":"https:\/\/www.maquinariamarquez.com\/en\/wp-json\/wp\/v2\/pages\/43073"}],"wp:featuredmedia":[{"embeddable":true,"href":"https:\/\/www.maquinariamarquez.com\/en\/wp-json\/wp\/v2\/media\/43628"}],"wp:attachment":[{"href":"https:\/\/www.maquinariamarquez.com\/en\/wp-json\/wp\/v2\/media?parent=47942"}],"wp:term":[{"taxonomy":"geolocalizacion","embeddable":true,"href":"https:\/\/www.maquinariamarquez.com\/en\/wp-json\/wp\/v2\/geolocalizacion?post=47942"}],"curies":[{"name":"wp","href":"https:\/\/api.w.org\/{rel}","templated":true}]}}