{"id":53264,"date":"2025-08-21T09:13:12","date_gmt":"2025-08-21T07:13:12","guid":{"rendered":"https:\/\/www.maquinariamarquez.com\/?page_id=53264"},"modified":"2026-04-22T13:27:36","modified_gmt":"2026-04-22T11:27:36","slug":"maquinas-maquinaria-marquez-2","status":"publish","type":"page","link":"https:\/\/www.maquinariamarquez.com\/en\/maquinas-maquinaria-marquez-2\/","title":{"rendered":"Landing Maquinaria M\u00e1rquez"},"content":{"rendered":"\n<div class=\"wp-block-columns is-layout-flex wp-container-core-columns-is-layout-9d6595d7 wp-block-columns-is-layout-flex\">\n<div class=\"wp-block-column is-layout-flow wp-block-column-is-layout-flow\"><\/div>\n<\/div>\n\n\n\n<div class=\"wp-block-columns is-layout-flex wp-container-core-columns-is-layout-9d6595d7 wp-block-columns-is-layout-flex\">\n<div class=\"wp-block-column is-layout-flow wp-block-column-is-layout-flow\" style=\"flex-basis:33.33%\">\n<figure class=\"wp-block-image size-full\"><img alt=\"Landing Maquinaria M\u00e1rquez\" loading=\"lazy\" decoding=\"async\" width=\"843\" height=\"596\" src=\"https:\/\/www.maquinariamarquez.com\/wp-content\/uploads\/2021\/11\/LOGOTIPO-01.jpg\" alt=\"\" class=\"wp-image-13025\" srcset=\"https:\/\/www.maquinariamarquez.com\/wp-content\/uploads\/2021\/11\/LOGOTIPO-01.jpg 843w, https:\/\/www.maquinariamarquez.com\/wp-content\/uploads\/2021\/11\/LOGOTIPO-01-300x212.jpg 300w, https:\/\/www.maquinariamarquez.com\/wp-content\/uploads\/2021\/11\/LOGOTIPO-01-768x543.jpg 768w, https:\/\/www.maquinariamarquez.com\/wp-content\/uploads\/2021\/11\/LOGOTIPO-01-354x250.jpg 354w, https:\/\/www.maquinariamarquez.com\/wp-content\/uploads\/2021\/11\/LOGOTIPO-01-50x35.jpg 50w\" sizes=\"auto, (max-width: 843px) 100vw, 843px\" \/><\/figure>\n<\/div>\n\n\n\n<div class=\"wp-block-column is-layout-flow wp-block-column-is-layout-flow\"><\/div>\n\n\n\n<div class=\"wp-block-column is-layout-flow wp-block-column-is-layout-flow\" style=\"flex-basis:66.66%\">\n<div style=\"height:92px\" aria-hidden=\"true\" class=\"wp-block-spacer\"><\/div>\n\n\n\n<h1 class=\"wp-block-heading has-x-large-font-size\">Soluciones de M\u00e1quina Herramienta<\/h1>\n\n\n\n<p>Especialistas en compra, venta y mantenimiento de M\u00e1quina herramienta.<\/p>\n\n\n\n<div style=\"height:22px\" aria-hidden=\"true\" class=\"wp-block-spacer\"><\/div>\n<\/div>\n<\/div>\n\n\n\n<div style=\"height:18px\" aria-hidden=\"true\" class=\"wp-block-spacer\"><\/div>\n\n\n\n<div class=\"wp-block-columns is-layout-flex wp-container-core-columns-is-layout-9d6595d7 wp-block-columns-is-layout-flex\">\n<div class=\"wp-block-column is-layout-flow wp-block-column-is-layout-flow\">\n<figure class=\"wp-block-image size-full\"><a href=\"https:\/\/www.maquinariamarquez.com\/mandrinadora-tos-varnsdorf\/\"><img alt=\"Landing Maquinaria M\u00e1rquez\" data-dominant-color=\"e9c7cf\" data-has-transparency=\"false\" style=\"--dominant-color: #e9c7cf;\" loading=\"lazy\" decoding=\"async\" width=\"500\" height=\"500\" src=\"https:\/\/www.maquinariamarquez.com\/wp-content\/uploads\/2025\/10\/4.png\" alt=\"\" class=\"wp-image-54305 not-transparent\" srcset=\"https:\/\/www.maquinariamarquez.com\/wp-content\/uploads\/2025\/10\/4.png 500w, https:\/\/www.maquinariamarquez.com\/wp-content\/uploads\/2025\/10\/4-300x300.png 300w, https:\/\/www.maquinariamarquez.com\/wp-content\/uploads\/2025\/10\/4-250x250.png 250w\" sizes=\"auto, (max-width: 500px) 100vw, 500px\" \/><\/a><\/figure>\n<\/div>\n\n\n\n<div class=\"wp-block-column is-layout-flow wp-block-column-is-layout-flow\">\n<figure class=\"wp-block-image size-full\"><a href=\"https:\/\/www.maquinariamarquez.com\/haitian-precision-hision\/\"><img alt=\"Landing Maquinaria M\u00e1rquez\" data-dominant-color=\"ecedf2\" data-has-transparency=\"false\" style=\"--dominant-color: #ecedf2;\" loading=\"lazy\" decoding=\"async\" width=\"500\" height=\"500\" src=\"https:\/\/www.maquinariamarquez.com\/wp-content\/uploads\/2025\/10\/5.png\" alt=\"\" class=\"wp-image-54308 not-transparent\" srcset=\"https:\/\/www.maquinariamarquez.com\/wp-content\/uploads\/2025\/10\/5.png 500w, https:\/\/www.maquinariamarquez.com\/wp-content\/uploads\/2025\/10\/5-300x300.png 300w, https:\/\/www.maquinariamarquez.com\/wp-content\/uploads\/2025\/10\/5-250x250.png 250w\" sizes=\"auto, (max-width: 500px) 100vw, 500px\" \/><\/a><\/figure>\n<\/div>\n\n\n\n<div class=\"wp-block-column is-layout-flow wp-block-column-is-layout-flow\">\n<figure class=\"wp-block-image size-full\"><img alt=\"Landing Maquinaria M\u00e1rquez\" loading=\"lazy\" decoding=\"async\" width=\"200\" height=\"200\" src=\"https:\/\/www.maquinariamarquez.com\/wp-content\/uploads\/2024\/09\/MTElogo.jpg\" alt=\"\" class=\"wp-image-45688\"\/><\/figure>\n<\/div>\n\n\n\n<div class=\"wp-block-column is-layout-flow wp-block-column-is-layout-flow\">\n<figure class=\"wp-block-image size-full\"><a href=\"https:\/\/www.maquinariamarquez.com\/torno-paralelo-cnc-tos-celakovice\/\"><img alt=\"Landing Maquinaria M\u00e1rquez\" data-dominant-color=\"c2d0e4\" data-has-transparency=\"false\" style=\"--dominant-color: #c2d0e4;\" loading=\"lazy\" decoding=\"async\" width=\"500\" height=\"500\" src=\"https:\/\/www.maquinariamarquez.com\/wp-content\/uploads\/2025\/10\/1.png\" alt=\"\" class=\"wp-image-54323 not-transparent\" srcset=\"https:\/\/www.maquinariamarquez.com\/wp-content\/uploads\/2025\/10\/1.png 500w, https:\/\/www.maquinariamarquez.com\/wp-content\/uploads\/2025\/10\/1-300x300.png 300w, https:\/\/www.maquinariamarquez.com\/wp-content\/uploads\/2025\/10\/1-250x250.png 250w\" sizes=\"auto, (max-width: 500px) 100vw, 500px\" \/><\/a><\/figure>\n<\/div>\n\n\n\n<div class=\"wp-block-column is-layout-flow wp-block-column-is-layout-flow\">\n<figure class=\"wp-block-image size-full\"><a href=\"https:\/\/www.maquinariamarquez.com\/tornos-verticales-honor-seiki\/\"><img alt=\"Landing Maquinaria M\u00e1rquez\" data-dominant-color=\"a0adbf\" data-has-transparency=\"false\" style=\"--dominant-color: #a0adbf;\" loading=\"lazy\" decoding=\"async\" width=\"500\" height=\"500\" src=\"https:\/\/www.maquinariamarquez.com\/wp-content\/uploads\/2025\/10\/3.png\" alt=\"\" class=\"wp-image-54314 not-transparent\" srcset=\"https:\/\/www.maquinariamarquez.com\/wp-content\/uploads\/2025\/10\/3.png 500w, https:\/\/www.maquinariamarquez.com\/wp-content\/uploads\/2025\/10\/3-300x300.png 300w, https:\/\/www.maquinariamarquez.com\/wp-content\/uploads\/2025\/10\/3-250x250.png 250w\" sizes=\"auto, (max-width: 500px) 100vw, 500px\" \/><\/a><\/figure>\n<\/div>\n\n\n\n<div class=\"wp-block-column is-layout-flow wp-block-column-is-layout-flow\">\n<figure class=\"wp-block-image size-full\"><a href=\"https:\/\/sierrasdecintaparametal.com\/\"><img alt=\"Landing Maquinaria M\u00e1rquez\" data-dominant-color=\"f4ddde\" data-has-transparency=\"false\" style=\"--dominant-color: #f4ddde;\" loading=\"lazy\" decoding=\"async\" width=\"500\" height=\"500\" src=\"https:\/\/www.maquinariamarquez.com\/wp-content\/uploads\/2025\/10\/6.png\" alt=\"\" class=\"wp-image-54332 not-transparent\" srcset=\"https:\/\/www.maquinariamarquez.com\/wp-content\/uploads\/2025\/10\/6.png 500w, https:\/\/www.maquinariamarquez.com\/wp-content\/uploads\/2025\/10\/6-300x300.png 300w, https:\/\/www.maquinariamarquez.com\/wp-content\/uploads\/2025\/10\/6-250x250.png 250w\" sizes=\"auto, (max-width: 500px) 100vw, 500px\" \/><\/a><\/figure>\n<\/div>\n<\/div>\n\n\n\n<div style=\"height:18px\" aria-hidden=\"true\" class=\"wp-block-spacer\"><\/div>\n\n\n\n<div class=\"wp-block-columns is-layout-flex wp-container-core-columns-is-layout-9d6595d7 wp-block-columns-is-layout-flex\">\n<div class=\"wp-block-column is-layout-flow wp-block-column-is-layout-flow\" style=\"flex-basis:33.33%\">\n<h2 class=\"wp-block-heading has-text-align-center has-white-color has-text-color has-background has-link-color has-medium-font-size wp-elements-9a83ebc90ae90458cb61ae0495e58f88\" style=\"background-color:#006163\"><strong>MANDRINADORAS<\/strong><\/h2>\n\n\n\n<h2 class=\"wp-block-heading has-text-align-center has-white-color has-text-color has-background has-link-color has-medium-font-size wp-elements-b6e635ab2b77313d4d841eb361d41e16\" style=\"background-color:#c21c2c\"><strong>CENTROS DE MECANIZADO<\/strong><\/h2>\n\n\n\n<h2 class=\"wp-block-heading has-text-align-center has-white-color has-text-color has-background has-link-color has-medium-font-size wp-elements-c863bda34a0aa4504bf362f25c65b143\" style=\"background-color:#006163\"><strong>TORNOS VERTICALES<\/strong><\/h2>\n\n\n\n<h2 class=\"wp-block-heading has-text-align-center has-white-color has-text-color has-background has-link-color has-medium-font-size wp-elements-68f8c89616447696bff188402827a72c\" style=\"background-color:#c21c2c\"><strong>TORNOS CNC<\/strong><\/h2>\n\n\n\n<h2 class=\"wp-block-heading has-text-align-center has-white-color has-text-color has-background has-link-color has-medium-font-size wp-elements-e62ceca7089f53f0d215e1b20933d517\" style=\"background-color:#006163\"><strong>FRESADORAS<\/strong><\/h2>\n\n\n\n<h2 class=\"wp-block-heading has-text-align-center has-white-color has-text-color has-background has-link-color has-medium-font-size wp-elements-4bfdbbcc67f9e65d3d9f77bcdbf3b74e\" style=\"background-color:#c21c2c\"><strong>SIERRAS DE CINTA<\/strong><\/h2>\n<\/div>\n\n\n\n<div class=\"wp-block-column is-layout-flow wp-block-column-is-layout-flow\"><\/div>\n\n\n\n<div class=\"wp-block-column is-layout-flow wp-block-column-is-layout-flow\"><\/div>\n\n\n\n<div class=\"wp-block-column is-layout-flow wp-block-column-is-layout-flow\">\n<hr class=\"wp-block-separator has-alpha-channel-opacity\"\/>\n<\/div>\n\n\n\n<div class=\"wp-block-column is-layout-flow wp-block-column-is-layout-flow\" style=\"flex-basis:66.66%\">\n<h3 class=\"wp-block-heading has-text-align-left has-large-font-size\">Deja tus datos y contactaremos contigo.<\/h3>\n\n\n<style id=\"wpforms-css-vars-51932-block-5d2315a1-a82f-486a-af41-777d0205f116\">\n\t\t\t\t#wpforms-51932.wpforms-block-5d2315a1-a82f-486a-af41-777d0205f116 {\n\t\t\t\t--wpforms-button-background-color: #c21c2c;\n--wpforms-field-size-input-height: 50px;\n--wpforms-field-size-input-spacing: 20px;\n--wpforms-field-size-font-size: 18px;\n--wpforms-field-size-line-height: 21px;\n--wpforms-field-size-padding-h: 14px;\n--wpforms-field-size-checkbox-size: 18px;\n--wpforms-field-size-sublabel-spacing: 10px;\n--wpforms-field-size-icon-size: 1.25;\n--wpforms-label-size-font-size: 18px;\n--wpforms-label-size-line-height: 21px;\n--wpforms-label-size-sublabel-font-size: 16px;\n--wpforms-label-size-sublabel-line-height: 19px;\n--wpforms-button-size-font-size: 20px;\n--wpforms-button-size-height: 48px;\n--wpforms-button-size-padding-h: 20px;\n--wpforms-button-size-margin-top: 15px;\n\t\t\t}\n\t\t\t<\/style><div class=\"wpforms-container wpforms-container-full wpforms-block wpforms-block-5d2315a1-a82f-486a-af41-777d0205f116 wpforms-render-modern\" id=\"wpforms-51932\"><form id=\"wpforms-form-51932\" class=\"wpforms-validate wpforms-form wpforms-ajax-form\" data-formid=\"51932\" method=\"post\" enctype=\"multipart\/form-data\" action=\"\/en\/wp-json\/wp\/v2\/pages\/53264\" data-token=\"339d1b5d832459f4da3c515986253d90\" data-token-time=\"1777825116\"><noscript class=\"wpforms-error-noscript\">Please enable JavaScript in your browser to complete this form.<\/noscript><div id=\"wpforms-error-noscript\" style=\"display: none;\">Please enable JavaScript in your browser to complete this form.<\/div><div class=\"wpforms-field-container\"><div id=\"wpforms-51932-field_0-container\" class=\"wpforms-field wpforms-field-name\" data-field-id=\"0\"><label class=\"wpforms-field-label\" for=\"wpforms-51932-field_0\">NOMBRE <span class=\"wpforms-required-label\" aria-hidden=\"true\">*<\/span><\/label><input type=\"text\" id=\"wpforms-51932-field_0\" class=\"wpforms-field-large wpforms-field-required\" name=\"wpforms[fields][0]\" aria-errormessage=\"wpforms-51932-field_0-error\" required><\/div><div id=\"wpforms-51932-field_1-container\" class=\"wpforms-field wpforms-field-email\" data-field-id=\"1\"><label class=\"wpforms-field-label\" for=\"wpforms-51932-field_1\">EMAIL <span class=\"wpforms-required-label\" aria-hidden=\"true\">*<\/span><\/label><input type=\"email\" id=\"wpforms-51932-field_1\" class=\"wpforms-field-large wpforms-field-required\" name=\"wpforms[fields][1]\" spellcheck=\"false\" aria-errormessage=\"wpforms-51932-field_1-error\" required><\/div><div id=\"wpforms-51932-field_4-container\" class=\"wpforms-field wpforms-field-text\" data-field-id=\"4\"><label class=\"wpforms-field-label\" for=\"wpforms-51932-field_4\">TEL\u00c9FONO <span class=\"wpforms-required-label\" aria-hidden=\"true\">*<\/span><\/label><input type=\"text\" id=\"wpforms-51932-field_4\" class=\"wpforms-field-large wpforms-field-required\" name=\"wpforms[fields][4]\" aria-errormessage=\"wpforms-51932-field_4-error\" required><\/div><div id=\"wpforms-51932-field_5-container\" class=\"wpforms-field wpforms-field-textarea\" data-field-id=\"5\"><label class=\"wpforms-field-label\" for=\"wpforms-51932-field_5\">COMENTARIOS <span class=\"wpforms-required-label\" aria-hidden=\"true\">*<\/span><\/label><textarea id=\"wpforms-51932-field_5\" class=\"wpforms-field-medium wpforms-field-required\" name=\"wpforms[fields][5]\" aria-errormessage=\"wpforms-51932-field_5-error\" required><\/textarea><\/div><\/div><!-- .wpforms-field-container --><div class=\"wpforms-submit-container\" ><input type=\"hidden\" name=\"wpforms[id]\" value=\"51932\"><input type=\"hidden\" name=\"page_title\" value=\"\"><input type=\"hidden\" name=\"page_url\" value=\"https:\/\/www.maquinariamarquez.com\/en\/wp-json\/wp\/v2\/pages\/53264\"><input type=\"hidden\" name=\"url_referer\" value=\"\"><button type=\"submit\" name=\"wpforms[submit]\" id=\"wpforms-submit-51932\" class=\"wpforms-submit\" data-alt-text=\"Enviando...\" data-submit-text=\"ENVIAR\" aria-live=\"assertive\" value=\"wpforms-submit\">ENVIAR<\/button><img loading=\"lazy\" decoding=\"async\" src=\"https:\/\/www.maquinariamarquez.com\/wp-content\/plugins\/wpforms-lite\/assets\/images\/submit-spin.svg\" class=\"wpforms-submit-spinner\" style=\"display: none;\" width=\"26\" height=\"26\" alt=\"Loading\"><\/div><\/form><\/div>  <!-- .wpforms-container --><\/div>\n<\/div>\n\n\n\n<div style=\"height:18px\" aria-hidden=\"true\" class=\"wp-block-spacer\"><\/div>\n\n\n\n<figure class=\"wp-block-gallery has-nested-images columns-default is-cropped wp-block-gallery-1 is-layout-flex wp-block-gallery-is-layout-flex\">\n<figure class=\"wp-block-image size-large\"><img loading=\"lazy\" decoding=\"async\" width=\"1024\" height=\"680\" data-id=\"20654\" src=\"https:\/\/www.maquinariamarquez.com\/wp-content\/uploads\/2013\/07\/foto-maquina-tos-1024x680.jpg\" alt=\"wrd 150 m\u00e1quina tos\" class=\"wp-image-20654\" srcset=\"https:\/\/www.maquinariamarquez.com\/wp-content\/uploads\/2013\/07\/foto-maquina-tos-1024x680.jpg 1024w, https:\/\/www.maquinariamarquez.com\/wp-content\/uploads\/2013\/07\/foto-maquina-tos-300x199.jpg 300w, https:\/\/www.maquinariamarquez.com\/wp-content\/uploads\/2013\/07\/foto-maquina-tos-768x510.jpg 768w, https:\/\/www.maquinariamarquez.com\/wp-content\/uploads\/2013\/07\/foto-maquina-tos-1536x1020.jpg 1536w, https:\/\/www.maquinariamarquez.com\/wp-content\/uploads\/2013\/07\/foto-maquina-tos.jpg 1801w\" sizes=\"auto, (max-width: 1024px) 100vw, 1024px\" \/><\/figure>\n\n\n\n<figure class=\"wp-block-image size-large\"><img alt=\"Landing Maquinaria M\u00e1rquez\" loading=\"lazy\" decoding=\"async\" width=\"1024\" height=\"546\" data-id=\"37586\" src=\"https:\/\/www.maquinariamarquez.com\/wp-content\/uploads\/2017\/10\/centros-mecanizado-tos-home-1024x546.jpg\" alt=\"\" class=\"wp-image-37586\" srcset=\"https:\/\/www.maquinariamarquez.com\/wp-content\/uploads\/2017\/10\/centros-mecanizado-tos-home-1024x546.jpg 1024w, https:\/\/www.maquinariamarquez.com\/wp-content\/uploads\/2017\/10\/centros-mecanizado-tos-home-300x160.jpg 300w, https:\/\/www.maquinariamarquez.com\/wp-content\/uploads\/2017\/10\/centros-mecanizado-tos-home-768x410.jpg 768w, https:\/\/www.maquinariamarquez.com\/wp-content\/uploads\/2017\/10\/centros-mecanizado-tos-home.jpg 1500w\" sizes=\"auto, (max-width: 1024px) 100vw, 1024px\" \/><\/figure>\n\n\n\n<figure class=\"wp-block-image size-large\"><img alt=\"Landing Maquinaria M\u00e1rquez\" loading=\"lazy\" decoding=\"async\" width=\"1024\" height=\"546\" data-id=\"36114\" src=\"https:\/\/www.maquinariamarquez.com\/wp-content\/uploads\/2022\/04\/Mas-Kovosvit-1024x546.jpg\" alt=\"\" class=\"wp-image-36114\" srcset=\"https:\/\/www.maquinariamarquez.com\/wp-content\/uploads\/2022\/04\/Mas-Kovosvit-1024x546.jpg 1024w, https:\/\/www.maquinariamarquez.com\/wp-content\/uploads\/2022\/04\/Mas-Kovosvit-300x160.jpg 300w, https:\/\/www.maquinariamarquez.com\/wp-content\/uploads\/2022\/04\/Mas-Kovosvit-768x410.jpg 768w, https:\/\/www.maquinariamarquez.com\/wp-content\/uploads\/2022\/04\/Mas-Kovosvit.jpg 1500w\" sizes=\"auto, (max-width: 1024px) 100vw, 1024px\" \/><\/figure>\n\n\n\n<figure class=\"wp-block-image size-full\"><img alt=\"Landing Maquinaria M\u00e1rquez\" loading=\"lazy\" decoding=\"async\" width=\"800\" height=\"500\" data-id=\"44331\" src=\"https:\/\/www.maquinariamarquez.com\/wp-content\/uploads\/2024\/07\/VL-200.jpg\" alt=\"\" class=\"wp-image-44331\" srcset=\"https:\/\/www.maquinariamarquez.com\/wp-content\/uploads\/2024\/07\/VL-200.jpg 800w, https:\/\/www.maquinariamarquez.com\/wp-content\/uploads\/2024\/07\/VL-200-300x188.jpg 300w, https:\/\/www.maquinariamarquez.com\/wp-content\/uploads\/2024\/07\/VL-200-768x480.jpg 768w\" sizes=\"auto, (max-width: 800px) 100vw, 800px\" \/><\/figure>\n\n\n\n<figure class=\"wp-block-image size-large\"><img data-dominant-color=\"2b2525\" data-has-transparency=\"false\" style=\"--dominant-color: #2b2525;\" loading=\"lazy\" decoding=\"async\" width=\"1024\" height=\"788\" data-id=\"55031\" src=\"https:\/\/www.maquinariamarquez.com\/wp-content\/uploads\/2025\/12\/MTE_bancaja-fija-bf-3200-edited-1024x788.jpg\" alt=\"MTE_bancaja fija bf 3200\" class=\"wp-image-55031 not-transparent\" srcset=\"https:\/\/www.maquinariamarquez.com\/wp-content\/uploads\/2025\/12\/MTE_bancaja-fija-bf-3200-edited-1024x788.jpg 1024w, https:\/\/www.maquinariamarquez.com\/wp-content\/uploads\/2025\/12\/MTE_bancaja-fija-bf-3200-edited-300x231.jpg 300w, https:\/\/www.maquinariamarquez.com\/wp-content\/uploads\/2025\/12\/MTE_bancaja-fija-bf-3200-edited-768x591.jpg 768w, https:\/\/www.maquinariamarquez.com\/wp-content\/uploads\/2025\/12\/MTE_bancaja-fija-bf-3200-edited.jpg 1480w\" sizes=\"auto, (max-width: 1024px) 100vw, 1024px\" \/><\/figure>\n\n\n\n<figure class=\"wp-block-image size-full\"><img alt=\"Landing Maquinaria M\u00e1rquez\" loading=\"lazy\" decoding=\"async\" width=\"400\" height=\"300\" data-id=\"43631\" src=\"https:\/\/www.maquinariamarquez.com\/wp-content\/uploads\/2024\/06\/VMC-400.jpg\" alt=\"\" class=\"wp-image-43631\" srcset=\"https:\/\/www.maquinariamarquez.com\/wp-content\/uploads\/2024\/06\/VMC-400.jpg 400w, https:\/\/www.maquinariamarquez.com\/wp-content\/uploads\/2024\/06\/VMC-400-300x225.jpg 300w\" sizes=\"auto, (max-width: 400px) 100vw, 400px\" \/><\/figure>\n<\/figure>\n\n\n\n<div style=\"height:18px\" aria-hidden=\"true\" class=\"wp-block-spacer\"><\/div>\n\n\n\n<p class=\"has-text-align-center has-medium-font-size\">Ll\u00e1manos y te ayudaremos a configurar la mejor opci\u00f3n para tus necesidades:<\/p>\n\n\n\n<h2 class=\"wp-block-heading has-text-align-center\">Ll\u00e1manos al <strong><a href=\"tel:+34976571213\" target=\"_blank\" rel=\"noreferrer noopener\">+34 976 57 12 13<\/a><\/strong><br>Env\u00edanos un email a<strong> <a href=\"mailto:info@maquinariamarquez.com\" target=\"_blank\" rel=\"noreferrer noopener\">info@maquinariamarquez.com<\/a><\/strong><\/h2>\n\n\n\n<div style=\"height:100px\" aria-hidden=\"true\" class=\"wp-block-spacer\"><\/div>\n","protected":false},"excerpt":{"rendered":"<p>Soluciones de M\u00e1quina Herramienta Especialistas en compra, venta y mantenimiento de M\u00e1quina herramienta. MANDRINADORAS CENTROS DE MECANIZADO TORNOS VERTICALES TORNOS CNC FRESADORAS SIERRAS DE CINTA Deja tus datos y contactaremos contigo. Ll\u00e1manos y te ayudaremos a configurar la mejor opci\u00f3n para tus necesidades: Ll\u00e1manos al +34 976 57 12 13Env\u00edanos un email a info@maquinariamarquez.com<\/p>\n<p><a class=\"btn btn-primary understrap-read-more-link\" href=\"https:\/\/www.maquinariamarquez.com\/en\/maquinas-maquinaria-marquez-2\/\">Read more&#8230;<\/a><\/p>\n","protected":false},"author":8,"featured_media":0,"parent":0,"menu_order":1,"comment_status":"closed","ping_status":"closed","template":"page-templates\/landing.php","meta":{"_acf_changed":false,"footnotes":""},"geolocalizacion":[402,67,66,68],"class_list":["post-53264","page","type-page","status-publish","hentry","geolocalizacion-chile","geolocalizacion-latino","geolocalizacion-portugal","geolocalizacion-europa"],"acf":[],"aioseo_notices":[],"_links":{"self":[{"href":"https:\/\/www.maquinariamarquez.com\/en\/wp-json\/wp\/v2\/pages\/53264","targetHints":{"allow":["GET"]}}],"collection":[{"href":"https:\/\/www.maquinariamarquez.com\/en\/wp-json\/wp\/v2\/pages"}],"about":[{"href":"https:\/\/www.maquinariamarquez.com\/en\/wp-json\/wp\/v2\/types\/page"}],"author":[{"embeddable":true,"href":"https:\/\/www.maquinariamarquez.com\/en\/wp-json\/wp\/v2\/users\/8"}],"replies":[{"embeddable":true,"href":"https:\/\/www.maquinariamarquez.com\/en\/wp-json\/wp\/v2\/comments?post=53264"}],"version-history":[{"count":47,"href":"https:\/\/www.maquinariamarquez.com\/en\/wp-json\/wp\/v2\/pages\/53264\/revisions"}],"predecessor-version":[{"id":56289,"href":"https:\/\/www.maquinariamarquez.com\/en\/wp-json\/wp\/v2\/pages\/53264\/revisions\/56289"}],"wp:attachment":[{"href":"https:\/\/www.maquinariamarquez.com\/en\/wp-json\/wp\/v2\/media?parent=53264"}],"wp:term":[{"taxonomy":"geolocalizacion","embeddable":true,"href":"https:\/\/www.maquinariamarquez.com\/en\/wp-json\/wp\/v2\/geolocalizacion?post=53264"}],"curies":[{"name":"wp","href":"https:\/\/api.w.org\/{rel}","templated":true}]}}