{"id":14185,"date":"2017-10-17T14:21:14","date_gmt":"2017-10-17T12:21:14","guid":{"rendered":"https:\/\/www.maquinariamarquez.com\/maq-nueva\/mandriladora-fresadora-transversal-whn-13-cnc-whn-15-cnc\/"},"modified":"2017-10-17T14:21:14","modified_gmt":"2017-10-17T12:21:14","slug":"mandriladora-fresadora-transversal-whn-13-cnc-whn-15-cnc","status":"publish","type":"page","link":"https:\/\/www.maquinariamarquez.com\/pt-pt\/mandriladora-tos-varnsdorf\/mandriladoras\/mandriladora-fresadora-transversal-whn-13-cnc-whn-15-cnc\/","title":{"rendered":"Mandriladora-Fresadora transversal WHN 13 CNC \u2013 WHN 15 CNC"},"content":{"rendered":"<table>\n<tbody>\n<tr>\n<td colspan=\"2\" width=\"304\"><strong>MODELO<\/strong><\/td>\n<td width=\"131\">WHN 13<\/td>\n<td width=\"131\">WHN 15<\/td>\n<\/tr>\n<tr>\n<td colspan=\"2\" width=\"304\"><strong>CABE\u00c7A<\/strong><\/td>\n<td width=\"131\">&nbsp;<\/td>\n<td width=\"131\">&nbsp;<\/td>\n<\/tr>\n<tr>\n<td width=\"252\">Di<span lang=\"PT\" style=\"margin: 0px; font-family: 'inherit',serif; font-size: 11pt;\"><span style=\"color: #000000;\">\u00e2<\/span><\/span>metro barra de mandrilar<\/td>\n<td width=\"52\">mm<\/td>\n<td width=\"131\">130<\/td>\n<td width=\"131\">150<\/td>\n<\/tr>\n<tr>\n<td width=\"252\">Faixa de rota\u00e7\u00f5es<\/td>\n<td width=\"52\">1\/min<\/td>\n<td width=\"131\">10-3000<\/td>\n<td width=\"131\">10-3000<\/td>\n<\/tr>\n<tr>\n<td width=\"252\">Pot\u00eancia do motor principal\u00a0 S1\/S6<\/td>\n<td width=\"52\">Kw<\/td>\n<td width=\"131\">37\/46<\/td>\n<td width=\"131\">46\/55<\/td>\n<\/tr>\n<tr>\n<td width=\"252\">Torque do fuso S1\/S6<\/td>\n<td width=\"52\">Nm<\/td>\n<td width=\"131\">2502\/3111<\/td>\n<td width=\"131\">3100\/3720<\/td>\n<\/tr>\n<tr>\n<td colspan=\"2\" width=\"304\"><strong>CURSOS<\/strong><\/td>\n<td width=\"131\">&nbsp;<\/td>\n<td width=\"131\">&nbsp;<\/td>\n<\/tr>\n<tr>\n<td width=\"252\">X \u2013 Transversal, mesa<\/td>\n<td width=\"52\">mm<\/td>\n<td colspan=\"2\" width=\"263\">3500,4000,5000,6000<\/td>\n<\/tr>\n<tr>\n<td width=\"252\">Y \u2013 Vertical, cabe\u00e7a<\/td>\n<td width=\"52\">mm<\/td>\n<td colspan=\"2\" width=\"263\">2000,2500,3000,3500<\/td>\n<\/tr>\n<tr>\n<td width=\"252\">Z \u2013 Longitudinal, coluna<\/td>\n<td width=\"52\">mm<\/td>\n<td colspan=\"2\" width=\"263\">1250,1600,2200,3200<\/td>\n<\/tr>\n<tr>\n<td width=\"252\">W \u2013 Axial, barra de mandrilar<\/td>\n<td width=\"52\">mm<\/td>\n<td width=\"131\">800<\/td>\n<td width=\"131\">900<\/td>\n<\/tr>\n<tr>\n<td colspan=\"2\" width=\"304\"><strong>MESA<\/strong><\/td>\n<td width=\"131\">&nbsp;<\/td>\n<td width=\"131\">&nbsp;<\/td>\n<\/tr>\n<tr>\n<td width=\"252\">Dimens\u00f5es da mesa<\/td>\n<td width=\"52\">mm<\/td>\n<td colspan=\"2\" width=\"263\">1800&#215;1800, 1800&#215;2200, 1800&#215;2500, 2000&#215;3000, 2500&#215;3000<\/td>\n<\/tr>\n<tr>\n<td width=\"252\">Capacidade de carga<\/td>\n<td width=\"52\">Kg<\/td>\n<td colspan=\"2\" width=\"263\">12000,16000,18000,25000<\/td>\n<\/tr>\n<\/tbody>\n<\/table>\n","protected":false},"excerpt":{"rendered":"<p>O curso vertical da mandriladora que atinge at\u00e9 3.500 mil\u00edmetros, 6.000 mil\u00edmetros no seu eixo transversal e 3.000 mil\u00edmetros no recuo da coluna, com uma capacidade \u00fatil de 25 T, fazem dela a melhor op\u00e7\u00e3o na sua categoria no que diz respeito \u00e0 rela\u00e7\u00e3o qualidade-pre\u00e7o. Entre os v\u00e1rios equipamentos opcionais dispon\u00edveis est\u00e3o as cabe\u00e7as universais, manuais e autom\u00e1ticas, porta-ferramentas com at\u00e9 120 posi\u00e7\u00f5es, sistemas paletizados de mesa, refrigera\u00e7\u00e3o interna, etc.<\/p>\n<p><a class=\"btn btn-primary understrap-read-more-link\" href=\"https:\/\/www.maquinariamarquez.com\/pt-pt\/mandriladora-tos-varnsdorf\/mandriladoras\/mandriladora-fresadora-transversal-whn-13-cnc-whn-15-cnc\/\">Veja detalhes<\/a><\/p>\n","protected":false},"author":1,"featured_media":16154,"parent":14786,"menu_order":139,"comment_status":"closed","ping_status":"open","template":"page-templates\/template-page-maquina.php","meta":{"_acf_changed":false,"footnotes":""},"geolocalizacion":[404,396,394,398],"class_list":["post-14185","page","type-page","status-publish","has-post-thumbnail","hentry","geolocalizacion-chile-pt-pt","geolocalizacion-latino-pt-pt","geolocalizacion-portugal-pt-pt","geolocalizacion-europa-pt-pt"],"acf":[],"aioseo_notices":[],"_links":{"self":[{"href":"https:\/\/www.maquinariamarquez.com\/pt-pt\/wp-json\/wp\/v2\/pages\/14185","targetHints":{"allow":["GET"]}}],"collection":[{"href":"https:\/\/www.maquinariamarquez.com\/pt-pt\/wp-json\/wp\/v2\/pages"}],"about":[{"href":"https:\/\/www.maquinariamarquez.com\/pt-pt\/wp-json\/wp\/v2\/types\/page"}],"author":[{"embeddable":true,"href":"https:\/\/www.maquinariamarquez.com\/pt-pt\/wp-json\/wp\/v2\/users\/1"}],"replies":[{"embeddable":true,"href":"https:\/\/www.maquinariamarquez.com\/pt-pt\/wp-json\/wp\/v2\/comments?post=14185"}],"version-history":[{"count":0,"href":"https:\/\/www.maquinariamarquez.com\/pt-pt\/wp-json\/wp\/v2\/pages\/14185\/revisions"}],"up":[{"embeddable":true,"href":"https:\/\/www.maquinariamarquez.com\/pt-pt\/wp-json\/wp\/v2\/pages\/14786"}],"wp:featuredmedia":[{"embeddable":true,"href":"https:\/\/www.maquinariamarquez.com\/pt-pt\/wp-json\/wp\/v2\/media\/16154"}],"wp:attachment":[{"href":"https:\/\/www.maquinariamarquez.com\/pt-pt\/wp-json\/wp\/v2\/media?parent=14185"}],"wp:term":[{"taxonomy":"geolocalizacion","embeddable":true,"href":"https:\/\/www.maquinariamarquez.com\/pt-pt\/wp-json\/wp\/v2\/geolocalizacion?post=14185"}],"curies":[{"name":"wp","href":"https:\/\/api.w.org\/{rel}","templated":true}]}}