{"id":14191,"date":"2017-10-17T14:24:17","date_gmt":"2017-10-17T12:24:17","guid":{"rendered":"https:\/\/www.maquinariamarquez.com\/maq-nueva\/mandriladora-horizontal-wh10-cnc\/"},"modified":"2017-10-17T14:24:17","modified_gmt":"2017-10-17T12:24:17","slug":"mandriladora-horizontal-wh10-cnc","status":"publish","type":"page","link":"https:\/\/www.maquinariamarquez.com\/pt-pt\/mandriladora-tos-varnsdorf\/mandriladoras\/mandriladora-horizontal-wh10-cnc\/","title":{"rendered":"Mandriladora horizontal WH10 CNC"},"content":{"rendered":"<table width=\"567\">\n<tbody>\n<tr>\n<td colspan=\"2\" width=\"330\"><strong>MODELO<\/strong><\/td>\n<td width=\"237\">WH 10 CNC<\/td>\n<\/tr>\n<tr>\n<td colspan=\"2\" width=\"330\"><strong>CABE\u00c7A<\/strong><\/td>\n<td width=\"237\">&nbsp;<\/td>\n<\/tr>\n<tr>\n<td width=\"255\">Di\u00e2metro barra de mandrilar<\/td>\n<td width=\"76\">mm<\/td>\n<td width=\"237\">100<\/td>\n<\/tr>\n<tr>\n<td width=\"255\">Faixa de rota\u00e7\u00f5es<\/td>\n<td width=\"76\">1\/min<\/td>\n<td width=\"237\">10-2500<\/td>\n<\/tr>\n<tr>\n<td width=\"255\">Pot\u00eancia do motor principal\u00a0 S1\/S6<\/td>\n<td width=\"76\">Kw<\/td>\n<td width=\"237\">20\/25<\/td>\n<\/tr>\n<tr>\n<td width=\"255\">Torque do fuso\u00a0 S1\/S6<\/td>\n<td width=\"76\">Nm<\/td>\n<td width=\"237\">1640\/2050<\/td>\n<\/tr>\n<tr>\n<td colspan=\"2\" width=\"330\"><strong>CURSOS<\/strong><\/td>\n<td width=\"237\">&nbsp;<\/td>\n<\/tr>\n<tr>\n<td width=\"255\">X \u2013 Transversal, mesa<\/td>\n<td width=\"76\">mm<\/td>\n<td width=\"237\">1250<\/td>\n<\/tr>\n<tr>\n<td width=\"255\">Y \u2013 Vertical, cabe\u00e7a<\/td>\n<td width=\"76\">mm<\/td>\n<td width=\"237\">1100<\/td>\n<\/tr>\n<tr>\n<td width=\"255\">Z \u2013 Longitudinal, coluna<\/td>\n<td width=\"76\">mm<\/td>\n<td width=\"237\">940<\/td>\n<\/tr>\n<tr>\n<td width=\"255\">W \u2013 Axial, barra de mandrilar<\/td>\n<td width=\"76\">mm<\/td>\n<td width=\"237\">710<\/td>\n<\/tr>\n<tr>\n<td colspan=\"2\" width=\"330\"><strong>MESA<\/strong><\/td>\n<td width=\"237\">&nbsp;<\/td>\n<\/tr>\n<tr>\n<td width=\"255\">Dimens\u00f5es da mesa<\/td>\n<td width=\"76\">mm<\/td>\n<td width=\"237\">1000&#215;1120<\/td>\n<\/tr>\n<tr>\n<td width=\"255\">Capacidade de carga<\/td>\n<td width=\"76\">Kg<\/td>\n<td width=\"237\">3000<\/td>\n<\/tr>\n<\/tbody>\n<\/table>\n","protected":false},"excerpt":{"rendered":"<p>MODELO WH 10 CNC CABE\u00c7A &nbsp; Di\u00e2metro barra de mandrilar mm 100 Faixa de rota\u00e7\u00f5es 1\/min 10-2500 Pot\u00eancia do motor principal\u00a0 S1\/S6 Kw 20\/25 Torque do fuso\u00a0 S1\/S6 Nm 1640\/2050 CURSOS &nbsp; X \u2013 Transversal, mesa mm 1250 Y \u2013 Vertical, cabe\u00e7a mm 1100 Z \u2013 Longitudinal, coluna mm 940 W \u2013 Axial, barra de [&#8230;]<\/p>\n<p><a class=\"btn btn-primary understrap-read-more-link\" href=\"https:\/\/www.maquinariamarquez.com\/pt-pt\/mandriladora-tos-varnsdorf\/mandriladoras\/mandriladora-horizontal-wh10-cnc\/\">Veja detalhes<\/a><\/p>\n","protected":false},"author":1,"featured_media":15586,"parent":14786,"menu_order":145,"comment_status":"closed","ping_status":"open","template":"page-templates\/template-page-maquina.php","meta":{"_acf_changed":false,"footnotes":""},"geolocalizacion":[404,396,394,398],"class_list":["post-14191","page","type-page","status-publish","has-post-thumbnail","hentry","geolocalizacion-chile-pt-pt","geolocalizacion-latino-pt-pt","geolocalizacion-portugal-pt-pt","geolocalizacion-europa-pt-pt"],"acf":[],"aioseo_notices":[],"_links":{"self":[{"href":"https:\/\/www.maquinariamarquez.com\/pt-pt\/wp-json\/wp\/v2\/pages\/14191","targetHints":{"allow":["GET"]}}],"collection":[{"href":"https:\/\/www.maquinariamarquez.com\/pt-pt\/wp-json\/wp\/v2\/pages"}],"about":[{"href":"https:\/\/www.maquinariamarquez.com\/pt-pt\/wp-json\/wp\/v2\/types\/page"}],"author":[{"embeddable":true,"href":"https:\/\/www.maquinariamarquez.com\/pt-pt\/wp-json\/wp\/v2\/users\/1"}],"replies":[{"embeddable":true,"href":"https:\/\/www.maquinariamarquez.com\/pt-pt\/wp-json\/wp\/v2\/comments?post=14191"}],"version-history":[{"count":0,"href":"https:\/\/www.maquinariamarquez.com\/pt-pt\/wp-json\/wp\/v2\/pages\/14191\/revisions"}],"up":[{"embeddable":true,"href":"https:\/\/www.maquinariamarquez.com\/pt-pt\/wp-json\/wp\/v2\/pages\/14786"}],"wp:featuredmedia":[{"embeddable":true,"href":"https:\/\/www.maquinariamarquez.com\/pt-pt\/wp-json\/wp\/v2\/media\/15586"}],"wp:attachment":[{"href":"https:\/\/www.maquinariamarquez.com\/pt-pt\/wp-json\/wp\/v2\/media?parent=14191"}],"wp:term":[{"taxonomy":"geolocalizacion","embeddable":true,"href":"https:\/\/www.maquinariamarquez.com\/pt-pt\/wp-json\/wp\/v2\/geolocalizacion?post=14191"}],"curies":[{"name":"wp","href":"https:\/\/api.w.org\/{rel}","templated":true}]}}