{"id":14194,"date":"2017-10-17T14:24:28","date_gmt":"2017-10-17T12:24:28","guid":{"rendered":"https:\/\/www.maquinariamarquez.com\/maq-nueva\/mandriladora-fresadora-convencional-w100-a\/"},"modified":"2017-10-17T14:24:28","modified_gmt":"2017-10-17T12:24:28","slug":"mandriladora-fresadora-convencional-w100-a","status":"publish","type":"page","link":"https:\/\/www.maquinariamarquez.com\/pt-pt\/mandriladora-tos-varnsdorf\/mandriladoras\/mandriladora-fresadora-convencional-w100-a\/","title":{"rendered":"Mandriladora-Fresadora convencional W100 A"},"content":{"rendered":"<table width=\"684\">\n<tbody>\n<tr>\n<td colspan=\"2\" width=\"264\"><strong>MODELO<\/strong><\/td>\n<td width=\"303\">W100 A<\/td>\n<\/tr>\n<tr>\n<td colspan=\"2\" width=\"264\"><strong>CABE\u00c7A<\/strong><\/td>\n<td width=\"303\"><\/td>\n<\/tr>\n<tr>\n<td width=\"208\">Di\u00e2metro barra de mandrilar<\/td>\n<td width=\"57\">mm<\/td>\n<td width=\"303\">100<\/td>\n<\/tr>\n<tr>\n<td width=\"208\">Faixa de rota\u00e7\u00f5es<\/td>\n<td width=\"57\">1\/min<\/td>\n<td width=\"303\">7,1-1120<\/td>\n<\/tr>\n<tr>\n<td width=\"208\">Pot\u00eancia do motor principal<\/td>\n<td width=\"57\">Kw<\/td>\n<td width=\"303\">11<\/td>\n<\/tr>\n<tr>\n<td width=\"208\">Torque do fuso\u00a0 S1\/S6<\/td>\n<td width=\"57\">Nm<\/td>\n<td width=\"303\">78,5\/3350<\/td>\n<\/tr>\n<tr>\n<td colspan=\"2\" width=\"264\"><strong>CURSOS<\/strong><\/td>\n<td width=\"303\"><\/td>\n<\/tr>\n<tr>\n<td width=\"208\">X \u2013 Transversal, mesa<\/td>\n<td width=\"57\">mm<\/td>\n<td width=\"303\">1600<\/td>\n<\/tr>\n<tr>\n<td width=\"208\">Y \u2013 Vertical, cabe\u00e7a<\/td>\n<td width=\"57\">mm<\/td>\n<td width=\"303\">1120<\/td>\n<\/tr>\n<tr>\n<td width=\"208\">Z \u2013 Longitudinal, coluna<\/td>\n<td width=\"57\">mm<\/td>\n<td width=\"303\">810, 1250, 1750<\/td>\n<\/tr>\n<tr>\n<td width=\"208\">W \u2013 Axial, barra de mandrilar<\/td>\n<td width=\"57\">mm<\/td>\n<td width=\"303\">900<\/td>\n<\/tr>\n<tr>\n<td colspan=\"2\" width=\"264\"><strong>MESA<\/strong><\/td>\n<td width=\"303\"><\/td>\n<\/tr>\n<tr>\n<td width=\"208\">Dimens\u00f5es da mesa<\/td>\n<td width=\"57\">mm<\/td>\n<td width=\"303\">1250&#215;1250<\/td>\n<\/tr>\n<tr>\n<td width=\"208\">Capacidade de carga<\/td>\n<td width=\"57\">Kg<\/td>\n<td width=\"303\">3000<\/td>\n<\/tr>\n<\/tbody>\n<\/table>\n","protected":false},"excerpt":{"rendered":"<p><span lang=\"PT\" style=\"margin: 0px; color: #6b6b6b; font-family: 'Helvetica',sans-serif; font-size: 11pt;\">O modelo W100A \u00e9 o modelo cl\u00e1ssico de mandriladora convencional com varias d\u00e9cadas de sucesso, ideal para trabalhos de manuten\u00e7\u00e3o e repara\u00e7\u00e3o. Opcionalmente, podem ser instalados elementos digitais Fagor, o sistema de posicionamento autom\u00e1tico Positip e cabe\u00e7as universais com aperto mec\u00e2nico ou hidr\u00e1ulico<\/span>.<\/p>\n<p><a class=\"btn btn-primary understrap-read-more-link\" href=\"https:\/\/www.maquinariamarquez.com\/pt-pt\/mandriladora-tos-varnsdorf\/mandriladoras\/mandriladora-fresadora-convencional-w100-a\/\">Veja detalhes<\/a><\/p>\n","protected":false},"author":1,"featured_media":15590,"parent":14786,"menu_order":148,"comment_status":"closed","ping_status":"open","template":"page-templates\/template-page-maquina.php","meta":{"_acf_changed":false,"footnotes":""},"geolocalizacion":[404,396,394,398],"class_list":["post-14194","page","type-page","status-publish","has-post-thumbnail","hentry","geolocalizacion-chile-pt-pt","geolocalizacion-latino-pt-pt","geolocalizacion-portugal-pt-pt","geolocalizacion-europa-pt-pt"],"acf":[],"aioseo_notices":[],"_links":{"self":[{"href":"https:\/\/www.maquinariamarquez.com\/pt-pt\/wp-json\/wp\/v2\/pages\/14194","targetHints":{"allow":["GET"]}}],"collection":[{"href":"https:\/\/www.maquinariamarquez.com\/pt-pt\/wp-json\/wp\/v2\/pages"}],"about":[{"href":"https:\/\/www.maquinariamarquez.com\/pt-pt\/wp-json\/wp\/v2\/types\/page"}],"author":[{"embeddable":true,"href":"https:\/\/www.maquinariamarquez.com\/pt-pt\/wp-json\/wp\/v2\/users\/1"}],"replies":[{"embeddable":true,"href":"https:\/\/www.maquinariamarquez.com\/pt-pt\/wp-json\/wp\/v2\/comments?post=14194"}],"version-history":[{"count":0,"href":"https:\/\/www.maquinariamarquez.com\/pt-pt\/wp-json\/wp\/v2\/pages\/14194\/revisions"}],"up":[{"embeddable":true,"href":"https:\/\/www.maquinariamarquez.com\/pt-pt\/wp-json\/wp\/v2\/pages\/14786"}],"wp:featuredmedia":[{"embeddable":true,"href":"https:\/\/www.maquinariamarquez.com\/pt-pt\/wp-json\/wp\/v2\/media\/15590"}],"wp:attachment":[{"href":"https:\/\/www.maquinariamarquez.com\/pt-pt\/wp-json\/wp\/v2\/media?parent=14194"}],"wp:term":[{"taxonomy":"geolocalizacion","embeddable":true,"href":"https:\/\/www.maquinariamarquez.com\/pt-pt\/wp-json\/wp\/v2\/geolocalizacion?post=14194"}],"curies":[{"name":"wp","href":"https:\/\/api.w.org\/{rel}","templated":true}]}}