{"id":14200,"date":"2017-10-17T16:22:31","date_gmt":"2017-10-17T14:22:31","guid":{"rendered":"https:\/\/www.maquinariamarquez.com\/maq-nueva\/mandriladora-fresadora-de-coluna-movel-wrd-130-cnc-wrd-150-cnc\/"},"modified":"2017-10-17T16:22:31","modified_gmt":"2017-10-17T14:22:31","slug":"mandriladora-fresadora-de-coluna-movel-wrd-130-cnc-wrd-150-cnc","status":"publish","type":"page","link":"https:\/\/www.maquinariamarquez.com\/pt-pt\/mandriladora-tos-varnsdorf\/mandriladoras-fresadoras-coluna-movel\/mandriladora-fresadora-de-coluna-movel-wrd-130-cnc-wrd-150-cnc\/","title":{"rendered":"Mandriladora-Fresadora de coluna m\u00f3vel WRD 130 CNC \u2013 WRD 150 CNC"},"content":{"rendered":"<table width=\"684\">\n<tbody>\n<tr>\n<td colspan=\"2\" width=\"295\"><strong>MODELO<\/strong><\/td>\n<td width=\"147\"><strong>WRD 130 CNC<\/strong><\/td>\n<td width=\"125\"><strong>WRD 150 CNC<\/strong><\/td>\n<\/tr>\n<tr>\n<td colspan=\"2\" width=\"295\"><strong>CURSOS<\/strong><\/td>\n<td colspan=\"2\" width=\"272\"><\/td>\n<\/tr>\n<tr>\n<td width=\"225\">X \u2013 Longitudinal, coluna<\/td>\n<td width=\"69\">mm<\/td>\n<td colspan=\"2\" width=\"272\">5000-27000, em sec\u00e7\u00f5es de 2000<\/td>\n<\/tr>\n<tr>\n<td width=\"225\">Y \u2013 Vertical, cabe\u00e7a<\/td>\n<td width=\"69\">mm<\/td>\n<td colspan=\"2\" width=\"272\">2000-5000, em sec\u00e7\u00f5es de 500<\/td>\n<\/tr>\n<tr>\n<td width=\"225\">Z \u2013 Transversal, RAM<\/td>\n<td width=\"69\">mm<\/td>\n<td colspan=\"2\" width=\"272\">1200<\/td>\n<\/tr>\n<tr>\n<td colspan=\"2\" width=\"295\"><strong>CABE\u00c7A<\/strong><\/td>\n<td colspan=\"2\" width=\"272\"><\/td>\n<\/tr>\n<tr>\n<td width=\"225\">Sec\u00e7\u00e3o de RAM<\/td>\n<td width=\"69\">mm<\/td>\n<td colspan=\"2\" width=\"272\">450&#215;450<\/td>\n<\/tr>\n<tr>\n<td width=\"225\">Di\u00e2metro barra de mandrilar<\/td>\n<td width=\"69\">mm<\/td>\n<td width=\"147\">130<\/td>\n<td width=\"125\">150<\/td>\n<\/tr>\n<tr>\n<td width=\"225\">W \u2013 Axial, barra de mandrilar<\/td>\n<td width=\"69\">mm<\/td>\n<td width=\"147\">700<\/td>\n<td width=\"125\">800<\/td>\n<\/tr>\n<tr>\n<td width=\"225\">Pot\u00eancia da cabe\u00e7a S1\/S6<\/td>\n<td width=\"69\">Kw<\/td>\n<td width=\"147\">37\/46<\/td>\n<td width=\"125\">51\/65<\/td>\n<\/tr>\n<tr>\n<td width=\"225\">Velocidade do fuso<\/td>\n<td width=\"69\">1\/min<\/td>\n<td width=\"147\">10-3000<\/td>\n<td width=\"125\">10-2500<\/td>\n<\/tr>\n<tr>\n<td width=\"225\">Torque do fuso S1\/S6<\/td>\n<td width=\"69\">Nm<\/td>\n<td width=\"147\">2535\/3152<\/td>\n<td width=\"125\">2460\/3138<\/td>\n<\/tr>\n<tr>\n<td colspan=\"2\" width=\"295\"><strong>AVAN\u00c7OS R\u00c1PIDOS<\/strong><\/td>\n<td colspan=\"2\" width=\"272\"><\/td>\n<\/tr>\n<tr>\n<td width=\"225\">X,Y,Z<\/td>\n<td width=\"69\">mm\/min<\/td>\n<td colspan=\"2\" width=\"272\">24000<\/td>\n<\/tr>\n<tr>\n<td width=\"225\">W<\/td>\n<td width=\"69\">mm\/min<\/td>\n<td colspan=\"2\" width=\"272\">12000<\/td>\n<\/tr>\n<\/tbody>\n<\/table>\n","protected":false},"excerpt":{"rendered":"<p>\u2022 A mandriladora-fresadora TOS Varnsdorf WRD 150 possui tr\u00eas variantes de barras de mandrilar, com di\u00e2metros de 130, 150 e 160 mm, com um alto n\u00edvel de rota\u00e7\u00f5es, embora estejam montados com a mesma cabe\u00e7a e a mesma RAM. Tanto a placa de base como a coluna s\u00e3o de ferro fundido, fazendo com que esta m\u00e1quina seja muito est\u00e1vel e possua, ao mesmo tempo, uma grande din\u00e2mica. A orienta\u00e7\u00e3o dos carros \u00e9 feita por guias lineares de grandes dimens\u00f5es e com um grande n\u00famero de compartimentos. O avan\u00e7o da coluna \u00e9 realizado por meio de uma cremalheira e dois motores com caixa de engrenagem que s\u00e3o comandados pelo CNC e que operam em sistema mestre-escravo.<br \/>\n\u2022 A precis\u00e3o da mecaniza\u00e7\u00e3o \u00e9 garantida pelo sistema de compensa\u00e7\u00e3o de diminui\u00e7\u00e3o da RAM, que consiste na articula\u00e7\u00e3o da arma\u00e7\u00e3o que suporta a RAM no carro de deslocamento vertical em que se apoia. A articula\u00e7\u00e3o \u00e9 realizada por meio de um exc\u00eantrico e um motor de engrenagem controlado pelo CNC ajustado de acordo com a sa\u00edda da RAM e do fuso, em cada momento, e as diferentes cabe\u00e7as que possam estar instaladas.<br \/>\n\u2022 Esta m\u00e1quina pode ser equipada com todos os tipos de cabe\u00e7as de posicionamento autom\u00e1tico, quer de posicionamento \u00e0 mil\u00e9sima como no HUF, quer de posicionamento grau a grau, como no caso da cabe\u00e7a ortogonal HOI.<br \/>\n\u2022 Tamb\u00e9m pode ser instalado um prato de mandrilar fabricado pela pr\u00f3pria TOS, controlado pelo CNC atrav\u00e9s do movimento do fuso como um prato de mandrilar D&#8217;Andrea que opera como um eixo mais.<br \/>\n\u2022 \u00c9 poss\u00edvel integrar mesas rotativas fabricadas pela TOS Varnsdorf at\u00e9 80 T e mesas basculantes.<\/p>\n<p><a class=\"btn btn-primary understrap-read-more-link\" href=\"https:\/\/www.maquinariamarquez.com\/pt-pt\/mandriladora-tos-varnsdorf\/mandriladoras-fresadoras-coluna-movel\/mandriladora-fresadora-de-coluna-movel-wrd-130-cnc-wrd-150-cnc\/\">Veja detalhes<\/a><\/p>\n","protected":false},"author":1,"featured_media":16458,"parent":14789,"menu_order":157,"comment_status":"closed","ping_status":"open","template":"page-templates\/template-page-maquina.php","meta":{"_acf_changed":false,"footnotes":""},"geolocalizacion":[404,396,394,398],"class_list":["post-14200","page","type-page","status-publish","has-post-thumbnail","hentry","geolocalizacion-chile-pt-pt","geolocalizacion-latino-pt-pt","geolocalizacion-portugal-pt-pt","geolocalizacion-europa-pt-pt"],"acf":[],"aioseo_notices":[],"_links":{"self":[{"href":"https:\/\/www.maquinariamarquez.com\/pt-pt\/wp-json\/wp\/v2\/pages\/14200","targetHints":{"allow":["GET"]}}],"collection":[{"href":"https:\/\/www.maquinariamarquez.com\/pt-pt\/wp-json\/wp\/v2\/pages"}],"about":[{"href":"https:\/\/www.maquinariamarquez.com\/pt-pt\/wp-json\/wp\/v2\/types\/page"}],"author":[{"embeddable":true,"href":"https:\/\/www.maquinariamarquez.com\/pt-pt\/wp-json\/wp\/v2\/users\/1"}],"replies":[{"embeddable":true,"href":"https:\/\/www.maquinariamarquez.com\/pt-pt\/wp-json\/wp\/v2\/comments?post=14200"}],"version-history":[{"count":0,"href":"https:\/\/www.maquinariamarquez.com\/pt-pt\/wp-json\/wp\/v2\/pages\/14200\/revisions"}],"up":[{"embeddable":true,"href":"https:\/\/www.maquinariamarquez.com\/pt-pt\/wp-json\/wp\/v2\/pages\/14789"}],"wp:featuredmedia":[{"embeddable":true,"href":"https:\/\/www.maquinariamarquez.com\/pt-pt\/wp-json\/wp\/v2\/media\/16458"}],"wp:attachment":[{"href":"https:\/\/www.maquinariamarquez.com\/pt-pt\/wp-json\/wp\/v2\/media?parent=14200"}],"wp:term":[{"taxonomy":"geolocalizacion","embeddable":true,"href":"https:\/\/www.maquinariamarquez.com\/pt-pt\/wp-json\/wp\/v2\/geolocalizacion?post=14200"}],"curies":[{"name":"wp","href":"https:\/\/api.w.org\/{rel}","templated":true}]}}