{"id":14203,"date":"2017-10-17T16:22:38","date_gmt":"2017-10-17T14:22:38","guid":{"rendered":"https:\/\/www.maquinariamarquez.com\/maq-nueva\/mandriladora-fresadora-de-coluna-movel-pesada-wrd-170\/"},"modified":"2017-10-17T16:22:38","modified_gmt":"2017-10-17T14:22:38","slug":"mandriladora-fresadora-de-coluna-movel-pesada-wrd-170","status":"publish","type":"page","link":"https:\/\/www.maquinariamarquez.com\/pt-pt\/mandriladora-tos-varnsdorf\/mandriladoras-fresadoras-coluna-movel\/mandriladora-fresadora-de-coluna-movel-pesada-wrd-170\/","title":{"rendered":"Mandriladora-Fresadora de coluna m\u00f3vel pesada WRD 170"},"content":{"rendered":"<table width=\"684\">\n<tbody>\n<tr>\n<td colspan=\"2\" width=\"305\"><strong>MODELO<\/strong><\/td>\n<td width=\"261\"><strong>WRD 170 CNC<\/strong><\/td>\n<\/tr>\n<tr>\n<td colspan=\"2\" width=\"305\"><strong>CURSOS<\/strong><\/td>\n<td width=\"261\"><\/td>\n<\/tr>\n<tr>\n<td width=\"236\">X \u2013 Longitudinal, coluna<\/td>\n<td width=\"69\">mm<\/td>\n<td width=\"261\">5000-29000, em sec\u00e7\u00f5es de 2000<\/td>\n<\/tr>\n<tr>\n<td width=\"236\">Y \u2013 Vertical, cabe\u00e7a<\/td>\n<td width=\"69\">mm<\/td>\n<td width=\"261\">3000-6000, em sec\u00e7\u00f5es de 500<\/td>\n<\/tr>\n<tr>\n<td width=\"236\">Z \u2013 Transversal, RAM<\/td>\n<td width=\"69\">mm<\/td>\n<td width=\"261\">1500<\/td>\n<\/tr>\n<tr>\n<td colspan=\"2\" width=\"305\"><strong>CABE\u00c7A<\/strong><\/td>\n<td width=\"261\"><\/td>\n<\/tr>\n<tr>\n<td width=\"236\">Sec\u00e7\u00e3o de RAM<\/td>\n<td width=\"69\">mm<\/td>\n<td width=\"261\">550&#215;550<\/td>\n<\/tr>\n<tr>\n<td width=\"236\">Di\u00e2metro barra de mandrilar<\/td>\n<td width=\"69\">mm<\/td>\n<td width=\"261\">170<\/td>\n<\/tr>\n<tr>\n<td width=\"236\">W \u2013 Axial, barra de mandrilar<\/td>\n<td width=\"69\">mm<\/td>\n<td width=\"261\">1000<\/td>\n<\/tr>\n<tr>\n<td width=\"236\">Pot\u00eancia da cabe\u00e7a S1\/S6<\/td>\n<td width=\"69\">Kw<\/td>\n<td width=\"261\">71\/88<\/td>\n<\/tr>\n<tr>\n<td width=\"236\">Velocidade do fuso<\/td>\n<td width=\"69\">1\/min<\/td>\n<td width=\"261\">10-2200<\/td>\n<\/tr>\n<tr>\n<td width=\"236\">Torque do fuso S1\/S6<\/td>\n<td width=\"69\">Nm<\/td>\n<td width=\"261\">3870\/4800<\/td>\n<\/tr>\n<tr>\n<td colspan=\"2\" width=\"305\"><strong>AVAN\u00c7OS R\u00c1PIDOS<\/strong><\/td>\n<td width=\"261\"><\/td>\n<\/tr>\n<tr>\n<td width=\"236\">X<\/td>\n<td width=\"69\">mm\/min<\/td>\n<td width=\"261\">16000<\/td>\n<\/tr>\n<tr>\n<td width=\"236\">Y,Z,W<\/td>\n<td width=\"69\">mm\/min<\/td>\n<td width=\"261\">12000<\/td>\n<\/tr>\n<\/tbody>\n<\/table>\n","protected":false},"excerpt":{"rendered":"<ul>\n<li>A Tos Varnsdorf, um fabricante checo de fresadoras-mandriladoras que \u00e9 representada em Espanha e Portugal pela Maquinaria M\u00e1rquez, est\u00e1 ciente da permanente evolu\u00e7\u00e3o do modelo WRD 170.<\/li>\n<li>As caracter\u00edsticas desta m\u00e1quina s\u00e3o a altura da mecaniza\u00e7\u00e3o at\u00e9 6 metros, di\u00e2metro do fuso de 170 mm com sa\u00edda de 1.000 mm, RAM de 550 x 550 com sa\u00edda de 1.500 mm e 71 kW de pot\u00eancia no motor principal. Uma base mais larga de 3 guias e uma coluna refor\u00e7ada permitem uma mecaniza\u00e7\u00e3o com total garantia de for\u00e7a e precis\u00e3o.<\/li>\n<li>A grande variedade de cabe\u00e7as permite a execu\u00e7\u00e3o de tarefas tanto de mandrilagem como de fresagem. Entre a diversidade das cabe\u00e7as dispon\u00edveis fabricadas pela TOS destacam-se a cabe\u00e7a de tor\u00e7\u00e3o de rota\u00e7\u00e3o cont\u00ednua acionada pelo pr\u00f3prio fuso da m\u00e1quina e a cabe\u00e7a universal de rota\u00e7\u00e3o autom\u00e1tica e posicionamento \u00e0 mil\u00e9sima.<\/li>\n<li>As cabe\u00e7as podem ser trocadas automaticamente atrav\u00e9s de um <em>pick up<\/em> com at\u00e9 4 esta\u00e7\u00f5es. Isto, juntamente com o trocador de ferramentas de inclina\u00e7\u00e3o autom\u00e1tica, permite que a maioria dos trabalhos seja realizada de forma aut\u00f3noma, aumentando o desempenho da m\u00e1quina. Existem tamb\u00e9m solu\u00e7\u00f5es de visionamento remoto da mecaniza\u00e7\u00e3o que facilitam a tarefa de controlo.<\/li>\n<\/ul>\n<p><a class=\"btn btn-primary understrap-read-more-link\" href=\"https:\/\/www.maquinariamarquez.com\/pt-pt\/mandriladora-tos-varnsdorf\/mandriladoras-fresadoras-coluna-movel\/mandriladora-fresadora-de-coluna-movel-pesada-wrd-170\/\">Veja detalhes<\/a><\/p>\n","protected":false},"author":1,"featured_media":16452,"parent":14789,"menu_order":160,"comment_status":"closed","ping_status":"open","template":"page-templates\/template-page-maquina.php","meta":{"_acf_changed":false,"footnotes":""},"geolocalizacion":[404,396,394,398],"class_list":["post-14203","page","type-page","status-publish","has-post-thumbnail","hentry","geolocalizacion-chile-pt-pt","geolocalizacion-latino-pt-pt","geolocalizacion-portugal-pt-pt","geolocalizacion-europa-pt-pt"],"acf":[],"aioseo_notices":[],"_links":{"self":[{"href":"https:\/\/www.maquinariamarquez.com\/pt-pt\/wp-json\/wp\/v2\/pages\/14203","targetHints":{"allow":["GET"]}}],"collection":[{"href":"https:\/\/www.maquinariamarquez.com\/pt-pt\/wp-json\/wp\/v2\/pages"}],"about":[{"href":"https:\/\/www.maquinariamarquez.com\/pt-pt\/wp-json\/wp\/v2\/types\/page"}],"author":[{"embeddable":true,"href":"https:\/\/www.maquinariamarquez.com\/pt-pt\/wp-json\/wp\/v2\/users\/1"}],"replies":[{"embeddable":true,"href":"https:\/\/www.maquinariamarquez.com\/pt-pt\/wp-json\/wp\/v2\/comments?post=14203"}],"version-history":[{"count":0,"href":"https:\/\/www.maquinariamarquez.com\/pt-pt\/wp-json\/wp\/v2\/pages\/14203\/revisions"}],"up":[{"embeddable":true,"href":"https:\/\/www.maquinariamarquez.com\/pt-pt\/wp-json\/wp\/v2\/pages\/14789"}],"wp:featuredmedia":[{"embeddable":true,"href":"https:\/\/www.maquinariamarquez.com\/pt-pt\/wp-json\/wp\/v2\/media\/16452"}],"wp:attachment":[{"href":"https:\/\/www.maquinariamarquez.com\/pt-pt\/wp-json\/wp\/v2\/media?parent=14203"}],"wp:term":[{"taxonomy":"geolocalizacion","embeddable":true,"href":"https:\/\/www.maquinariamarquez.com\/pt-pt\/wp-json\/wp\/v2\/geolocalizacion?post=14203"}],"curies":[{"name":"wp","href":"https:\/\/api.w.org\/{rel}","templated":true}]}}