{"id":14209,"date":"2017-10-17T16:22:52","date_gmt":"2017-10-17T14:22:52","guid":{"rendered":"https:\/\/www.maquinariamarquez.com\/maq-nueva\/fresadora-de-coluna-movel-modelo-grata\/"},"modified":"2017-10-17T16:22:52","modified_gmt":"2017-10-17T14:22:52","slug":"fresadora-de-coluna-movel-modelo-grata","status":"publish","type":"page","link":"https:\/\/www.maquinariamarquez.com\/pt-pt\/mandriladora-tos-varnsdorf\/mandriladoras-fresadoras-coluna-movel\/fresadora-de-coluna-movel-modelo-grata\/","title":{"rendered":"Fresadora de coluna m\u00f3vel modelo Grata"},"content":{"rendered":"<table width=\"684\">\n<tbody>\n<tr>\n<td colspan=\"2\" width=\"307\"><strong>MODELO<\/strong><\/td>\n<td width=\"261\"><strong>GRATA<\/strong><\/td>\n<\/tr>\n<tr>\n<td colspan=\"2\" width=\"307\"><strong>CURSOS<\/strong><\/td>\n<td width=\"261\"><\/td>\n<\/tr>\n<tr>\n<td width=\"236\">X \u2013 Longitudinal, coluna<\/td>\n<td width=\"69\">mm<\/td>\n<td width=\"261\">5000-25000, em sec\u00e7\u00f5es de 2000<\/td>\n<\/tr>\n<tr>\n<td width=\"236\">Y \u2013 Vertical, cabe\u00e7a<\/td>\n<td width=\"69\">mm<\/td>\n<td width=\"261\">1600, 2000, 2500, 3000<\/td>\n<\/tr>\n<tr>\n<td width=\"236\">Z \u2013 Transversal, RAM<\/td>\n<td width=\"69\">mm<\/td>\n<td width=\"261\">1500<\/td>\n<\/tr>\n<tr>\n<td colspan=\"2\" width=\"307\"><strong>CABE\u00c7A<\/strong><\/td>\n<td width=\"261\"><\/td>\n<\/tr>\n<tr>\n<td width=\"236\">Sec\u00e7\u00e3o de RAM<\/td>\n<td width=\"69\">mm<\/td>\n<td width=\"261\">500&#215;500<\/td>\n<\/tr>\n<tr>\n<td width=\"236\">Pot\u00eancia da cabe\u00e7a<\/td>\n<td width=\"69\">Kw<\/td>\n<td width=\"261\">37<\/td>\n<\/tr>\n<tr>\n<td width=\"236\">Velocidade do fuso<\/td>\n<td width=\"69\">1\/min<\/td>\n<td width=\"261\">10-5000<\/td>\n<\/tr>\n<tr>\n<td width=\"236\">Torque do fuso<\/td>\n<td width=\"69\">Nm<\/td>\n<td width=\"261\">1584<\/td>\n<\/tr>\n<tr>\n<td colspan=\"2\" width=\"307\"><strong>AVAN\u00c7OS R\u00c1PIDOS<\/strong><\/td>\n<td width=\"261\"><\/td>\n<\/tr>\n<tr>\n<td width=\"236\">X, Y<\/td>\n<td width=\"69\">mm\/min<\/td>\n<td width=\"261\">25000<\/td>\n<\/tr>\n<tr>\n<td width=\"236\">Z<\/td>\n<td width=\"69\">mm\/min<\/td>\n<td width=\"261\">15000<\/td>\n<\/tr>\n<\/tbody>\n<\/table>\n","protected":false},"excerpt":{"rendered":"<p>MODELO GRATA CURSOS X \u2013 Longitudinal, coluna mm 5000-25000, em sec\u00e7\u00f5es de 2000 Y \u2013 Vertical, cabe\u00e7a mm 1600, 2000, 2500, 3000 Z \u2013 Transversal, RAM mm 1500 CABE\u00c7A Sec\u00e7\u00e3o de RAM mm 500&#215;500 Pot\u00eancia da cabe\u00e7a Kw 37 Velocidade do fuso 1\/min 10-5000 Torque do fuso Nm 1584 AVAN\u00c7OS R\u00c1PIDOS X, Y mm\/min 25000 [&#8230;]<\/p>\n<p><a class=\"btn btn-primary understrap-read-more-link\" href=\"https:\/\/www.maquinariamarquez.com\/pt-pt\/mandriladora-tos-varnsdorf\/mandriladoras-fresadoras-coluna-movel\/fresadora-de-coluna-movel-modelo-grata\/\">Veja detalhes<\/a><\/p>\n","protected":false},"author":1,"featured_media":35633,"parent":14789,"menu_order":164,"comment_status":"closed","ping_status":"open","template":"page-templates\/template-page-maquina.php","meta":{"_acf_changed":false,"footnotes":""},"geolocalizacion":[404,396,394,398],"class_list":["post-14209","page","type-page","status-publish","has-post-thumbnail","hentry","geolocalizacion-chile-pt-pt","geolocalizacion-latino-pt-pt","geolocalizacion-portugal-pt-pt","geolocalizacion-europa-pt-pt"],"acf":[],"aioseo_notices":[],"_links":{"self":[{"href":"https:\/\/www.maquinariamarquez.com\/pt-pt\/wp-json\/wp\/v2\/pages\/14209","targetHints":{"allow":["GET"]}}],"collection":[{"href":"https:\/\/www.maquinariamarquez.com\/pt-pt\/wp-json\/wp\/v2\/pages"}],"about":[{"href":"https:\/\/www.maquinariamarquez.com\/pt-pt\/wp-json\/wp\/v2\/types\/page"}],"author":[{"embeddable":true,"href":"https:\/\/www.maquinariamarquez.com\/pt-pt\/wp-json\/wp\/v2\/users\/1"}],"replies":[{"embeddable":true,"href":"https:\/\/www.maquinariamarquez.com\/pt-pt\/wp-json\/wp\/v2\/comments?post=14209"}],"version-history":[{"count":0,"href":"https:\/\/www.maquinariamarquez.com\/pt-pt\/wp-json\/wp\/v2\/pages\/14209\/revisions"}],"up":[{"embeddable":true,"href":"https:\/\/www.maquinariamarquez.com\/pt-pt\/wp-json\/wp\/v2\/pages\/14789"}],"wp:featuredmedia":[{"embeddable":true,"href":"https:\/\/www.maquinariamarquez.com\/pt-pt\/wp-json\/wp\/v2\/media\/35633"}],"wp:attachment":[{"href":"https:\/\/www.maquinariamarquez.com\/pt-pt\/wp-json\/wp\/v2\/media?parent=14209"}],"wp:term":[{"taxonomy":"geolocalizacion","embeddable":true,"href":"https:\/\/www.maquinariamarquez.com\/pt-pt\/wp-json\/wp\/v2\/geolocalizacion?post=14209"}],"curies":[{"name":"wp","href":"https:\/\/api.w.org\/{rel}","templated":true}]}}