{"id":14221,"date":"2017-10-17T17:43:48","date_gmt":"2017-10-17T15:43:48","guid":{"rendered":"https:\/\/www.maquinariamarquez.com\/maq-nueva\/cabecas-de-fresagem-com-posicionamento-manual\/"},"modified":"2017-10-17T17:43:48","modified_gmt":"2017-10-17T15:43:48","slug":"cabecas-de-fresagem-com-posicionamento-manual","status":"publish","type":"page","link":"https:\/\/www.maquinariamarquez.com\/pt-pt\/mandriladora-tos-varnsdorf\/cabecas\/cabecas-de-fresagem-com-posicionamento-manual\/","title":{"rendered":"Cabe\u00e7as de fresagem com posicionamento manual"},"content":{"rendered":"<table width=\"539\">\n<tbody>\n<tr>\n<td width=\"92\"><strong>\u00a0<\/strong><\/td>\n<td width=\"28\"><strong>\u00a0<\/strong><\/td>\n<td colspan=\"2\" width=\"418\"><strong>MODELO<\/strong><\/td>\n<\/tr>\n<tr>\n<td width=\"92\"><strong>\u00a0<\/strong><\/td>\n<td width=\"28\"><strong>\u00a0<\/strong><\/td>\n<td width=\"215\"><strong>HPR 50<\/strong><\/td>\n<td width=\"203\"><strong>HUR 50<\/strong><\/td>\n<\/tr>\n<tr>\n<td width=\"92\"><\/td>\n<td width=\"28\"><\/td>\n<td width=\"215\">\u00a0<img alt=\"Cabe\u00e7as de fresagem com posicionamento manual\" loading=\"lazy\" decoding=\"async\" class=\"aligncenter size-medium wp-image-4535\" src=\"https:\/\/www.maquinariamarquez.com\/wp-content\/uploads\/2017\/10\/HPR-50-MANUAL-300x194.jpg\" alt=\"\" width=\"300\" height=\"194\" srcset=\"https:\/\/www.maquinariamarquez.com\/wp-content\/uploads\/2017\/10\/HPR-50-MANUAL-300x194.jpg 300w, https:\/\/www.maquinariamarquez.com\/wp-content\/uploads\/2017\/10\/HPR-50-MANUAL-370x239.jpg 370w, https:\/\/www.maquinariamarquez.com\/wp-content\/uploads\/2017\/10\/HPR-50-MANUAL-50x32.jpg 50w, https:\/\/www.maquinariamarquez.com\/wp-content\/uploads\/2017\/10\/HPR-50-MANUAL.jpg 750w\" sizes=\"auto, (max-width: 300px) 100vw, 300px\" \/><\/td>\n<td width=\"203\"><img alt=\"Cabe\u00e7as de fresagem com posicionamento manual\" loading=\"lazy\" decoding=\"async\" class=\"aligncenter size-medium wp-image-4536\" src=\"https:\/\/www.maquinariamarquez.com\/wp-content\/uploads\/2017\/10\/HUR-50-MANUAL-300x194.jpg\" alt=\"\" width=\"300\" height=\"194\" srcset=\"https:\/\/www.maquinariamarquez.com\/wp-content\/uploads\/2017\/10\/HUR-50-MANUAL-300x194.jpg 300w, https:\/\/www.maquinariamarquez.com\/wp-content\/uploads\/2017\/10\/HUR-50-MANUAL-370x239.jpg 370w, https:\/\/www.maquinariamarquez.com\/wp-content\/uploads\/2017\/10\/HUR-50-MANUAL-50x32.jpg 50w, https:\/\/www.maquinariamarquez.com\/wp-content\/uploads\/2017\/10\/HUR-50-MANUAL.jpg 750w\" sizes=\"auto, (max-width: 300px) 100vw, 300px\" \/><\/td>\n<\/tr>\n<tr>\n<td width=\"92\">N\u00famero de eixos<\/td>\n<td width=\"28\">&#8211;<\/td>\n<td width=\"215\">1<\/td>\n<td width=\"203\">2<\/td>\n<\/tr>\n<tr>\n<td width=\"92\">Rota\u00e7\u00f5es<\/td>\n<td width=\"28\">rpm<\/td>\n<td width=\"215\">3000<\/td>\n<td width=\"203\">3000<\/td>\n<\/tr>\n<tr>\n<td width=\"92\">Pot\u00eancia<\/td>\n<td width=\"28\">Kw<\/td>\n<td width=\"215\">25<\/td>\n<td width=\"203\">20<\/td>\n<\/tr>\n<tr>\n<td width=\"92\">Torque<\/td>\n<td width=\"28\">Nm<\/td>\n<td width=\"215\">1200<\/td>\n<td width=\"203\">1000<\/td>\n<\/tr>\n<tr>\n<td width=\"92\">Posicionamento<\/td>\n<td width=\"28\">&#8211;<\/td>\n<td width=\"215\">Manual<\/td>\n<td width=\"203\">Manual<\/td>\n<\/tr>\n<tr>\n<td width=\"92\">Peso<\/td>\n<td width=\"28\">Kg<\/td>\n<td width=\"215\">200<\/td>\n<td width=\"203\">330<\/td>\n<\/tr>\n<\/tbody>\n<\/table>\n","protected":false},"excerpt":{"rendered":"<p>\u00a0 \u00a0 MODELO \u00a0 \u00a0 HPR 50 HUR 50 \u00a0 N\u00famero de eixos &#8211; 1 2 Rota\u00e7\u00f5es rpm 3000 3000 Pot\u00eancia Kw 25 20 Torque Nm 1200 1000 Posicionamento &#8211; Manual Manual Peso Kg 200 330<\/p>\n<p><a class=\"btn btn-primary understrap-read-more-link\" href=\"https:\/\/www.maquinariamarquez.com\/pt-pt\/mandriladora-tos-varnsdorf\/cabecas\/cabecas-de-fresagem-com-posicionamento-manual\/\">Veja detalhes<\/a><\/p>\n","protected":false},"author":1,"featured_media":16390,"parent":14861,"menu_order":220,"comment_status":"closed","ping_status":"open","template":"page-templates\/template-page-maquina.php","meta":{"_acf_changed":false,"footnotes":""},"geolocalizacion":[404,396,394,398],"class_list":["post-14221","page","type-page","status-publish","has-post-thumbnail","hentry","geolocalizacion-chile-pt-pt","geolocalizacion-latino-pt-pt","geolocalizacion-portugal-pt-pt","geolocalizacion-europa-pt-pt"],"acf":[],"aioseo_notices":[],"_links":{"self":[{"href":"https:\/\/www.maquinariamarquez.com\/pt-pt\/wp-json\/wp\/v2\/pages\/14221","targetHints":{"allow":["GET"]}}],"collection":[{"href":"https:\/\/www.maquinariamarquez.com\/pt-pt\/wp-json\/wp\/v2\/pages"}],"about":[{"href":"https:\/\/www.maquinariamarquez.com\/pt-pt\/wp-json\/wp\/v2\/types\/page"}],"author":[{"embeddable":true,"href":"https:\/\/www.maquinariamarquez.com\/pt-pt\/wp-json\/wp\/v2\/users\/1"}],"replies":[{"embeddable":true,"href":"https:\/\/www.maquinariamarquez.com\/pt-pt\/wp-json\/wp\/v2\/comments?post=14221"}],"version-history":[{"count":0,"href":"https:\/\/www.maquinariamarquez.com\/pt-pt\/wp-json\/wp\/v2\/pages\/14221\/revisions"}],"up":[{"embeddable":true,"href":"https:\/\/www.maquinariamarquez.com\/pt-pt\/wp-json\/wp\/v2\/pages\/14861"}],"wp:featuredmedia":[{"embeddable":true,"href":"https:\/\/www.maquinariamarquez.com\/pt-pt\/wp-json\/wp\/v2\/media\/16390"}],"wp:attachment":[{"href":"https:\/\/www.maquinariamarquez.com\/pt-pt\/wp-json\/wp\/v2\/media?parent=14221"}],"wp:term":[{"taxonomy":"geolocalizacion","embeddable":true,"href":"https:\/\/www.maquinariamarquez.com\/pt-pt\/wp-json\/wp\/v2\/geolocalizacion?post=14221"}],"curies":[{"name":"wp","href":"https:\/\/api.w.org\/{rel}","templated":true}]}}