{"id":14224,"date":"2017-10-17T17:43:56","date_gmt":"2017-10-17T15:43:56","guid":{"rendered":"https:\/\/www.maquinariamarquez.com\/maq-nueva\/cabecas-de-fresagem-com-posicionamento-automatico\/"},"modified":"2017-10-17T17:43:56","modified_gmt":"2017-10-17T15:43:56","slug":"cabecas-de-fresagem-com-posicionamento-automatico","status":"publish","type":"page","link":"https:\/\/www.maquinariamarquez.com\/pt-pt\/mandriladora-tos-varnsdorf\/cabecas\/cabecas-de-fresagem-com-posicionamento-automatico\/","title":{"rendered":"Cabe\u00e7as de fresagem com posicionamento autom\u00e1tico"},"content":{"rendered":"<table width=\"539\">\n<tbody>\n<tr>\n<td width=\"91\"><strong>\u00a0<\/strong><\/td>\n<td width=\"31\"><strong>\u00a0<\/strong><\/td>\n<td colspan=\"5\" width=\"417\"><strong>MODELO<\/strong><\/td>\n<\/tr>\n<tr>\n<td width=\"91\"><strong>\u00a0<\/strong><\/td>\n<td width=\"31\"><strong>\u00a0<\/strong><\/td>\n<td width=\"90\"><strong>HUI 50<\/strong><\/td>\n<td width=\"90\"><strong>HUF 50<\/strong><\/td>\n<td width=\"90\"><strong>HOI 50<\/strong><\/td>\n<td width=\"70\"><strong>HOIL 50<\/strong><\/td>\n<td width=\"78\"><strong>HOIT 50<\/strong><\/td>\n<\/tr>\n<tr>\n<td width=\"91\"><\/td>\n<td width=\"31\"><\/td>\n<td width=\"90\">\u00a0<img alt=\"Cabe\u00e7as de fresagem com posicionamento autom\u00e1tico\" loading=\"lazy\" decoding=\"async\" class=\"aligncenter wp-image-4538 size-medium\" src=\"https:\/\/www.maquinariamarquez.com\/wp-content\/uploads\/2017\/10\/HUI-50-AUT-300x194.jpg\" alt=\"\" width=\"300\" height=\"194\" srcset=\"https:\/\/www.maquinariamarquez.com\/wp-content\/uploads\/2017\/10\/HUI-50-AUT-300x194.jpg 300w, https:\/\/www.maquinariamarquez.com\/wp-content\/uploads\/2017\/10\/HUI-50-AUT-370x239.jpg 370w, https:\/\/www.maquinariamarquez.com\/wp-content\/uploads\/2017\/10\/HUI-50-AUT-50x32.jpg 50w, https:\/\/www.maquinariamarquez.com\/wp-content\/uploads\/2017\/10\/HUI-50-AUT.jpg 750w\" sizes=\"auto, (max-width: 300px) 100vw, 300px\" \/><\/td>\n<td width=\"90\">\u00a0<img alt=\"Cabe\u00e7as de fresagem com posicionamento autom\u00e1tico\" loading=\"lazy\" decoding=\"async\" class=\"aligncenter size-medium wp-image-4539\" src=\"https:\/\/www.maquinariamarquez.com\/wp-content\/uploads\/2017\/10\/HUF-50-AUT-300x194.jpg\" alt=\"\" width=\"300\" height=\"194\" srcset=\"https:\/\/www.maquinariamarquez.com\/wp-content\/uploads\/2017\/10\/HUF-50-AUT-300x194.jpg 300w, https:\/\/www.maquinariamarquez.com\/wp-content\/uploads\/2017\/10\/HUF-50-AUT-370x239.jpg 370w, https:\/\/www.maquinariamarquez.com\/wp-content\/uploads\/2017\/10\/HUF-50-AUT-50x32.jpg 50w, https:\/\/www.maquinariamarquez.com\/wp-content\/uploads\/2017\/10\/HUF-50-AUT.jpg 750w\" sizes=\"auto, (max-width: 300px) 100vw, 300px\" \/><\/td>\n<td width=\"90\">\u00a0<img alt=\"Cabe\u00e7as de fresagem com posicionamento autom\u00e1tico\" loading=\"lazy\" decoding=\"async\" class=\"aligncenter size-medium wp-image-4540\" src=\"https:\/\/www.maquinariamarquez.com\/wp-content\/uploads\/2017\/10\/HOI-50-AUT-300x194.jpg\" alt=\"\" width=\"300\" height=\"194\" srcset=\"https:\/\/www.maquinariamarquez.com\/wp-content\/uploads\/2017\/10\/HOI-50-AUT-300x194.jpg 300w, https:\/\/www.maquinariamarquez.com\/wp-content\/uploads\/2017\/10\/HOI-50-AUT-370x239.jpg 370w, https:\/\/www.maquinariamarquez.com\/wp-content\/uploads\/2017\/10\/HOI-50-AUT-50x32.jpg 50w, https:\/\/www.maquinariamarquez.com\/wp-content\/uploads\/2017\/10\/HOI-50-AUT.jpg 750w\" sizes=\"auto, (max-width: 300px) 100vw, 300px\" \/><\/td>\n<td width=\"70\">\u00a0<img alt=\"Cabe\u00e7as de fresagem com posicionamento autom\u00e1tico\" loading=\"lazy\" decoding=\"async\" class=\"aligncenter size-medium wp-image-4541\" src=\"https:\/\/www.maquinariamarquez.com\/wp-content\/uploads\/2017\/10\/HOIL-50-AUT-300x194.jpg\" alt=\"\" width=\"300\" height=\"194\" srcset=\"https:\/\/www.maquinariamarquez.com\/wp-content\/uploads\/2017\/10\/HOIL-50-AUT-300x194.jpg 300w, https:\/\/www.maquinariamarquez.com\/wp-content\/uploads\/2017\/10\/HOIL-50-AUT-370x239.jpg 370w, https:\/\/www.maquinariamarquez.com\/wp-content\/uploads\/2017\/10\/HOIL-50-AUT-50x32.jpg 50w, https:\/\/www.maquinariamarquez.com\/wp-content\/uploads\/2017\/10\/HOIL-50-AUT.jpg 750w\" sizes=\"auto, (max-width: 300px) 100vw, 300px\" \/><\/td>\n<td width=\"78\">\u00a0<img alt=\"Cabe\u00e7as de fresagem com posicionamento autom\u00e1tico\" loading=\"lazy\" decoding=\"async\" class=\"aligncenter size-medium wp-image-4542\" src=\"https:\/\/www.maquinariamarquez.com\/wp-content\/uploads\/2017\/10\/HOIT-50-AUT-300x194.jpg\" alt=\"\" width=\"300\" height=\"194\" srcset=\"https:\/\/www.maquinariamarquez.com\/wp-content\/uploads\/2017\/10\/HOIT-50-AUT-300x194.jpg 300w, https:\/\/www.maquinariamarquez.com\/wp-content\/uploads\/2017\/10\/HOIT-50-AUT-370x239.jpg 370w, https:\/\/www.maquinariamarquez.com\/wp-content\/uploads\/2017\/10\/HOIT-50-AUT-50x32.jpg 50w, https:\/\/www.maquinariamarquez.com\/wp-content\/uploads\/2017\/10\/HOIT-50-AUT.jpg 750w\" sizes=\"auto, (max-width: 300px) 100vw, 300px\" \/><\/td>\n<\/tr>\n<tr>\n<td width=\"91\">N\u00famero de eixos<\/td>\n<td width=\"31\">&#8211;<\/td>\n<td width=\"90\">2<\/td>\n<td width=\"90\">2<\/td>\n<td width=\"90\">2<\/td>\n<td width=\"70\">2<\/td>\n<td width=\"78\">2<\/td>\n<\/tr>\n<tr>\n<td width=\"91\">Rota\u00e7\u00f5es<\/td>\n<td width=\"31\">rpm<\/td>\n<td width=\"90\">3000<\/td>\n<td width=\"90\">3000<\/td>\n<td width=\"90\">4000<\/td>\n<td width=\"70\">3500<\/td>\n<td width=\"78\">2000<\/td>\n<\/tr>\n<tr>\n<td width=\"91\">Pot\u00eancia<\/td>\n<td width=\"31\">Kw<\/td>\n<td width=\"90\">32<\/td>\n<td width=\"90\">32<\/td>\n<td width=\"90\">37<\/td>\n<td width=\"70\">25<\/td>\n<td width=\"78\">50<\/td>\n<\/tr>\n<tr>\n<td width=\"91\">Torque<\/td>\n<td width=\"31\">Nm<\/td>\n<td width=\"90\">1000<\/td>\n<td width=\"90\">1000<\/td>\n<td width=\"90\">1200<\/td>\n<td width=\"70\">1100<\/td>\n<td width=\"78\">2500<\/td>\n<\/tr>\n<tr>\n<td width=\"91\">Posicionamento<\/td>\n<td width=\"31\">&#8211;<\/td>\n<td width=\"90\">2,5\u00bax2,5\u00ba<\/td>\n<td width=\"90\">2&#215;0.001\u00ba<\/td>\n<td width=\"90\">1\u00bax1\u00ba<\/td>\n<td width=\"70\">1\u00bax1\u00ba<\/td>\n<td width=\"78\">1\u00bax1\u00ba<\/td>\n<\/tr>\n<tr>\n<td width=\"91\">Peso<\/td>\n<td width=\"31\">Kg<\/td>\n<td width=\"90\">440<\/td>\n<td width=\"90\">600<\/td>\n<td width=\"90\">1100<\/td>\n<td width=\"70\">450<\/td>\n<td width=\"78\">1100<\/td>\n<\/tr>\n<tr>\n<td width=\"91\">Tipo<\/td>\n<td width=\"31\">&#8211;<\/td>\n<td width=\"90\">Universal<\/td>\n<td width=\"90\">Universal<\/td>\n<td width=\"90\">Ortogonal<\/td>\n<td width=\"70\">Ortogonal<\/td>\n<td width=\"78\">Ortogonal<\/td>\n<\/tr>\n<\/tbody>\n<\/table>\n","protected":false},"excerpt":{"rendered":"<p>\u00a0 \u00a0 MODELO \u00a0 \u00a0 HUI 50 HUF 50 HOI 50 HOIL 50 HOIT 50 \u00a0 \u00a0 \u00a0 \u00a0 \u00a0 N\u00famero de eixos &#8211; 2 2 2 2 2 Rota\u00e7\u00f5es rpm 3000 3000 4000 3500 2000 Pot\u00eancia Kw 32 32 37 25 50 Torque Nm 1000 1000 1200 1100 2500 Posicionamento &#8211; 2,5\u00bax2,5\u00ba 2&#215;0.001\u00ba 1\u00bax1\u00ba [&#8230;]<\/p>\n<p><a class=\"btn btn-primary understrap-read-more-link\" href=\"https:\/\/www.maquinariamarquez.com\/pt-pt\/mandriladora-tos-varnsdorf\/cabecas\/cabecas-de-fresagem-com-posicionamento-automatico\/\">Veja detalhes<\/a><\/p>\n","protected":false},"author":1,"featured_media":16398,"parent":14861,"menu_order":223,"comment_status":"closed","ping_status":"open","template":"page-templates\/template-page-maquina.php","meta":{"_acf_changed":false,"footnotes":""},"geolocalizacion":[404,396,394,398],"class_list":["post-14224","page","type-page","status-publish","has-post-thumbnail","hentry","geolocalizacion-chile-pt-pt","geolocalizacion-latino-pt-pt","geolocalizacion-portugal-pt-pt","geolocalizacion-europa-pt-pt"],"acf":[],"aioseo_notices":[],"_links":{"self":[{"href":"https:\/\/www.maquinariamarquez.com\/pt-pt\/wp-json\/wp\/v2\/pages\/14224","targetHints":{"allow":["GET"]}}],"collection":[{"href":"https:\/\/www.maquinariamarquez.com\/pt-pt\/wp-json\/wp\/v2\/pages"}],"about":[{"href":"https:\/\/www.maquinariamarquez.com\/pt-pt\/wp-json\/wp\/v2\/types\/page"}],"author":[{"embeddable":true,"href":"https:\/\/www.maquinariamarquez.com\/pt-pt\/wp-json\/wp\/v2\/users\/1"}],"replies":[{"embeddable":true,"href":"https:\/\/www.maquinariamarquez.com\/pt-pt\/wp-json\/wp\/v2\/comments?post=14224"}],"version-history":[{"count":0,"href":"https:\/\/www.maquinariamarquez.com\/pt-pt\/wp-json\/wp\/v2\/pages\/14224\/revisions"}],"up":[{"embeddable":true,"href":"https:\/\/www.maquinariamarquez.com\/pt-pt\/wp-json\/wp\/v2\/pages\/14861"}],"wp:featuredmedia":[{"embeddable":true,"href":"https:\/\/www.maquinariamarquez.com\/pt-pt\/wp-json\/wp\/v2\/media\/16398"}],"wp:attachment":[{"href":"https:\/\/www.maquinariamarquez.com\/pt-pt\/wp-json\/wp\/v2\/media?parent=14224"}],"wp:term":[{"taxonomy":"geolocalizacion","embeddable":true,"href":"https:\/\/www.maquinariamarquez.com\/pt-pt\/wp-json\/wp\/v2\/geolocalizacion?post=14224"}],"curies":[{"name":"wp","href":"https:\/\/api.w.org\/{rel}","templated":true}]}}