{"id":14227,"date":"2017-10-17T17:44:05","date_gmt":"2017-10-17T15:44:05","guid":{"rendered":"https:\/\/www.maquinariamarquez.com\/maq-nueva\/cabecas-de-fresagem-tipo-garfo-com-rotacao-automatica\/"},"modified":"2017-10-17T17:44:05","modified_gmt":"2017-10-17T15:44:05","slug":"cabecas-de-fresagem-tipo-garfo-com-rotacao-automatica","status":"publish","type":"page","link":"https:\/\/www.maquinariamarquez.com\/pt-pt\/mandriladora-tos-varnsdorf\/cabecas\/cabecas-de-fresagem-tipo-garfo-com-rotacao-automatica\/","title":{"rendered":"Cabe\u00e7as de fresagem tipo garfo com rota\u00e7\u00e3o autom\u00e1tica"},"content":{"rendered":"<table width=\"539\">\n<tbody>\n<tr>\n<td width=\"92\"><strong>\u00a0<\/strong><\/td>\n<td width=\"28\"><strong>\u00a0<\/strong><\/td>\n<td colspan=\"2\" width=\"418\"><strong>MODELO<\/strong><\/td>\n<\/tr>\n<tr>\n<td width=\"92\"><strong>\u00a0<\/strong><\/td>\n<td width=\"28\"><strong>\u00a0<\/strong><\/td>\n<td width=\"215\"><strong>HV\/V<\/strong><\/td>\n<td width=\"203\"><strong>HV\/EH*<\/strong><\/td>\n<\/tr>\n<tr>\n<td width=\"92\"><\/td>\n<td width=\"28\"><\/td>\n<td width=\"215\">\u00a0<img alt=\"Cabe\u00e7as de fresagem tipo garfo com rota\u00e7\u00e3o autom\u00e1tica\" loading=\"lazy\" decoding=\"async\" class=\"aligncenter size-medium wp-image-4544\" src=\"https:\/\/www.maquinariamarquez.com\/wp-content\/uploads\/2017\/10\/HV-V-HORQUILLA-300x194.jpg\" alt=\"\" width=\"300\" height=\"194\" srcset=\"https:\/\/www.maquinariamarquez.com\/wp-content\/uploads\/2017\/10\/HV-V-HORQUILLA-300x194.jpg 300w, https:\/\/www.maquinariamarquez.com\/wp-content\/uploads\/2017\/10\/HV-V-HORQUILLA-370x239.jpg 370w, https:\/\/www.maquinariamarquez.com\/wp-content\/uploads\/2017\/10\/HV-V-HORQUILLA-50x32.jpg 50w, https:\/\/www.maquinariamarquez.com\/wp-content\/uploads\/2017\/10\/HV-V-HORQUILLA.jpg 750w\" sizes=\"auto, (max-width: 300px) 100vw, 300px\" \/><\/td>\n<td width=\"203\">\u00a0<img alt=\"Cabe\u00e7as de fresagem tipo garfo com rota\u00e7\u00e3o autom\u00e1tica\" loading=\"lazy\" decoding=\"async\" class=\"aligncenter size-medium wp-image-4545\" src=\"https:\/\/www.maquinariamarquez.com\/wp-content\/uploads\/2017\/10\/HV-EH-HORQUILLA-300x225.jpg\" alt=\"\" width=\"300\" height=\"225\" srcset=\"https:\/\/www.maquinariamarquez.com\/wp-content\/uploads\/2017\/10\/HV-EH-HORQUILLA-300x225.jpg 300w, https:\/\/www.maquinariamarquez.com\/wp-content\/uploads\/2017\/10\/HV-EH-HORQUILLA-333x250.jpg 333w, https:\/\/www.maquinariamarquez.com\/wp-content\/uploads\/2017\/10\/HV-EH-HORQUILLA-50x38.jpg 50w, https:\/\/www.maquinariamarquez.com\/wp-content\/uploads\/2017\/10\/HV-EH-HORQUILLA.jpg 746w\" sizes=\"auto, (max-width: 300px) 100vw, 300px\" \/><\/td>\n<\/tr>\n<tr>\n<td width=\"92\">N\u00famero de eixos<\/td>\n<td width=\"28\">&#8211;<\/td>\n<td width=\"215\">2<\/td>\n<td width=\"203\">2<\/td>\n<\/tr>\n<tr>\n<td width=\"92\">Rota\u00e7\u00f5es<\/td>\n<td width=\"28\">rpm<\/td>\n<td width=\"215\">3500<\/td>\n<td width=\"203\">22000\/18000<\/td>\n<\/tr>\n<tr>\n<td width=\"92\">Pot\u00eancia<\/td>\n<td width=\"28\">Kw<\/td>\n<td width=\"215\">22<\/td>\n<td width=\"203\">20\/28<\/td>\n<\/tr>\n<tr>\n<td width=\"92\">Torque<\/td>\n<td width=\"28\">Nm<\/td>\n<td width=\"215\">300<\/td>\n<td width=\"203\">30\/90<\/td>\n<\/tr>\n<tr>\n<td width=\"92\">Posicionamento<\/td>\n<td width=\"28\">&#8211;<\/td>\n<td width=\"215\">0,001\u00bax0,001\u00ba<\/td>\n<td width=\"203\">0,001\u00bax0,001\u00ba<\/td>\n<\/tr>\n<tr>\n<td width=\"92\">Peso<\/td>\n<td width=\"28\">Kg<\/td>\n<td width=\"215\">800<\/td>\n<td width=\"203\">800<\/td>\n<\/tr>\n<tr>\n<td width=\"92\">Tipo<\/td>\n<td width=\"28\">&#8211;<\/td>\n<td width=\"215\">Horquilla<\/td>\n<td width=\"203\">Horquilla<\/td>\n<\/tr>\n<tr>\n<td width=\"92\">Transmiss\u00e3o<\/td>\n<td width=\"28\">&#8211;<\/td>\n<td width=\"215\">Mec\u00e1nica<\/td>\n<td width=\"203\">Electro mandrino<\/td>\n<\/tr>\n<\/tbody>\n<\/table>\n<p>&nbsp;<\/p>\n<p>*No modelo HV\/EH pode ser instalado o eletromandril requerido pelo cliente.<\/p>\n","protected":false},"excerpt":{"rendered":"<p>Nestas cabe\u00e7as, as rota\u00e7\u00f5es dos eixos da cabe\u00e7a s\u00e3o feitas com servomotores independentes que permitem um posicionamento cont\u00ednuo ao longo de toda a faixa de rota\u00e7\u00e3o e movimentos suaves em ambos os eixos durante a maquina\u00e7\u00e3o.<\/p>\n<p><a class=\"btn btn-primary understrap-read-more-link\" href=\"https:\/\/www.maquinariamarquez.com\/pt-pt\/mandriladora-tos-varnsdorf\/cabecas\/cabecas-de-fresagem-tipo-garfo-com-rotacao-automatica\/\">Veja detalhes<\/a><\/p>\n","protected":false},"author":1,"featured_media":16402,"parent":14861,"menu_order":224,"comment_status":"closed","ping_status":"open","template":"page-templates\/template-page-maquina.php","meta":{"_acf_changed":false,"footnotes":""},"geolocalizacion":[404,396,394,398],"class_list":["post-14227","page","type-page","status-publish","has-post-thumbnail","hentry","geolocalizacion-chile-pt-pt","geolocalizacion-latino-pt-pt","geolocalizacion-portugal-pt-pt","geolocalizacion-europa-pt-pt"],"acf":[],"aioseo_notices":[],"_links":{"self":[{"href":"https:\/\/www.maquinariamarquez.com\/pt-pt\/wp-json\/wp\/v2\/pages\/14227","targetHints":{"allow":["GET"]}}],"collection":[{"href":"https:\/\/www.maquinariamarquez.com\/pt-pt\/wp-json\/wp\/v2\/pages"}],"about":[{"href":"https:\/\/www.maquinariamarquez.com\/pt-pt\/wp-json\/wp\/v2\/types\/page"}],"author":[{"embeddable":true,"href":"https:\/\/www.maquinariamarquez.com\/pt-pt\/wp-json\/wp\/v2\/users\/1"}],"replies":[{"embeddable":true,"href":"https:\/\/www.maquinariamarquez.com\/pt-pt\/wp-json\/wp\/v2\/comments?post=14227"}],"version-history":[{"count":0,"href":"https:\/\/www.maquinariamarquez.com\/pt-pt\/wp-json\/wp\/v2\/pages\/14227\/revisions"}],"up":[{"embeddable":true,"href":"https:\/\/www.maquinariamarquez.com\/pt-pt\/wp-json\/wp\/v2\/pages\/14861"}],"wp:featuredmedia":[{"embeddable":true,"href":"https:\/\/www.maquinariamarquez.com\/pt-pt\/wp-json\/wp\/v2\/media\/16402"}],"wp:attachment":[{"href":"https:\/\/www.maquinariamarquez.com\/pt-pt\/wp-json\/wp\/v2\/media?parent=14227"}],"wp:term":[{"taxonomy":"geolocalizacion","embeddable":true,"href":"https:\/\/www.maquinariamarquez.com\/pt-pt\/wp-json\/wp\/v2\/geolocalizacion?post=14227"}],"curies":[{"name":"wp","href":"https:\/\/api.w.org\/{rel}","templated":true}]}}