{"id":14249,"date":"2017-11-06T16:21:02","date_gmt":"2017-11-06T14:21:02","guid":{"rendered":"https:\/\/www.maquinariamarquez.com\/maq-nueva\/torno-vertical-com-ram-serie-media-vl-125-vl160-vl200-vl250\/"},"modified":"2017-11-06T16:21:02","modified_gmt":"2017-11-06T14:21:02","slug":"torno-vertical-com-ram-serie-media-vl-125-vl160-vl200-vl250","status":"publish","type":"page","link":"https:\/\/www.maquinariamarquez.com\/pt-pt\/tornos-verticais-honor-seiki\/torno-vertical-com-ram\/torno-vertical-com-ram-serie-media-vl-125-vl160-vl200-vl250\/","title":{"rendered":"Torno Vertical com RAM s\u00e9rie m\u00e9dia VL 125 \u2013 VL160 \u2013 VL200 \u2013 VL250"},"content":{"rendered":"<table width=\"841\">\n<tbody>\n<tr>\n<td colspan=\"2\" width=\"358\">MODELO<\/td>\n<td width=\"140\">VL 125<\/td>\n<td width=\"140\">VL 160<\/td>\n<td width=\"50\">VL 200<\/td>\n<td width=\"152\">VL 250<\/td>\n<\/tr>\n<tr>\n<td width=\"233\">\u00d8 m\u00e1x. de viragem<\/td>\n<td width=\"125\">mm<\/td>\n<td width=\"140\">1600<\/td>\n<td width=\"140\">2000<\/td>\n<td width=\"50\">2500<\/td>\n<td width=\"152\">3000<\/td>\n<\/tr>\n<tr>\n<td width=\"233\">\u00d8 m\u00e1x. de torneamento<\/td>\n<td width=\"125\">mm<\/td>\n<td width=\"140\">1600<\/td>\n<td width=\"140\">2000<\/td>\n<td width=\"50\">2500<\/td>\n<td width=\"152\">2970<\/td>\n<\/tr>\n<tr>\n<td width=\"233\">\u00d8 do prato<\/td>\n<td width=\"125\">mm<\/td>\n<td width=\"140\">1250<\/td>\n<td width=\"140\">1600<\/td>\n<td width=\"50\">2000<\/td>\n<td width=\"152\">2500<\/td>\n<\/tr>\n<tr>\n<td width=\"233\">Altura m\u00e1x. de torneamento<\/td>\n<td width=\"125\">mm<\/td>\n<td width=\"140\">1200<\/td>\n<td width=\"140\">1200<\/td>\n<td width=\"50\">1600<\/td>\n<td width=\"152\">1600<\/td>\n<\/tr>\n<tr>\n<td width=\"233\">Velocidade de torneamento<\/td>\n<td width=\"125\">rpm<\/td>\n<td width=\"140\">3-300<\/td>\n<td width=\"140\">3-250<\/td>\n<td width=\"50\">5-200<\/td>\n<td width=\"152\">5-160<\/td>\n<\/tr>\n<tr>\n<td width=\"233\">Carga \u00fatil<\/td>\n<td width=\"125\">Kg<\/td>\n<td width=\"140\">5.000<\/td>\n<td width=\"140\">8.000<\/td>\n<td width=\"50\">12.000<\/td>\n<td width=\"152\">15.000<\/td>\n<\/tr>\n<\/tbody>\n<\/table>\n","protected":false},"excerpt":{"rendered":"<p>A Honor Seiki \u00e9 caracterizada por fabricar tornos verticais especialmente robustos e precisos, e adaptados \u00e0s necessidades de fabrica\u00e7\u00e3o dos clientes. Neste modelo, o mais vendido \u00e9 o modelo VL 160, com prato de 1600 mm e uma capacidade de torneamento at\u00e9 2000 mm, porta-ferramentas, possibilidade de eixo C e ferramentas motorizadas. A m\u00e1quina \u00e9 toda feita em ferro fundido com uma coluna sim\u00e9trica monobloco que permite reduzir a dist\u00e2ncia da barra transversal ao centro da ferramenta permitindo uma maquina\u00e7\u00e3o muito mais robusta. A rota\u00e7\u00e3o do prato \u00e9 acionada por uma coroa de pinh\u00e3o com um rolamento Timken de rolos, e por um motor de cabe\u00e7a com uma caixa de 2 velocidades. O eixo C \u00e9 acionado por um servomotor independente. Uma das vantagens dos tornos Honor Seiki \u00e9 o sistema SolidLock que \u00e9 um sistema de fixa\u00e7\u00e3o de cabe\u00e7as atrav\u00e9s de RAM, que \u00e9 particularmente r\u00edgido e permite a utiliza\u00e7\u00e3o de cabe\u00e7as angulares e ferramentas especialmente pesadas. A barra transversal que suporta a RAM move-se verticalmente ao longo de v\u00e1rias posi\u00e7\u00f5es fixas nas quais ocorre um bloqueio perfeito assegurado atrav\u00e9s de dois cilindros hidr\u00e1ulicos. Isto permite mecanizar pe\u00e7as com at\u00e9 2100 mm de altura.<\/p>\n<p><a class=\"btn btn-primary understrap-read-more-link\" href=\"https:\/\/www.maquinariamarquez.com\/pt-pt\/tornos-verticais-honor-seiki\/torno-vertical-com-ram\/torno-vertical-com-ram-serie-media-vl-125-vl160-vl200-vl250\/\">Veja detalhes<\/a><\/p>\n","protected":false},"author":1,"featured_media":44330,"parent":14803,"menu_order":485,"comment_status":"closed","ping_status":"open","template":"page-templates\/template-page-maquina.php","meta":{"_acf_changed":false,"footnotes":""},"geolocalizacion":[394,398],"class_list":["post-14249","page","type-page","status-publish","has-post-thumbnail","hentry","geolocalizacion-portugal-pt-pt","geolocalizacion-europa-pt-pt"],"acf":[],"aioseo_notices":[],"_links":{"self":[{"href":"https:\/\/www.maquinariamarquez.com\/pt-pt\/wp-json\/wp\/v2\/pages\/14249","targetHints":{"allow":["GET"]}}],"collection":[{"href":"https:\/\/www.maquinariamarquez.com\/pt-pt\/wp-json\/wp\/v2\/pages"}],"about":[{"href":"https:\/\/www.maquinariamarquez.com\/pt-pt\/wp-json\/wp\/v2\/types\/page"}],"author":[{"embeddable":true,"href":"https:\/\/www.maquinariamarquez.com\/pt-pt\/wp-json\/wp\/v2\/users\/1"}],"replies":[{"embeddable":true,"href":"https:\/\/www.maquinariamarquez.com\/pt-pt\/wp-json\/wp\/v2\/comments?post=14249"}],"version-history":[{"count":0,"href":"https:\/\/www.maquinariamarquez.com\/pt-pt\/wp-json\/wp\/v2\/pages\/14249\/revisions"}],"up":[{"embeddable":true,"href":"https:\/\/www.maquinariamarquez.com\/pt-pt\/wp-json\/wp\/v2\/pages\/14803"}],"wp:featuredmedia":[{"embeddable":true,"href":"https:\/\/www.maquinariamarquez.com\/pt-pt\/wp-json\/wp\/v2\/media\/44330"}],"wp:attachment":[{"href":"https:\/\/www.maquinariamarquez.com\/pt-pt\/wp-json\/wp\/v2\/media?parent=14249"}],"wp:term":[{"taxonomy":"geolocalizacion","embeddable":true,"href":"https:\/\/www.maquinariamarquez.com\/pt-pt\/wp-json\/wp\/v2\/geolocalizacion?post=14249"}],"curies":[{"name":"wp","href":"https:\/\/api.w.org\/{rel}","templated":true}]}}