{"id":14775,"date":"2013-06-20T12:15:03","date_gmt":"2013-06-20T10:15:03","guid":{"rendered":"https:\/\/www.maquinariamarquez.com\/maquinas-de-ocasiao\/"},"modified":"2022-04-20T00:18:29","modified_gmt":"2022-04-19T22:18:29","slug":"maquinas-ocasiao","status":"publish","type":"page","link":"https:\/\/www.maquinariamarquez.com\/pt-pt\/maquinas-ocasiao\/","title":{"rendered":"M\u00e1quinas de Ocasiao"},"content":{"rendered":"<p>Para adquirir equipamento t\u00e9cnico nas melhores condi\u00e7\u00f5es, Maquinaria\u00a0M\u00e1rquez tem uma ampla variedade de m\u00e1quinas-ferramentas CNC e\u00a0convencionais, equipamento de moagem CNC, centros de usinagem CNC &#8230; Aqui pode ver o nosso estoque de ambas as m\u00e1quinas convencionais e CNC, e uma lista de todas as categorias dispon\u00edveis.<\/p>\n","protected":false},"excerpt":{"rendered":"<p>Para adquirir equipamento t\u00e9cnico nas melhores condi\u00e7\u00f5es, Maquinaria\u00a0M\u00e1rquez tem uma ampla variedade de m\u00e1quinas-ferramentas CNC e\u00a0convencionais, equipamento de moagem CNC, centros de usinagem CNC &#8230; Aqui pode ver o nosso estoque de ambas as m\u00e1quinas convencionais e CNC, e uma lista de todas as categorias dispon\u00edveis.<\/p>\n<p><a class=\"btn btn-primary understrap-read-more-link\" href=\"https:\/\/www.maquinariamarquez.com\/pt-pt\/maquinas-ocasiao\/\">Leia mais<\/a><\/p>\n","protected":false},"author":2,"featured_media":0,"parent":0,"menu_order":542,"comment_status":"closed","ping_status":"closed","template":"page-templates\/page-ocasion.php","meta":{"_acf_changed":false,"footnotes":""},"geolocalizacion":[404,396,394,398],"class_list":["post-14775","page","type-page","status-publish","hentry","geolocalizacion-chile-pt-pt","geolocalizacion-latino-pt-pt","geolocalizacion-portugal-pt-pt","geolocalizacion-europa-pt-pt"],"acf":[],"aioseo_notices":[],"_links":{"self":[{"href":"https:\/\/www.maquinariamarquez.com\/pt-pt\/wp-json\/wp\/v2\/pages\/14775","targetHints":{"allow":["GET"]}}],"collection":[{"href":"https:\/\/www.maquinariamarquez.com\/pt-pt\/wp-json\/wp\/v2\/pages"}],"about":[{"href":"https:\/\/www.maquinariamarquez.com\/pt-pt\/wp-json\/wp\/v2\/types\/page"}],"author":[{"embeddable":true,"href":"https:\/\/www.maquinariamarquez.com\/pt-pt\/wp-json\/wp\/v2\/users\/2"}],"replies":[{"embeddable":true,"href":"https:\/\/www.maquinariamarquez.com\/pt-pt\/wp-json\/wp\/v2\/comments?post=14775"}],"version-history":[{"count":1,"href":"https:\/\/www.maquinariamarquez.com\/pt-pt\/wp-json\/wp\/v2\/pages\/14775\/revisions"}],"predecessor-version":[{"id":19778,"href":"https:\/\/www.maquinariamarquez.com\/pt-pt\/wp-json\/wp\/v2\/pages\/14775\/revisions\/19778"}],"wp:attachment":[{"href":"https:\/\/www.maquinariamarquez.com\/pt-pt\/wp-json\/wp\/v2\/media?parent=14775"}],"wp:term":[{"taxonomy":"geolocalizacion","embeddable":true,"href":"https:\/\/www.maquinariamarquez.com\/pt-pt\/wp-json\/wp\/v2\/geolocalizacion?post=14775"}],"curies":[{"name":"wp","href":"https:\/\/api.w.org\/{rel}","templated":true}]}}