{"id":14797,"date":"2013-07-04T14:10:54","date_gmt":"2013-07-04T12:10:54","guid":{"rendered":"https:\/\/www.maquinariamarquez.com\/honor-seiki\/"},"modified":"2025-03-18T16:10:50","modified_gmt":"2025-03-18T14:10:50","slug":"tornos-verticais-honor-seiki","status":"publish","type":"page","link":"https:\/\/www.maquinariamarquez.com\/pt-pt\/tornos-verticais-honor-seiki\/","title":{"rendered":"Honor Seiki"},"content":{"rendered":"\n<figure class=\"wp-block-image size-medium is-resized\"><img alt=\"Honor Seiki\" loading=\"lazy\" decoding=\"async\" width=\"300\" height=\"235\" src=\"https:\/\/www.maquinariamarquez.com\/wp-content\/uploads\/2013\/07\/6372_1293585728-300x235.jpg\" alt=\"\" class=\"wp-image-15000\" style=\"width:250px\" srcset=\"https:\/\/www.maquinariamarquez.com\/wp-content\/uploads\/2013\/07\/6372_1293585728-300x235.jpg 300w, https:\/\/www.maquinariamarquez.com\/wp-content\/uploads\/2013\/07\/6372_1293585728-318x250.jpg 318w, https:\/\/www.maquinariamarquez.com\/wp-content\/uploads\/2013\/07\/6372_1293585728-50x39.jpg 50w, https:\/\/www.maquinariamarquez.com\/wp-content\/uploads\/2013\/07\/6372_1293585728.jpg 500w\" sizes=\"auto, (max-width: 300px) 100vw, 300px\" \/><\/figure>\n\n\n\n<div class=\"wp-block-columns is-layout-flex wp-container-core-columns-is-layout-9d6595d7 wp-block-columns-is-layout-flex\">\n<div class=\"wp-block-column is-layout-flow wp-block-column-is-layout-flow\">\n<figure class=\"wp-block-image size-full is-resized\"><a href=\"https:\/\/www.maquinariamarquez.com\/pt-pt\/tornos-verticais-honor-seiki\/torno-vertical-com-ram\/\"><img alt=\"Honor Seiki\" loading=\"lazy\" decoding=\"async\" width=\"500\" height=\"500\" src=\"https:\/\/www.maquinariamarquez.com\/wp-content\/uploads\/2023\/09\/Torno-Vertical-con-RAM.jpg\" alt=\"\" class=\"wp-image-34982\" style=\"width:400px\" srcset=\"https:\/\/www.maquinariamarquez.com\/wp-content\/uploads\/2023\/09\/Torno-Vertical-con-RAM.jpg 500w, https:\/\/www.maquinariamarquez.com\/wp-content\/uploads\/2023\/09\/Torno-Vertical-con-RAM-300x300.jpg 300w, https:\/\/www.maquinariamarquez.com\/wp-content\/uploads\/2023\/09\/Torno-Vertical-con-RAM-250x250.jpg 250w\" sizes=\"auto, (max-width: 500px) 100vw, 500px\" \/><\/a><\/figure>\n\n\n\n<h2 class=\"wp-block-heading\"><a href=\"https:\/\/www.maquinariamarquez.com\/pt-pt\/tornos-verticais-honor-seiki\/torno-vertical-com-ram\/\" title=\"\">Torno vertical com Ram<\/a><\/h2>\n\n\n\n<div class=\"wp-block-buttons is-layout-flex wp-block-buttons-is-layout-flex\">\n<div class=\"wp-block-button\"><a class=\"wp-block-button__link has-background wp-element-button\" href=\"https:\/\/www.maquinariamarquez.com\/pt-pt\/tornos-verticais-honor-seiki\/torno-vertical-com-ram\/\" style=\"background-color:#4586a6\">Veja detalhes<\/a><\/div>\n<\/div>\n<\/div>\n\n\n\n<div class=\"wp-block-column is-layout-flow wp-block-column-is-layout-flow\">\n<figure class=\"wp-block-image size-full is-resized\"><a href=\"https:\/\/www.maquinariamarquez.com\/pt-pt\/tornos-verticais-honor-seiki\/serie-altas-rotacoes\/\"><img alt=\"Honor Seiki\" loading=\"lazy\" decoding=\"async\" width=\"500\" height=\"500\" src=\"https:\/\/www.maquinariamarquez.com\/wp-content\/uploads\/2023\/09\/Torno-Vertical-Altas-Revoluciones.jpg\" alt=\"\" class=\"wp-image-34985\" style=\"width:400px\" srcset=\"https:\/\/www.maquinariamarquez.com\/wp-content\/uploads\/2023\/09\/Torno-Vertical-Altas-Revoluciones.jpg 500w, https:\/\/www.maquinariamarquez.com\/wp-content\/uploads\/2023\/09\/Torno-Vertical-Altas-Revoluciones-300x300.jpg 300w, https:\/\/www.maquinariamarquez.com\/wp-content\/uploads\/2023\/09\/Torno-Vertical-Altas-Revoluciones-250x250.jpg 250w\" sizes=\"auto, (max-width: 500px) 100vw, 500px\" \/><\/a><\/figure>\n\n\n\n<h2 class=\"wp-block-heading\"><a href=\"https:\/\/www.maquinariamarquez.com\/pt-pt\/tornos-verticais-honor-seiki\/serie-altas-rotacoes\/\" title=\"\">S\u00e9rie altas rota\u00e7\u00f5es<\/a><\/h2>\n\n\n\n<div class=\"wp-block-buttons is-layout-flex wp-block-buttons-is-layout-flex\">\n<div class=\"wp-block-button\"><a class=\"wp-block-button__link has-background wp-element-button\" href=\"https:\/\/www.maquinariamarquez.com\/pt-pt\/tornos-verticais-honor-seiki\/serie-altas-rotacoes\/\" style=\"background-color:#4586a6\">Veja detalhes<\/a><\/div>\n<\/div>\n<\/div>\n<\/div>\n\n\n\n<h2 class=\"wp-block-heading\">Tornos Verticais Honor Seiki<\/h2>\n\n\n\n<p>\u00a0A Honor Seiki \u00e9 a maior fabricante de tornos verticais de Taiwan, e os seus mais de 30 anos de experi\u00eancia no fabrico exclusivo de tornos verticais situam-na no mais alto n\u00edvel de qualidade, competindo com as melhores marcas.<br>Atualmente, possui instala\u00e7\u00f5es com 30.000 m2, a maioria das quais com um ambiente de temperatura controlada, o que possibilita a manuten\u00e7\u00e3o de uma produ\u00e7\u00e3o est\u00e1vel e precisa. A empresa possui tamb\u00e9m o seu pr\u00f3prio sistema de qualidade para manter os padr\u00f5es mais altos e obter a satisfa\u00e7\u00e3o total por parte dos seus clientes. A sua grande capacidade de produ\u00e7\u00e3o de tornos verticais permite-lhe construir 500 unidades por ano, o que significa prazos de entrega muito apertados.<\/p>\n\n\n\n<p>As linhas de fabrico est\u00e3o focados principalmente em tornos verticais com RAM, desde 1 metro at\u00e9 6 metros de di\u00e2metro, com a possibilidade de incorporar o eixo Y ao torno vertical e com tornos de altas rota\u00e7\u00f5es destinados \u00e0 mecaniza\u00e7\u00e3o de pequenas pe\u00e7as como caixas de motores, componentes de autom\u00f3veis, etc. A este fabrico devem ser adicionadas as retificadoras verticais e os tornos frontais com cabe\u00e7a dupla.<br>(Galeria de fotos de pe\u00e7as mecanizadas)<br>A Honor Seiki quis ir um passo mais longe e est\u00e1-se a especializar em <strong>aplica\u00e7\u00f5es sectoriais <\/strong>tentando encontrar a melhor solu\u00e7\u00e3o para diferentes ind\u00fastrias. As v\u00e1rias aplica\u00e7\u00f5es incluem:<br>\u2022 Solu\u00e7\u00e3o aeron\u00e1utica para o fabrico de componentes de motor.<br>\u2022 Solu\u00e7\u00e3o para o fabrico de rodas ferrovi\u00e1rias.<br>\u2022 Solu\u00e7\u00e3o para o fabrico de discos de trav\u00e3o de autom\u00f3veis.<br>\u2022 Solu\u00e7\u00e3o para o fabrico de rolamentos.<br>\u2022 Solu\u00e7\u00e3o para o fabrico de v\u00e1lvulas.<br>\u2022 Solu\u00e7\u00e3o para a retifica\u00e7\u00e3o de rolamentos.<\/p>\n\n\n\n<figure class=\"wp-block-image size-large\"><img alt=\"Honor Seiki\" loading=\"lazy\" decoding=\"async\" width=\"1024\" height=\"635\" src=\"https:\/\/www.maquinariamarquez.com\/wp-content\/uploads\/2013\/07\/Honor-Seiki-Aplicaciones-1024x635.jpg\" alt=\"\" class=\"wp-image-16624\" srcset=\"https:\/\/www.maquinariamarquez.com\/wp-content\/uploads\/2013\/07\/Honor-Seiki-Aplicaciones-1024x635.jpg 1024w, https:\/\/www.maquinariamarquez.com\/wp-content\/uploads\/2013\/07\/Honor-Seiki-Aplicaciones-300x186.jpg 300w, https:\/\/www.maquinariamarquez.com\/wp-content\/uploads\/2013\/07\/Honor-Seiki-Aplicaciones-768x476.jpg 768w, https:\/\/www.maquinariamarquez.com\/wp-content\/uploads\/2013\/07\/Honor-Seiki-Aplicaciones-370x229.jpg 370w, https:\/\/www.maquinariamarquez.com\/wp-content\/uploads\/2013\/07\/Honor-Seiki-Aplicaciones-50x31.jpg 50w, https:\/\/www.maquinariamarquez.com\/wp-content\/uploads\/2013\/07\/Honor-Seiki-Aplicaciones.jpg 1500w\" sizes=\"auto, (max-width: 1024px) 100vw, 1024px\" \/><figcaption class=\"wp-element-caption\">Honor Seiki Aplicaciones<\/figcaption><\/figure>\n\n\n\n<p>A <strong>Maquinaria M\u00e1rquez<\/strong> tem sido distribuidora da Honor Seiki desde 2007 e fornece conselhos sobre a venda e configura\u00e7\u00e3o do torno vertical bem como o seu transporte, instala\u00e7\u00e3o e montagem atrav\u00e9s dos seus pr\u00f3prios t\u00e9cnicos. Os tornos verticais s\u00e3o fabricados com o CNC Fanuc ou Siemens e na Maquinaria M\u00e1rquez tamb\u00e9m podemos fornecer o torno vertical com o CNC Fagor, cuja instala\u00e7\u00e3o \u00e9 feita pelos nossos pr\u00f3prios t\u00e9cnicos.<\/p>\n\n\n\n<figure class=\"wp-block-embed is-type-video is-provider-youtube wp-block-embed-youtube wp-embed-aspect-16-9 wp-has-aspect-ratio\"><div class=\"wp-block-embed__wrapper\">\n<iframe loading=\"lazy\" title=\"Honor Seiki Brand Image Video\" width=\"1024\" height=\"576\" src=\"https:\/\/www.youtube.com\/embed\/5q7SeZIsaew?feature=oembed\" frameborder=\"0\" allow=\"accelerometer; autoplay; clipboard-write; encrypted-media; gyroscope; picture-in-picture; web-share\" referrerpolicy=\"strict-origin-when-cross-origin\" allowfullscreen><\/iframe>\n<\/div><\/figure>\n\n\n\n<p><\/p>\n","protected":false},"excerpt":{"rendered":"<p>Honor Seiki \u00e9 um fabricante de Taiwan de Tornos Verticais representado em Espanha e Portugal por Maquinaria M\u00e1rquez.<\/p>\n<p><a class=\"btn btn-primary understrap-read-more-link\" href=\"https:\/\/www.maquinariamarquez.com\/pt-pt\/tornos-verticais-honor-seiki\/\">Leia mais<\/a><\/p>\n","protected":false},"author":2,"featured_media":15000,"parent":0,"menu_order":472,"comment_status":"closed","ping_status":"closed","template":"","meta":{"_acf_changed":false,"footnotes":""},"geolocalizacion":[404,396,394,398],"class_list":["post-14797","page","type-page","status-publish","has-post-thumbnail","hentry","geolocalizacion-chile-pt-pt","geolocalizacion-latino-pt-pt","geolocalizacion-portugal-pt-pt","geolocalizacion-europa-pt-pt"],"acf":[],"aioseo_notices":[],"_links":{"self":[{"href":"https:\/\/www.maquinariamarquez.com\/pt-pt\/wp-json\/wp\/v2\/pages\/14797","targetHints":{"allow":["GET"]}}],"collection":[{"href":"https:\/\/www.maquinariamarquez.com\/pt-pt\/wp-json\/wp\/v2\/pages"}],"about":[{"href":"https:\/\/www.maquinariamarquez.com\/pt-pt\/wp-json\/wp\/v2\/types\/page"}],"author":[{"embeddable":true,"href":"https:\/\/www.maquinariamarquez.com\/pt-pt\/wp-json\/wp\/v2\/users\/2"}],"replies":[{"embeddable":true,"href":"https:\/\/www.maquinariamarquez.com\/pt-pt\/wp-json\/wp\/v2\/comments?post=14797"}],"version-history":[{"count":10,"href":"https:\/\/www.maquinariamarquez.com\/pt-pt\/wp-json\/wp\/v2\/pages\/14797\/revisions"}],"predecessor-version":[{"id":49246,"href":"https:\/\/www.maquinariamarquez.com\/pt-pt\/wp-json\/wp\/v2\/pages\/14797\/revisions\/49246"}],"wp:featuredmedia":[{"embeddable":true,"href":"https:\/\/www.maquinariamarquez.com\/pt-pt\/wp-json\/wp\/v2\/media\/15000"}],"wp:attachment":[{"href":"https:\/\/www.maquinariamarquez.com\/pt-pt\/wp-json\/wp\/v2\/media?parent=14797"}],"wp:term":[{"taxonomy":"geolocalizacion","embeddable":true,"href":"https:\/\/www.maquinariamarquez.com\/pt-pt\/wp-json\/wp\/v2\/geolocalizacion?post=14797"}],"curies":[{"name":"wp","href":"https:\/\/api.w.org\/{rel}","templated":true}]}}