{"id":14818,"date":"2013-07-10T12:50:51","date_gmt":"2013-07-10T10:50:51","guid":{"rendered":"https:\/\/www.maquinariamarquez.com\/mapa-web\/"},"modified":"2022-04-25T11:24:51","modified_gmt":"2022-04-25T09:24:51","slug":"mapa-web","status":"publish","type":"page","link":"https:\/\/www.maquinariamarquez.com\/pt-pt\/mapa-web\/","title":{"rendered":"Sitemap"},"content":{"rendered":"<div id=\"wp-realtime-sitemap-menu\"><h3>Menu<\/h3><ul><li id=\"menu-item-19108\" class=\"menu-item menu-item-type-custom menu-item-object-custom menu-item-19108\"><a href=\"https:\/\/www.maquinariamarquez.com\/\">In\u00edcio<\/a><\/li>\n<li id=\"menu-item-19109\" class=\"menu-item menu-item-type-custom menu-item-object-custom menu-item-has-children menu-item-19109\"><a href=\"#\">Producto<\/a>\n<ul class=\"sub-menu\">\n\t<li id=\"menu-item-19110\" class=\"menu-item menu-item-type-custom menu-item-object-custom menu-item-has-children menu-item-19110\"><a href=\"#\">Mandrinadoras &#8211; Fresadoras<\/a>\n\t<ul class=\"dropdown-submenu\">\n\t\t<li id=\"menu-item-19111\" class=\"menu-item menu-item-type-post_type menu-item-object-page menu-item-19111\"><a href=\"https:\/\/www.maquinariamarquez.com\/pt-pt\/mandriladora-tos-varnsdorf\/\">Tos Varnsdorf<\/a><\/li>\n\t<\/ul>\n<\/li>\n\t<li id=\"menu-item-19112\" class=\"menu-item menu-item-type-post_type menu-item-object-page menu-item-19112\"><a href=\"https:\/\/www.maquinariamarquez.com\/pt-pt\/?page_id=14875\">FRESADORA PONTE<\/a><\/li>\n\t<li id=\"menu-item-19115\" class=\"menu-item menu-item-type-custom menu-item-object-custom menu-item-has-children menu-item-19115\"><a href=\"#\">Centros de Mecanizado<\/a>\n\t<ul class=\"dropdown-submenu\">\n\t\t<li id=\"menu-item-19116\" class=\"menu-item menu-item-type-custom menu-item-object-custom menu-item-19116\"><a href=\"#\">Vertical<\/a><\/li>\n\t\t<li id=\"menu-item-19122\" class=\"menu-item menu-item-type-custom menu-item-object-custom menu-item-19122\"><a href=\"#\">Multifunci\u00f3n<\/a><\/li>\n\t<\/ul>\n<\/li>\n\t<li id=\"menu-item-19130\" class=\"menu-item menu-item-type-custom menu-item-object-custom menu-item-has-children menu-item-19130\"><a href=\"#\">Tornos Verticales<\/a>\n\t<ul class=\"dropdown-submenu\">\n\t\t<li id=\"menu-item-19131\" class=\"menu-item menu-item-type-post_type menu-item-object-page menu-item-19131\"><a href=\"https:\/\/www.maquinariamarquez.com\/pt-pt\/tornos-verticais-honor-seiki\/\">Honor Seiki<\/a><\/li>\n\t<\/ul>\n<\/li>\n\t<li id=\"menu-item-19132\" class=\"menu-item menu-item-type-custom menu-item-object-custom menu-item-has-children menu-item-19132\"><a href=\"#\">Tornos<\/a>\n\t<ul class=\"dropdown-submenu\">\n\t\t<li id=\"menu-item-19133\" class=\"menu-item menu-item-type-custom menu-item-object-custom menu-item-has-children menu-item-19133\"><a href=\"#\">Paralelos CNC<\/a>\n\t\t<ul class=\"dropdown-submenu\">\n\t\t\t<li id=\"menu-item-19135\" class=\"menu-item menu-item-type-post_type menu-item-object-page menu-item-19135\"><a href=\"https:\/\/www.maquinariamarquez.com\/pt-pt\/torno-horizontal-cnc-tos-celakovice\/\">Tos Celakovice<\/a><\/li>\n\t\t<\/ul>\n<\/li>\n\t\t<li id=\"menu-item-19136\" class=\"menu-item menu-item-type-custom menu-item-object-custom menu-item-19136\"><a href=\"#\">Bancada Inclinada<\/a><\/li>\n\t<\/ul>\n<\/li>\n<\/ul>\n<\/li>\n<li id=\"menu-item-19143\" class=\"menu-item menu-item-type-custom menu-item-object-custom menu-item-has-children menu-item-19143\"><a href=\"#\">Marcas<\/a>\n<ul class=\"sub-menu\">\n\t<li id=\"menu-item-19144\" class=\"menu-item menu-item-type-post_type menu-item-object-page menu-item-19144\"><a href=\"https:\/\/www.maquinariamarquez.com\/pt-pt\/mandriladora-tos-varnsdorf\/\">Tos Varnsdorf<\/a><\/li>\n\t<li id=\"menu-item-19145\" class=\"menu-item menu-item-type-post_type menu-item-object-page menu-item-19145\"><a href=\"https:\/\/www.maquinariamarquez.com\/pt-pt\/tornos-verticais-honor-seiki\/\">Honor Seiki<\/a><\/li>\n\t<li id=\"menu-item-19149\" class=\"menu-item menu-item-type-post_type menu-item-object-page menu-item-19149\"><a href=\"https:\/\/www.maquinariamarquez.com\/pt-pt\/torno-horizontal-cnc-tos-celakovice\/\">Tos Celakovice<\/a><\/li>\n<\/ul>\n<\/li>\n<li id=\"menu-item-19151\" class=\"menu-item menu-item-type-post_type menu-item-object-page menu-item-19151\"><a href=\"https:\/\/www.maquinariamarquez.com\/pt-pt\/maquinas-ocasiao\/\">Ocasi\u00e3o<\/a><\/li>\n<li id=\"menu-item-19152\" class=\"menu-item menu-item-type-post_type menu-item-object-page menu-item-has-children menu-item-19152\"><a href=\"https:\/\/www.maquinariamarquez.com\/pt-pt\/maquinaria-marquez\/\">Companhia<\/a>\n<ul class=\"sub-menu\">\n\t<li id=\"menu-item-19153\" class=\"menu-item menu-item-type-post_type menu-item-object-page menu-item-19153\"><a href=\"https:\/\/www.maquinariamarquez.com\/pt-pt\/maquinaria-marquez\/\">Maquinaria M\u00e1rquez<\/a><\/li>\n\t<li id=\"menu-item-19501\" class=\"menu-item menu-item-type-post_type menu-item-object-page menu-item-19501\"><a href=\"https:\/\/www.maquinariamarquez.com\/pt-pt\/maquinaria-marquez\/sat\/\">SAT | Asistencia T\u00e9cnica<\/a><\/li>\n\t<li id=\"menu-item-19502\" class=\"menu-item menu-item-type-post_type menu-item-object-page current_page_parent menu-item-19502\"><a href=\"https:\/\/www.maquinariamarquez.com\/pt-pt\/maquinaria-marquez\/noticias\/\">Not\u00edcias<\/a><\/li>\n<\/ul>\n<\/li>\n<li id=\"menu-item-19154\" class=\"menu-item menu-item-type-post_type menu-item-object-page menu-item-19154\"><a href=\"https:\/\/www.maquinariamarquez.com\/pt-pt\/contato\/\">Contato<\/a><\/li>\n<li id=\"menu-item-19723\" class=\"menu-item menu-item-type-post_type menu-item-object-page menu-item-19723\"><a href=\"https:\/\/www.maquinariamarquez.com\/pt-pt\/?page_id=19451\">Trimill<\/a><\/li>\n<\/ul><\/div>\n","protected":false},"excerpt":{"rendered":"<p>MenuIn\u00edcio Producto Mandrinadoras &#8211; Fresadoras Tos Varnsdorf FRESADORA PONTE Centros de Mecanizado Vertical Multifunci\u00f3n Tornos Verticales Honor Seiki Tornos Paralelos CNC Tos Celakovice Bancada Inclinada Marcas Tos Varnsdorf Honor Seiki Tos Celakovice Ocasi\u00e3o Companhia Maquinaria M\u00e1rquez SAT | Asistencia T\u00e9cnica Not\u00edcias Contato Trimill<\/p>\n<p><a class=\"btn btn-primary understrap-read-more-link\" href=\"https:\/\/www.maquinariamarquez.com\/pt-pt\/mapa-web\/\">Leia mais<\/a><\/p>\n","protected":false},"author":2,"featured_media":0,"parent":0,"menu_order":110,"comment_status":"closed","ping_status":"open","template":"","meta":{"_acf_changed":false,"footnotes":""},"geolocalizacion":[404,396,394,398],"class_list":["post-14818","page","type-page","status-publish","hentry","geolocalizacion-chile-pt-pt","geolocalizacion-latino-pt-pt","geolocalizacion-portugal-pt-pt","geolocalizacion-europa-pt-pt"],"acf":[],"aioseo_notices":[],"_links":{"self":[{"href":"https:\/\/www.maquinariamarquez.com\/pt-pt\/wp-json\/wp\/v2\/pages\/14818","targetHints":{"allow":["GET"]}}],"collection":[{"href":"https:\/\/www.maquinariamarquez.com\/pt-pt\/wp-json\/wp\/v2\/pages"}],"about":[{"href":"https:\/\/www.maquinariamarquez.com\/pt-pt\/wp-json\/wp\/v2\/types\/page"}],"author":[{"embeddable":true,"href":"https:\/\/www.maquinariamarquez.com\/pt-pt\/wp-json\/wp\/v2\/users\/2"}],"replies":[{"embeddable":true,"href":"https:\/\/www.maquinariamarquez.com\/pt-pt\/wp-json\/wp\/v2\/comments?post=14818"}],"version-history":[{"count":2,"href":"https:\/\/www.maquinariamarquez.com\/pt-pt\/wp-json\/wp\/v2\/pages\/14818\/revisions"}],"predecessor-version":[{"id":20167,"href":"https:\/\/www.maquinariamarquez.com\/pt-pt\/wp-json\/wp\/v2\/pages\/14818\/revisions\/20167"}],"wp:attachment":[{"href":"https:\/\/www.maquinariamarquez.com\/pt-pt\/wp-json\/wp\/v2\/media?parent=14818"}],"wp:term":[{"taxonomy":"geolocalizacion","embeddable":true,"href":"https:\/\/www.maquinariamarquez.com\/pt-pt\/wp-json\/wp\/v2\/geolocalizacion?post=14818"}],"curies":[{"name":"wp","href":"https:\/\/api.w.org\/{rel}","templated":true}]}}