{"id":14861,"date":"2017-10-17T11:42:05","date_gmt":"2017-10-17T09:42:05","guid":{"rendered":"https:\/\/www.maquinariamarquez.com\/cabecas\/"},"modified":"2022-04-20T00:23:17","modified_gmt":"2022-04-19T22:23:17","slug":"cabecas","status":"publish","type":"page","link":"https:\/\/www.maquinariamarquez.com\/pt-pt\/mandriladora-tos-varnsdorf\/cabecas\/","title":{"rendered":"Cabe\u00e7as"},"content":{"rendered":"<p>A Tos Varnsdorf, como fabricante integral de mandriladoras e fresadoras, constr\u00f3i as suas pr\u00f3prias cabe\u00e7as, o que garante qualidade e continuidade no servi\u00e7o. No que respeita a cabe\u00e7as, por um lado, destacam-se os \u00faltimos desenvolvimentos em cabe\u00e7as autom\u00e1ticas com posicionamento \u00e0 mil\u00e9sima e, por outro lado, as cabe\u00e7as de rota\u00e7\u00e3o cont\u00ednua com eletromandril que permitem realizar trabalhos aeron\u00e1uticos.<\/p>\n","protected":false},"excerpt":{"rendered":"<p>A Tos Varnsdorf, como fabricante integral de mandriladoras e fresadoras, constr\u00f3i as suas pr\u00f3prias cabe\u00e7as, o que garante qualidade e continuidade no servi\u00e7o. No que respeita a cabe\u00e7as, por um lado, destacam-se os \u00faltimos desenvolvimentos em cabe\u00e7as autom\u00e1ticas com posicionamento \u00e0 mil\u00e9sima e, por outro lado, as cabe\u00e7as de rota\u00e7\u00e3o cont\u00ednua com eletromandril que permitem [&#8230;]<\/p>\n<p><a class=\"btn btn-primary understrap-read-more-link\" href=\"https:\/\/www.maquinariamarquez.com\/pt-pt\/mandriladora-tos-varnsdorf\/cabecas\/\">Leia mais<\/a><\/p>\n","protected":false},"author":1,"featured_media":16374,"parent":14783,"menu_order":217,"comment_status":"closed","ping_status":"closed","template":"","meta":{"_acf_changed":false,"footnotes":""},"geolocalizacion":[404,396,394,398],"class_list":["post-14861","page","type-page","status-publish","has-post-thumbnail","hentry","geolocalizacion-chile-pt-pt","geolocalizacion-latino-pt-pt","geolocalizacion-portugal-pt-pt","geolocalizacion-europa-pt-pt"],"acf":[],"aioseo_notices":[],"_links":{"self":[{"href":"https:\/\/www.maquinariamarquez.com\/pt-pt\/wp-json\/wp\/v2\/pages\/14861","targetHints":{"allow":["GET"]}}],"collection":[{"href":"https:\/\/www.maquinariamarquez.com\/pt-pt\/wp-json\/wp\/v2\/pages"}],"about":[{"href":"https:\/\/www.maquinariamarquez.com\/pt-pt\/wp-json\/wp\/v2\/types\/page"}],"author":[{"embeddable":true,"href":"https:\/\/www.maquinariamarquez.com\/pt-pt\/wp-json\/wp\/v2\/users\/1"}],"replies":[{"embeddable":true,"href":"https:\/\/www.maquinariamarquez.com\/pt-pt\/wp-json\/wp\/v2\/comments?post=14861"}],"version-history":[{"count":1,"href":"https:\/\/www.maquinariamarquez.com\/pt-pt\/wp-json\/wp\/v2\/pages\/14861\/revisions"}],"predecessor-version":[{"id":19765,"href":"https:\/\/www.maquinariamarquez.com\/pt-pt\/wp-json\/wp\/v2\/pages\/14861\/revisions\/19765"}],"up":[{"embeddable":true,"href":"https:\/\/www.maquinariamarquez.com\/pt-pt\/wp-json\/wp\/v2\/pages\/14783"}],"wp:featuredmedia":[{"embeddable":true,"href":"https:\/\/www.maquinariamarquez.com\/pt-pt\/wp-json\/wp\/v2\/media\/16374"}],"wp:attachment":[{"href":"https:\/\/www.maquinariamarquez.com\/pt-pt\/wp-json\/wp\/v2\/media?parent=14861"}],"wp:term":[{"taxonomy":"geolocalizacion","embeddable":true,"href":"https:\/\/www.maquinariamarquez.com\/pt-pt\/wp-json\/wp\/v2\/geolocalizacion?post=14861"}],"curies":[{"name":"wp","href":"https:\/\/api.w.org\/{rel}","templated":true}]}}