{"id":14888,"date":"2020-04-21T12:50:19","date_gmt":"2020-04-21T10:50:19","guid":{"rendered":"https:\/\/www.maquinariamarquez.com\/essierras-de-cinta-pilous\/"},"modified":"2022-04-20T00:00:28","modified_gmt":"2022-04-19T22:00:28","slug":"serrotes-pilous","status":"publish","type":"page","link":"https:\/\/www.maquinariamarquez.com\/pt-pt\/serrotes-pilous\/","title":{"rendered":"Sierras de Cinta Pilous"},"content":{"rendered":"<p>&#8221; href=&#8221;https:\/\/www.maquinariamarquez.com\/sierras-de-cinta-metal-pilous\/sierras-de-cinta-doble-columna-tmj\/&#8221;>Ver Modelos de Sierras de Doble Columna TMJ<\/a><\/h3>\n<p>&nbsp;&#8221; href=&#8221;https:\/\/www.maquinariamarquez.com\/sierras-de-cinta-metal-pilous\/sierra-de-cinta-de-brazo\/&#8221;><strong>Ver Modelos Sierras de Cinta de Brazo<\/strong><\/a><\/h3>\n<ul>\n<li><strong>CNC autom\u00e1tica:<\/strong> La alimentaci\u00f3n de material en el corte se realiza mediante un servoaccionamiento y un husillo de bolas con un nuevo sistema de control de la posici\u00f3n y panel de control.<\/li>\n<\/ul>\n<h3 style=\"text-align: center;\"><a title=\"\" href=\"https:\/\/www.maquinariamarquez.com\/sierras-de-cinta-metal-pilous\/sierra-de-cinta-cnc\/\"><strong>Ver Modelos Sierras de Cinta de Brazo CNC<\/strong><\/a><\/h3>\n<p><strong>Sierras de doble columna:<\/strong> La gu\u00eda de dos columnas del brazo de la sierra en las gu\u00edas lineales garantiza la m\u00e1xima rigidez de todo el sistema y, por lo tanto, la precisi\u00f3n del corte. Hay modelos de sierra de doble columna para metal en las que el material se ajusta manualmente y otras en las que\u00a0 el material es movido a la posici\u00f3n de corte por un servomotor industrial controlado desde un\u00a0 panel de mando. La sujeci\u00f3n del material y el movimiento del brazo de la hoja de la sierra son controlados hidr\u00e1ulicamente.<\/p>\n<h3 style=\"text-align: center;\"><a title=\"Ver Modelos de Sierras de Cinta de Doble Columna\" href=\"https:\/\/www.maquinariamarquez.com\/sierras-de-cinta-metal-pilous\/sierra-de-cinta-doble-columna\/\"><strong>Ver Modelos de Sierras Doble Columna<\/strong><\/a><\/h3>\n","protected":false},"excerpt":{"rendered":"<p>&#8221; href=&#8221;https:\/\/www.maquinariamarquez.com\/sierras-de-cinta-metal-pilous\/sierras-de-cinta-doble-columna-tmj\/&#8221;>Ver Modelos de Sierras de Doble Columna TMJ &nbsp;&#8221; href=&#8221;https:\/\/www.maquinariamarquez.com\/sierras-de-cinta-metal-pilous\/sierra-de-cinta-de-brazo\/&#8221;>Ver Modelos Sierras de Cinta de Brazo CNC autom\u00e1tica: La alimentaci\u00f3n de material en el corte se realiza mediante un servoaccionamiento y un husillo de bolas con un nuevo sistema de control de la posici\u00f3n y panel de control. Ver Modelos Sierras de Cinta de [&#8230;]<\/p>\n<p><a class=\"btn btn-primary understrap-read-more-link\" href=\"https:\/\/www.maquinariamarquez.com\/pt-pt\/serrotes-pilous\/\">Leia mais<\/a><\/p>\n","protected":false},"author":1,"featured_media":34822,"parent":0,"menu_order":260,"comment_status":"closed","ping_status":"closed","template":"","meta":{"_acf_changed":false,"footnotes":""},"geolocalizacion":[404,396,394,398],"class_list":["post-14888","page","type-page","status-publish","has-post-thumbnail","hentry","geolocalizacion-chile-pt-pt","geolocalizacion-latino-pt-pt","geolocalizacion-portugal-pt-pt","geolocalizacion-europa-pt-pt"],"acf":[],"aioseo_notices":[],"_links":{"self":[{"href":"https:\/\/www.maquinariamarquez.com\/pt-pt\/wp-json\/wp\/v2\/pages\/14888","targetHints":{"allow":["GET"]}}],"collection":[{"href":"https:\/\/www.maquinariamarquez.com\/pt-pt\/wp-json\/wp\/v2\/pages"}],"about":[{"href":"https:\/\/www.maquinariamarquez.com\/pt-pt\/wp-json\/wp\/v2\/types\/page"}],"author":[{"embeddable":true,"href":"https:\/\/www.maquinariamarquez.com\/pt-pt\/wp-json\/wp\/v2\/users\/1"}],"replies":[{"embeddable":true,"href":"https:\/\/www.maquinariamarquez.com\/pt-pt\/wp-json\/wp\/v2\/comments?post=14888"}],"version-history":[{"count":1,"href":"https:\/\/www.maquinariamarquez.com\/pt-pt\/wp-json\/wp\/v2\/pages\/14888\/revisions"}],"predecessor-version":[{"id":19705,"href":"https:\/\/www.maquinariamarquez.com\/pt-pt\/wp-json\/wp\/v2\/pages\/14888\/revisions\/19705"}],"wp:featuredmedia":[{"embeddable":true,"href":"https:\/\/www.maquinariamarquez.com\/pt-pt\/wp-json\/wp\/v2\/media\/34822"}],"wp:attachment":[{"href":"https:\/\/www.maquinariamarquez.com\/pt-pt\/wp-json\/wp\/v2\/media?parent=14888"}],"wp:term":[{"taxonomy":"geolocalizacion","embeddable":true,"href":"https:\/\/www.maquinariamarquez.com\/pt-pt\/wp-json\/wp\/v2\/geolocalizacion?post=14888"}],"curies":[{"name":"wp","href":"https:\/\/api.w.org\/{rel}","templated":true}]}}