{"id":19422,"date":"2020-04-21T14:38:56","date_gmt":"2020-04-21T12:38:56","guid":{"rendered":"https:\/\/www.maquinariamarquez.com\/essierras-de-cinta-pilous\/gravitacional\/"},"modified":"2024-08-19T11:51:40","modified_gmt":"2024-08-19T09:51:40","slug":"sierra-de-cinta-de-brazo","status":"publish","type":"page","link":"https:\/\/www.maquinariamarquez.com\/pt-pt\/serrotes-pilous\/sierra-de-cinta-de-brazo\/","title":{"rendered":"Sierras de cinta de brazo"},"content":{"rendered":"\n<div class=\"wp-block-buttons is-content-justification-center is-layout-flex wp-container-core-buttons-is-layout-16018d1d wp-block-buttons-is-layout-flex\">\n<div class=\"wp-block-button has-custom-font-size has-medium-font-size\"><a class=\"wp-block-button__link has-red-background-color has-background has-text-align-center wp-element-button\" href=\"https:\/\/sierrasdecintaparametal.com\/\"><strong>Click aqu\u00ed para ver nuestra web especializada<\/strong><\/a><\/div>\n<\/div>\n\n\n\n<div style=\"height:24px\" aria-hidden=\"true\" class=\"wp-block-spacer\"><\/div>\n\n\n\n<p><a href=\"https:\/\/sierrasdecintaparametal.com\/sierras-de-cinta-de-brazo\/\" title=\"\">Configura tu Sierra de cinta<\/a> en nuestra web y recibe tu presupuesto al instante. Podr\u00e1s elegir entre los diferentes modelos, tama\u00f1os y a\u00f1adir los accesorios que te interesen. Revisa el presupuesto y contacta con nosotros si te interesa.<\/p>\n\n\n\n<p>En las sierras de brazo el arco de corte pivota sobre un eje. Estas sierras de cinta son extremadamente fiables ya que disponen de una amplia base mecanosoldada y estabilizada sobre la que se incorpora el brazo de la sierra de fundici\u00f3n gris que permite absorber las vibraciones producidas durante el corte.&nbsp; El nuevo dise\u00f1o del brazo de fundici\u00f3n con cavidades y especialmente nervado permite colocar unas ruedas de arrastre m\u00e1s grandes lo que disminuye el estr\u00e9s sobre la hoja de sierra y permite aumentar su duraci\u00f3n y precisi\u00f3n en el corte.<\/p>\n\n\n\n<p>En los distintos modelos se pueden combinar sierras con 2 velocidades de corte o modelos con variador de frecuencia que permite ajustar la velocidad de corte en un intervalo continuo <strong>(modelo F)<\/strong>. Atendiendo al sistema de accionamiento de la bajada y subida del brazo y la alimentaci\u00f3n del material nos podemos encontrar los siguientes tipos de sierras de cinta para metal Pilous:<\/p>\n\n\n\n<ul class=\"wp-block-list\">\n<li><strong>Bajada Controlada (Gravitacional)-Subida manual:&nbsp; <\/strong>&nbsp;El corte se inicia a trav\u00e9s del interruptor principal y el brazo desciende por su propio peso (el marco) regul\u00e1ndose la velocidad de bajada por medio de una v\u00e1lvula. Una vez completado el corte el motor de giro de la hora de sierra se apaga autom\u00e1ticamente. El brazo lo levanta manualmente el operario. La mordaza dispone de una palanca de apriete r\u00e1pido.<\/li>\n\n\n\n<li><strong>Bajada Controlada- Subida Hidr\u00e1ulica(modelo H):<\/strong> El&nbsp; cilindro hidr\u00e1ulico se utiliza para levantar autom\u00e1ticamente el brazo de la sierra para metal despu\u00e9s del corte. La altura de elevaci\u00f3n es ajustable de acuerdo con el tama\u00f1o del material a cortar. La bajada del brazo se realiza por el propio peso del brazo contralando la velocidad a trav\u00e9s de una v\u00e1lvula.<\/li>\n\n\n\n<li><b>Semiautom\u00e1tica (Bajada y Subida hidr\u00e1ulica) (Modelo SA):<\/b> M\u00e1quinas equipadas con una potente unidad hidr\u00e1ulica. Despu\u00e9s de presionar un solo interruptor, se realiza todo el ciclo de corte: sujetar el material apretando la mordaza, encender la cinta de la sierra, hacer el corte, detener la cinta de la sierra, levantar el brazo a la posici\u00f3n superior original (ajustable) y abrir la mordaza.<\/li>\n<\/ul>\n\n\n\n<div class=\"wp-block-buttons is-content-justification-center is-layout-flex wp-container-core-buttons-is-layout-16018d1d wp-block-buttons-is-layout-flex\">\n<div class=\"wp-block-button has-custom-font-size has-medium-font-size\"><a class=\"wp-block-button__link has-red-background-color has-background has-text-align-center wp-element-button\" href=\"https:\/\/sierrasdecintaparametal.com\/sierras-de-cinta-de-brazo\/\"><strong>Personaliza tu sierra y obt\u00e9n presupuesto<\/strong><\/a><\/div>\n<\/div>\n\n\n\n<div style=\"height:21px\" aria-hidden=\"true\" class=\"wp-block-spacer\"><\/div>\n\n\n\n<h2 class=\"wp-block-heading\">Comparativa modelos de sierras de cinta de brazo<\/h2>\n\n\n\n<figure class=\"wp-block-table\"><table><tbody><tr><td colspan=\"4\"><a href=\"https:\/\/www.maquinariamarquez.com\/pt-pt\/serrotes-pilous\/sierra-de-cinta-de-brazo\/gravitacional\/\"><strong>ARG 200 Plus, Corte 250 x 140, \u00d8 200<\/strong><\/a><\/td><td class=\"has-text-align-center\" data-align=\"center\"><a href=\"https:\/\/www.maquinariamarquez.com\/pt-pt\/serrotes-pilous\/sierra-de-cinta-de-brazo\/gravitacional\/\"><strong>M\u00e1s info<\/strong><\/a><\/td><\/tr><tr><td>\n<p style=\"text-align: center;\"><strong>&nbsp;<\/strong><\/p>\n<\/td><td class=\"has-text-align-center\" data-align=\"center\"><strong>90\u00ba<\/strong><\/td><td class=\"has-text-align-center\" data-align=\"center\"><strong>-45\u00ba<\/strong><\/td><td class=\"has-text-align-center\" data-align=\"center\"><strong>+45\u00ba<\/strong><\/td><td class=\"has-text-align-center\" data-align=\"center\">\n<p style=\"text-align: center;\"><strong>+\/-60\u00ba<\/strong><\/p>\n<\/td><\/tr><tr><td><img loading=\"lazy\" decoding=\"async\" class=\"size-full wp-image-22511 aligncenter\" src=\"https:\/\/www.maquinariamarquez.com\/wp-content\/uploads\/2022\/06\/redondo.png\" alt=\"\" width=\"38\" height=\"12\"><\/td><td class=\"has-text-align-center\" data-align=\"center\">\n<p style=\"text-align: center;\">200<\/p>\n<\/td><td class=\"has-text-align-center\" data-align=\"center\">135<\/td><td class=\"has-text-align-center\" data-align=\"center\">155<\/td><td class=\"has-text-align-center\" data-align=\"center\">95<\/td><\/tr><tr><td><img loading=\"lazy\" decoding=\"async\" class=\"aligncenter size-full wp-image-22514\" src=\"https:\/\/www.maquinariamarquez.com\/wp-content\/uploads\/2022\/06\/cuadrado.png\" alt=\"\" width=\"38\" height=\"12\"><\/td><td class=\"has-text-align-center\" data-align=\"center\">200<\/td><td class=\"has-text-align-center\" data-align=\"center\">115<\/td><td class=\"has-text-align-center\" data-align=\"center\">130<\/td><td class=\"has-text-align-center\" data-align=\"center\">\n<p style=\"text-align: center;\">65<\/p>\n<\/td><\/tr><tr><td><img loading=\"lazy\" decoding=\"async\" class=\"aligncenter size-full wp-image-22517\" src=\"https:\/\/www.maquinariamarquez.com\/wp-content\/uploads\/2022\/06\/rectangulo.png\" alt=\"\" width=\"38\" height=\"12\"><\/td><td class=\"has-text-align-center\" data-align=\"center\">250&#215;140<\/td><td class=\"has-text-align-center\" data-align=\"center\">150&#215;70<\/td><td class=\"has-text-align-center\" data-align=\"center\">160&#215;125<\/td><td class=\"has-text-align-center\" data-align=\"center\">\n<p style=\"text-align: center;\">100&#215;60<\/p>\n<\/td><\/tr><tr><td colspan=\"4\"><a href=\"https:\/\/www.maquinariamarquez.com\/pt-pt\/serrotes-pilous\/sierra-de-cinta-de-brazo\/arg-235-plus\/\"><strong>ARG 235 Plus, Corte 280 x 180, \u00d8 235<\/strong><\/a><\/td><td class=\"has-text-align-center\" data-align=\"center\"><a href=\"https:\/\/www.maquinariamarquez.com\/pt-pt\/serrotes-pilous\/sierra-de-cinta-de-brazo\/arg-235-plus\/\"><strong>M\u00e1s info<\/strong><\/a><\/td><\/tr><tr><td>\n<p style=\"text-align: center;\"><strong>&nbsp;<\/strong><\/p>\n<\/td><td class=\"has-text-align-center\" data-align=\"center\"><strong>90\u00ba<\/strong><\/td><td class=\"has-text-align-center\" data-align=\"center\"><strong>-45\u00ba<\/strong><\/td><td class=\"has-text-align-center\" data-align=\"center\"><strong>+45\u00ba<\/strong><\/td><td class=\"has-text-align-center\" data-align=\"center\">\n<p style=\"text-align: center;\"><strong>+\/-60\u00ba<\/strong><\/p>\n<\/td><\/tr><tr><td><img loading=\"lazy\" decoding=\"async\" class=\"size-full wp-image-22511 aligncenter\" src=\"https:\/\/www.maquinariamarquez.com\/wp-content\/uploads\/2022\/06\/redondo.png\" alt=\"\" width=\"38\" height=\"12\"><\/td><td class=\"has-text-align-center\" data-align=\"center\">\n<p style=\"text-align: center;\">235<\/p>\n<\/td><td class=\"has-text-align-center\" data-align=\"center\">165<\/td><td class=\"has-text-align-center\" data-align=\"center\">185<\/td><td class=\"has-text-align-center\" data-align=\"center\">115<\/td><\/tr><tr><td><img loading=\"lazy\" decoding=\"async\" class=\"aligncenter size-full wp-image-22514\" src=\"https:\/\/www.maquinariamarquez.com\/wp-content\/uploads\/2022\/06\/cuadrado.png\" alt=\"\" width=\"38\" height=\"12\"><\/td><td class=\"has-text-align-center\" data-align=\"center\">230<\/td><td class=\"has-text-align-center\" data-align=\"center\">145<\/td><td class=\"has-text-align-center\" data-align=\"center\">160<\/td><td class=\"has-text-align-center\" data-align=\"center\">\n<p style=\"text-align: center;\">80<\/p>\n<\/td><\/tr><tr><td><img loading=\"lazy\" decoding=\"async\" class=\"aligncenter size-full wp-image-22517\" src=\"https:\/\/www.maquinariamarquez.com\/wp-content\/uploads\/2022\/06\/rectangulo.png\" alt=\"\" width=\"38\" height=\"12\"><\/td><td class=\"has-text-align-center\" data-align=\"center\">280&#215;180<\/td><td class=\"has-text-align-center\" data-align=\"center\">185&#215;80<\/td><td class=\"has-text-align-center\" data-align=\"center\">185&#215;100<\/td><td class=\"has-text-align-center\" data-align=\"center\">\n<p style=\"text-align: center;\">115&#215;80<\/p>\n<\/td><\/tr><tr><td colspan=\"4\"><a href=\"https:\/\/www.maquinariamarquez.com\/pt-pt\/serrotes-pilous\/sierra-de-cinta-de-brazo\/arg-260-plus\/\"><strong>ARG 260 Plus, Corte 300 x 200, \u00d8 260<\/strong><\/a><\/td><td class=\"has-text-align-center\" data-align=\"center\"><a href=\"https:\/\/www.maquinariamarquez.com\/pt-pt\/serrotes-pilous\/sierra-de-cinta-de-brazo\/arg-260-plus\/\"><strong>M\u00e1s info<\/strong><\/a><\/td><\/tr><tr><td>\n<p style=\"text-align: center;\"><strong>&nbsp;<\/strong><\/p>\n<\/td><td class=\"has-text-align-center\" data-align=\"center\"><strong>90\u00ba<\/strong><\/td><td class=\"has-text-align-center\" data-align=\"center\"><strong>-45\u00ba<\/strong><\/td><td class=\"has-text-align-center\" data-align=\"center\"><strong>+45\u00ba<\/strong><\/td><td class=\"has-text-align-center\" data-align=\"center\">\n<p style=\"text-align: center;\"><strong>+\/-60\u00ba<\/strong><\/p>\n<\/td><\/tr><tr><td><img loading=\"lazy\" decoding=\"async\" class=\"size-full wp-image-22511 aligncenter\" src=\"https:\/\/www.maquinariamarquez.com\/wp-content\/uploads\/2022\/06\/redondo.png\" alt=\"\" width=\"38\" height=\"12\"><\/td><td class=\"has-text-align-center\" data-align=\"center\">\n<p style=\"text-align: center;\">260<\/p>\n<\/td><td class=\"has-text-align-center\" data-align=\"center\">175<\/td><td class=\"has-text-align-center\" data-align=\"center\">200<\/td><td class=\"has-text-align-center\" data-align=\"center\">125<\/td><\/tr><tr><td><img loading=\"lazy\" decoding=\"async\" class=\"aligncenter size-full wp-image-22514\" src=\"https:\/\/www.maquinariamarquez.com\/wp-content\/uploads\/2022\/06\/cuadrado.png\" alt=\"\" width=\"38\" height=\"12\"><\/td><td class=\"has-text-align-center\" data-align=\"center\">255<\/td><td class=\"has-text-align-center\" data-align=\"center\">145<\/td><td class=\"has-text-align-center\" data-align=\"center\">185<\/td><td class=\"has-text-align-center\" data-align=\"center\">\n<p style=\"text-align: center;\">120<\/p>\n<\/td><\/tr><tr><td><img loading=\"lazy\" decoding=\"async\" class=\"aligncenter size-full wp-image-22517\" src=\"https:\/\/www.maquinariamarquez.com\/wp-content\/uploads\/2022\/06\/rectangulo.png\" alt=\"\" width=\"38\" height=\"12\"><\/td><td class=\"has-text-align-center\" data-align=\"center\">300&#215;200<\/td><td class=\"has-text-align-center\" data-align=\"center\">190&#215;100<\/td><td class=\"has-text-align-center\" data-align=\"center\">185&#215;200<\/td><td class=\"has-text-align-center\" data-align=\"center\">\n<p style=\"text-align: center;\">125&#215;120<\/p>\n<\/td><\/tr><tr><td colspan=\"4\"><a href=\"https:\/\/www.maquinariamarquez.com\/pt-pt\/serrotes-pilous\/sierra-de-cinta-de-brazo\/arg-300-plus-f\/\"><strong>ARG 300 PLUS F, Corte 375 x 190, \u00d8 300<\/strong><\/a><\/td><td class=\"has-text-align-center\" data-align=\"center\"><a href=\"https:\/\/www.maquinariamarquez.com\/pt-pt\/serrotes-pilous\/sierra-de-cinta-de-brazo\/arg-300-plus-f\/\"><strong>M\u00e1s info<\/strong><\/a><\/td><\/tr><tr><td>\n<p style=\"text-align: center;\"><strong>&nbsp;<\/strong><\/p>\n<\/td><td class=\"has-text-align-center\" data-align=\"center\"><strong>90\u00ba<\/strong><\/td><td class=\"has-text-align-center\" data-align=\"center\"><strong>-45\u00ba<\/strong><\/td><td class=\"has-text-align-center\" data-align=\"center\"><strong>+45\u00ba<\/strong><\/td><td class=\"has-text-align-center\" data-align=\"center\">\n<p style=\"text-align: center;\"><strong>+\/-60\u00ba<\/strong><\/p>\n<\/td><\/tr><tr><td><img loading=\"lazy\" decoding=\"async\" class=\"aligncenter size-full wp-image-22511\" src=\"https:\/\/www.maquinariamarquez.com\/wp-content\/uploads\/2022\/06\/redondo.png\" alt=\"\" width=\"38\" height=\"12\"><\/td><td class=\"has-text-align-center\" data-align=\"center\">300<\/td><td class=\"has-text-align-center\" data-align=\"center\">220<\/td><td class=\"has-text-align-center\" data-align=\"center\">240<\/td><td class=\"has-text-align-center\" data-align=\"center\">155<\/td><\/tr><tr><td><img loading=\"lazy\" decoding=\"async\" class=\"aligncenter size-full wp-image-22514\" src=\"https:\/\/www.maquinariamarquez.com\/wp-content\/uploads\/2022\/06\/cuadrado.png\" alt=\"\" width=\"38\" height=\"12\"><\/td><td class=\"has-text-align-center\" data-align=\"center\">290<\/td><td class=\"has-text-align-center\" data-align=\"center\">195<\/td><td class=\"has-text-align-center\" data-align=\"center\">225<\/td><td class=\"has-text-align-center\" data-align=\"center\">\n<p style=\"text-align: center;\">150<\/p>\n<\/td><\/tr><tr><td><img loading=\"lazy\" decoding=\"async\" class=\"aligncenter size-full wp-image-22517\" src=\"https:\/\/www.maquinariamarquez.com\/wp-content\/uploads\/2022\/06\/rectangulo.png\" alt=\"\" width=\"38\" height=\"12\"><\/td><td class=\"has-text-align-center\" data-align=\"center\">375&#215;190<\/td><td class=\"has-text-align-center\" data-align=\"center\">240&#215;100<\/td><td class=\"has-text-align-center\" data-align=\"center\">240&#215;160<\/td><td class=\"has-text-align-center\" data-align=\"center\">\n<p style=\"text-align: center;\">150&#215;150<\/p>\n<\/td><\/tr><tr><td colspan=\"4\"><a href=\"https:\/\/www.maquinariamarquez.com\/pt-pt\/serrotes-pilous\/sierra-de-cinta-de-brazo\/arg-330-plus-f\/\"><strong>ARG 330 PLUS F, Corte 400 x 200, \u00d8 330<\/strong><\/a><\/td><td class=\"has-text-align-center\" data-align=\"center\"><a href=\"https:\/\/www.maquinariamarquez.com\/pt-pt\/serrotes-pilous\/sierra-de-cinta-de-brazo\/arg-330-plus-f\/\"><strong>M\u00e1s info<\/strong><\/a><\/td><\/tr><tr><td>\n<p style=\"text-align: center;\"><strong>&nbsp;<\/strong><\/p>\n<\/td><td class=\"has-text-align-center\" data-align=\"center\"><strong>90\u00ba<\/strong><\/td><td class=\"has-text-align-center\" data-align=\"center\"><strong>-45\u00ba<\/strong><\/td><td class=\"has-text-align-center\" data-align=\"center\"><strong>+45\u00ba<\/strong><\/td><td class=\"has-text-align-center\" data-align=\"center\">\n<p style=\"text-align: center;\"><strong>+\/-60\u00ba<\/strong><\/p>\n<\/td><\/tr><tr><td><img loading=\"lazy\" decoding=\"async\" class=\"aligncenter size-full wp-image-22511\" src=\"https:\/\/www.maquinariamarquez.com\/wp-content\/uploads\/2022\/06\/redondo.png\" alt=\"\" width=\"38\" height=\"12\"><\/td><td class=\"has-text-align-center\" data-align=\"center\">330<\/td><td class=\"has-text-align-center\" data-align=\"center\">240<\/td><td class=\"has-text-align-center\" data-align=\"center\">250<\/td><td class=\"has-text-align-center\" data-align=\"center\">165<\/td><\/tr><tr><td><img loading=\"lazy\" decoding=\"async\" class=\"aligncenter size-full wp-image-22514\" src=\"https:\/\/www.maquinariamarquez.com\/wp-content\/uploads\/2022\/06\/cuadrado.png\" alt=\"\" width=\"38\" height=\"12\"><\/td><td class=\"has-text-align-center\" data-align=\"center\">320<\/td><td class=\"has-text-align-center\" data-align=\"center\">200<\/td><td class=\"has-text-align-center\" data-align=\"center\">230<\/td><td class=\"has-text-align-center\" data-align=\"center\">\n<p style=\"text-align: center;\">150<\/p>\n<\/td><\/tr><tr><td><img loading=\"lazy\" decoding=\"async\" class=\"aligncenter size-full wp-image-22517\" src=\"https:\/\/www.maquinariamarquez.com\/wp-content\/uploads\/2022\/06\/rectangulo.png\" alt=\"\" width=\"38\" height=\"12\"><\/td><td class=\"has-text-align-center\" data-align=\"center\">400&#215;200<\/td><td class=\"has-text-align-center\" data-align=\"center\">250&#215;140<\/td><td class=\"has-text-align-center\" data-align=\"center\">250&#215;170<\/td><td class=\"has-text-align-center\" data-align=\"center\">\n<p style=\"text-align: center;\">150&#215;150<\/p>\n<\/td><\/tr><tr><td colspan=\"4\"><a href=\"https:\/\/www.maquinariamarquez.com\/pt-pt\/serrotes-pilous\/sierra-de-cinta-de-brazo\/arg-380-plus-saf\/\"><strong>ARG 380 Plus SAF, Corte 510 x 340, \u00d8 380<\/strong><\/a><\/td><td class=\"has-text-align-center\" data-align=\"center\"><a href=\"https:\/\/www.maquinariamarquez.com\/pt-pt\/serrotes-pilous\/sierra-de-cinta-de-brazo\/arg-380-plus-saf\/\"><strong>M\u00e1s info<\/strong><\/a><\/td><\/tr><tr><td>\n<p style=\"text-align: center;\"><strong>&nbsp;<\/strong><\/p>\n<\/td><td class=\"has-text-align-center\" data-align=\"center\"><strong>90\u00ba<\/strong><\/td><td class=\"has-text-align-center\" data-align=\"center\"><strong>-45\u00ba<\/strong><\/td><td class=\"has-text-align-center\" data-align=\"center\"><strong>+45\u00ba<\/strong><\/td><td class=\"has-text-align-center\" data-align=\"center\">\n<p style=\"text-align: center;\"><strong>+\/-60\u00ba<\/strong><\/p>\n<\/td><\/tr><tr><td><img loading=\"lazy\" decoding=\"async\" class=\"aligncenter size-full wp-image-22511\" src=\"https:\/\/www.maquinariamarquez.com\/wp-content\/uploads\/2022\/06\/redondo.png\" alt=\"\" width=\"38\" height=\"12\"><\/td><td class=\"has-text-align-center\" data-align=\"center\">380<\/td><td class=\"has-text-align-center\" data-align=\"center\">380<\/td><td class=\"has-text-align-center\" data-align=\"center\">380<\/td><td class=\"has-text-align-center\" data-align=\"center\">270<\/td><\/tr><tr><td><img loading=\"lazy\" decoding=\"async\" class=\"aligncenter size-full wp-image-22514\" src=\"https:\/\/www.maquinariamarquez.com\/wp-content\/uploads\/2022\/06\/cuadrado.png\" alt=\"\" width=\"38\" height=\"12\"><\/td><td class=\"has-text-align-center\" data-align=\"center\">340<\/td><td class=\"has-text-align-center\" data-align=\"center\">340<\/td><td class=\"has-text-align-center\" data-align=\"center\">340<\/td><td class=\"has-text-align-center\" data-align=\"center\">\n<p style=\"text-align: center;\">255<\/p>\n<\/td><\/tr><tr><td><img loading=\"lazy\" decoding=\"async\" class=\"aligncenter size-full wp-image-22517\" src=\"https:\/\/www.maquinariamarquez.com\/wp-content\/uploads\/2022\/06\/rectangulo.png\" alt=\"\" width=\"38\" height=\"12\"><\/td><td class=\"has-text-align-center\" data-align=\"center\">510&#215;340<\/td><td class=\"has-text-align-center\" data-align=\"center\">350&#215;340<\/td><td class=\"has-text-align-center\" data-align=\"center\">350&#215;340<\/td><td class=\"has-text-align-center\" data-align=\"center\">\n<p style=\"text-align: center;\">235&#215;340<\/p>\n<\/td><\/tr><tr><td colspan=\"4\"><a href=\"https:\/\/www.maquinariamarquez.com\/pt-pt\/serrotes-pilous\/sierra-de-cinta-de-brazo\/arg-400-plus-saf\/\"><strong>ARG 400 Plus SAF, Corte 460 x 300, \u00d8 400<\/strong><\/a><\/td><td class=\"has-text-align-center\" data-align=\"center\"><a href=\"https:\/\/www.maquinariamarquez.com\/pt-pt\/serrotes-pilous\/sierra-de-cinta-de-brazo\/arg-400-plus-saf\/\"><strong>M\u00e1s info<\/strong><\/a><\/td><\/tr><tr><td>\n<p style=\"text-align: center;\"><strong>&nbsp;<\/strong><\/p>\n<\/td><td class=\"has-text-align-center\" data-align=\"center\"><strong>90\u00ba<\/strong><\/td><td class=\"has-text-align-center\" data-align=\"center\"><strong>-45\u00ba<\/strong><\/td><td class=\"has-text-align-center\" data-align=\"center\"><strong>+45\u00ba<\/strong><\/td><td class=\"has-text-align-center\" data-align=\"center\">\n<p style=\"text-align: center;\"><strong>+\/-60\u00ba<\/strong><\/p>\n<\/td><\/tr><tr><td><img loading=\"lazy\" decoding=\"async\" class=\"aligncenter size-full wp-image-22511\" src=\"https:\/\/www.maquinariamarquez.com\/wp-content\/uploads\/2022\/06\/redondo.png\" alt=\"\" width=\"38\" height=\"12\"><\/td><td class=\"has-text-align-center\" data-align=\"center\">400<\/td><td class=\"has-text-align-center\" data-align=\"center\">290<\/td><td class=\"has-text-align-center\" data-align=\"center\">300<\/td><td class=\"has-text-align-center\" data-align=\"center\">200<\/td><\/tr><tr><td><img loading=\"lazy\" decoding=\"async\" class=\"aligncenter size-full wp-image-22514\" src=\"https:\/\/www.maquinariamarquez.com\/wp-content\/uploads\/2022\/06\/cuadrado.png\" alt=\"\" width=\"38\" height=\"12\"><\/td><td class=\"has-text-align-center\" data-align=\"center\">400<\/td><td class=\"has-text-align-center\" data-align=\"center\">250<\/td><td class=\"has-text-align-center\" data-align=\"center\">300<\/td><td class=\"has-text-align-center\" data-align=\"center\">\n<p style=\"text-align: center;\">200<\/p>\n<\/td><\/tr><tr><td><img loading=\"lazy\" decoding=\"async\" class=\"aligncenter size-full wp-image-22517\" src=\"https:\/\/www.maquinariamarquez.com\/wp-content\/uploads\/2022\/06\/rectangulo.png\" alt=\"\" width=\"38\" height=\"12\"><\/td><td class=\"has-text-align-center\" data-align=\"center\">460&#215;300<\/td><td class=\"has-text-align-center\" data-align=\"center\">300&#215;170<\/td><td class=\"has-text-align-center\" data-align=\"center\">300&#215;200<\/td><td class=\"has-text-align-center\" data-align=\"center\">\n<p style=\"text-align: center;\">200&#215;200<\/p>\n<\/td><\/tr><tr><td colspan=\"4\"><a href=\"https:\/\/www.maquinariamarquez.com\/pt-pt\/serrotes-pilous\/sierra-de-cinta-de-brazo\/arg-500-plus-saf\/\"><strong>ARG 500 Plus SAF, Corte 620 x 450, \u00d8 500<\/strong><\/a><\/td><td class=\"has-text-align-center\" data-align=\"center\"><a href=\"https:\/\/www.maquinariamarquez.com\/pt-pt\/serrotes-pilous\/sierra-de-cinta-de-brazo\/arg-500-plus-saf\/\"><strong>M\u00e1s info<\/strong><\/a><\/td><\/tr><tr><td>\n<p style=\"text-align: center;\"><strong>&nbsp;<\/strong><\/p>\n<\/td><td class=\"has-text-align-center\" data-align=\"center\"><strong>90\u00ba<\/strong><\/td><td class=\"has-text-align-center\" data-align=\"center\"><strong>-45\u00ba<\/strong><\/td><td class=\"has-text-align-center\" data-align=\"center\"><strong>+45\u00ba<\/strong><\/td><td class=\"has-text-align-center\" data-align=\"center\">\n<p style=\"text-align: center;\"><strong>+\/-60\u00ba<\/strong><\/p>\n<\/td><\/tr><tr><td><img loading=\"lazy\" decoding=\"async\" class=\"wp-image-22511 aligncenter\" src=\"https:\/\/www.maquinariamarquez.com\/wp-content\/uploads\/2022\/06\/redondo.png\" alt=\"\" width=\"38\" height=\"12\"><\/td><td class=\"has-text-align-center\" data-align=\"center\">\n<p style=\"text-align: center;\">500<\/p>\n<\/td><td class=\"has-text-align-center\" data-align=\"center\">500<\/td><td class=\"has-text-align-center\" data-align=\"center\">500<\/td><td class=\"has-text-align-center\" data-align=\"center\">350<\/td><\/tr><tr><td><img loading=\"lazy\" decoding=\"async\" class=\"aligncenter size-full wp-image-22514\" src=\"https:\/\/www.maquinariamarquez.com\/wp-content\/uploads\/2022\/06\/cuadrado.png\" alt=\"\" width=\"38\" height=\"12\"><\/td><td class=\"has-text-align-center\" data-align=\"center\">450<\/td><td class=\"has-text-align-center\" data-align=\"center\">440<\/td><td class=\"has-text-align-center\" data-align=\"center\">440<\/td><td class=\"has-text-align-center\" data-align=\"center\">\n<p style=\"text-align: center;\">310<\/p>\n<\/td><\/tr><tr><td><img loading=\"lazy\" decoding=\"async\" class=\"aligncenter size-full wp-image-22517\" src=\"https:\/\/www.maquinariamarquez.com\/wp-content\/uploads\/2022\/06\/rectangulo.png\" alt=\"\" width=\"38\" height=\"12\"><\/td><td class=\"has-text-align-center\" data-align=\"center\">620&#215;450<\/td><td class=\"has-text-align-center\" data-align=\"center\">440&#215;450<\/td><td class=\"has-text-align-center\" data-align=\"center\">430&#215;450<\/td><td class=\"has-text-align-center\" data-align=\"center\">\n<p style=\"text-align: center;\">310&#215;400<\/p>\n<\/td><\/tr><\/tbody><\/table><\/figure>\n","protected":false},"excerpt":{"rendered":"<p>Configura tu Sierra de cinta en nuestra web y recibe tu presupuesto al instante. Podr\u00e1s elegir entre los diferentes modelos, tama\u00f1os y a\u00f1adir los accesorios que te interesen. Revisa el presupuesto y contacta con nosotros si te interesa. En las sierras de brazo el arco de corte pivota sobre un eje. Estas sierras de cinta [&#8230;]<\/p>\n<p><a class=\"btn btn-primary understrap-read-more-link\" href=\"https:\/\/www.maquinariamarquez.com\/pt-pt\/serrotes-pilous\/sierra-de-cinta-de-brazo\/\">Leia mais<\/a><\/p>\n","protected":false},"author":6,"featured_media":17542,"parent":14888,"menu_order":263,"comment_status":"closed","ping_status":"closed","template":"","meta":{"_acf_changed":false,"footnotes":""},"geolocalizacion":[404,396,394,398],"class_list":["post-19422","page","type-page","status-publish","has-post-thumbnail","hentry","geolocalizacion-chile-pt-pt","geolocalizacion-latino-pt-pt","geolocalizacion-portugal-pt-pt","geolocalizacion-europa-pt-pt"],"acf":[],"aioseo_notices":[],"_links":{"self":[{"href":"https:\/\/www.maquinariamarquez.com\/pt-pt\/wp-json\/wp\/v2\/pages\/19422","targetHints":{"allow":["GET"]}}],"collection":[{"href":"https:\/\/www.maquinariamarquez.com\/pt-pt\/wp-json\/wp\/v2\/pages"}],"about":[{"href":"https:\/\/www.maquinariamarquez.com\/pt-pt\/wp-json\/wp\/v2\/types\/page"}],"author":[{"embeddable":true,"href":"https:\/\/www.maquinariamarquez.com\/pt-pt\/wp-json\/wp\/v2\/users\/6"}],"replies":[{"embeddable":true,"href":"https:\/\/www.maquinariamarquez.com\/pt-pt\/wp-json\/wp\/v2\/comments?post=19422"}],"version-history":[{"count":26,"href":"https:\/\/www.maquinariamarquez.com\/pt-pt\/wp-json\/wp\/v2\/pages\/19422\/revisions"}],"predecessor-version":[{"id":45141,"href":"https:\/\/www.maquinariamarquez.com\/pt-pt\/wp-json\/wp\/v2\/pages\/19422\/revisions\/45141"}],"up":[{"embeddable":true,"href":"https:\/\/www.maquinariamarquez.com\/pt-pt\/wp-json\/wp\/v2\/pages\/14888"}],"wp:featuredmedia":[{"embeddable":true,"href":"https:\/\/www.maquinariamarquez.com\/pt-pt\/wp-json\/wp\/v2\/media\/17542"}],"wp:attachment":[{"href":"https:\/\/www.maquinariamarquez.com\/pt-pt\/wp-json\/wp\/v2\/media?parent=19422"}],"wp:term":[{"taxonomy":"geolocalizacion","embeddable":true,"href":"https:\/\/www.maquinariamarquez.com\/pt-pt\/wp-json\/wp\/v2\/geolocalizacion?post=19422"}],"curies":[{"name":"wp","href":"https:\/\/api.w.org\/{rel}","templated":true}]}}