{"id":19429,"date":"2020-04-22T15:48:49","date_gmt":"2020-04-22T13:48:49","guid":{"rendered":"https:\/\/www.maquinariamarquez.com\/essierras-de-cinta-pilous\/cnc-dos-columnas\/"},"modified":"2024-08-19T11:21:11","modified_gmt":"2024-08-19T09:21:11","slug":"sierra-de-cinta-doble-columna","status":"publish","type":"page","link":"https:\/\/www.maquinariamarquez.com\/pt-pt\/serrotes-pilous\/sierra-de-cinta-doble-columna\/","title":{"rendered":"Sierras de Cinta Doble Columna Pilous"},"content":{"rendered":"\n<div class=\"wp-block-buttons is-content-justification-center is-layout-flex wp-container-core-buttons-is-layout-16018d1d wp-block-buttons-is-layout-flex\">\n<div class=\"wp-block-button\"><a class=\"wp-block-button__link has-red-background-color has-background wp-element-button\" href=\"https:\/\/sierrasdecintaparametal.com\/\"><strong>Click aqu\u00ed para visitar nuestra web especializada<\/strong><\/a><\/div>\n<\/div>\n\n\n\n<div style=\"height:20px\" aria-hidden=\"true\" class=\"wp-block-spacer\"><\/div>\n\n\n\n<p><a href=\"https:\/\/sierrasdecintaparametal.com\/sierras-de-cinta-de-doble-columna\/\" title=\"\">Configura tu Sierra de cinta de doble columna<\/a>&nbsp;en nuestra web y recibe tu presupuesto al instante. Podr\u00e1s elegir entre los diferentes modelos, tama\u00f1os y a\u00f1adir los accesorios que te interesen. Revisa el presupuesto y contacta con nosotros si te interesa, o rellena el formulario y nosotros te llamamos.<\/p>\n\n\n\n<p>Sierras de cinta de doble columna Pilous con guiado lineal, las gu\u00edas de dos columnas del brazo de la sierra en las gu\u00edas lineales garantiza la m\u00e1xima rigidez de todo el sistema y, por lo tanto, la precisi\u00f3n del corte. Su dise\u00f1o robusto permite su utilizaci\u00f3n para el corte industrial de materiales de gran tama\u00f1o y en las plantas m\u00e1s exigentes y de operaci\u00f3n ininterrumpida, tanto en perfiles de hierro como en materiales macizos.&nbsp; Todos los modelos cuenta con una potente unidad hidr\u00e1ulica y con un potente motor para accionar la sierra con control constante de velocidad por medio de un variador de frecuencia, que permite ajustar la velocidad de corte&nbsp; y un transportador transportador de viruta sin fin y un control de presi\u00f3n de las mordazas.<\/p>\n\n\n\n<p>Existen dos opciones de accionamiento y control:<\/p>\n\n\n\n<ul class=\"wp-block-list\">\n<li><strong>Sierras de cinta de doble columna semi autom\u00e1ticas.<\/strong><\/li>\n<\/ul>\n\n\n\n<p>El ciclo de corte completo se inicia presionando un solo interruptor: sujeci\u00f3n del material, activaci\u00f3n de la hoja de sierra de cinta, corte, detenci\u00f3n de la hoja de sierra de cinta y refrigeraci\u00f3n, elevaci\u00f3n del brazo a la posici\u00f3n superior original (ajustable para optimizar el tiempo de corte)&nbsp; y apertura de la mordaza.<\/p>\n\n\n\n<ul class=\"wp-block-list\">\n<li><strong>Sierras de cinta de doble columna con control CNC. <\/strong><\/li>\n<\/ul>\n\n\n\n<p>Adem\u00e1s de todos los movimientos de la sierra semi autom\u00e1tica el material para cada corte es alimentado hasta la posici\u00f3n de corte por un servomotor industrial y un husillo controlado a trav\u00e9s de un panel de mando en el que programamos la longitud y el n\u00famero de cortes. La sujeci\u00f3n del material y el movimiento del brazo de la hoja de la sierra son controlados hidr\u00e1ulicamente.<\/p>\n","protected":false},"excerpt":{"rendered":"<p>Configura tu Sierra de cinta de doble columna&nbsp;en nuestra web y recibe tu presupuesto al instante. Podr\u00e1s elegir entre los diferentes modelos, tama\u00f1os y a\u00f1adir los accesorios que te interesen. Revisa el presupuesto y contacta con nosotros si te interesa, o rellena el formulario y nosotros te llamamos. Sierras de cinta de doble columna Pilous [&#8230;]<\/p>\n<p><a class=\"btn btn-primary understrap-read-more-link\" href=\"https:\/\/www.maquinariamarquez.com\/pt-pt\/serrotes-pilous\/sierra-de-cinta-doble-columna\/\">Leia mais<\/a><\/p>\n","protected":false},"author":6,"featured_media":17704,"parent":14888,"menu_order":310,"comment_status":"closed","ping_status":"closed","template":"","meta":{"_acf_changed":false,"footnotes":""},"geolocalizacion":[404,396,394,398],"class_list":["post-19429","page","type-page","status-publish","has-post-thumbnail","hentry","geolocalizacion-chile-pt-pt","geolocalizacion-latino-pt-pt","geolocalizacion-portugal-pt-pt","geolocalizacion-europa-pt-pt"],"acf":[],"aioseo_notices":[],"_links":{"self":[{"href":"https:\/\/www.maquinariamarquez.com\/pt-pt\/wp-json\/wp\/v2\/pages\/19429","targetHints":{"allow":["GET"]}}],"collection":[{"href":"https:\/\/www.maquinariamarquez.com\/pt-pt\/wp-json\/wp\/v2\/pages"}],"about":[{"href":"https:\/\/www.maquinariamarquez.com\/pt-pt\/wp-json\/wp\/v2\/types\/page"}],"author":[{"embeddable":true,"href":"https:\/\/www.maquinariamarquez.com\/pt-pt\/wp-json\/wp\/v2\/users\/6"}],"replies":[{"embeddable":true,"href":"https:\/\/www.maquinariamarquez.com\/pt-pt\/wp-json\/wp\/v2\/comments?post=19429"}],"version-history":[{"count":7,"href":"https:\/\/www.maquinariamarquez.com\/pt-pt\/wp-json\/wp\/v2\/pages\/19429\/revisions"}],"predecessor-version":[{"id":45126,"href":"https:\/\/www.maquinariamarquez.com\/pt-pt\/wp-json\/wp\/v2\/pages\/19429\/revisions\/45126"}],"up":[{"embeddable":true,"href":"https:\/\/www.maquinariamarquez.com\/pt-pt\/wp-json\/wp\/v2\/pages\/14888"}],"wp:featuredmedia":[{"embeddable":true,"href":"https:\/\/www.maquinariamarquez.com\/pt-pt\/wp-json\/wp\/v2\/media\/17704"}],"wp:attachment":[{"href":"https:\/\/www.maquinariamarquez.com\/pt-pt\/wp-json\/wp\/v2\/media?parent=19429"}],"wp:term":[{"taxonomy":"geolocalizacion","embeddable":true,"href":"https:\/\/www.maquinariamarquez.com\/pt-pt\/wp-json\/wp\/v2\/geolocalizacion?post=19429"}],"curies":[{"name":"wp","href":"https:\/\/api.w.org\/{rel}","templated":true}]}}