{"id":19431,"date":"2021-02-01T18:43:31","date_gmt":"2021-02-01T16:43:31","guid":{"rendered":"https:\/\/www.maquinariamarquez.com\/essierras-de-cinta-pilous\/sierras-de-cinta-doble-columna-tmj\/"},"modified":"2024-08-19T11:52:06","modified_gmt":"2024-08-19T09:52:06","slug":"sierras-de-cinta-doble-columna-tmj","status":"publish","type":"page","link":"https:\/\/www.maquinariamarquez.com\/pt-pt\/serrotes-pilous\/sierras-de-cinta-doble-columna-tmj\/","title":{"rendered":"Sierras de Cinta Doble Columna TMJ"},"content":{"rendered":"\n<div class=\"wp-block-buttons is-content-justification-center is-layout-flex wp-container-core-buttons-is-layout-16018d1d wp-block-buttons-is-layout-flex\">\n<div class=\"wp-block-button has-custom-font-size\" style=\"font-size:14px\"><a class=\"wp-block-button__link has-white-color has-red-background-color has-text-color has-background has-link-color has-text-align-center wp-element-button\" href=\"https:\/\/sierrasdecintaparametal.com\/\"><strong>Click aqu\u00ed para visitar nuestra web especializada<\/strong><\/a><\/div>\n<\/div>\n\n\n\n<div style=\"height:20px\" aria-hidden=\"true\" class=\"wp-block-spacer\"><\/div>\n\n\n<p>TMJ es un fabricante Checo especializado en Sierras de Cinta de Doble Columna de alta calidad y precisi\u00f3n para materiales pesados como macizos. Destacan su modelos cl\u00e1sicos de sierra de doble columna en las que los v\u00e1stagos de los cilindros hidr\u00e1ulicos se utilizan a la vez como columnas de sujeci\u00f3n del arco, lo que dota a la m\u00e1quina de un mejor guiado y un corte m\u00e1s preciso.\u00a0 Los modelos con capacidad de corte superiores a 600 mm se realizan con una robusta estructura mecano soldada y guiado lineal.\u00a0 El arco, en la mayor parte de modelos, presenta una inclinaci\u00f3n de 3\u00ba lo que facilita el corte de paquetes de perfiles.<\/p>\n<p>En funci\u00f3n del tipo de automatizaci\u00f3n del proceso de corte encontramos los siguientes modelos:<\/p>\n<ul>\n<li><strong>B\u00e1sico (Semi autom\u00e1tico):\u00a0<\/strong>Todo el proceso se comanda desde un solo bot\u00f3n, pudiendo ejecutar un ciclo de corte completo, desde el apriete de la mordaza, corte, elevaci\u00f3n del brazo y apertura de la mordaza, o en un ciclo paso a paso.\u00a0 En todos los casos el corte se interrumpe si se rompe la sierra.\u00a0 La alimentaci\u00f3n del material se realiza de un modo manual.<\/li>\n<li><strong>Autom\u00e1tico (modelos A):\u00a0<\/strong>En este caso la sierra es comandada por un aut\u00f3mata, realizandose la alimentaci\u00f3n del material de corte de modo autom\u00e1tico, pudiendo programar el n\u00famero de cortes que queremos realizar de una medida prefijada. El tope de la sierra es mec\u00e1nico, y al realizar los cortes previstos la sierra para autom\u00e1ticamente. La velocidad de corte se fija manualmente y es la misma para todos los cortes.<\/li>\n<li><strong>CNC:<\/strong> La alimentaci\u00f3n, velocidad de corte, n\u00famero de cortes y longitudes son f\u00e1cilmente desde una pantalla que controla todo el proceso. La longitud de corte se determina mediante un tope electr\u00f3nico.\u00a0 Es la mejor alternativa para aquellos talleres que necesiten realizar muchos cortes distintos.<\/li>\n<\/ul>\n\n\n<p>Personaliza tu sierra y obt\u00e9n un presupuesto en nuestra p\u00e1gina web especializada en sierras de cinta para metal<\/p>\n\n\n\n<div style=\"height:20px\" aria-hidden=\"true\" class=\"wp-block-spacer\"><\/div>\n\n\n\n<div class=\"wp-block-buttons is-content-justification-center is-layout-flex wp-container-core-buttons-is-layout-28206b41 wp-block-buttons-is-layout-flex\">\n<div class=\"wp-block-button has-custom-font-size has-medium-font-size\"><a class=\"wp-block-button__link has-white-color has-red-background-color has-text-color has-background has-link-color has-text-align-center wp-element-button\" href=\"https:\/\/sierrasdecintaparametal.com\/sierras-de-cinta-de-doble-columna\/\"><strong>Configura tu sierra de doble columna<\/strong><\/a><\/div>\n<\/div>\n","protected":false},"excerpt":{"rendered":"<p>TMJ es un fabricante Checo especializado en Sierras de Cinta de Doble Columna de alta calidad y precisi\u00f3n para materiales pesados como macizos. Destacan su modelos cl\u00e1sicos de sierra de doble columna en las que los v\u00e1stagos de los cilindros hidr\u00e1ulicos se utilizan a la vez como columnas de sujeci\u00f3n del arco, lo que dota [&#8230;]<\/p>\n<p><a class=\"btn btn-primary understrap-read-more-link\" href=\"https:\/\/www.maquinariamarquez.com\/pt-pt\/serrotes-pilous\/sierras-de-cinta-doble-columna-tmj\/\">Leia mais<\/a><\/p>\n","protected":false},"author":2,"featured_media":17702,"parent":14888,"menu_order":321,"comment_status":"closed","ping_status":"closed","template":"","meta":{"_acf_changed":false,"footnotes":""},"geolocalizacion":[404,396,394,398],"class_list":["post-19431","page","type-page","status-publish","has-post-thumbnail","hentry","geolocalizacion-chile-pt-pt","geolocalizacion-latino-pt-pt","geolocalizacion-portugal-pt-pt","geolocalizacion-europa-pt-pt"],"acf":[],"aioseo_notices":[],"_links":{"self":[{"href":"https:\/\/www.maquinariamarquez.com\/pt-pt\/wp-json\/wp\/v2\/pages\/19431","targetHints":{"allow":["GET"]}}],"collection":[{"href":"https:\/\/www.maquinariamarquez.com\/pt-pt\/wp-json\/wp\/v2\/pages"}],"about":[{"href":"https:\/\/www.maquinariamarquez.com\/pt-pt\/wp-json\/wp\/v2\/types\/page"}],"author":[{"embeddable":true,"href":"https:\/\/www.maquinariamarquez.com\/pt-pt\/wp-json\/wp\/v2\/users\/2"}],"replies":[{"embeddable":true,"href":"https:\/\/www.maquinariamarquez.com\/pt-pt\/wp-json\/wp\/v2\/comments?post=19431"}],"version-history":[{"count":9,"href":"https:\/\/www.maquinariamarquez.com\/pt-pt\/wp-json\/wp\/v2\/pages\/19431\/revisions"}],"predecessor-version":[{"id":45177,"href":"https:\/\/www.maquinariamarquez.com\/pt-pt\/wp-json\/wp\/v2\/pages\/19431\/revisions\/45177"}],"up":[{"embeddable":true,"href":"https:\/\/www.maquinariamarquez.com\/pt-pt\/wp-json\/wp\/v2\/pages\/14888"}],"wp:featuredmedia":[{"embeddable":true,"href":"https:\/\/www.maquinariamarquez.com\/pt-pt\/wp-json\/wp\/v2\/media\/17702"}],"wp:attachment":[{"href":"https:\/\/www.maquinariamarquez.com\/pt-pt\/wp-json\/wp\/v2\/media?parent=19431"}],"wp:term":[{"taxonomy":"geolocalizacion","embeddable":true,"href":"https:\/\/www.maquinariamarquez.com\/pt-pt\/wp-json\/wp\/v2\/geolocalizacion?post=19431"}],"curies":[{"name":"wp","href":"https:\/\/api.w.org\/{rel}","templated":true}]}}