{"id":19687,"date":"2016-07-08T13:52:03","date_gmt":"2016-07-08T11:52:03","guid":{"rendered":"https:\/\/www.maquinariamarquez.com\/tos-varnsdorf-lat\/"},"modified":"2022-04-22T12:09:22","modified_gmt":"2022-04-22T10:09:22","slug":"tos-varnsdorf-lat","status":"publish","type":"page","link":"https:\/\/www.maquinariamarquez.com\/pt-pt\/tos-varnsdorf-lat\/","title":{"rendered":"Mandrinadoras Tos Varnsdorf "},"content":{"rendered":"<p><img loading=\"lazy\" decoding=\"async\" class=\"alignleft size-medium wp-image-135\" style=\"margin-left: 30px; margin-right: 30px;\" src=\"https:\/\/www.maquinariamarquez.com\/wp-content\/uploads\/2013\/06\/varnsdorf_tos_logo-300x123.jpg\" alt=\"varnsdorf_tos_logo\" width=\"300\" height=\"123\" srcset=\"https:\/\/www.maquinariamarquez.com\/wp-content\/uploads\/2013\/06\/varnsdorf_tos_logo-300x123.jpg 300w, https:\/\/www.maquinariamarquez.com\/wp-content\/uploads\/2013\/06\/varnsdorf_tos_logo-1024x419.jpg 1024w, https:\/\/www.maquinariamarquez.com\/wp-content\/uploads\/2013\/06\/varnsdorf_tos_logo-370x151.jpg 370w, https:\/\/www.maquinariamarquez.com\/wp-content\/uploads\/2013\/06\/varnsdorf_tos_logo-50x20.jpg 50w, https:\/\/www.maquinariamarquez.com\/wp-content\/uploads\/2013\/06\/varnsdorf_tos_logo.jpg 1078w\" sizes=\"auto, (max-width: 300px) 100vw, 300px\" \/><strong>TOS Varnsdorf<\/strong> es un fabricante Checo de <strong>mandrinadoras<\/strong>, <strong>fresadoras de columna m\u00f3vil<\/strong> y <strong>centros de mecanizado horizontales de altas prestaciones<\/strong>, siendo su fama y \u00e1mbito de alcance mundial..<\/p>\n<p><strong>Maquinaria M\u00e1rquez<\/strong> es su representante exclusivo en Espa\u00f1a y Portugal a la que vez que gestiona el Centro de Servicio T\u00e9cnico y Comercial Checo para Iberoam\u00e9rica sirviendo de enlace y ayuda entre los clientes y la f\u00e1brica.<\/p>\n<p>En cuanto a su programa de fabricaci\u00f3n destacan sus mandrinadoras de columna m\u00f3vil de hasta 6 metros de alto con ca\u00f1a 170, y su cl\u00e1sica mandrinadora en cruz, <strong>WHN 13<\/strong> de la que se han vendido m\u00e1s de 2300 unidades en todo el planeta. En la actualidad se instalan los controles num\u00e9ricos m\u00e1s avanzados como <strong>Heidenhain iTNC 530<\/strong>, <strong>Fanuc<\/strong> o <strong>Siemens 840D<\/strong>.<\/p>\n<p>En 2014 se ha presentado la mandrinadora en Cruz con RAM modelo WHR 13, que viene a completar la gama de mandrinadoras para cualquier aplicaci\u00f3n por compleja que resulte.<\/p>\n<p>Igualmente se pueden solicitar <strong>repuestos<\/strong>, <strong>accesorios<\/strong>, <strong>cabezales<\/strong>, <strong>escuadras<\/strong>, o una intervenci\u00f3n del <strong>servicio t\u00e9cnico<\/strong> situado en Espa\u00f1a.<\/p>\n","protected":false},"excerpt":{"rendered":"<p>TOS Varnsdorf es un fabricante Checo de mandrinadoras, fresadoras de columna m\u00f3vil y centros de mecanizado horizontales de altas prestaciones, siendo su fama y \u00e1mbito de alcance mundial.. Maquinaria M\u00e1rquez es su representante exclusivo en Espa\u00f1a y Portugal a la que vez que gestiona el Centro de Servicio T\u00e9cnico y Comercial Checo para Iberoam\u00e9rica sirviendo [&#8230;]<\/p>\n<p><a class=\"btn btn-primary understrap-read-more-link\" href=\"https:\/\/www.maquinariamarquez.com\/pt-pt\/tos-varnsdorf-lat\/\">Leia mais<\/a><\/p>\n","protected":false},"author":1,"featured_media":14984,"parent":0,"menu_order":104,"comment_status":"closed","ping_status":"closed","template":"","meta":{"_acf_changed":false,"footnotes":""},"geolocalizacion":[404,396],"class_list":["post-19687","page","type-page","status-publish","has-post-thumbnail","hentry","geolocalizacion-chile-pt-pt","geolocalizacion-latino-pt-pt"],"acf":[],"aioseo_notices":[],"_links":{"self":[{"href":"https:\/\/www.maquinariamarquez.com\/pt-pt\/wp-json\/wp\/v2\/pages\/19687","targetHints":{"allow":["GET"]}}],"collection":[{"href":"https:\/\/www.maquinariamarquez.com\/pt-pt\/wp-json\/wp\/v2\/pages"}],"about":[{"href":"https:\/\/www.maquinariamarquez.com\/pt-pt\/wp-json\/wp\/v2\/types\/page"}],"author":[{"embeddable":true,"href":"https:\/\/www.maquinariamarquez.com\/pt-pt\/wp-json\/wp\/v2\/users\/1"}],"replies":[{"embeddable":true,"href":"https:\/\/www.maquinariamarquez.com\/pt-pt\/wp-json\/wp\/v2\/comments?post=19687"}],"version-history":[{"count":1,"href":"https:\/\/www.maquinariamarquez.com\/pt-pt\/wp-json\/wp\/v2\/pages\/19687\/revisions"}],"predecessor-version":[{"id":19791,"href":"https:\/\/www.maquinariamarquez.com\/pt-pt\/wp-json\/wp\/v2\/pages\/19687\/revisions\/19791"}],"wp:featuredmedia":[{"embeddable":true,"href":"https:\/\/www.maquinariamarquez.com\/pt-pt\/wp-json\/wp\/v2\/media\/14984"}],"wp:attachment":[{"href":"https:\/\/www.maquinariamarquez.com\/pt-pt\/wp-json\/wp\/v2\/media?parent=19687"}],"wp:term":[{"taxonomy":"geolocalizacion","embeddable":true,"href":"https:\/\/www.maquinariamarquez.com\/pt-pt\/wp-json\/wp\/v2\/geolocalizacion?post=19687"}],"curies":[{"name":"wp","href":"https:\/\/api.w.org\/{rel}","templated":true}]}}