{"id":19877,"date":"2020-04-22T17:16:33","date_gmt":"2020-04-22T15:16:33","guid":{"rendered":"https:\/\/www.maquinariamarquez.com\/serrotes-pilous\/caminos-de-rodillos\/serie-g\/"},"modified":"2023-09-11T11:27:34","modified_gmt":"2023-09-11T09:27:34","slug":"serie-g","status":"publish","type":"page","link":"https:\/\/www.maquinariamarquez.com\/pt-pt\/serrotes-pilous\/caminos-de-rodillos\/serie-g\/","title":{"rendered":"Serie G"},"content":{"rendered":"<h2>Camino de rodillos extremadamente pesado<\/h2>\n<ul>\n<li>Construcci\u00f3n soldada extremadamente robusta.<\/li>\n<li>Los transportadores est\u00e1n equipados con cilindros de acero torneado de paredes gruesas con un ancho de 1000 mm.<\/li>\n<li>Los fuertes cilindros est\u00e1n alojados en casquillos de acero ajustables con cojinetes.<\/li>\n<li>Los m\u00f3dulos individuales con longitudes de 2 my 3 m le permiten elegir la longitud \u00f3ptima.<\/li>\n<li>El sistema de extensi\u00f3n de pata masiva permite una altura de transportador ajustable en el rango de 795 a 820 mm.<\/li>\n<\/ul>\n<table width=\"340\">\n<tbody>\n<tr>\n<td colspan=\"2\" width=\"180\"><\/td>\n<td width=\"76\"><strong>G1000\/2<\/strong><\/td>\n<td width=\"85\"><strong>G1000\/3<\/strong><\/td>\n<\/tr>\n<tr>\n<td width=\"123\">Ancho de rodillos<\/td>\n<td width=\"57\">mm<\/td>\n<td width=\"76\">1000<\/td>\n<td width=\"85\">1000<\/td>\n<\/tr>\n<tr>\n<td colspan=\"2\" width=\"180\">N\u00famero de pies<\/td>\n<td width=\"76\">3<\/td>\n<td width=\"85\">3<\/td>\n<\/tr>\n<tr>\n<td colspan=\"2\" width=\"180\">N\u00famero de rodillos<\/td>\n<td width=\"76\">6<\/td>\n<td width=\"85\">8<\/td>\n<\/tr>\n<tr>\n<td width=\"123\">\u00d8 del rodillo<\/td>\n<td width=\"57\">mm<\/td>\n<td width=\"76\">98<\/td>\n<td width=\"85\">98<\/td>\n<\/tr>\n<tr>\n<td width=\"123\">Longitud total<\/td>\n<td width=\"57\">mm<\/td>\n<td width=\"76\">2000<\/td>\n<td width=\"85\">3000<\/td>\n<\/tr>\n<tr>\n<td width=\"123\">Capacidad carga<\/td>\n<td width=\"57\">Kg<\/td>\n<td width=\"76\">1700<\/td>\n<td width=\"85\">1700<\/td>\n<\/tr>\n<\/tbody>\n<\/table>\n","protected":false},"excerpt":{"rendered":"<p>Camino de rodillos extremadamente pesado Construcci\u00f3n soldada extremadamente robusta. Los transportadores est\u00e1n equipados con cilindros de acero torneado de paredes gruesas con un ancho de 1000 mm. Los fuertes cilindros est\u00e1n alojados en casquillos de acero ajustables con cojinetes. Los m\u00f3dulos individuales con longitudes de 2 my 3 m le permiten elegir la longitud \u00f3ptima. [&#8230;]<\/p>\n<p><a class=\"btn btn-primary understrap-read-more-link\" href=\"https:\/\/www.maquinariamarquez.com\/pt-pt\/serrotes-pilous\/caminos-de-rodillos\/serie-g\/\">Veja detalhes<\/a><\/p>\n","protected":false},"author":6,"featured_media":17718,"parent":19435,"menu_order":367,"comment_status":"closed","ping_status":"open","template":"page-templates\/template-page-maquina.php","meta":{"_acf_changed":false,"footnotes":""},"geolocalizacion":[404,396,394,398],"class_list":["post-19877","page","type-page","status-publish","has-post-thumbnail","hentry","geolocalizacion-chile-pt-pt","geolocalizacion-latino-pt-pt","geolocalizacion-portugal-pt-pt","geolocalizacion-europa-pt-pt"],"acf":[],"aioseo_notices":[],"_links":{"self":[{"href":"https:\/\/www.maquinariamarquez.com\/pt-pt\/wp-json\/wp\/v2\/pages\/19877","targetHints":{"allow":["GET"]}}],"collection":[{"href":"https:\/\/www.maquinariamarquez.com\/pt-pt\/wp-json\/wp\/v2\/pages"}],"about":[{"href":"https:\/\/www.maquinariamarquez.com\/pt-pt\/wp-json\/wp\/v2\/types\/page"}],"author":[{"embeddable":true,"href":"https:\/\/www.maquinariamarquez.com\/pt-pt\/wp-json\/wp\/v2\/users\/6"}],"replies":[{"embeddable":true,"href":"https:\/\/www.maquinariamarquez.com\/pt-pt\/wp-json\/wp\/v2\/comments?post=19877"}],"version-history":[{"count":2,"href":"https:\/\/www.maquinariamarquez.com\/pt-pt\/wp-json\/wp\/v2\/pages\/19877\/revisions"}],"predecessor-version":[{"id":34815,"href":"https:\/\/www.maquinariamarquez.com\/pt-pt\/wp-json\/wp\/v2\/pages\/19877\/revisions\/34815"}],"up":[{"embeddable":true,"href":"https:\/\/www.maquinariamarquez.com\/pt-pt\/wp-json\/wp\/v2\/pages\/19435"}],"wp:featuredmedia":[{"embeddable":true,"href":"https:\/\/www.maquinariamarquez.com\/pt-pt\/wp-json\/wp\/v2\/media\/17718"}],"wp:attachment":[{"href":"https:\/\/www.maquinariamarquez.com\/pt-pt\/wp-json\/wp\/v2\/media?parent=19877"}],"wp:term":[{"taxonomy":"geolocalizacion","embeddable":true,"href":"https:\/\/www.maquinariamarquez.com\/pt-pt\/wp-json\/wp\/v2\/geolocalizacion?post=19877"}],"curies":[{"name":"wp","href":"https:\/\/api.w.org\/{rel}","templated":true}]}}