{"id":19884,"date":"2020-04-22T16:49:00","date_gmt":"2020-04-22T14:49:00","guid":{"rendered":"https:\/\/www.maquinariamarquez.com\/serrotes-pilous\/caminos-de-rodillos\/serie-m\/"},"modified":"2022-04-22T12:12:39","modified_gmt":"2022-04-22T10:12:39","slug":"serie-m","status":"publish","type":"page","link":"https:\/\/www.maquinariamarquez.com\/pt-pt\/serrotes-pilous\/caminos-de-rodillos\/serie-m\/","title":{"rendered":"Serie M"},"content":{"rendered":"<h2>Camino de rodillos ligeros<\/h2>\n<ul>\n<li>Transportadores dise\u00f1ados para uso ligero.<\/li>\n<li>Los transportadores est\u00e1n equipados con rodillos de acero de 200 o 280 mm de ancho.<\/li>\n<li>Los m\u00f3dulos individuales con longitudes de 1,5 my 3 m permiten seleccionar la longitud \u00f3ptima.<\/li>\n<li>Altura del pie ajustable de 875 mm a 915 mm.<\/li>\n<li>Las piezas de conexi\u00f3n e interconexi\u00f3n necesarias est\u00e1n disponibles, lo que permite la instalaci\u00f3n en una amplia gama de tipos de m\u00e1quinas<\/li>\n<\/ul>\n<table width=\"491\">\n<tbody>\n<tr>\n<td colspan=\"2\" width=\"180\"><\/td>\n<td width=\"78\"><strong>M200\/1.5<\/strong><\/td>\n<td width=\"78\"><strong>M280\/1.5<\/strong><\/td>\n<td width=\"78\"><strong>M200\/3<\/strong><\/td>\n<td width=\"78\"><strong>M280\/3<\/strong><\/td>\n<\/tr>\n<tr>\n<td width=\"123\">Ancho de rodillos<\/td>\n<td width=\"57\">mm<\/td>\n<td width=\"78\">200<\/td>\n<td width=\"78\">280<\/td>\n<td width=\"78\">200<\/td>\n<td width=\"78\">280<\/td>\n<\/tr>\n<tr>\n<td colspan=\"2\" width=\"180\">N\u00famero de pies<\/td>\n<td width=\"78\">1<\/td>\n<td width=\"78\">1<\/td>\n<td width=\"78\">2<\/td>\n<td width=\"78\">2<\/td>\n<\/tr>\n<tr>\n<td colspan=\"2\" width=\"180\">N\u00famero de rodillos<\/td>\n<td width=\"78\">6<\/td>\n<td width=\"78\">6<\/td>\n<td width=\"78\">12<\/td>\n<td width=\"78\">12<\/td>\n<\/tr>\n<tr>\n<td width=\"123\">\u00d8 del rodillo<\/td>\n<td width=\"57\">mm<\/td>\n<td width=\"78\">50<\/td>\n<td width=\"78\">50<\/td>\n<td width=\"78\">50<\/td>\n<td width=\"78\">50<\/td>\n<\/tr>\n<tr>\n<td width=\"123\">Longitud total<\/td>\n<td width=\"57\">mm<\/td>\n<td width=\"78\">1500<\/td>\n<td width=\"78\">1500<\/td>\n<td width=\"78\">3000<\/td>\n<td width=\"78\">3000<\/td>\n<\/tr>\n<tr>\n<td width=\"123\">Capacidad carga<\/td>\n<td width=\"57\">Kg<\/td>\n<td width=\"78\">200<\/td>\n<td width=\"78\">200<\/td>\n<td width=\"78\">200<\/td>\n<td width=\"78\">200<\/td>\n<\/tr>\n<\/tbody>\n<\/table>\n","protected":false},"excerpt":{"rendered":"<p>Camino de rodillos ligeros Transportadores dise\u00f1ados para uso ligero. Los transportadores est\u00e1n equipados con rodillos de acero de 200 o 280 mm de ancho. Los m\u00f3dulos individuales con longitudes de 1,5 my 3 m permiten seleccionar la longitud \u00f3ptima. Altura del pie ajustable de 875 mm a 915 mm. Las piezas de conexi\u00f3n e interconexi\u00f3n [&#8230;]<\/p>\n<p><a class=\"btn btn-primary understrap-read-more-link\" href=\"https:\/\/www.maquinariamarquez.com\/pt-pt\/serrotes-pilous\/caminos-de-rodillos\/serie-m\/\">Veja detalhes<\/a><\/p>\n","protected":false},"author":6,"featured_media":17720,"parent":19435,"menu_order":359,"comment_status":"closed","ping_status":"open","template":"page-templates\/template-page-maquina.php","meta":{"_acf_changed":false,"footnotes":""},"geolocalizacion":[404,396,394,398],"class_list":["post-19884","page","type-page","status-publish","has-post-thumbnail","hentry","geolocalizacion-chile-pt-pt","geolocalizacion-latino-pt-pt","geolocalizacion-portugal-pt-pt","geolocalizacion-europa-pt-pt"],"acf":[],"aioseo_notices":[],"_links":{"self":[{"href":"https:\/\/www.maquinariamarquez.com\/pt-pt\/wp-json\/wp\/v2\/pages\/19884","targetHints":{"allow":["GET"]}}],"collection":[{"href":"https:\/\/www.maquinariamarquez.com\/pt-pt\/wp-json\/wp\/v2\/pages"}],"about":[{"href":"https:\/\/www.maquinariamarquez.com\/pt-pt\/wp-json\/wp\/v2\/types\/page"}],"author":[{"embeddable":true,"href":"https:\/\/www.maquinariamarquez.com\/pt-pt\/wp-json\/wp\/v2\/users\/6"}],"replies":[{"embeddable":true,"href":"https:\/\/www.maquinariamarquez.com\/pt-pt\/wp-json\/wp\/v2\/comments?post=19884"}],"version-history":[{"count":1,"href":"https:\/\/www.maquinariamarquez.com\/pt-pt\/wp-json\/wp\/v2\/pages\/19884\/revisions"}],"predecessor-version":[{"id":20116,"href":"https:\/\/www.maquinariamarquez.com\/pt-pt\/wp-json\/wp\/v2\/pages\/19884\/revisions\/20116"}],"up":[{"embeddable":true,"href":"https:\/\/www.maquinariamarquez.com\/pt-pt\/wp-json\/wp\/v2\/pages\/19435"}],"wp:featuredmedia":[{"embeddable":true,"href":"https:\/\/www.maquinariamarquez.com\/pt-pt\/wp-json\/wp\/v2\/media\/17720"}],"wp:attachment":[{"href":"https:\/\/www.maquinariamarquez.com\/pt-pt\/wp-json\/wp\/v2\/media?parent=19884"}],"wp:term":[{"taxonomy":"geolocalizacion","embeddable":true,"href":"https:\/\/www.maquinariamarquez.com\/pt-pt\/wp-json\/wp\/v2\/geolocalizacion?post=19884"}],"curies":[{"name":"wp","href":"https:\/\/api.w.org\/{rel}","templated":true}]}}