{"id":19887,"date":"2020-04-22T16:32:47","date_gmt":"2020-04-22T14:32:47","guid":{"rendered":"https:\/\/www.maquinariamarquez.com\/serrotes-pilous\/maquinas-de-desbarbado\/ohe-90\/"},"modified":"2023-09-11T11:14:04","modified_gmt":"2023-09-11T09:14:04","slug":"ohe-90","status":"publish","type":"page","link":"https:\/\/www.maquinariamarquez.com\/pt-pt\/serrotes-pilous\/maquinas-de-desbarbado\/ohe-90\/","title":{"rendered":"OHE 90"},"content":{"rendered":"<table width=\"652\">\n<tbody>\n<tr>\n<td colspan=\"2\" width=\"293\">Conexi\u00f3n el\u00e9ctrica<\/td>\n<td width=\"359\">400V, 50Hz<\/td>\n<\/tr>\n<tr>\n<td width=\"198\">Consumo de energ\u00eda total<\/td>\n<td width=\"95\">Kw<\/td>\n<td width=\"359\">2,2<\/td>\n<\/tr>\n<tr>\n<td width=\"198\">N\u00famero de revoluciones<\/td>\n<td width=\"95\">rpm\/1 min<\/td>\n<td width=\"359\">1.400<\/td>\n<\/tr>\n<tr>\n<td width=\"198\">M\u00e1x. tama\u00f1o pieza de trabajo<\/td>\n<td width=\"95\">mm<\/td>\n<td width=\"359\">90&#215;90<\/td>\n<\/tr>\n<tr>\n<td width=\"198\">N\u00famero de cepillos redondos<\/td>\n<td width=\"95\">&#8211;<\/td>\n<td width=\"359\">1-3<\/td>\n<\/tr>\n<tr>\n<td width=\"198\">Dimensiones m\u00e1quina<\/td>\n<td width=\"95\">mm<\/td>\n<td width=\"359\">500x300x330<\/td>\n<\/tr>\n<tr>\n<td width=\"198\">Peso de la m\u00e1quina<\/td>\n<td width=\"95\">Kg<\/td>\n<td width=\"359\">47<\/td>\n<\/tr>\n<\/tbody>\n<\/table>\n","protected":false},"excerpt":{"rendered":"<p>Conexi\u00f3n el\u00e9ctrica 400V, 50Hz Consumo de energ\u00eda total Kw 2,2 N\u00famero de revoluciones rpm\/1 min 1.400 M\u00e1x. tama\u00f1o pieza de trabajo mm 90&#215;90 N\u00famero de cepillos redondos &#8211; 1-3 Dimensiones m\u00e1quina mm 500x300x330 Peso de la m\u00e1quina Kg 47<\/p>\n<p><a class=\"btn btn-primary understrap-read-more-link\" href=\"https:\/\/www.maquinariamarquez.com\/pt-pt\/serrotes-pilous\/maquinas-de-desbarbado\/ohe-90\/\">Veja detalhes<\/a><\/p>\n","protected":false},"author":6,"featured_media":17716,"parent":19433,"menu_order":353,"comment_status":"closed","ping_status":"open","template":"page-templates\/template-page-maquina.php","meta":{"_acf_changed":false,"footnotes":""},"geolocalizacion":[404,396,394,398],"class_list":["post-19887","page","type-page","status-publish","has-post-thumbnail","hentry","geolocalizacion-chile-pt-pt","geolocalizacion-latino-pt-pt","geolocalizacion-portugal-pt-pt","geolocalizacion-europa-pt-pt"],"acf":[],"aioseo_notices":[],"_links":{"self":[{"href":"https:\/\/www.maquinariamarquez.com\/pt-pt\/wp-json\/wp\/v2\/pages\/19887","targetHints":{"allow":["GET"]}}],"collection":[{"href":"https:\/\/www.maquinariamarquez.com\/pt-pt\/wp-json\/wp\/v2\/pages"}],"about":[{"href":"https:\/\/www.maquinariamarquez.com\/pt-pt\/wp-json\/wp\/v2\/types\/page"}],"author":[{"embeddable":true,"href":"https:\/\/www.maquinariamarquez.com\/pt-pt\/wp-json\/wp\/v2\/users\/6"}],"replies":[{"embeddable":true,"href":"https:\/\/www.maquinariamarquez.com\/pt-pt\/wp-json\/wp\/v2\/comments?post=19887"}],"version-history":[{"count":2,"href":"https:\/\/www.maquinariamarquez.com\/pt-pt\/wp-json\/wp\/v2\/pages\/19887\/revisions"}],"predecessor-version":[{"id":34796,"href":"https:\/\/www.maquinariamarquez.com\/pt-pt\/wp-json\/wp\/v2\/pages\/19887\/revisions\/34796"}],"up":[{"embeddable":true,"href":"https:\/\/www.maquinariamarquez.com\/pt-pt\/wp-json\/wp\/v2\/pages\/19433"}],"wp:featuredmedia":[{"embeddable":true,"href":"https:\/\/www.maquinariamarquez.com\/pt-pt\/wp-json\/wp\/v2\/media\/17716"}],"wp:attachment":[{"href":"https:\/\/www.maquinariamarquez.com\/pt-pt\/wp-json\/wp\/v2\/media?parent=19887"}],"wp:term":[{"taxonomy":"geolocalizacion","embeddable":true,"href":"https:\/\/www.maquinariamarquez.com\/pt-pt\/wp-json\/wp\/v2\/geolocalizacion?post=19887"}],"curies":[{"name":"wp","href":"https:\/\/api.w.org\/{rel}","templated":true}]}}