{"id":19967,"date":"2017-10-18T13:05:28","date_gmt":"2017-10-18T11:05:28","guid":{"rendered":"https:\/\/www.maquinariamarquez.com\/serie-nf\/"},"modified":"2022-04-22T12:10:24","modified_gmt":"2022-04-22T10:10:24","slug":"serie-nf","status":"publish","type":"page","link":"https:\/\/www.maquinariamarquez.com\/pt-pt\/serie-nf\/","title":{"rendered":"Serie NF"},"content":{"rendered":"<div class=\"table-responsive\"><table  style=\"width:0px; \"  class=\"easy-table easy-table-default \" >\n<tbody>\r\n<tr><td >Recorridos Y<\/td>\n<td >mm<\/td>\n<td >2.300 \/ 2.600 \/ 3.200<\/td>\n<\/tr>\n\r\n<tr><td >Superficie de la mesa<\/td>\n<td >mm<\/td>\n<td >Desde 2.200 x 2.050 hasta 6.000 x 2.050<\/td>\n<\/tr>\n\r\n<tr><td >Capacidad max. de carga<\/td>\n<td >kg<\/td>\n<td >Desde 9.000 hasta 18.000<\/td>\n<\/tr>\n\r\n<tr><td >Recorridos X<\/td>\n<td >mm<\/td>\n<td >Desde 2.200 hasta 6.000<\/td>\n<\/tr>\n\r\n<tr><td >Recorridos Z<\/td>\n<td >mm<\/td>\n<td >920 \/1.020<\/td>\n<\/tr>\n\r\n<tr><td >Distancia montantes<\/td>\n<td >mm<\/td>\n<td >2.400 \/ 2.700 \/ 3.300<\/td>\n<\/tr>\n\r\n<tr><td >Altura max. trabajo<\/td>\n<td >mm<\/td>\n<td >1.070 \/ \/ 2.000<\/td>\n<\/tr>\n<\/tbody><\/table><\/div>\n","protected":false},"excerpt":{"rendered":"<p>La fresadora puente de la serie NF se corresponde a la serie m\u00e1s sofisticada de VIsionWide y permite multitud de opciones como la incorporaci\u00f3n de cambio autom\u00e1tico de cabezales, cambiador de herramientas vertical\/horizontal, sondas de medici\u00f3n, etc lo que la convierte en una soluci\u00f3n completa tanto para trabajos seriaros como unitarios. Se caracteriza por el deslizamiento de la mesa y el cabezal a trav\u00e9s de gu\u00edas lineales, lo que le permite alcanzar altas velocidades de mecanizado y la hacen ideal para el mecanizado de moldes y piezas complejas que necesitan altos avances de mecanizado.<\/p>\n<p>El cabezal se puede suministrar con gu\u00edas lineales y perfil de centro de mecanizado, pudiendo integrar cabezales de polea de 10.000 rpm. La versi\u00f3n de caja de cambios con 2 gamas se puede instalar tanto en el cabezal de gu\u00edas lineales como en el de gu\u00edas prism\u00e1ticas, permiti\u00e9ndonos una configuraci\u00f3n m\u00e1s apropiada para el mecanizado intenso.<\/p>\n<p><a class=\"btn btn-primary understrap-read-more-link\" href=\"https:\/\/www.maquinariamarquez.com\/pt-pt\/serie-nf\/\">Veja detalhes<\/a><\/p>\n","protected":false},"author":1,"featured_media":15814,"parent":0,"menu_order":250,"comment_status":"closed","ping_status":"open","template":"page-templates\/template-page-maquina.php","meta":{"_acf_changed":false,"footnotes":""},"geolocalizacion":[404,396,394,398],"class_list":["post-19967","page","type-page","status-publish","has-post-thumbnail","hentry","geolocalizacion-chile-pt-pt","geolocalizacion-latino-pt-pt","geolocalizacion-portugal-pt-pt","geolocalizacion-europa-pt-pt"],"acf":[],"aioseo_notices":[],"_links":{"self":[{"href":"https:\/\/www.maquinariamarquez.com\/pt-pt\/wp-json\/wp\/v2\/pages\/19967","targetHints":{"allow":["GET"]}}],"collection":[{"href":"https:\/\/www.maquinariamarquez.com\/pt-pt\/wp-json\/wp\/v2\/pages"}],"about":[{"href":"https:\/\/www.maquinariamarquez.com\/pt-pt\/wp-json\/wp\/v2\/types\/page"}],"author":[{"embeddable":true,"href":"https:\/\/www.maquinariamarquez.com\/pt-pt\/wp-json\/wp\/v2\/users\/1"}],"replies":[{"embeddable":true,"href":"https:\/\/www.maquinariamarquez.com\/pt-pt\/wp-json\/wp\/v2\/comments?post=19967"}],"version-history":[{"count":1,"href":"https:\/\/www.maquinariamarquez.com\/pt-pt\/wp-json\/wp\/v2\/pages\/19967\/revisions"}],"predecessor-version":[{"id":20074,"href":"https:\/\/www.maquinariamarquez.com\/pt-pt\/wp-json\/wp\/v2\/pages\/19967\/revisions\/20074"}],"wp:featuredmedia":[{"embeddable":true,"href":"https:\/\/www.maquinariamarquez.com\/pt-pt\/wp-json\/wp\/v2\/media\/15814"}],"wp:attachment":[{"href":"https:\/\/www.maquinariamarquez.com\/pt-pt\/wp-json\/wp\/v2\/media?parent=19967"}],"wp:term":[{"taxonomy":"geolocalizacion","embeddable":true,"href":"https:\/\/www.maquinariamarquez.com\/pt-pt\/wp-json\/wp\/v2\/geolocalizacion?post=19967"}],"curies":[{"name":"wp","href":"https:\/\/api.w.org\/{rel}","templated":true}]}}