{"id":22818,"date":"2022-06-06T12:51:29","date_gmt":"2022-06-06T10:51:29","guid":{"rendered":"https:\/\/www.maquinariamarquez.com\/?page_id=22818"},"modified":"2025-12-09T13:25:17","modified_gmt":"2025-12-09T11:25:17","slug":"tornos-paralelos-cnc-2","status":"publish","type":"page","link":"https:\/\/www.maquinariamarquez.com\/pt-pt\/home\/tornos-paralelos-cnc-2\/","title":{"rendered":"Tornos Paralelos CNC."},"content":{"rendered":"<table class=\"wptb-preview-table wptb-element-main-table_setting-2647\" role=\"table\" data-reconstraction=\"0\" data-wptb-table-tds-sum-max-width=\"841.5\" data-wptb-cells-width-auto-count=\"10\" data-wptb-extra-styles=\"LyogRW50ZXIgeW91ciBjdXN0b20gQ1NTIHJ1bGVzIGhlcmUgKi8=\" data-wptb-fixed-width-size=\"0\" data-wptb-apply-table-container-max-width=\"1\" data-wptb-table-container-max-width=\"1400\" data-wptb-td-width-auto=\"69\" data-table-columns=\"10\">\n<tbody>\n<tr class=\"wptb-row\">\n<td class=\"wptb-cell\" data-y-index=\"0\" data-x-index=\"0\" data-wptb-css-td-auto-width=\"true\">&nbsp;<\/td>\n<td class=\"wptb-cell\" data-x-index=\"1\" data-y-index=\"0\" data-wptb-css-td-auto-width=\"true\">\n<div class=\"wptb-text-container wptb-ph-element wptb-element-text-62\">\n<div class=\"\">\n<p style=\"text-align: center;\">\n<\/div>\n<\/div>\n<\/td>\n<td class=\"wptb-cell\" style=\"text-align: center;\" colspan=\"2\" rowspan=\"1\" data-y-index=\"0\" data-x-index=\"2\" data-wptb-css-td-auto-width=\"true\">\n<div class=\"wptb-text-container wptb-ph-element wptb-element-text-1\">\n<div class=\"\">\n<p><a href=\"https:\/\/www.maquinariamarquez.com\/centros-mecanizado-startech-machinery\/tornos-paralelos-cnc\/serie-s-bnc-425-475\/\"><strong>SERIE S<\/strong><\/a><\/p>\n<\/div>\n<\/div>\n<\/td>\n<td class=\"wptb-cell\" style=\"text-align: center;\" colspan=\"2\" rowspan=\"1\" data-y-index=\"0\" data-x-index=\"4\" data-wptb-css-td-auto-width=\"true\">\n<div class=\"wptb-text-container wptb-ph-element wptb-element-text-46\">\n<div class=\"\">\n<p class=\"\"><a href=\"https:\/\/www.maquinariamarquez.com\/centros-mecanizado-startech-machinery\/tornos-paralelos-cnc\/serie-m-bnc-550-650\/\"><strong>SERIE M<\/strong><\/a><\/p>\n<\/div>\n<\/div>\n<\/td>\n<td class=\"wptb-cell\" style=\"text-align: center;\" data-y-index=\"0\" data-x-index=\"6\" data-wptb-css-td-auto-width=\"true\">\n<div class=\"wptb-text-container wptb-ph-element wptb-element-text-47\">\n<div class=\"\">\n<p class=\"\"><a href=\"https:\/\/www.maquinariamarquez.com\/centros-mecanizado-startech-machinery\/tornos-paralelos-cnc\/serie-l-bnc-710\/\"><strong>SERIE L<\/strong><\/a><\/p>\n<\/div>\n<\/div>\n<\/td>\n<td class=\"wptb-cell\" style=\"text-align: center;\" colspan=\"3\" rowspan=\"1\" data-y-index=\"0\" data-x-index=\"7\" data-wptb-css-td-auto-width=\"true\">\n<div class=\"wptb-text-container wptb-ph-element wptb-element-text-48\">\n<div class=\"\">\n<p class=\"\"><a href=\"https:\/\/www.maquinariamarquez.com\/centros-mecanizado-startech-machinery\/tornos-paralelos-cnc\/serie-xl-bnc-760-890-1020\/\"><strong>SERIE XL<\/strong><\/a><\/p>\n<\/div>\n<\/div>\n<\/td>\n<\/tr>\n<tr class=\"wptb-row\">\n<td class=\"wptb-cell\" data-y-index=\"1\" data-x-index=\"0\" data-wptb-css-td-auto-width=\"true\">&nbsp;<\/td>\n<td class=\"wptb-cell\" data-x-index=\"1\" data-y-index=\"1\" data-wptb-css-td-auto-width=\"true\">\n<div class=\"wptb-text-container wptb-ph-element wptb-element-text-63\">\n<div class=\"\">&nbsp;<\/div>\n<\/div>\n<\/td>\n<td class=\"wptb-cell\" data-y-index=\"1\" data-x-index=\"2\" data-wptb-css-td-auto-width=\"true\">\n<div class=\"wptb-text-container wptb-ph-element wptb-element-text-49\">\n<div class=\"\">\n<p class=\"\" style=\"text-align: center;\"><strong>BNC 425<\/strong><\/p>\n<\/div>\n<\/div>\n<\/td>\n<td class=\"wptb-cell\" style=\"text-align: center;\" data-y-index=\"1\" data-x-index=\"3\" data-wptb-css-td-auto-width=\"true\">\n<div class=\"wptb-text-container wptb-ph-element wptb-element-text-50\">\n<div class=\"\">\n<p class=\"\"><strong>BNC 475<\/strong><\/p>\n<\/div>\n<\/div>\n<\/td>\n<td class=\"wptb-cell\" style=\"text-align: center;\" data-y-index=\"1\" data-x-index=\"4\" data-wptb-css-td-auto-width=\"true\">\n<div class=\"wptb-text-container wptb-ph-element wptb-element-text-51\">\n<div class=\"\">\n<p class=\"\"><strong>BNC 550<\/strong><\/p>\n<\/div>\n<\/div>\n<\/td>\n<td class=\"wptb-cell\" style=\"text-align: center;\" data-y-index=\"1\" data-x-index=\"5\" data-wptb-css-td-auto-width=\"true\">\n<div class=\"wptb-text-container wptb-ph-element wptb-element-text-52\">\n<div class=\"\">\n<p class=\"\"><strong>BNC 650<\/strong><\/p>\n<\/div>\n<\/div>\n<\/td>\n<td class=\"wptb-cell\" style=\"text-align: center;\" data-y-index=\"1\" data-x-index=\"6\" data-wptb-css-td-auto-width=\"true\">\n<div class=\"wptb-text-container wptb-ph-element wptb-element-text-53\">\n<div class=\"\">\n<p class=\"\"><strong>BNC 710<\/strong><\/p>\n<\/div>\n<\/div>\n<\/td>\n<td class=\"wptb-cell\" style=\"text-align: center;\" data-y-index=\"1\" data-x-index=\"7\" data-wptb-css-td-auto-width=\"true\">\n<div class=\"wptb-text-container wptb-ph-element wptb-element-text-54\">\n<div class=\"\">\n<p class=\"\"><strong>BNC 760<\/strong><\/p>\n<\/div>\n<\/div>\n<\/td>\n<td class=\"wptb-cell wptb-ondragenter\" style=\"text-align: center;\" data-y-index=\"1\" data-x-index=\"8\" data-wptb-css-td-auto-width=\"true\">\n<div class=\"wptb-text-container wptb-ph-element wptb-element-text-55\">\n<div class=\"\">\n<p class=\"\"><strong>BNC 890<\/strong><\/p>\n<\/div>\n<\/div>\n<\/td>\n<td class=\"wptb-cell\" style=\"text-align: center;\" data-y-index=\"1\" data-x-index=\"9\" data-wptb-css-td-auto-width=\"true\">\n<div class=\"wptb-text-container wptb-ph-element wptb-element-text-56\">\n<div class=\"\">\n<p class=\"\"><strong>BNC 1020<\/strong><\/p>\n<\/div>\n<\/div>\n<\/td>\n<\/tr>\n<tr class=\"wptb-row\">\n<td class=\"wptb-cell\" style=\"text-align: center;\" data-y-index=\"2\" data-x-index=\"0\" data-wptb-css-td-auto-width=\"true\">\n<div class=\"wptb-text-container wptb-ph-element wptb-element-text-57\">\n<div class=\"\">\n<p class=\"\" style=\"text-align: left;\"><strong>\u00d8 sobre<br \/>bancada<\/strong><\/p>\n<\/div>\n<\/div>\n<\/td>\n<td class=\"wptb-cell\" style=\"text-align: center;\" data-x-index=\"1\" data-y-index=\"2\" data-wptb-css-td-auto-width=\"true\">\n<div class=\"wptb-text-container wptb-ph-element wptb-element-text-67\">\n<div class=\"\">\n<p class=\"\">mm<\/p>\n<\/div>\n<\/div>\n<\/td>\n<td class=\"wptb-cell\" style=\"text-align: center;\" data-y-index=\"2\" data-x-index=\"2\" data-wptb-css-td-auto-width=\"true\">\n<div class=\"wptb-text-container wptb-ph-element wptb-element-text-60\">\n<div class=\"\">\n<p class=\"\">425<\/p>\n<\/div>\n<\/div>\n<\/td>\n<td class=\"wptb-cell\" style=\"text-align: center;\" data-y-index=\"2\" data-x-index=\"3\" data-wptb-css-td-auto-width=\"true\">\n<div class=\"wptb-text-container wptb-ph-element wptb-element-text-72\">\n<div class=\"\">\n<p class=\"\">475<\/p>\n<\/div>\n<\/div>\n<\/td>\n<td class=\"wptb-cell\" style=\"text-align: center;\" data-y-index=\"2\" data-x-index=\"4\" data-wptb-css-td-auto-width=\"true\">\n<div class=\"wptb-text-container wptb-ph-element wptb-element-text-75\">\n<div class=\"\">\n<p class=\"\">550<\/p>\n<\/div>\n<\/div>\n<\/td>\n<td class=\"wptb-cell wptb-ondragenter\" style=\"text-align: center;\" data-y-index=\"2\" data-x-index=\"5\" data-wptb-css-td-auto-width=\"true\">\n<div class=\"wptb-text-container wptb-ph-element wptb-element-text-76\">\n<div class=\"\">\n<p class=\"\">650<\/p>\n<\/div>\n<\/div>\n<\/td>\n<td class=\"wptb-cell wptb-ondragenter\" style=\"text-align: center;\" data-y-index=\"2\" data-x-index=\"6\" data-wptb-css-td-auto-width=\"true\">\n<div class=\"wptb-text-container wptb-ph-element wptb-element-text-77\">\n<div class=\"\">\n<p class=\"\">710<\/p>\n<\/div>\n<\/div>\n<\/td>\n<td class=\"wptb-cell wptb-ondragenter\" style=\"text-align: center;\" data-y-index=\"2\" data-x-index=\"7\" data-wptb-css-td-auto-width=\"true\">\n<div class=\"wptb-text-container wptb-ph-element wptb-ondragenter wptb-element-text-78\">\n<div class=\"\">\n<p class=\"\">760<\/p>\n<\/div>\n<\/div>\n<\/td>\n<td class=\"wptb-cell\" style=\"text-align: center;\" data-y-index=\"2\" data-x-index=\"8\" data-wptb-css-td-auto-width=\"true\">\n<div class=\"wptb-text-container wptb-ph-element wptb-element-text-79\">\n<div class=\"\">\n<p class=\"\">890<\/p>\n<\/div>\n<\/div>\n<\/td>\n<td class=\"wptb-cell\" data-y-index=\"2\" data-x-index=\"9\" data-wptb-css-td-auto-width=\"true\">\n<div class=\"wptb-text-container wptb-ph-element wptb-element-text-80\">\n<div class=\"\">\n<p class=\"\" style=\"text-align: center;\">1020<\/p>\n<\/div>\n<\/div>\n<\/td>\n<\/tr>\n<tr class=\"wptb-row\">\n<td class=\"wptb-cell\" style=\"text-align: center;\" data-y-index=\"3\" data-x-index=\"0\" data-wptb-css-td-auto-width=\"true\">\n<div class=\"wptb-text-container wptb-ph-element wptb-element-text-58\">\n<div class=\"\">\n<p class=\"\" style=\"text-align: left;\"><strong>\u00d8 sobre<br \/>carro<\/strong><\/p>\n<\/div>\n<\/div>\n<\/td>\n<td class=\"wptb-cell\" style=\"text-align: center;\" data-x-index=\"1\" data-y-index=\"3\" data-wptb-css-td-auto-width=\"true\">\n<div class=\"wptb-text-container wptb-ph-element wptb-element-text-68\">\n<div class=\"\">\n<p class=\"\">mm<\/p>\n<\/div>\n<\/div>\n<\/td>\n<td class=\"wptb-cell\" style=\"text-align: center;\" data-y-index=\"3\" data-x-index=\"2\" data-wptb-css-td-auto-width=\"true\">\n<div class=\"wptb-text-container wptb-ph-element wptb-element-text-70\">\n<div class=\"\">\n<p class=\"\">190<\/p>\n<\/div>\n<\/div>\n<\/td>\n<td class=\"wptb-cell\" style=\"text-align: center;\" data-y-index=\"3\" data-x-index=\"3\" data-wptb-css-td-auto-width=\"true\">\n<div class=\"wptb-text-container wptb-ph-element wptb-element-text-73\">\n<div class=\"\">\n<p class=\"\">240<\/p>\n<\/div>\n<\/div>\n<\/td>\n<td class=\"wptb-cell\" style=\"text-align: center;\" data-y-index=\"3\" data-x-index=\"4\" data-wptb-css-td-auto-width=\"true\">\n<div class=\"wptb-text-container wptb-ph-element wptb-element-text-81\">\n<div class=\"\">\n<p class=\"\">310<\/p>\n<\/div>\n<\/div>\n<\/td>\n<td class=\"wptb-cell\" style=\"text-align: center;\" data-y-index=\"3\" data-x-index=\"5\" data-wptb-css-td-auto-width=\"true\">\n<div class=\"wptb-text-container wptb-ph-element wptb-element-text-82\">\n<div class=\"\">\n<p class=\"\">410<\/p>\n<\/div>\n<\/div>\n<\/td>\n<td class=\"wptb-cell\" style=\"text-align: center;\" data-y-index=\"3\" data-x-index=\"6\" data-wptb-css-td-auto-width=\"true\">\n<div class=\"wptb-text-container wptb-ph-element wptb-element-text-87\">\n<div class=\"\">\n<p class=\"\">370<\/p>\n<\/div>\n<\/div>\n<\/td>\n<td class=\"wptb-cell\" style=\"text-align: center;\" data-y-index=\"3\" data-x-index=\"7\" data-wptb-css-td-auto-width=\"true\">\n<div class=\"wptb-text-container wptb-ph-element wptb-element-text-85\">\n<div class=\"\">\n<p class=\"\">420<\/p>\n<\/div>\n<\/div>\n<\/td>\n<td class=\"wptb-cell\" style=\"text-align: center;\" data-y-index=\"3\" data-x-index=\"8\" data-wptb-css-td-auto-width=\"true\">\n<div class=\"wptb-text-container wptb-ph-element wptb-element-text-90\">\n<div class=\"\">\n<p class=\"\">550<\/p>\n<\/div>\n<\/div>\n<\/td>\n<td class=\"wptb-cell\" data-y-index=\"3\" data-x-index=\"9\" data-wptb-css-td-auto-width=\"true\">\n<div class=\"wptb-text-container wptb-ph-element wptb-element-text-91\">\n<div class=\"\">\n<p class=\"\" style=\"text-align: center;\">680<\/p>\n<\/div>\n<\/div>\n<\/td>\n<\/tr>\n<tr class=\"wptb-row\">\n<td class=\"wptb-cell\" style=\"text-align: center;\" data-y-index=\"4\" data-x-index=\"0\" data-wptb-css-td-auto-width=\"true\">\n<div class=\"wptb-text-container wptb-ph-element wptb-element-text-59\">\n<div class=\"\">\n<p class=\"\" style=\"text-align: left;\"><strong>\u00d8 sobre<br \/>escote<\/strong><\/p>\n<\/div>\n<\/div>\n<\/td>\n<td class=\"wptb-cell\" style=\"text-align: center;\" data-x-index=\"1\" data-y-index=\"4\" data-wptb-css-td-auto-width=\"true\">\n<div class=\"wptb-text-container wptb-ph-element wptb-element-text-69\">\n<div class=\"\">\n<p class=\"\">mm<\/p>\n<\/div>\n<\/div>\n<\/td>\n<td class=\"wptb-cell\" style=\"text-align: center;\" data-y-index=\"4\" data-x-index=\"2\" data-wptb-css-td-auto-width=\"true\">\n<div class=\"wptb-text-container wptb-ph-element wptb-element-text-71\">\n<div class=\"\">\n<p class=\"\">660<\/p>\n<\/div>\n<\/div>\n<\/td>\n<td class=\"wptb-cell\" style=\"text-align: center;\" data-y-index=\"4\" data-x-index=\"3\" data-wptb-css-td-auto-width=\"true\">\n<div class=\"wptb-text-container wptb-ph-element wptb-element-text-74\">\n<div class=\"\">\n<p class=\"\">710<\/p>\n<\/div>\n<\/div>\n<\/td>\n<td class=\"wptb-cell\" style=\"text-align: center;\" data-y-index=\"4\" data-x-index=\"4\" data-wptb-css-td-auto-width=\"true\">\n<div class=\"wptb-text-container wptb-ph-element wptb-element-text-84\">\n<div class=\"\">\n<p class=\"\">770<\/p>\n<\/div>\n<\/div>\n<\/td>\n<td class=\"wptb-cell\" style=\"text-align: center;\" data-y-index=\"4\" data-x-index=\"5\" data-wptb-css-td-auto-width=\"true\">\n<div class=\"wptb-text-container wptb-ph-element wptb-element-text-83\">\n<div class=\"\">\n<p class=\"\">870<\/p>\n<\/div>\n<\/div>\n<\/td>\n<td class=\"wptb-cell\" style=\"text-align: center;\" data-y-index=\"4\" data-x-index=\"6\" data-wptb-css-td-auto-width=\"true\">\n<div class=\"wptb-text-container wptb-ph-element wptb-element-text-86\">\n<div class=\"\">\n<p class=\"\">970<\/p>\n<\/div>\n<\/div>\n<\/td>\n<td class=\"wptb-cell\" style=\"text-align: center;\" data-y-index=\"4\" data-x-index=\"7\" data-wptb-css-td-auto-width=\"true\">\n<div class=\"wptb-text-container wptb-ph-element wptb-element-text-88\">\n<div class=\"\">\n<p class=\"\">1020<\/p>\n<\/div>\n<\/div>\n<\/td>\n<td class=\"wptb-cell\" style=\"text-align: center;\" data-y-index=\"4\" data-x-index=\"8\" data-wptb-css-td-auto-width=\"true\">\n<div class=\"wptb-text-container wptb-ph-element wptb-element-text-89\">\n<div class=\"\">\n<p class=\"\">1150<\/p>\n<\/div>\n<\/div>\n<\/td>\n<td class=\"wptb-cell\" data-y-index=\"4\" data-x-index=\"9\" data-wptb-css-td-auto-width=\"true\">\n<div class=\"wptb-text-container wptb-ph-element wptb-element-text-92\">\n<div class=\"\">\n<p class=\"\" style=\"text-align: center;\">1280<\/p>\n<\/div>\n<\/div>\n<\/td>\n<\/tr>\n<tr class=\"wptb-row\">\n<td class=\"wptb-cell\" data-y-index=\"0\" data-x-index=\"0\" data-wptb-css-td-auto-width=\"true\">&nbsp;<\/td>\n<td class=\"wptb-cell\" data-x-index=\"1\" data-y-index=\"0\" data-wptb-css-td-auto-width=\"true\">\n<div class=\"wptb-text-container wptb-ph-element wptb-element-text-62\">\n<div class=\"\">\n<p style=\"text-align: center;\">\n<\/div>\n<\/div>\n<\/td>\n<td class=\"wptb-cell\" style=\"text-align: center;\" colspan=\"2\" rowspan=\"1\" data-y-index=\"0\" data-x-index=\"2\" data-wptb-css-td-auto-width=\"true\">\n<div class=\"wptb-text-container wptb-ph-element wptb-element-text-1\">\n<div class=\"\">\n<p><a href=\"https:\/\/www.maquinariamarquez.com\/centros-mecanizado-startech-machinery\/tornos-paralelos-cnc\/serie-s-bnc-425-475\/\"><strong>M\u00c1S INFO<\/strong><\/a><\/p>\n<\/div>\n<\/div>\n<\/td>\n<td class=\"wptb-cell\" style=\"text-align: center;\" colspan=\"2\" rowspan=\"1\" data-y-index=\"0\" data-x-index=\"4\" data-wptb-css-td-auto-width=\"true\">\n<div class=\"wptb-text-container wptb-ph-element wptb-element-text-46\">\n<div class=\"\">\n<p class=\"\"><a href=\"https:\/\/www.maquinariamarquez.com\/centros-mecanizado-startech-machinery\/tornos-paralelos-cnc\/serie-m-bnc-550-650\/\"><strong>M\u00c1S INFO<\/strong><\/a><\/p>\n<\/div>\n<\/div>\n<\/td>\n<td class=\"wptb-cell\" style=\"text-align: center;\" data-y-index=\"0\" data-x-index=\"6\" data-wptb-css-td-auto-width=\"true\">\n<div class=\"wptb-text-container wptb-ph-element wptb-element-text-47\">\n<div class=\"\">\n<p class=\"\"><strong><a href=\"https:\/\/www.maquinariamarquez.com\/centros-mecanizado-startech-machinery\/tornos-paralelos-cnc\/serie-l-bnc-710\/\">M\u00c1S INFO<\/a><\/strong><\/p>\n<\/div>\n<\/div>\n<\/td>\n<td class=\"wptb-cell\" style=\"text-align: center;\" colspan=\"3\" rowspan=\"1\" data-y-index=\"0\" data-x-index=\"7\" data-wptb-css-td-auto-width=\"true\">\n<div class=\"wptb-text-container wptb-ph-element wptb-element-text-48\">\n<div class=\"\">\n<p class=\"\"><a href=\"https:\/\/www.maquinariamarquez.com\/centros-mecanizado-startech-machinery\/tornos-paralelos-cnc\/serie-xl-bnc-760-890-1020\/\"><strong>M\u00c1S INFO<\/strong><\/a><\/p>\n<\/div>\n<\/div>\n<\/td>\n<\/tr>\n<\/tbody>\n<\/table>\n\n\n<p>M\u00e1s informaci\u00f3n de los <a href=\"https:\/\/startechmachinery.com\/tornos-paralelos-cnc\/\" target=\"_blank\" rel=\"noopener\" title=\"\"><strong>Tornos Paralelos CNC de Startech Machinery<\/strong><\/a> en su web.<\/p>\n\n\n\n<h2 class=\"wp-block-heading\"><div aria-hidden=\"true\" class=\"wp-block-spacer\" style=\"caret-color: rgb(0, 0, 0); color: rgb(0, 0, 0); font-weight: 400; white-space: normal; height: 30px;\"><\/div>Startech Machinery<\/h2>\n\n\n\n<p class=\"has-text-align-left\">En Maquinaria M\u00e1rquez, fruto de una especializada b\u00fasqueda y una selecci\u00f3n de los mejores proveedores, hemos creado <a href=\"https:\/\/startechmachinery.com\/\"><strong>Startech Machinery<\/strong><\/a>. Una marca joven, pero a la vez con una experiencia de m\u00e1s de 25 a\u00f1os en la distribuci\u00f3n de <strong>m\u00e1quina-herramienta<\/strong>, especializada en un surtido b\u00e1sico de maquinaria comprometida con el <strong>desarrollo tecnol\u00f3gico<\/strong> y adecuada a las necesidades de cada cliente, destacando los <strong>centros de mecanizado horizontal y vertical<\/strong>, <strong>tornos de bancada inclinada<\/strong> y <strong>tornos CNC<\/strong>.<\/p>\n\n\n<div class=\"wp-block-image\">\n<figure class=\"aligncenter\"><img alt=\"Tornos Paralelos CNC.\" loading=\"lazy\" decoding=\"async\" width=\"1024\" height=\"254\" src=\"https:\/\/www.maquinariamarquez.com\/wp-content\/uploads\/2018\/07\/Startech_machinery-1024x254.jpg\" alt=\"\" class=\"wp-image-5338\" srcset=\"https:\/\/www.maquinariamarquez.com\/wp-content\/uploads\/2018\/07\/Startech_machinery-1024x254.jpg 1024w, https:\/\/www.maquinariamarquez.com\/wp-content\/uploads\/2018\/07\/Startech_machinery-300x75.jpg 300w, https:\/\/www.maquinariamarquez.com\/wp-content\/uploads\/2018\/07\/Startech_machinery-768x191.jpg 768w, https:\/\/www.maquinariamarquez.com\/wp-content\/uploads\/2018\/07\/Startech_machinery-370x92.jpg 370w, https:\/\/www.maquinariamarquez.com\/wp-content\/uploads\/2018\/07\/Startech_machinery-50x12.jpg 50w, https:\/\/www.maquinariamarquez.com\/wp-content\/uploads\/2018\/07\/Startech_machinery.jpg 1200w\" sizes=\"auto, (max-width: 1024px) 100vw, 1024px\" \/><\/figure>\n<\/div>\n\n\n<p class=\"has-text-align-left\">Nuestras m\u00e1quinas destacan por su fiabilidad, robustez, precisi\u00f3n y un precio ajustado. Nuestro principal objetivo es preservar la inversi\u00f3n de nuestros clientes y para ello nos basamos en un producto con componentes de calidad y fiables, y en un servicio post-venta eficiente que permite minimizar los tiempos de parada imprevista.<\/p>\n\n\n\n<p class=\"has-text-align-left\">El objetivo de <strong><a href=\"https:\/\/startechmachinery.com\/\">Startech Machinery<\/a> <\/strong>es conseguir la satisfacci\u00f3n de nuestros clientes y avanzar juntos a lo largo del tiempo suministrando las mejores m\u00e1quinas con el mejor precio y conseguir una relaci\u00f3n permanente y duradera.<\/p>\n","protected":false},"excerpt":{"rendered":"<p>&nbsp; SERIE S SERIE M SERIE L SERIE XL &nbsp; &nbsp; BNC 425 BNC 475 BNC 550 BNC 650 BNC 710 BNC 760 BNC 890 BNC 1020 \u00d8 sobrebancada mm 425 475 550 650 710 760 890 1020 \u00d8 sobrecarro mm 190 240 310 410 370 420 550 680 \u00d8 sobreescote mm 660 710 770 [&#8230;]<\/p>\n<p><a class=\"btn btn-primary understrap-read-more-link\" href=\"https:\/\/www.maquinariamarquez.com\/pt-pt\/home\/tornos-paralelos-cnc-2\/\">Leia mais<\/a><\/p>\n","protected":false},"author":6,"featured_media":22824,"parent":19075,"menu_order":276,"comment_status":"closed","ping_status":"closed","template":"","meta":{"_acf_changed":false,"footnotes":""},"geolocalizacion":[402,68],"class_list":["post-22818","page","type-page","status-publish","has-post-thumbnail","hentry","geolocalizacion-chile","geolocalizacion-europa"],"acf":[],"aioseo_notices":[],"_links":{"self":[{"href":"https:\/\/www.maquinariamarquez.com\/pt-pt\/wp-json\/wp\/v2\/pages\/22818","targetHints":{"allow":["GET"]}}],"collection":[{"href":"https:\/\/www.maquinariamarquez.com\/pt-pt\/wp-json\/wp\/v2\/pages"}],"about":[{"href":"https:\/\/www.maquinariamarquez.com\/pt-pt\/wp-json\/wp\/v2\/types\/page"}],"author":[{"embeddable":true,"href":"https:\/\/www.maquinariamarquez.com\/pt-pt\/wp-json\/wp\/v2\/users\/6"}],"replies":[{"embeddable":true,"href":"https:\/\/www.maquinariamarquez.com\/pt-pt\/wp-json\/wp\/v2\/comments?post=22818"}],"version-history":[{"count":7,"href":"https:\/\/www.maquinariamarquez.com\/pt-pt\/wp-json\/wp\/v2\/pages\/22818\/revisions"}],"predecessor-version":[{"id":54268,"href":"https:\/\/www.maquinariamarquez.com\/pt-pt\/wp-json\/wp\/v2\/pages\/22818\/revisions\/54268"}],"up":[{"embeddable":true,"href":"https:\/\/www.maquinariamarquez.com\/pt-pt\/wp-json\/wp\/v2\/pages\/19075"}],"wp:featuredmedia":[{"embeddable":true,"href":"https:\/\/www.maquinariamarquez.com\/pt-pt\/wp-json\/wp\/v2\/media\/22824"}],"wp:attachment":[{"href":"https:\/\/www.maquinariamarquez.com\/pt-pt\/wp-json\/wp\/v2\/media?parent=22818"}],"wp:term":[{"taxonomy":"geolocalizacion","embeddable":true,"href":"https:\/\/www.maquinariamarquez.com\/pt-pt\/wp-json\/wp\/v2\/geolocalizacion?post=22818"}],"curies":[{"name":"wp","href":"https:\/\/api.w.org\/{rel}","templated":true}]}}